{"id":13230,"date":"2023-01-13T12:39:12","date_gmt":"2023-01-13T12:39:12","guid":{"rendered":"https:\/\/lahehouse.com\/?page_id=13230"},"modified":"2023-02-09T12:52:54","modified_gmt":"2023-02-09T12:52:54","slug":"baeredygtighed","status":"publish","type":"page","link":"https:\/\/lahehouse.com\/da\/baeredygtighed\/","title":{"rendered":"B\u00e6redygtighed"},"content":{"rendered":"\n  <div class=\"banner has-hover\" id=\"banner-357635752\">\n          <div class=\"banner-inner fill\">\n        <div class=\"banner-bg fill\" >\n            <img loading=\"lazy\" decoding=\"async\" width=\"1920\" height=\"1080\" src=\"https:\/\/lahehouse.com\/wp-content\/uploads\/2023\/01\/Drivhuse-1.jpeg\" class=\"bg attachment-original size-original\" alt=\"\" \/>                        <div class=\"overlay\"><\/div>            \n                    <\/div>\n\t\t\n        <div class=\"banner-layers container\">\n            <div class=\"fill banner-link\"><\/div>            \n   <div id=\"text-box-1912863008\" class=\"text-box banner-layer x50 md-x50 lg-x50 y50 md-y50 lg-y50 res-text\">\n                     <div data-animate=\"none\">           <div class=\"text-box-content text dark\">\n              \n              <div class=\"text-inner text-center\">\n                  \n\t<div id=\"text-3644777507\" class=\"text\">\n\t\t\n<h1 class=\"uppercase\">B\u00c6REDYGTIG FREMTID<\/h1>\n\t\t\n<style>\n#text-3644777507 {\n  font-size: 0.75rem;\n}\n<\/style>\n\t<\/div>\n\t\n              <\/div>\n           <\/div>\n       <\/div>                     \n<style>\n#text-box-1912863008 {\n  width: 90%;\n}\n#text-box-1912863008 .text-box-content {\n  font-size: 100%;\n}\n@media (min-width:550px) {\n  #text-box-1912863008 {\n    width: 100%;\n  }\n}\n<\/style>\n    <\/div>\n \n        <\/div>\n      <\/div>\n\n            \n<style>\n#banner-357635752 {\n  padding-top: 400px;\n}\n#banner-357635752 .overlay {\n  background-color: rgba(0, 0, 0, 0.3);\n}\n#banner-357635752 .banner-bg img {\n  object-position: 50% 0%;\n}\n@media (min-width:550px) {\n  #banner-357635752 .overlay {\n    background-color: rgba(0, 0, 0, 0.4);\n  }\n}\n<\/style>\n  <\/div>\n\n\n\n\t<section class=\"section\" id=\"section_319786106\">\n\t\t<div class=\"section-bg fill\" >\n\t\t\t\t\t\t\t\t\t\n\t\t\t\n\n\t\t<\/div>\n\n\t\t\n\n\t\t<div class=\"section-content relative\">\n\t\t\t\n<div class=\"row row-small row-full-width align-equal align-center\"  id=\"row-706307826\">\n\n\t<div id=\"col-1473779338\" class=\"col medium-8 small-12 large-8 small-col-first\"  >\n\t\t\t\t<div class=\"col-inner text-center\"  >\n\t\t\t\n\t\t\t\n\t<div id=\"text-3862612674\" class=\"text\">\n\t\t\n<h2>Lille CO2-fodaftryk<\/h2>\n\t\t\n<style>\n#text-3862612674 {\n  font-size: 2rem;\n}\n<\/style>\n\t<\/div>\n\t\n\t<div id=\"text-3439754087\" class=\"text\">\n\t\t\n<p>En gr\u00f8n og ren fremtid er meget vigtig for os. I takt med at verdens befolkning vokser, stiger behovet for ressourcer ogs\u00e5. Hvad vi spiser og de produkter, vi bruger, er faktorer, der bestemmer, hvor meget vi indtager som mennesker. For at bevare de resterende ressourcer er det vigtigt, at vi reducerer forbruget.<\/p>\n<p>Ved at kombinere vedvarende materialer (tr\u00e6 og glas), h\u00e5ndv\u00e6rk og moderne teknologier, h\u00e5ber vi at opn\u00e5 det mindst mulige CO2-fodaftryk. Vores tr\u00e6drivhuses naturlige materialer og lange livscyklus bidrager til dette m\u00e5l.<\/p>\n\t\t\n<style>\n#text-3439754087 {\n  font-size: 1rem;\n}\n<\/style>\n\t<\/div>\n\t\n\t\t<\/div>\n\t\t\t\t\t<\/div>\n\n\t\n<\/div>\n\t\t<\/div>\n\n\t\t\n<style>\n#section_319786106 {\n  padding-top: 100px;\n  padding-bottom: 100px;\n  min-height: 600px;\n  background-color: rgb(210, 210, 210);\n}\n<\/style>\n\t<\/section>\n\t\n\n  <div class=\"banner has-hover\" id=\"banner-157833563\">\n          <div class=\"banner-inner fill\">\n        <div class=\"banner-bg fill\" >\n            <img loading=\"lazy\" decoding=\"async\" width=\"1920\" height=\"1080\" src=\"https:\/\/lahehouse.com\/wp-content\/uploads\/2023\/01\/Baeredygtighed-1.jpeg\" class=\"bg attachment-original size-original\" alt=\"\" \/>                        <div class=\"overlay\"><\/div>            \n                    <\/div>\n\t\t\n        <div class=\"banner-layers container\">\n            <div class=\"fill banner-link\"><\/div>            \n   <div id=\"text-box-2101287837\" class=\"text-box banner-layer x50 md-x50 lg-x50 y50 md-y50 lg-y50 res-text\">\n                                <div class=\"text-box-content text dark\">\n              \n              <div class=\"text-inner text-center\">\n                  \n\t<div id=\"text-1153023285\" class=\"text\">\n\t\t\n<h2>En l\u00e6ngere produktlivscyklus hj\u00e6lper med at beskytte vores planet!<\/h2>\n\t\t\n<style>\n#text-1153023285 {\n  font-size: 0.85rem;\n}\n@media (min-width:550px) {\n  #text-1153023285 {\n    font-size: 1.5rem;\n  }\n}\n<\/style>\n\t<\/div>\n\t\n              <\/div>\n           <\/div>\n                            \n<style>\n#text-box-2101287837 {\n  width: 90%;\n}\n#text-box-2101287837 .text-box-content {\n  font-size: 100%;\n}\n@media (min-width:550px) {\n  #text-box-2101287837 {\n    width: 60%;\n  }\n}\n<\/style>\n    <\/div>\n \n        <\/div>\n      <\/div>\n\n            \n<style>\n#banner-157833563 {\n  padding-top: 600px;\n}\n#banner-157833563 .overlay {\n  background-color: rgba(0, 0, 0, 0.4);\n}\n#banner-157833563 .banner-bg img {\n  object-position: 0% 0%;\n}\n@media (min-width:550px) {\n  #banner-157833563 .overlay {\n    background-color: rgba(0, 0, 0, 0.4);\n  }\n}\n<\/style>\n  <\/div>\n\n\n\n\t<section class=\"section\" id=\"section_820157979\">\n\t\t<div class=\"section-bg fill\" >\n\t\t\t\t\t\t\t\t\t\n\t\t\t\n\n\t\t<\/div>\n\n\t\t\n\n\t\t<div class=\"section-content relative\">\n\t\t\t\n<div class=\"row\"  id=\"row-14070141\">\n\n\t<div id=\"col-44245731\" class=\"col small-12 large-12\"  >\n\t\t\t\t<div class=\"col-inner text-center\"  >\n\t\t\t\n\t\t\t\n\t<div id=\"text-3154760928\" class=\"text\">\n\t\t\n<h2>Hvordan g\u00f8r vi det?<\/h2>\n\t\t\n<style>\n#text-3154760928 {\n  font-size: 2rem;\n}\n<\/style>\n\t<\/div>\n\t\n\t\t<\/div>\n\t\t\t\t\t<\/div>\n\n\t\n<\/div>\n<div class=\"row row-small row-full-width align-equal\"  id=\"row-1869638119\">\n\n\t<div id=\"col-1995910563\" class=\"col medium-4 small-12 large-4\"  >\n\t\t\t\t<div class=\"col-inner text-center\"  >\n\t\t\t\n\t\t\t\n\t<div id=\"text-4099115850\" class=\"text\">\n\t\t\n<h4><strong>NATURLIGE MATERIALER<\/strong><\/h4>\n<p>Vi brugte 99% naturlige og vedvarende materialer, n\u00e5r vi lavede drivhusene.<\/p>\n\t\t\n<style>\n#text-4099115850 {\n  font-size: 1rem;\n}\n<\/style>\n\t<\/div>\n\t\n\t\t<\/div>\n\t\t\t\t\n<style>\n#col-1995910563 > .col-inner {\n  padding: 45px 30px 30px 30px;\n}\n@media (min-width:550px) {\n  #col-1995910563 > .col-inner {\n    padding: 45px 30px 0px 30px;\n  }\n}\n<\/style>\n\t<\/div>\n\n\t\n\n\t<div id=\"col-1767441702\" class=\"col medium-4 small-12 large-4\"  >\n\t\t\t\t<div class=\"col-inner text-center\"  >\n\t\t\t\n\t\t\t\n\t<div id=\"text-381645884\" class=\"text\">\n\t\t\n<h4><strong>TR\u00c6<\/strong><\/h4>\n<p>Alle vores tr\u00e6materialeleverand\u00f8rer skal have <strong>FSC<\/strong>-certificering.<\/p>\n\t\t\n<style>\n#text-381645884 {\n  font-size: 1rem;\n}\n<\/style>\n\t<\/div>\n\t\n\t\t<\/div>\n\t\t\t\t\n<style>\n#col-1767441702 > .col-inner {\n  padding: 45px 30px 30px 30px;\n}\n@media (min-width:550px) {\n  #col-1767441702 > .col-inner {\n    padding: 45px 30px 0px 30px;\n  }\n}\n<\/style>\n\t<\/div>\n\n\t\n\n\t<div id=\"col-1275294209\" class=\"col medium-4 small-12 large-4\"  >\n\t\t\t\t<div class=\"col-inner text-center\"  >\n\t\t\t\n\t\t\t\n\t<div id=\"text-2493311032\" class=\"text\">\n\t\t\n<h4><strong>TIDSL\u00d8ST DESIGN<\/strong><\/h4>\n<p>Trends kommer og g\u00e5r. L\u00e4he drivhuse har et tidl\u00f8st design og passer til ethvert milj\u00f8.<\/p>\n\t\t\n<style>\n#text-2493311032 {\n  font-size: 1rem;\n}\n<\/style>\n\t<\/div>\n\t\n\t\t<\/div>\n\t\t\t\t\n<style>\n#col-1275294209 > .col-inner {\n  padding: 45px 30px 30px 30px;\n}\n@media (min-width:550px) {\n  #col-1275294209 > .col-inner {\n    padding: 45px 30px 0px 30px;\n  }\n}\n<\/style>\n\t<\/div>\n\n\t\n<\/div>\n<div class=\"row row-small row-full-width align-equal\"  id=\"row-838228200\">\n\n\t<div id=\"col-1752244696\" class=\"col medium-4 small-12 large-4\"  >\n\t\t\t\t<div class=\"col-inner text-center\"  >\n\t\t\t\n\t\t\t\n\t<div id=\"text-3686919005\" class=\"text\">\n\t\t\n<h4><strong>EFFEKTIV PRODUKTION<\/strong><\/h4>\n<p>Takket v\u00e6re den effektive produktionsproces genereres der meget lidt restprodukter i produktionen af L\u00e4he drivhuse, og det er ikke belastende for milj\u00f8et.<\/p>\n\t\t\n<style>\n#text-3686919005 {\n  font-size: 1rem;\n}\n<\/style>\n\t<\/div>\n\t\n\t\t<\/div>\n\t\t\t\t\n<style>\n#col-1752244696 > .col-inner {\n  padding: 45px 30px 30px 30px;\n}\n@media (min-width:550px) {\n  #col-1752244696 > .col-inner {\n    padding: 45px 30px 0px 30px;\n  }\n}\n<\/style>\n\t<\/div>\n\n\t\n\n\t<div id=\"col-753800376\" class=\"col medium-4 small-12 large-4\"  >\n\t\t\t\t<div class=\"col-inner text-center\"  >\n\t\t\t\n\t\t\t\n\t<div id=\"text-2253562754\" class=\"text\">\n\t\t\n<h4><strong>BYGGET TIL AT HOLDE<\/strong><\/h4>\n<p>Der er for mange produkter, der har en meget kort levetid. L\u00e4he drivhuse er bygget til at v\u00e6re holdbare og har en forventet levetid p\u00e5 50 \u00e5r.<\/p>\n\t\t\n<style>\n#text-2253562754 {\n  font-size: 1rem;\n}\n<\/style>\n\t<\/div>\n\t\n\t\t<\/div>\n\t\t\t\t\n<style>\n#col-753800376 > .col-inner {\n  padding: 45px 30px 30px 30px;\n}\n@media (min-width:550px) {\n  #col-753800376 > .col-inner {\n    padding: 45px 30px 0px 30px;\n  }\n}\n<\/style>\n\t<\/div>\n\n\t\n\n\t<div id=\"col-1059496425\" class=\"col medium-4 small-12 large-4\"  >\n\t\t\t\t<div class=\"col-inner text-center\"  >\n\t\t\t\n\t\t\t\n\t<div id=\"text-4186846735\" class=\"text\">\n\t\t\n<h4><strong>GENANVENDELIGE<\/strong><\/h4>\n<p>Ved flytning er det muligt at skille L\u00e4he drivhus ad og flytte det til et nyt sted. Ingen grund til at k\u00f8be en ny.<\/p>\n\t\t\n<style>\n#text-4186846735 {\n  font-size: 1rem;\n}\n<\/style>\n\t<\/div>\n\t\n\t\t<\/div>\n\t\t\t\t\n<style>\n#col-1059496425 > .col-inner {\n  padding: 45px 30px 30px 30px;\n}\n@media (min-width:550px) {\n  #col-1059496425 > .col-inner {\n    padding: 45px 30px 0px 30px;\n  }\n}\n<\/style>\n\t<\/div>\n\n\t\n<\/div>\n\t\t<\/div>\n\n\t\t\n<style>\n#section_820157979 {\n  padding-top: 50px;\n  padding-bottom: 50px;\n  min-height: 600px;\n  background-color: rgb(210, 210, 210);\n}\n@media (min-width:550px) {\n  #section_820157979 {\n    padding-top: 30px;\n    padding-bottom: 30px;\n  }\n}\n<\/style>\n\t<\/section>\n\t\n","protected":false},"excerpt":{"rendered":"","protected":false},"author":1,"featured_media":13068,"parent":0,"menu_order":0,"comment_status":"closed","ping_status":"closed","template":"page-transparent-header-light.php","meta":{"footnotes":""},"class_list":["post-13230","page","type-page","status-publish","has-post-thumbnail","hentry"],"yoast_head":"<!-- This site is optimized with the Yoast SEO plugin v27.3 - https:\/\/yoast.com\/product\/yoast-seo-wordpress\/ -->\n<title>B\u00e6redygtighed - L\u00e4he House<\/title>\n<meta name=\"robots\" content=\"index, follow, max-snippet:-1, max-image-preview:large, max-video-preview:-1\" \/>\n<link rel=\"canonical\" href=\"https:\/\/lahehouse.com\/da\/baeredygtighed\/\" \/>\n<meta property=\"og:locale\" content=\"da_DK\" \/>\n<meta property=\"og:type\" content=\"article\" \/>\n<meta property=\"og:title\" content=\"B\u00e6redygtighed - L\u00e4he House\" \/>\n<meta property=\"og:url\" content=\"https:\/\/lahehouse.com\/da\/baeredygtighed\/\" \/>\n<meta property=\"og:site_name\" content=\"L\u00e4he House\" \/>\n<meta property=\"article:modified_time\" content=\"2023-02-09T12:52:54+00:00\" \/>\n<meta property=\"og:image\" content=\"https:\/\/lahehouse.com\/wp-content\/uploads\/2023\/01\/Drivhuse-1.jpeg\" \/>\n\t<meta property=\"og:image:width\" content=\"1920\" \/>\n\t<meta property=\"og:image:height\" content=\"1080\" \/>\n\t<meta property=\"og:image:type\" content=\"image\/jpeg\" \/>\n<meta name=\"twitter:card\" content=\"summary_large_image\" \/>\n<meta name=\"twitter:label1\" content=\"Estimeret l\u00e6setid\" \/>\n\t<meta name=\"twitter:data1\" content=\"2 minutter\" \/>\n<script type=\"application\/ld+json\" class=\"yoast-schema-graph\">{\"@context\":\"https:\\\/\\\/schema.org\",\"@graph\":[{\"@type\":\"WebPage\",\"@id\":\"https:\\\/\\\/lahehouse.com\\\/da\\\/baeredygtighed\\\/\",\"url\":\"https:\\\/\\\/lahehouse.com\\\/da\\\/baeredygtighed\\\/\",\"name\":\"B\u00e6redygtighed - L\u00e4he House\",\"isPartOf\":{\"@id\":\"https:\\\/\\\/lahehouse.com\\\/#website\"},\"primaryImageOfPage\":{\"@id\":\"https:\\\/\\\/lahehouse.com\\\/da\\\/baeredygtighed\\\/#primaryimage\"},\"image\":{\"@id\":\"https:\\\/\\\/lahehouse.com\\\/da\\\/baeredygtighed\\\/#primaryimage\"},\"thumbnailUrl\":\"https:\\\/\\\/lahehouse.com\\\/wp-content\\\/uploads\\\/2023\\\/01\\\/Drivhuse-1.jpeg\",\"datePublished\":\"2023-01-13T12:39:12+00:00\",\"dateModified\":\"2023-02-09T12:52:54+00:00\",\"breadcrumb\":{\"@id\":\"https:\\\/\\\/lahehouse.com\\\/da\\\/baeredygtighed\\\/#breadcrumb\"},\"inLanguage\":\"da-DK\",\"potentialAction\":[{\"@type\":\"ReadAction\",\"target\":[\"https:\\\/\\\/lahehouse.com\\\/da\\\/baeredygtighed\\\/\"]}]},{\"@type\":\"ImageObject\",\"inLanguage\":\"da-DK\",\"@id\":\"https:\\\/\\\/lahehouse.com\\\/da\\\/baeredygtighed\\\/#primaryimage\",\"url\":\"https:\\\/\\\/lahehouse.com\\\/wp-content\\\/uploads\\\/2023\\\/01\\\/Drivhuse-1.jpeg\",\"contentUrl\":\"https:\\\/\\\/lahehouse.com\\\/wp-content\\\/uploads\\\/2023\\\/01\\\/Drivhuse-1.jpeg\",\"width\":1920,\"height\":1080},{\"@type\":\"BreadcrumbList\",\"@id\":\"https:\\\/\\\/lahehouse.com\\\/da\\\/baeredygtighed\\\/#breadcrumb\",\"itemListElement\":[{\"@type\":\"ListItem\",\"position\":1,\"name\":\"Home\",\"item\":\"https:\\\/\\\/lahehouse.com\\\/da\\\/\"},{\"@type\":\"ListItem\",\"position\":2,\"name\":\"B\u00e6redygtighed\"}]},{\"@type\":\"WebSite\",\"@id\":\"https:\\\/\\\/lahehouse.com\\\/#website\",\"url\":\"https:\\\/\\\/lahehouse.com\\\/\",\"name\":\"L\u00e4he House\",\"description\":\"Wooden greenhouses\",\"publisher\":{\"@id\":\"https:\\\/\\\/lahehouse.com\\\/#organization\"},\"potentialAction\":[{\"@type\":\"SearchAction\",\"target\":{\"@type\":\"EntryPoint\",\"urlTemplate\":\"https:\\\/\\\/lahehouse.com\\\/?s={search_term_string}\"},\"query-input\":{\"@type\":\"PropertyValueSpecification\",\"valueRequired\":true,\"valueName\":\"search_term_string\"}}],\"inLanguage\":\"da-DK\"},{\"@type\":\"Organization\",\"@id\":\"https:\\\/\\\/lahehouse.com\\\/#organization\",\"name\":\"L\u00e4he House\",\"url\":\"https:\\\/\\\/lahehouse.com\\\/\",\"logo\":{\"@type\":\"ImageObject\",\"inLanguage\":\"da-DK\",\"@id\":\"https:\\\/\\\/lahehouse.com\\\/#\\\/schema\\\/logo\\\/image\\\/\",\"url\":\"https:\\\/\\\/lahehouse.com\\\/wp-content\\\/uploads\\\/2022\\\/11\\\/Greenhouses-1.jpeg\",\"contentUrl\":\"https:\\\/\\\/lahehouse.com\\\/wp-content\\\/uploads\\\/2022\\\/11\\\/Greenhouses-1.jpeg\",\"width\":1920,\"height\":1080,\"caption\":\"L\u00e4he House\"},\"image\":{\"@id\":\"https:\\\/\\\/lahehouse.com\\\/#\\\/schema\\\/logo\\\/image\\\/\"}}]}<\/script>\n<!-- \/ Yoast SEO plugin. -->","yoast_head_json":{"title":"B\u00e6redygtighed - L\u00e4he House","robots":{"index":"index","follow":"follow","max-snippet":"max-snippet:-1","max-image-preview":"max-image-preview:large","max-video-preview":"max-video-preview:-1"},"canonical":"https:\/\/lahehouse.com\/da\/baeredygtighed\/","og_locale":"da_DK","og_type":"article","og_title":"B\u00e6redygtighed - L\u00e4he House","og_url":"https:\/\/lahehouse.com\/da\/baeredygtighed\/","og_site_name":"L\u00e4he House","article_modified_time":"2023-02-09T12:52:54+00:00","og_image":[{"width":1920,"height":1080,"url":"https:\/\/lahehouse.com\/wp-content\/uploads\/2023\/01\/Drivhuse-1.jpeg","type":"image\/jpeg"}],"twitter_card":"summary_large_image","twitter_misc":{"Estimeret l\u00e6setid":"2 minutter"},"schema":{"@context":"https:\/\/schema.org","@graph":[{"@type":"WebPage","@id":"https:\/\/lahehouse.com\/da\/baeredygtighed\/","url":"https:\/\/lahehouse.com\/da\/baeredygtighed\/","name":"B\u00e6redygtighed - L\u00e4he House","isPartOf":{"@id":"https:\/\/lahehouse.com\/#website"},"primaryImageOfPage":{"@id":"https:\/\/lahehouse.com\/da\/baeredygtighed\/#primaryimage"},"image":{"@id":"https:\/\/lahehouse.com\/da\/baeredygtighed\/#primaryimage"},"thumbnailUrl":"https:\/\/lahehouse.com\/wp-content\/uploads\/2023\/01\/Drivhuse-1.jpeg","datePublished":"2023-01-13T12:39:12+00:00","dateModified":"2023-02-09T12:52:54+00:00","breadcrumb":{"@id":"https:\/\/lahehouse.com\/da\/baeredygtighed\/#breadcrumb"},"inLanguage":"da-DK","potentialAction":[{"@type":"ReadAction","target":["https:\/\/lahehouse.com\/da\/baeredygtighed\/"]}]},{"@type":"ImageObject","inLanguage":"da-DK","@id":"https:\/\/lahehouse.com\/da\/baeredygtighed\/#primaryimage","url":"https:\/\/lahehouse.com\/wp-content\/uploads\/2023\/01\/Drivhuse-1.jpeg","contentUrl":"https:\/\/lahehouse.com\/wp-content\/uploads\/2023\/01\/Drivhuse-1.jpeg","width":1920,"height":1080},{"@type":"BreadcrumbList","@id":"https:\/\/lahehouse.com\/da\/baeredygtighed\/#breadcrumb","itemListElement":[{"@type":"ListItem","position":1,"name":"Home","item":"https:\/\/lahehouse.com\/da\/"},{"@type":"ListItem","position":2,"name":"B\u00e6redygtighed"}]},{"@type":"WebSite","@id":"https:\/\/lahehouse.com\/#website","url":"https:\/\/lahehouse.com\/","name":"L\u00e4he House","description":"Wooden greenhouses","publisher":{"@id":"https:\/\/lahehouse.com\/#organization"},"potentialAction":[{"@type":"SearchAction","target":{"@type":"EntryPoint","urlTemplate":"https:\/\/lahehouse.com\/?s={search_term_string}"},"query-input":{"@type":"PropertyValueSpecification","valueRequired":true,"valueName":"search_term_string"}}],"inLanguage":"da-DK"},{"@type":"Organization","@id":"https:\/\/lahehouse.com\/#organization","name":"L\u00e4he House","url":"https:\/\/lahehouse.com\/","logo":{"@type":"ImageObject","inLanguage":"da-DK","@id":"https:\/\/lahehouse.com\/#\/schema\/logo\/image\/","url":"https:\/\/lahehouse.com\/wp-content\/uploads\/2022\/11\/Greenhouses-1.jpeg","contentUrl":"https:\/\/lahehouse.com\/wp-content\/uploads\/2022\/11\/Greenhouses-1.jpeg","width":1920,"height":1080,"caption":"L\u00e4he House"},"image":{"@id":"https:\/\/lahehouse.com\/#\/schema\/logo\/image\/"}}]}},"_links":{"self":[{"href":"https:\/\/lahehouse.com\/da\/wp-json\/wp\/v2\/pages\/13230","targetHints":{"allow":["GET"]}}],"collection":[{"href":"https:\/\/lahehouse.com\/da\/wp-json\/wp\/v2\/pages"}],"about":[{"href":"https:\/\/lahehouse.com\/da\/wp-json\/wp\/v2\/types\/page"}],"author":[{"embeddable":true,"href":"https:\/\/lahehouse.com\/da\/wp-json\/wp\/v2\/users\/1"}],"replies":[{"embeddable":true,"href":"https:\/\/lahehouse.com\/da\/wp-json\/wp\/v2\/comments?post=13230"}],"version-history":[{"count":7,"href":"https:\/\/lahehouse.com\/da\/wp-json\/wp\/v2\/pages\/13230\/revisions"}],"predecessor-version":[{"id":17321,"href":"https:\/\/lahehouse.com\/da\/wp-json\/wp\/v2\/pages\/13230\/revisions\/17321"}],"wp:featuredmedia":[{"embeddable":true,"href":"https:\/\/lahehouse.com\/da\/wp-json\/wp\/v2\/media\/13068"}],"wp:attachment":[{"href":"https:\/\/lahehouse.com\/da\/wp-json\/wp\/v2\/media?parent=13230"}],"curies":[{"name":"wp","href":"https:\/\/api.w.org\/{rel}","templated":true}]}}