{"id":13235,"date":"2023-01-13T12:41:44","date_gmt":"2023-01-13T12:41:44","guid":{"rendered":"https:\/\/lahehouse.com\/?page_id=13235"},"modified":"2023-02-09T12:54:08","modified_gmt":"2023-02-09T12:54:08","slug":"yderligere-information","status":"publish","type":"page","link":"https:\/\/lahehouse.com\/da\/yderligere-information\/","title":{"rendered":"Yderligere Information"},"content":{"rendered":"\n\t<section class=\"section dark\" id=\"section_250406327\">\n\t\t<div class=\"section-bg fill\" >\n\t\t\t\t\t\t\t\t\t\n\t\t\t\n\n\t\t<\/div>\n\n\t\t\n\n\t\t<div class=\"section-content relative\">\n\t\t\t\n\n  <div class=\"banner has-hover\" id=\"banner-1655385710\">\n          <div class=\"banner-inner fill\">\n        <div class=\"banner-bg fill\" >\n            <img loading=\"lazy\" decoding=\"async\" width=\"1920\" height=\"1080\" src=\"https:\/\/lahehouse.com\/wp-content\/uploads\/2023\/01\/Drivhuse-1.jpeg\" class=\"bg attachment-original size-original\" alt=\"\" \/>                        <div class=\"overlay\"><\/div>            \n                    <\/div>\n\t\t\n        <div class=\"banner-layers container\">\n            <div class=\"fill banner-link\"><\/div>            \n   <div id=\"text-box-1767602911\" class=\"text-box banner-layer x50 md-x50 lg-x50 y50 md-y50 lg-y50 res-text\">\n                     <div data-animate=\"none\">           <div class=\"text-box-content text dark\">\n              \n              <div class=\"text-inner text-center\">\n                  \n\t<div id=\"text-309403933\" class=\"text\">\n\t\t\n<h1 class=\"uppercase\">Yderligere Information<\/h1>\n\t\t\n<style>\n#text-309403933 {\n  font-size: 0.75rem;\n}\n<\/style>\n\t<\/div>\n\t\n              <\/div>\n           <\/div>\n       <\/div>                     \n<style>\n#text-box-1767602911 {\n  width: 80%;\n}\n#text-box-1767602911 .text-box-content {\n  font-size: 100%;\n}\n@media (min-width:550px) {\n  #text-box-1767602911 {\n    width: 100%;\n  }\n}\n<\/style>\n    <\/div>\n \n        <\/div>\n      <\/div>\n\n            \n<style>\n#banner-1655385710 {\n  padding-top: 400px;\n}\n#banner-1655385710 .overlay {\n  background-color: rgba(0, 0, 0, 0.3);\n}\n#banner-1655385710 .banner-bg img {\n  object-position: 50% 0%;\n}\n@media (min-width:550px) {\n  #banner-1655385710 .overlay {\n    background-color: rgba(0, 0, 0, 0.4);\n  }\n}\n<\/style>\n  <\/div>\n\n\n\t\t<\/div>\n\n\t\t\n<style>\n#section_250406327 {\n  padding-top: 0px;\n  padding-bottom: 0px;\n}\n<\/style>\n\t<\/section>\n\t\n\n\t<section class=\"section\" id=\"section_1360976246\">\n\t\t<div class=\"section-bg fill\" >\n\t\t\t\t\t\t\t\t\t\n\t\t\t\n\n\t\t<\/div>\n\n\t\t\n\n\t\t<div class=\"section-content relative\">\n\t\t\t\n<div class=\"row align-center\"  id=\"row-1099265339\">\n\n\t<div id=\"col-1250882657\" class=\"col medium-10 small-12 large-3\"  >\n\t\t\t\t<div class=\"col-inner\"  >\n\t\t\t\n\t\t\t\n\t<div id=\"text-576290649\" class=\"text\">\n\t\t\n<h2>PRODUKTER<\/h2>\n\t\t\n<style>\n#text-576290649 {\n  font-size: 1rem;\n}\n<\/style>\n\t<\/div>\n\t\n\t\t<\/div>\n\t\t\t\t\t<\/div>\n\n\t\n\n\t<div id=\"col-112041652\" class=\"col medium-10 small-12 large-6\"  >\n\t\t\t\t<div class=\"col-inner\"  >\n\t\t\t\n\t\t\t\n<div class=\"accordion\">\n\t<div id=\"accordion-4206733730\" class=\"accordion-item\">\n\t\t<a id=\"accordion-4206733730-label\" class=\"accordion-title plain\" href=\"#accordion-item-hvilken-tr\u00e6sort-bruger-vi?\" aria-expanded=\"false\" aria-controls=\"accordion-4206733730-content\">\n\t\t\t<button class=\"toggle\" aria-label=\"Sl\u00e5 til\/fra\"><i class=\"icon-angle-down\" aria-hidden=\"true\"><\/i><\/button>\n\t\t\t<span>Hvilken tr\u00e6sort bruger vi?<\/span>\n\t\t<\/a>\n\t\t<div id=\"accordion-4206733730-content\" class=\"accordion-inner\" aria-labelledby=\"accordion-4206733730-label\">\n\t\t\t\n<p>Alle L\u00e4he drivhuse er lavet af h\u00f8jkvalitets varmebehandlet tr\u00e6 (termotr\u00e6). Varmebehandlet tr\u00e6 er et tr\u00e6materiale fremstillet ved brug af naturlige metoder, varme og damp. Termisk modifikation forbedrer tr\u00e6ets tekniske egenskaber, og varmebehandlet tr\u00e6 er giftfri, formstabil, modstandsdygtig over for r\u00e5d og harpiksfri. Den kan bruges i ethvert klima. Varmebehandlet tr\u00e6 er klassificeret som holdbart i henhold til EN 113 standarden; dvs. dens naturlige modstandsdygtighed over for henfald opfylder klasse 2-krav.<\/p>\n<p><strong>Varmebehandlet tr\u00e6 egenskaber:<\/strong><\/p>\n<p><strong>\u2013 Dimensionsstabilitet<\/strong><br \/>\n<strong>\u2013 Reduceret fugtindhold<\/strong><br \/>\n<strong>\u2013 Forbedret holdbarhed mod forr\u00e5dnelse<\/strong><br \/>\n<strong>\u2013 Reduceret varmeledningsevne<\/strong><br \/>\n<strong>\u2013 Harpiks fjernet<\/strong><br \/>\n<strong>\u2013 Ensartet farve gennem tr\u00e6et<\/strong><br \/>\n<strong>\u2013 Ikke-giftigt materiale<\/strong><\/p>\n<p>Varmebehandlet tr\u00e6 efter vores valg er varmebehandlet skandinavisk fyr. Varmebehandlet tr\u00e6 har en varm, naturlig sk\u00f8nhed. Alle konstruktioner er lavet af meget slidst\u00e6rkt og robust 92 x 42 mm materiale.<\/p>\n\t\t<\/div>\n\t<\/div>\n\t\n\t<div id=\"accordion-4249774135\" class=\"accordion-item\">\n\t\t<a id=\"accordion-4249774135-label\" class=\"accordion-title plain\" href=\"#accordion-item-hvilken-type-glas-bruger-vi?\" aria-expanded=\"false\" aria-controls=\"accordion-4249774135-content\">\n\t\t\t<button class=\"toggle\" aria-label=\"Sl\u00e5 til\/fra\"><i class=\"icon-angle-down\" aria-hidden=\"true\"><\/i><\/button>\n\t\t\t<span>Hvilken type glas bruger vi?<\/span>\n\t\t<\/a>\n\t\t<div id=\"accordion-4249774135-content\" class=\"accordion-inner\" aria-labelledby=\"accordion-4249774135-label\">\n\t\t\t\n<p>Alle elementer er glaseret i 4 mm h\u00e6rdet sikkerhedsglas i henhold til europ\u00e6isk standard EN 12150.<\/p>\n<p>H\u00e6rdet glas har en r\u00e6kke fordele. Til visuelle form\u00e5l er h\u00e6rdet glas langt overlegent i klarhed. Vind, storme, snestorme og andre vejrelementer kan ikke s\u00e5 let beskadige glasdrivhuse. Ogs\u00e5 h\u00e6rdet glas er mere sikkert, fordi det smuldrer i sm\u00e5 stykker, der ikke er skarpe, n\u00e5r det knuses.<\/p>\n<p>H\u00e6rdet glas giver en langt l\u00e6ngere levetid end nogen anden type drivhusmateriale.<\/p>\n\t\t<\/div>\n\t<\/div>\n\t\n\t<div id=\"accordion-1007680443\" class=\"accordion-item\">\n\t\t<a id=\"accordion-1007680443-label\" class=\"accordion-title plain\" href=\"#accordion-item-hvilken-type-finish-er-tilg\u00e6ngelige?\" aria-expanded=\"false\" aria-controls=\"accordion-1007680443-content\">\n\t\t\t<button class=\"toggle\" aria-label=\"Sl\u00e5 til\/fra\"><i class=\"icon-angle-down\" aria-hidden=\"true\"><\/i><\/button>\n\t\t\t<span>Hvilken type finish er tilg\u00e6ngelige?<\/span>\n\t\t<\/a>\n\t\t<div id=\"accordion-1007680443-content\" class=\"accordion-inner\" aria-labelledby=\"accordion-1007680443-label\">\n\t\t\t\n<p>Alle vores drivhuse kan bestilles med olieret eller malet finish med forskellige farver. Sp\u00f8rg mere information hos din n\u00e6rmeste forhandler eller skriv til os.<\/p>\n<p>Se ogs\u00e5 vores farvekort.<\/p>\n<a href=\"https:\/\/lahehouse.com\/wp-content\/uploads\/2023\/02\/Lahe-color-chart.pdf\" target=\"_blank\" class=\"button primary is-outline is-small reveal-icon\" rel=\"noopener\" style=\"border-radius:99px;\">\n\t\t<span>Farvekort<\/span>\n\t<i class=\"icon-play\" aria-hidden=\"true\"><\/i><\/a>\n\n\t\t<\/div>\n\t<\/div>\n\t\n\t<div id=\"accordion-2499248875\" class=\"accordion-item\">\n\t\t<a id=\"accordion-2499248875-label\" class=\"accordion-title plain\" href=\"#accordion-item-kan-jeg-bestille-tilpasninger?\" aria-expanded=\"false\" aria-controls=\"accordion-2499248875-content\">\n\t\t\t<button class=\"toggle\" aria-label=\"Sl\u00e5 til\/fra\"><i class=\"icon-angle-down\" aria-hidden=\"true\"><\/i><\/button>\n\t\t\t<span>Kan jeg bestille tilpasninger?<\/span>\n\t\t<\/a>\n\t\t<div id=\"accordion-2499248875-content\" class=\"accordion-inner\" aria-labelledby=\"accordion-2499248875-label\">\n\t\t\t\n<p>Ja, vi kan tilbyde nogle tilpasningsmuligheder.<\/p>\n<p>For eksempel:<\/p>\n<ol>\n<li>En d\u00f8r i begge ender af drivhuset<\/li>\n<li>Ekstra soltag<\/li>\n<li>Drivhus l\u00e6ngere end 4,95 m<\/li>\n<\/ol>\n<p>Sp\u00f8rg mere information hos din n\u00e6rmeste forhandler eller skriv til os.<\/p>\n<a href=\"https:\/\/lahehouse.com\/da\/forhandlere\/\" class=\"button primary is-outline is-small reveal-icon\" style=\"border-radius:99px;\">\n\t\t<span>FORHANDLERE<\/span>\n\t<i class=\"icon-play\" aria-hidden=\"true\"><\/i><\/a>\n\n<a href=\"https:\/\/lahehouse.com\/da\/kontakt\/\" class=\"button primary is-outline is-small reveal-icon\" style=\"border-radius:99px;\">\n\t\t<span>Kontakt<\/span>\n\t<i class=\"icon-play\" aria-hidden=\"true\"><\/i><\/a>\n\n\t\t<\/div>\n\t<\/div>\n\t\n\t<div id=\"accordion-2792794436\" class=\"accordion-item\">\n\t\t<a id=\"accordion-2792794436-label\" class=\"accordion-title plain\" href=\"#accordion-item-har-l\u00e4he-drivhuse-garanti?\" aria-expanded=\"false\" aria-controls=\"accordion-2792794436-content\">\n\t\t\t<button class=\"toggle\" aria-label=\"Sl\u00e5 til\/fra\"><i class=\"icon-angle-down\" aria-hidden=\"true\"><\/i><\/button>\n\t\t\t<span>Har L\u00e4he drivhuse garanti?<\/span>\n\t\t<\/a>\n\t\t<div id=\"accordion-2792794436-content\" class=\"accordion-inner\" aria-labelledby=\"accordion-2792794436-label\">\n\t\t\t\n<p>For alle L\u00e4he drivhuse er der 10 \u00e5rs garanti p\u00e5 tr\u00e6rammen, og tilbeh\u00f8ret (d\u00f8rl\u00e5s, luge\u00e5bner osv.) har 2 \u00e5rs garanti. Glas er underlagt en begr\u00e6nset garanti.<\/p>\n<p>S\u00f8rg ogs\u00e5 for at l\u00e6se garantibetingelserne!<\/p>\n<a class=\"button primary is-outline is-small reveal-icon\" style=\"border-radius:99px;\">\n\t\t<span>Garantibetingelser<\/span>\n\t<i class=\"icon-play\" aria-hidden=\"true\"><\/i><\/a>\n\n\t\t<\/div>\n\t<\/div>\n\t\n<\/div>\n\t\t<\/div>\n\t\t\t\t\t<\/div>\n\n\t\n<\/div>\n<div class=\"row align-center\"  id=\"row-457709688\">\n\n\t<div id=\"col-461358793\" class=\"col medium-10 small-12 large-3\"  >\n\t\t\t\t<div class=\"col-inner\"  >\n\t\t\t\n\t\t\t\n\t<div id=\"text-2881406313\" class=\"text\">\n\t\t\n<h2>BESTILLING<\/h2>\n\t\t\n<style>\n#text-2881406313 {\n  font-size: 1rem;\n}\n<\/style>\n\t<\/div>\n\t\n\t\t<\/div>\n\t\t\t\t\t<\/div>\n\n\t\n\n\t<div id=\"col-1797089339\" class=\"col medium-10 small-12 large-6\"  >\n\t\t\t\t<div class=\"col-inner\"  >\n\t\t\t\n\t\t\t\n<div class=\"accordion\">\n\t<div id=\"accordion-938129758\" class=\"accordion-item\">\n\t\t<a id=\"accordion-938129758-label\" class=\"accordion-title plain\" href=\"#accordion-item-hvor-kan-jeg-bestille-l\u00e4he-drivhuse?\" aria-expanded=\"false\" aria-controls=\"accordion-938129758-content\">\n\t\t\t<button class=\"toggle\" aria-label=\"Sl\u00e5 til\/fra\"><i class=\"icon-angle-down\" aria-hidden=\"true\"><\/i><\/button>\n\t\t\t<span>Hvor kan jeg bestille L\u00e4he drivhuse?<\/span>\n\t\t<\/a>\n\t\t<div id=\"accordion-938129758-content\" class=\"accordion-inner\" aria-labelledby=\"accordion-938129758-label\">\n\t\t\t\n<p>Du kan k\u00f8be L\u00e4he produkter hos en af vores forhandlere.<\/p>\n<p>Hvis du bor i det omr\u00e5de, der ikke er d\u00e6kket af vores forhandlernetv\u00e6rk, s\u00e5 kontakt os venligst ved at skrive til hello@lahehouse.com.<\/p>\n<a href=\"https:\/\/lahehouse.com\/da\/forhandlere\/\" class=\"button primary is-outline is-small reveal-icon\" style=\"border-radius:99px;\">\n\t\t<span>FORHANDLERE<\/span>\n\t<i class=\"icon-play\" aria-hidden=\"true\"><\/i><\/a>\n\n<a href=\"https:\/\/lahehouse.com\/da\/kontakt\/\" class=\"button primary is-outline is-small reveal-icon\" style=\"border-radius:99px;\">\n\t\t<span>Kontakt<\/span>\n\t<i class=\"icon-play\" aria-hidden=\"true\"><\/i><\/a>\n\n\t\t<\/div>\n\t<\/div>\n\t\n\t<div id=\"accordion-3341521769\" class=\"accordion-item\">\n\t\t<a id=\"accordion-3341521769-label\" class=\"accordion-title plain\" href=\"#accordion-item-hvor-lang-tid-tager-leveringen?\" aria-expanded=\"false\" aria-controls=\"accordion-3341521769-content\">\n\t\t\t<button class=\"toggle\" aria-label=\"Sl\u00e5 til\/fra\"><i class=\"icon-angle-down\" aria-hidden=\"true\"><\/i><\/button>\n\t\t\t<span>Hvor lang tid tager leveringen?<\/span>\n\t\t<\/a>\n\t\t<div id=\"accordion-3341521769-content\" class=\"accordion-inner\" aria-labelledby=\"accordion-3341521769-label\">\n\t\t\t\n<p>Vi g\u00f8r vores bedste for at levere dit drivhus hurtigst muligt. Normalt er produktionstiden ca. 3 &#8211; 4 uger.<\/p>\n<p>Kontakt venligst din lokale forhandler for leveringstider i Danmark.<\/p>\n\t\t<\/div>\n\t<\/div>\n\t\n\t<div id=\"accordion-4094226182\" class=\"accordion-item\">\n\t\t<a id=\"accordion-4094226182-label\" class=\"accordion-title plain\" href=\"#accordion-item-hvordan-leveres-drivhuse?\" aria-expanded=\"false\" aria-controls=\"accordion-4094226182-content\">\n\t\t\t<button class=\"toggle\" aria-label=\"Sl\u00e5 til\/fra\"><i class=\"icon-angle-down\" aria-hidden=\"true\"><\/i><\/button>\n\t\t\t<span>Hvordan leveres drivhuse?<\/span>\n\t\t<\/a>\n\t\t<div id=\"accordion-4094226182-content\" class=\"accordion-inner\" aria-labelledby=\"accordion-4094226182-label\">\n\t\t\t\n<p>Alle vores drivhuse er pakket til meget st\u00e6rke tr\u00e6kasser for sikker levering. P\u00e5 grund af transportkassens st\u00f8rrelse og v\u00e6gt kr\u00e6ver det levering med HIAB lastbil eller l\u00f8fteudstyr p\u00e5 stedet.<\/p>\n\t\t<\/div>\n\t<\/div>\n\t\n<\/div>\n\t\t<\/div>\n\t\t\t\t\t<\/div>\n\n\t\n<\/div>\n<div class=\"row align-center\"  id=\"row-1363000079\">\n\n\t<div id=\"col-2115966907\" class=\"col medium-10 small-12 large-3\"  >\n\t\t\t\t<div class=\"col-inner\"  >\n\t\t\t\n\t\t\t\n\t<div id=\"text-1956303541\" class=\"text\">\n\t\t\n<h2>INSTALLATION<\/h2>\n\t\t\n<style>\n#text-1956303541 {\n  font-size: 1rem;\n}\n<\/style>\n\t<\/div>\n\t\n\t\t<\/div>\n\t\t\t\t\t<\/div>\n\n\t\n\n\t<div id=\"col-1815512304\" class=\"col medium-10 small-12 large-6\"  >\n\t\t\t\t<div class=\"col-inner\"  >\n\t\t\t\n\t\t\t\n<div class=\"accordion\">\n\t<div id=\"accordion-4068405296\" class=\"accordion-item\">\n\t\t<a id=\"accordion-4068405296-label\" class=\"accordion-title plain\" href=\"#accordion-item-hvilken-type-fundament-er-p\u00e5kr\u00e6vet?\" aria-expanded=\"false\" aria-controls=\"accordion-4068405296-content\">\n\t\t\t<button class=\"toggle\" aria-label=\"Sl\u00e5 til\/fra\"><i class=\"icon-angle-down\" aria-hidden=\"true\"><\/i><\/button>\n\t\t\t<span>Hvilken type fundament er p\u00e5kr\u00e6vet?<\/span>\n\t\t<\/a>\n\t\t<div id=\"accordion-4068405296-content\" class=\"accordion-inner\" aria-labelledby=\"accordion-4068405296-label\">\n\t\t\t\n<p>De fleste af L\u00e4he-drivhusene kr\u00e6ver et st\u00e6rkt og solidt fundament for maksimal livscyklus. Vi foresl\u00e5r et st\u00e6rkt plade- eller b\u00e5ndfundament lavet af beton.<\/p>\n<p>Du kan downloade funderingstegninger fra udvalgte produktside under afsnittet Teknisk information.<\/p>\n\t\t<\/div>\n\t<\/div>\n\t\n\t<div id=\"accordion-1156536541\" class=\"accordion-item\">\n\t\t<a id=\"accordion-1156536541-label\" class=\"accordion-title plain\" href=\"#accordion-item-kan-jeg-installere-drivhus-selvst\u00e6ndigt?\" aria-expanded=\"false\" aria-controls=\"accordion-1156536541-content\">\n\t\t\t<button class=\"toggle\" aria-label=\"Sl\u00e5 til\/fra\"><i class=\"icon-angle-down\" aria-hidden=\"true\"><\/i><\/button>\n\t\t\t<span>Kan jeg installere drivhus selvst\u00e6ndigt?<\/span>\n\t\t<\/a>\n\t\t<div id=\"accordion-1156536541-content\" class=\"accordion-inner\" aria-labelledby=\"accordion-1156536541-label\">\n\t\t\t\n<p>Alle L\u00e4he drivhuse kan ogs\u00e5 installeres selvst\u00e6ndigt. Til dette form\u00e5l har vi en omfattende monteringsvejledning, som kan downloades fra afsnittet om tekniske oplysninger for det valgte produkt.<\/p>\n<p>Vores installationsteam tager generelt 1 dag at installere drivhuset. Ved selvst\u00e6ndig installation er det v\u00e6rd at overveje 2 &#8211; 3 dage til arbejdets udf\u00f8relse.<\/p>\n<p>Installation af et drivhus er et arbejde af mindst 2 personer, og fors\u00f8g aldrig at installere det alene!<\/p>\n\t\t<\/div>\n\t<\/div>\n\t\n\t<div id=\"accordion-3682646732\" class=\"accordion-item\">\n\t\t<a id=\"accordion-3682646732-label\" class=\"accordion-title plain\" href=\"#accordion-item-kan-jeg-bestille-drivhus-med-installationsservice?\" aria-expanded=\"false\" aria-controls=\"accordion-3682646732-content\">\n\t\t\t<button class=\"toggle\" aria-label=\"Sl\u00e5 til\/fra\"><i class=\"icon-angle-down\" aria-hidden=\"true\"><\/i><\/button>\n\t\t\t<span>Kan jeg bestille drivhus med installationsservice?<\/span>\n\t\t<\/a>\n\t\t<div id=\"accordion-3682646732-content\" class=\"accordion-inner\" aria-labelledby=\"accordion-3682646732-label\">\n\t\t\t\n<p>Det kan v\u00e6re muligt at bestille drivhus med monteringsservice. Dette afh\u00e6nger af din valgte forhandler.<\/p>\n<p>Sp\u00f8rg mere information hos din n\u00e6rmeste forhandler eller skriv til os.<\/p>\n\t\t<\/div>\n\t<\/div>\n\t\n<\/div>\n\t\t<\/div>\n\t\t\t\t\t<\/div>\n\n\t\n<\/div>\n\t\t<\/div>\n\n\t\t\n<style>\n#section_1360976246 {\n  padding-top: 60px;\n  padding-bottom: 60px;\n  background-color: rgb(210, 210, 210);\n}\n<\/style>\n\t<\/section>\n\t\n","protected":false},"excerpt":{"rendered":"","protected":false},"author":1,"featured_media":13068,"parent":0,"menu_order":0,"comment_status":"closed","ping_status":"closed","template":"page-transparent-header-light.php","meta":{"footnotes":""},"class_list":["post-13235","page","type-page","status-publish","has-post-thumbnail","hentry"],"yoast_head":"<!-- This site is optimized with the Yoast SEO plugin v27.4 - https:\/\/yoast.com\/product\/yoast-seo-wordpress\/ -->\n<title>Yderligere Information - L\u00e4he House<\/title>\n<meta name=\"robots\" content=\"index, follow, max-snippet:-1, max-image-preview:large, max-video-preview:-1\" \/>\n<link rel=\"canonical\" href=\"https:\/\/lahehouse.com\/da\/yderligere-information\/\" \/>\n<meta property=\"og:locale\" content=\"da_DK\" \/>\n<meta property=\"og:type\" content=\"article\" \/>\n<meta property=\"og:title\" content=\"Yderligere Information - L\u00e4he House\" \/>\n<meta property=\"og:url\" content=\"https:\/\/lahehouse.com\/da\/yderligere-information\/\" \/>\n<meta property=\"og:site_name\" content=\"L\u00e4he House\" \/>\n<meta property=\"article:modified_time\" content=\"2023-02-09T12:54:08+00:00\" \/>\n<meta property=\"og:image\" content=\"https:\/\/lahehouse.com\/wp-content\/uploads\/2023\/01\/Drivhuse-1.jpeg\" \/>\n\t<meta property=\"og:image:width\" content=\"1920\" \/>\n\t<meta property=\"og:image:height\" content=\"1080\" \/>\n\t<meta property=\"og:image:type\" content=\"image\/jpeg\" \/>\n<meta name=\"twitter:card\" content=\"summary_large_image\" \/>\n<meta name=\"twitter:label1\" content=\"Estimeret l\u00e6setid\" \/>\n\t<meta name=\"twitter:data1\" content=\"4 minutter\" \/>\n<script type=\"application\/ld+json\" class=\"yoast-schema-graph\">{\"@context\":\"https:\\\/\\\/schema.org\",\"@graph\":[{\"@type\":\"WebPage\",\"@id\":\"https:\\\/\\\/lahehouse.com\\\/da\\\/yderligere-information\\\/\",\"url\":\"https:\\\/\\\/lahehouse.com\\\/da\\\/yderligere-information\\\/\",\"name\":\"Yderligere Information - L\u00e4he House\",\"isPartOf\":{\"@id\":\"https:\\\/\\\/lahehouse.com\\\/#website\"},\"primaryImageOfPage\":{\"@id\":\"https:\\\/\\\/lahehouse.com\\\/da\\\/yderligere-information\\\/#primaryimage\"},\"image\":{\"@id\":\"https:\\\/\\\/lahehouse.com\\\/da\\\/yderligere-information\\\/#primaryimage\"},\"thumbnailUrl\":\"https:\\\/\\\/lahehouse.com\\\/wp-content\\\/uploads\\\/2023\\\/01\\\/Drivhuse-1.jpeg\",\"datePublished\":\"2023-01-13T12:41:44+00:00\",\"dateModified\":\"2023-02-09T12:54:08+00:00\",\"breadcrumb\":{\"@id\":\"https:\\\/\\\/lahehouse.com\\\/da\\\/yderligere-information\\\/#breadcrumb\"},\"inLanguage\":\"da-DK\",\"potentialAction\":[{\"@type\":\"ReadAction\",\"target\":[\"https:\\\/\\\/lahehouse.com\\\/da\\\/yderligere-information\\\/\"]}]},{\"@type\":\"ImageObject\",\"inLanguage\":\"da-DK\",\"@id\":\"https:\\\/\\\/lahehouse.com\\\/da\\\/yderligere-information\\\/#primaryimage\",\"url\":\"https:\\\/\\\/lahehouse.com\\\/wp-content\\\/uploads\\\/2023\\\/01\\\/Drivhuse-1.jpeg\",\"contentUrl\":\"https:\\\/\\\/lahehouse.com\\\/wp-content\\\/uploads\\\/2023\\\/01\\\/Drivhuse-1.jpeg\",\"width\":1920,\"height\":1080},{\"@type\":\"BreadcrumbList\",\"@id\":\"https:\\\/\\\/lahehouse.com\\\/da\\\/yderligere-information\\\/#breadcrumb\",\"itemListElement\":[{\"@type\":\"ListItem\",\"position\":1,\"name\":\"Home\",\"item\":\"https:\\\/\\\/lahehouse.com\\\/da\\\/\"},{\"@type\":\"ListItem\",\"position\":2,\"name\":\"Yderligere Information\"}]},{\"@type\":\"WebSite\",\"@id\":\"https:\\\/\\\/lahehouse.com\\\/#website\",\"url\":\"https:\\\/\\\/lahehouse.com\\\/\",\"name\":\"L\u00e4he House\",\"description\":\"Wooden greenhouses\",\"publisher\":{\"@id\":\"https:\\\/\\\/lahehouse.com\\\/#organization\"},\"potentialAction\":[{\"@type\":\"SearchAction\",\"target\":{\"@type\":\"EntryPoint\",\"urlTemplate\":\"https:\\\/\\\/lahehouse.com\\\/?s={search_term_string}\"},\"query-input\":{\"@type\":\"PropertyValueSpecification\",\"valueRequired\":true,\"valueName\":\"search_term_string\"}}],\"inLanguage\":\"da-DK\"},{\"@type\":\"Organization\",\"@id\":\"https:\\\/\\\/lahehouse.com\\\/#organization\",\"name\":\"L\u00e4he House\",\"url\":\"https:\\\/\\\/lahehouse.com\\\/\",\"logo\":{\"@type\":\"ImageObject\",\"inLanguage\":\"da-DK\",\"@id\":\"https:\\\/\\\/lahehouse.com\\\/#\\\/schema\\\/logo\\\/image\\\/\",\"url\":\"https:\\\/\\\/lahehouse.com\\\/wp-content\\\/uploads\\\/2022\\\/11\\\/Greenhouses-1.jpeg\",\"contentUrl\":\"https:\\\/\\\/lahehouse.com\\\/wp-content\\\/uploads\\\/2022\\\/11\\\/Greenhouses-1.jpeg\",\"width\":1920,\"height\":1080,\"caption\":\"L\u00e4he House\"},\"image\":{\"@id\":\"https:\\\/\\\/lahehouse.com\\\/#\\\/schema\\\/logo\\\/image\\\/\"}}]}<\/script>\n<!-- \/ Yoast SEO plugin. -->","yoast_head_json":{"title":"Yderligere Information - L\u00e4he House","robots":{"index":"index","follow":"follow","max-snippet":"max-snippet:-1","max-image-preview":"max-image-preview:large","max-video-preview":"max-video-preview:-1"},"canonical":"https:\/\/lahehouse.com\/da\/yderligere-information\/","og_locale":"da_DK","og_type":"article","og_title":"Yderligere Information - L\u00e4he House","og_url":"https:\/\/lahehouse.com\/da\/yderligere-information\/","og_site_name":"L\u00e4he House","article_modified_time":"2023-02-09T12:54:08+00:00","og_image":[{"width":1920,"height":1080,"url":"https:\/\/lahehouse.com\/wp-content\/uploads\/2023\/01\/Drivhuse-1.jpeg","type":"image\/jpeg"}],"twitter_card":"summary_large_image","twitter_misc":{"Estimeret l\u00e6setid":"4 minutter"},"schema":{"@context":"https:\/\/schema.org","@graph":[{"@type":"WebPage","@id":"https:\/\/lahehouse.com\/da\/yderligere-information\/","url":"https:\/\/lahehouse.com\/da\/yderligere-information\/","name":"Yderligere Information - L\u00e4he House","isPartOf":{"@id":"https:\/\/lahehouse.com\/#website"},"primaryImageOfPage":{"@id":"https:\/\/lahehouse.com\/da\/yderligere-information\/#primaryimage"},"image":{"@id":"https:\/\/lahehouse.com\/da\/yderligere-information\/#primaryimage"},"thumbnailUrl":"https:\/\/lahehouse.com\/wp-content\/uploads\/2023\/01\/Drivhuse-1.jpeg","datePublished":"2023-01-13T12:41:44+00:00","dateModified":"2023-02-09T12:54:08+00:00","breadcrumb":{"@id":"https:\/\/lahehouse.com\/da\/yderligere-information\/#breadcrumb"},"inLanguage":"da-DK","potentialAction":[{"@type":"ReadAction","target":["https:\/\/lahehouse.com\/da\/yderligere-information\/"]}]},{"@type":"ImageObject","inLanguage":"da-DK","@id":"https:\/\/lahehouse.com\/da\/yderligere-information\/#primaryimage","url":"https:\/\/lahehouse.com\/wp-content\/uploads\/2023\/01\/Drivhuse-1.jpeg","contentUrl":"https:\/\/lahehouse.com\/wp-content\/uploads\/2023\/01\/Drivhuse-1.jpeg","width":1920,"height":1080},{"@type":"BreadcrumbList","@id":"https:\/\/lahehouse.com\/da\/yderligere-information\/#breadcrumb","itemListElement":[{"@type":"ListItem","position":1,"name":"Home","item":"https:\/\/lahehouse.com\/da\/"},{"@type":"ListItem","position":2,"name":"Yderligere Information"}]},{"@type":"WebSite","@id":"https:\/\/lahehouse.com\/#website","url":"https:\/\/lahehouse.com\/","name":"L\u00e4he House","description":"Wooden greenhouses","publisher":{"@id":"https:\/\/lahehouse.com\/#organization"},"potentialAction":[{"@type":"SearchAction","target":{"@type":"EntryPoint","urlTemplate":"https:\/\/lahehouse.com\/?s={search_term_string}"},"query-input":{"@type":"PropertyValueSpecification","valueRequired":true,"valueName":"search_term_string"}}],"inLanguage":"da-DK"},{"@type":"Organization","@id":"https:\/\/lahehouse.com\/#organization","name":"L\u00e4he House","url":"https:\/\/lahehouse.com\/","logo":{"@type":"ImageObject","inLanguage":"da-DK","@id":"https:\/\/lahehouse.com\/#\/schema\/logo\/image\/","url":"https:\/\/lahehouse.com\/wp-content\/uploads\/2022\/11\/Greenhouses-1.jpeg","contentUrl":"https:\/\/lahehouse.com\/wp-content\/uploads\/2022\/11\/Greenhouses-1.jpeg","width":1920,"height":1080,"caption":"L\u00e4he House"},"image":{"@id":"https:\/\/lahehouse.com\/#\/schema\/logo\/image\/"}}]}},"_links":{"self":[{"href":"https:\/\/lahehouse.com\/da\/wp-json\/wp\/v2\/pages\/13235","targetHints":{"allow":["GET"]}}],"collection":[{"href":"https:\/\/lahehouse.com\/da\/wp-json\/wp\/v2\/pages"}],"about":[{"href":"https:\/\/lahehouse.com\/da\/wp-json\/wp\/v2\/types\/page"}],"author":[{"embeddable":true,"href":"https:\/\/lahehouse.com\/da\/wp-json\/wp\/v2\/users\/1"}],"replies":[{"embeddable":true,"href":"https:\/\/lahehouse.com\/da\/wp-json\/wp\/v2\/comments?post=13235"}],"version-history":[{"count":22,"href":"https:\/\/lahehouse.com\/da\/wp-json\/wp\/v2\/pages\/13235\/revisions"}],"predecessor-version":[{"id":17323,"href":"https:\/\/lahehouse.com\/da\/wp-json\/wp\/v2\/pages\/13235\/revisions\/17323"}],"wp:featuredmedia":[{"embeddable":true,"href":"https:\/\/lahehouse.com\/da\/wp-json\/wp\/v2\/media\/13068"}],"wp:attachment":[{"href":"https:\/\/lahehouse.com\/da\/wp-json\/wp\/v2\/media?parent=13235"}],"curies":[{"name":"wp","href":"https:\/\/api.w.org\/{rel}","templated":true}]}}