{"id":3095,"date":"2019-07-22T11:28:59","date_gmt":"2019-07-22T11:28:59","guid":{"rendered":"https:\/\/lahehouse.com\/?page_id=3095"},"modified":"2023-01-13T14:16:47","modified_gmt":"2023-01-13T14:16:47","slug":"forside","status":"publish","type":"page","link":"https:\/\/lahehouse.com\/da\/","title":{"rendered":"Forside"},"content":{"rendered":"\n  <div class=\"banner has-hover is-full-height\" id=\"banner-2098379473\">\n          <div class=\"banner-inner fill\">\n        <div class=\"banner-bg fill\" >\n            <img loading=\"lazy\" decoding=\"async\" width=\"1920\" height=\"1080\" src=\"https:\/\/lahehouse.com\/wp-content\/uploads\/2023\/01\/Drivhuse-1.jpeg\" class=\"bg attachment-original size-original\" alt=\"\" \/>                        <div class=\"overlay\"><\/div>            \n                    <\/div>\n\t\t\n        <div class=\"banner-layers container\">\n            <div class=\"fill banner-link\"><\/div>            \n   <div id=\"text-box-1638900408\" class=\"text-box banner-layer x50 md-x50 lg-x50 y50 md-y50 lg-y50 res-text\">\n                     <div data-animate=\"none\">           <div class=\"text-box-content text dark\">\n              \n              <div class=\"text-inner text-center\">\n                  \n\t<div id=\"text-3606034347\" class=\"text\">\n\t\t\n<h1 class=\"uppercase\">Moderne drivhuse i tr\u00e6<\/h1>\n\t\t\n<style>\n#text-3606034347 {\n  font-size: 0.75rem;\n  text-align: center;\n}\n<\/style>\n\t<\/div>\n\t\n              <\/div>\n           <\/div>\n       <\/div>                     \n<style>\n#text-box-1638900408 {\n  width: 95%;\n}\n#text-box-1638900408 .text-box-content {\n  font-size: 100%;\n}\n@media (min-width:550px) {\n  #text-box-1638900408 {\n    width: 100%;\n  }\n}\n<\/style>\n    <\/div>\n \n        <\/div>\n      <\/div>\n\n            \n<style>\n#banner-2098379473 {\n  padding-top: 100%;\n}\n#banner-2098379473 .overlay {\n  background-color: rgba(0, 0, 0, 0.3);\n}\n#banner-2098379473 .banner-bg img {\n  object-position: 51% 63%;\n}\n@media (min-width:550px) {\n  #banner-2098379473 .overlay {\n    background-color: rgba(0, 0, 0, 0.4);\n  }\n}\n<\/style>\n  <\/div>\n\n\n\n  <div class=\"banner has-hover\" id=\"banner-1327797092\">\n          <div class=\"banner-inner fill\">\n        <div class=\"banner-bg fill\" >\n                                                \n                    <\/div>\n\t\t\n        <div class=\"banner-layers container\">\n            <div class=\"fill banner-link\"><\/div>            \n   <div id=\"text-box-1717876393\" class=\"text-box banner-layer x50 md-x50 lg-x50 y50 md-y50 lg-y50 res-text\">\n                                <div class=\"text-box-content text \">\n              \n              <div class=\"text-inner text-center\">\n                  \n\t<div id=\"text-187842515\" class=\"text\">\n\t\t\n<h4 class=\"uppercase\">L\u00c4HE DRIVHUSE AF H\u00d8J KVALITET<\/h4>\n\t\t\n<style>\n#text-187842515 {\n  font-size: 1.5rem;\n}\n<\/style>\n\t<\/div>\n\t\n<p>Vores engagement i tr\u00e6 har inspireret os til at skabe noget unikt og funktionelt. Vores h\u00e5ndv\u00e6rkere bruger al deres viden og erfaring til at skabe et sandt kunstv\u00e6rk. Vi har stillet h\u00f8je krav til hvert drivhus, og alle materialer er udvalgt med omhu og pr\u00e6cision. Alle drivhuse er blevet testet under barske nordlige vejrforhold og forbedret med moderne teknologiske l\u00f8sninger.<\/p>\n<p>Som den st\u00f8rste producent af varmebehandlet tr\u00e6 drivhuse i EU har vi forskellige drivhuse i vores udvalg, som alle er elegant designet og passer godt ind i det 21. \u00e5rhundrede. Alle vores drivhuse er designet og fremstillet i EU!<\/p>\n<a href=\"https:\/\/lahehouse.com\/da\/produkter\/\" class=\"button primary is-outline is-large reveal-icon\" style=\"border-radius:99px;\">\n\t\t<span>PRODUKTER<\/span>\n\t<i class=\"icon-play\" aria-hidden=\"true\"><\/i><\/a>\n\n              <\/div>\n           <\/div>\n                            \n<style>\n#text-box-1717876393 {\n  width: 80%;\n}\n#text-box-1717876393 .text-box-content {\n  font-size: 100%;\n}\n<\/style>\n    <\/div>\n \n        <\/div>\n      <\/div>\n\n            \n<style>\n#banner-1327797092 {\n  padding-top: 550px;\n  background-color: rgb(210, 210, 210);\n}\n<\/style>\n  <\/div>\n\n\n\n  <div class=\"banner has-hover\" id=\"banner-1032409535\">\n          <div class=\"banner-inner fill\">\n        <div class=\"banner-bg fill\" >\n            <img loading=\"lazy\" decoding=\"async\" width=\"1920\" height=\"2194\" src=\"https:\/\/lahehouse.com\/wp-content\/uploads\/2023\/01\/Drivhuse-2.png\" class=\"bg attachment-original size-original\" alt=\"\" \/>                                    \n                    <\/div>\n\t\t\n        <div class=\"banner-layers container\">\n            <div class=\"fill banner-link\"><\/div>            \n   <div id=\"text-box-1847533481\" class=\"text-box banner-layer hide-for-medium x50 md-x50 lg-x50 y35 md-y35 lg-y35 res-text\">\n                                <div class=\"text-box-content text \">\n              \n              <div class=\"text-inner text-center\">\n                  \n\t<div id=\"text-2617590049\" class=\"text\">\n\t\t\n<p>UNIKT OG PATENTERET DESIGN<br \/>\n\t\t\n<style>\n#text-2617590049 {\n  font-size: 2rem;\n}\n<\/style>\n\t<\/div>\n\t\n              <\/div>\n           <\/div>\n                            \n<style>\n#text-box-1847533481 {\n  width: 50%;\n}\n#text-box-1847533481 .text-box-content {\n  font-size: 100%;\n  transform: rotate(-90deg);\n}\n<\/style>\n    <\/div>\n \n        <\/div>\n      <\/div>\n\n              <div class=\"height-fix is-invisible\"><img loading=\"lazy\" decoding=\"async\" width=\"1920\" height=\"2194\" src=\"https:\/\/lahehouse.com\/wp-content\/uploads\/2023\/01\/Drivhuse-2.png\" class=\"attachment-original size-original\" alt=\"\" srcset=\"https:\/\/lahehouse.com\/wp-content\/uploads\/2023\/01\/Drivhuse-2.png 1920w, https:\/\/lahehouse.com\/wp-content\/uploads\/2023\/01\/Drivhuse-2-350x400.png 350w, https:\/\/lahehouse.com\/wp-content\/uploads\/2023\/01\/Drivhuse-2-700x800.png 700w, https:\/\/lahehouse.com\/wp-content\/uploads\/2023\/01\/Drivhuse-2-768x878.png 768w, https:\/\/lahehouse.com\/wp-content\/uploads\/2023\/01\/Drivhuse-2-1344x1536.png 1344w, https:\/\/lahehouse.com\/wp-content\/uploads\/2023\/01\/Drivhuse-2-1792x2048.png 1792w, https:\/\/lahehouse.com\/wp-content\/uploads\/2023\/01\/Drivhuse-2-600x686.png 600w\" sizes=\"auto, (max-width: 1920px) 100vw, 1920px\" \/><\/div>\n            \n<style>\n#banner-1032409535 .overlay {\n  background-color: rgba(0, 0, 0, 0.3);\n}\n#banner-1032409535 {\n  background-color: rgb(210, 210, 210);\n}\n#banner-1032409535 .banner-bg img {\n  object-position: 50% 0%;\n}\n<\/style>\n  <\/div>\n\n\n\n  <div class=\"banner has-hover\" id=\"banner-977141384\">\n          <div class=\"banner-inner fill\">\n        <div class=\"banner-bg fill\" >\n                                                \n                    <\/div>\n\t\t\n        <div class=\"banner-layers container\">\n            <div class=\"fill banner-link\"><\/div>            \n   <div id=\"text-box-220329682\" class=\"text-box banner-layer x50 md-x50 lg-x50 y50 md-y50 lg-y50 res-text\">\n                                <div class=\"text-box-content text \">\n              \n              <div class=\"text-inner text-center\">\n                  \n\t<div id=\"text-1336470503\" class=\"text\">\n\t\t\n<h5 class=\"uppercase\">KUN DE BEDSTE MATERIALER<\/h5>\n\t\t\n<style>\n#text-1336470503 {\n  font-size: 2rem;\n}\n<\/style>\n\t<\/div>\n\t\n<p>Til alle vores drivhuse i tr\u00e6 bruger vi kun de bedste materialer, som er pr\u00e6cist udviklet ned til de fineste detaljer. Moderne materialer kombineres for at skabe et drivhus som ingen andre. Vores drivhuse er lavet af naturligt varmebehandlet tr\u00e6 (thermowood). Tr\u00e6 har en tidl\u00f8s elegance og stil, og dens naturlige renhed giver en varm og beroligende f\u00f8lelse.<\/p>\n<p>Vi tror p\u00e5, at brug af kun de bedste materialer garanterer et up\u00e5klageligt resultat, der holder i \u00e5rtier. N\u00e5r det kommer til L\u00e4he drivhuse, kan du v\u00e6re sikker p\u00e5, at alt det brugte tr\u00e6 er af h\u00f8j kvalitet, etisk fremskaffet og FSC-certificeret.<\/p>\n<a href=\"https:\/\/lahehouse.com\/da\/yderligere-information\/\" class=\"button primary is-outline is-large reveal-icon\" style=\"border-radius:99px;\">\n\t\t<span>L\u00e6s mere<\/span>\n\t<i class=\"icon-play\" aria-hidden=\"true\"><\/i><\/a>\n\n              <\/div>\n           <\/div>\n                            \n<style>\n#text-box-220329682 {\n  width: 80%;\n}\n#text-box-220329682 .text-box-content {\n  font-size: 100%;\n}\n<\/style>\n    <\/div>\n \n        <\/div>\n      <\/div>\n\n            \n<style>\n#banner-977141384 {\n  padding-top: 550px;\n  background-color: rgb(210, 210, 210);\n}\n<\/style>\n  <\/div>\n\n\n\n  <div class=\"banner has-hover has-video is-full-height\" id=\"banner-775723495\">\n          <div class=\"banner-inner fill\">\n        <div class=\"banner-bg fill\" >\n                        \t<div class=\"video-overlay no-click fill visible\"><\/div>\n\t<video class=\"video-bg fill visible\" preload playsinline autoplay muted loop>\n\t\t<source src=\"https:\/\/lahehouse.com\/wp-content\/uploads\/2023\/01\/Drivhuse-video.mov\" type=\"video\/mp4\">\t<\/video>\n            <div class=\"overlay\"><\/div>            \n                    <\/div>\n\t\t\n        <div class=\"banner-layers container\">\n            <div class=\"fill banner-link\"><\/div>            \n        <\/div>\n      <\/div>\n\n            \n<style>\n#banner-775723495 {\n  padding-top: 100%;\n}\n#banner-775723495 .overlay {\n  background-color: rgba(0, 0, 0, 0.3);\n}\n@media (min-width:550px) {\n  #banner-775723495 .overlay {\n    background-color: rgba(0, 0, 0, 0.3);\n  }\n}\n<\/style>\n  <\/div>\n\n\n\n  <div class=\"banner has-hover\" id=\"banner-322605420\">\n          <div class=\"banner-inner fill\">\n        <div class=\"banner-bg fill\" >\n                                                \n                    <\/div>\n\t\t\n        <div class=\"banner-layers container\">\n            <div class=\"fill banner-link\"><\/div>            \n   <div id=\"text-box-1049730475\" class=\"text-box banner-layer x50 md-x50 lg-x50 y50 md-y50 lg-y50 res-text\">\n                                <div class=\"text-box-content text \">\n              \n              <div class=\"text-inner text-center\">\n                  \n\t<div id=\"text-833499816\" class=\"text\">\n\t\t\n<h5 class=\"uppercase\">F\u00d8L OG NYD<\/h5>\n\t\t\n<style>\n#text-833499816 {\n  font-size: 2rem;\n}\n<\/style>\n\t<\/div>\n\t\n<p>St\u00e6rke, men tynde drivhuselementer sikrer maksimal plads og lys, samtidig med at de skaber en elegant moderne \u00e6stetik. Naturlig olie eller maling af h\u00f8j kvalitet bruges til efterbehandling. Slutresultatet er fuldt ud holdbart og vejrbestandigt. L\u00e4he drivhus giver din have et luksuri\u00f8st udseende.<\/p>\n<p>Et h\u00e5ndlavet drivhus i tr\u00e6 er din investering. Fordi den holder i \u00e5rtier, gemmer den minder og akkumulerer v\u00e6rdi i dit hjem. Et i\u00f8jnefaldende kunstv\u00e6rk, der giver dig mulighed for at skille dig ud.<\/p>\n<a href=\"https:\/\/lahehouse.com\/da\/galleri\/\" class=\"button primary is-outline is-large reveal-icon\" style=\"border-radius:99px;\">\n\t\t<span>SE GALLERI<\/span>\n\t<i class=\"icon-play\" aria-hidden=\"true\"><\/i><\/a>\n\n              <\/div>\n           <\/div>\n                            \n<style>\n#text-box-1049730475 {\n  width: 80%;\n}\n#text-box-1049730475 .text-box-content {\n  font-size: 100%;\n}\n<\/style>\n    <\/div>\n \n        <\/div>\n      <\/div>\n\n            \n<style>\n#banner-322605420 {\n  padding-top: 550px;\n  background-color: rgb(210, 210, 210);\n}\n<\/style>\n  <\/div>\n\n\n\n  <div class=\"banner has-hover\" id=\"banner-427031008\">\n          <div class=\"banner-inner fill\">\n        <div class=\"banner-bg fill\" >\n            <img loading=\"lazy\" decoding=\"async\" width=\"1920\" height=\"1940\" src=\"https:\/\/lahehouse.com\/wp-content\/uploads\/2023\/01\/Drivhuse-3.png\" class=\"bg attachment-original size-original\" alt=\"\" \/>                                    \n                    <\/div>\n\t\t\n        <div class=\"banner-layers container\">\n            <div class=\"fill banner-link\"><\/div>            \n   <div id=\"text-box-902464034\" class=\"text-box banner-layer hide-for-medium x0 md-x0 lg-x0 y45 md-y45 lg-y45 res-text\">\n                                <div class=\"text-box-content text \">\n              \n              <div class=\"text-inner text-center\">\n                  \n\t<div id=\"text-1261346882\" class=\"text\">\n\t\t\n<p>LAVET AF VARMEBEHANDLET TR\u00c6<br \/>\n\t\t\n<style>\n#text-1261346882 {\n  font-size: 2rem;\n}\n<\/style>\n\t<\/div>\n\t\n              <\/div>\n           <\/div>\n                            \n<style>\n#text-box-902464034 {\n  width: 50%;\n}\n#text-box-902464034 .text-box-content {\n  font-size: 100%;\n}\n<\/style>\n    <\/div>\n \n        <\/div>\n      <\/div>\n\n              <div class=\"height-fix is-invisible\"><img loading=\"lazy\" decoding=\"async\" width=\"1920\" height=\"1940\" src=\"https:\/\/lahehouse.com\/wp-content\/uploads\/2023\/01\/Drivhuse-3.png\" class=\"attachment-original size-original\" alt=\"\" srcset=\"https:\/\/lahehouse.com\/wp-content\/uploads\/2023\/01\/Drivhuse-3.png 1920w, https:\/\/lahehouse.com\/wp-content\/uploads\/2023\/01\/Drivhuse-3-396x400.png 396w, https:\/\/lahehouse.com\/wp-content\/uploads\/2023\/01\/Drivhuse-3-792x800.png 792w, https:\/\/lahehouse.com\/wp-content\/uploads\/2023\/01\/Drivhuse-3-768x776.png 768w, https:\/\/lahehouse.com\/wp-content\/uploads\/2023\/01\/Drivhuse-3-1520x1536.png 1520w, https:\/\/lahehouse.com\/wp-content\/uploads\/2023\/01\/Drivhuse-3-600x606.png 600w, https:\/\/lahehouse.com\/wp-content\/uploads\/2023\/01\/Drivhuse-3-100x100.png 100w\" sizes=\"auto, (max-width: 1920px) 100vw, 1920px\" \/><\/div>\n            \n<style>\n#banner-427031008 .overlay {\n  background-color: rgba(0, 0, 0, 0.3);\n}\n#banner-427031008 {\n  background-color: rgb(210, 210, 210);\n}\n#banner-427031008 .banner-bg img {\n  object-position: 50% 0%;\n}\n<\/style>\n  <\/div>\n\n\n\n  <div class=\"banner has-hover\" id=\"banner-1659386232\">\n          <div class=\"banner-inner fill\">\n        <div class=\"banner-bg fill\" >\n                                                \n                    <\/div>\n\t\t\n        <div class=\"banner-layers container\">\n            <div class=\"fill banner-link\"><\/div>            \n   <div id=\"text-box-2107754830\" class=\"text-box banner-layer x50 md-x50 lg-x50 y50 md-y50 lg-y50 res-text\">\n                                <div class=\"text-box-content text \">\n              \n              <div class=\"text-inner text-center\">\n                  \n\t<div id=\"text-3822613922\" class=\"text\">\n\t\t\n<h5 class=\"uppercase\">PAVILION, CAFE ELLER VINTERHAVE<\/h5>\n\t\t\n<style>\n#text-3822613922 {\n  font-size: 2rem;\n}\n<\/style>\n\t<\/div>\n\t\n<p>Vores drivhuse i tr\u00e6 er ikke kun skabt til elskere af frisk mad. L\u00e4he tr\u00e6drivhuse har deres plads i bymilj\u00f8et mellem tung trafik og t\u00e5rnh\u00f8je bygninger. Vores stilfulde varmebehandlet tr\u00e6 drivhuse har ogs\u00e5 deres plads i en restaurant, en salgspavillon, en cafe, et rekreativt omr\u00e5de eller blot som et muntert gr\u00f8nt omr\u00e5de i vores hverdags travle byliv.<\/p>\n<a href=\"https:\/\/lahehouse.com\/da\/produkter\/\" class=\"button primary is-outline is-large reveal-icon\" style=\"border-radius:99px;\">\n\t\t<span>PRODUKTER<\/span>\n\t<i class=\"icon-play\" aria-hidden=\"true\"><\/i><\/a>\n\n              <\/div>\n           <\/div>\n                            \n<style>\n#text-box-2107754830 {\n  width: 80%;\n}\n#text-box-2107754830 .text-box-content {\n  font-size: 100%;\n}\n<\/style>\n    <\/div>\n \n        <\/div>\n      <\/div>\n\n            \n<style>\n#banner-1659386232 {\n  padding-top: 550px;\n  background-color: rgb(210, 210, 210);\n}\n<\/style>\n  <\/div>\n\n\n\n  <div class=\"banner has-hover is-full-height\" id=\"banner-42576501\">\n          <div class=\"banner-inner fill\">\n        <div class=\"banner-bg fill\" >\n            <img loading=\"lazy\" decoding=\"async\" width=\"1920\" height=\"1080\" src=\"https:\/\/lahehouse.com\/wp-content\/uploads\/2023\/01\/Drivhuse-4.jpeg\" class=\"bg attachment-original size-original\" alt=\"\" \/>                        <div class=\"overlay\"><\/div>            \n                    <\/div>\n\t\t\n        <div class=\"banner-layers container\">\n            <div class=\"fill banner-link\"><\/div>            \n   <div id=\"text-box-752315674\" class=\"text-box banner-layer x50 md-x50 lg-x50 y50 md-y50 lg-y50 res-text\">\n                                <div class=\"text-box-content text dark\">\n              \n              <div class=\"text-inner text-center\">\n                  \n\t<div id=\"text-3322173502\" class=\"text\">\n\t\t\n<h1>EN B\u00c6REDYGTIG FREMTID ER VIGTIG FOR OS<\/h1>\n\t\t\n<style>\n#text-3322173502 {\n  font-size: 0.75rem;\n}\n<\/style>\n\t<\/div>\n\t\n\t<div id=\"gap-473897945\" class=\"gap-element clearfix\" style=\"display:block; height:auto;\">\n\t\t\n<style>\n#gap-473897945 {\n  padding-top: 30px;\n}\n<\/style>\n\t<\/div>\n\t\n<a href=\"https:\/\/lahehouse.com\/da\/baeredygtighed\/\" class=\"button white is-outline is-large reveal-icon\" style=\"border-radius:99px;\">\n\t\t<span>L\u00e6s mere<\/span>\n\t<i class=\"icon-play\" aria-hidden=\"true\"><\/i><\/a>\n\n              <\/div>\n           <\/div>\n                            \n<style>\n#text-box-752315674 {\n  width: 60%;\n}\n#text-box-752315674 .text-box-content {\n  font-size: 100%;\n}\n<\/style>\n    <\/div>\n \n        <\/div>\n      <\/div>\n\n            \n<style>\n#banner-42576501 {\n  padding-top: 100%;\n}\n#banner-42576501 .overlay {\n  background-color: rgba(0, 0, 0, 0.3);\n}\n#banner-42576501 .banner-bg img {\n  object-position: 3% 51%;\n}\n@media (min-width:550px) {\n  #banner-42576501 .overlay {\n    background-color: rgba(0, 0, 0, 0.3);\n  }\n}\n<\/style>\n  <\/div>\n\n\n","protected":false},"excerpt":{"rendered":"","protected":false},"author":1,"featured_media":13068,"parent":0,"menu_order":3,"comment_status":"closed","ping_status":"closed","template":"page-transparent-header-light.php","meta":{"footnotes":""},"class_list":["post-3095","page","type-page","status-publish","has-post-thumbnail","hentry"],"yoast_head":"<!-- This site is optimized with the Yoast SEO plugin v27.4 - https:\/\/yoast.com\/product\/yoast-seo-wordpress\/ -->\n<title>Drivhuse i tr\u00e6 - L\u00e4he House<\/title>\n<meta name=\"robots\" content=\"index, follow, max-snippet:-1, max-image-preview:large, max-video-preview:-1\" \/>\n<link rel=\"canonical\" href=\"https:\/\/lahehouse.com\/da\/\" \/>\n<meta property=\"og:locale\" content=\"da_DK\" \/>\n<meta property=\"og:type\" content=\"article\" \/>\n<meta property=\"og:title\" content=\"Drivhuse i tr\u00e6 - L\u00e4he House\" \/>\n<meta property=\"og:url\" content=\"https:\/\/lahehouse.com\/da\/\" \/>\n<meta property=\"og:site_name\" content=\"L\u00e4he House\" \/>\n<meta property=\"article:modified_time\" content=\"2023-01-13T14:16:47+00:00\" \/>\n<meta property=\"og:image\" content=\"https:\/\/lahehouse.com\/wp-content\/uploads\/2023\/01\/Drivhuse-1.jpeg\" \/>\n\t<meta property=\"og:image:width\" content=\"1920\" \/>\n\t<meta property=\"og:image:height\" content=\"1080\" \/>\n\t<meta property=\"og:image:type\" content=\"image\/jpeg\" \/>\n<meta name=\"twitter:card\" content=\"summary_large_image\" \/>\n<meta name=\"twitter:label1\" content=\"Estimeret l\u00e6setid\" \/>\n\t<meta name=\"twitter:data1\" content=\"3 minutter\" \/>\n<script type=\"application\/ld+json\" class=\"yoast-schema-graph\">{\"@context\":\"https:\\\/\\\/schema.org\",\"@graph\":[{\"@type\":\"WebPage\",\"@id\":\"https:\\\/\\\/lahehouse.com\\\/da\\\/\",\"url\":\"https:\\\/\\\/lahehouse.com\\\/da\\\/\",\"name\":\"Drivhuse i tr\u00e6 - L\u00e4he House\",\"isPartOf\":{\"@id\":\"https:\\\/\\\/lahehouse.com\\\/#website\"},\"primaryImageOfPage\":{\"@id\":\"https:\\\/\\\/lahehouse.com\\\/da\\\/#primaryimage\"},\"image\":{\"@id\":\"https:\\\/\\\/lahehouse.com\\\/da\\\/#primaryimage\"},\"thumbnailUrl\":\"https:\\\/\\\/lahehouse.com\\\/wp-content\\\/uploads\\\/2023\\\/01\\\/Drivhuse-1.jpeg\",\"datePublished\":\"2019-07-22T11:28:59+00:00\",\"dateModified\":\"2023-01-13T14:16:47+00:00\",\"breadcrumb\":{\"@id\":\"https:\\\/\\\/lahehouse.com\\\/da\\\/#breadcrumb\"},\"inLanguage\":\"da-DK\",\"potentialAction\":[{\"@type\":\"ReadAction\",\"target\":[\"https:\\\/\\\/lahehouse.com\\\/da\\\/\"]}]},{\"@type\":\"ImageObject\",\"inLanguage\":\"da-DK\",\"@id\":\"https:\\\/\\\/lahehouse.com\\\/da\\\/#primaryimage\",\"url\":\"https:\\\/\\\/lahehouse.com\\\/wp-content\\\/uploads\\\/2023\\\/01\\\/Drivhuse-1.jpeg\",\"contentUrl\":\"https:\\\/\\\/lahehouse.com\\\/wp-content\\\/uploads\\\/2023\\\/01\\\/Drivhuse-1.jpeg\",\"width\":1920,\"height\":1080},{\"@type\":\"BreadcrumbList\",\"@id\":\"https:\\\/\\\/lahehouse.com\\\/da\\\/#breadcrumb\",\"itemListElement\":[{\"@type\":\"ListItem\",\"position\":1,\"name\":\"Home\",\"item\":\"https:\\\/\\\/lahehouse.com\\\/da\\\/\"},{\"@type\":\"ListItem\",\"position\":2,\"name\":\"Forside\"}]},{\"@type\":\"WebSite\",\"@id\":\"https:\\\/\\\/lahehouse.com\\\/#website\",\"url\":\"https:\\\/\\\/lahehouse.com\\\/\",\"name\":\"L\u00e4he House\",\"description\":\"Wooden greenhouses\",\"publisher\":{\"@id\":\"https:\\\/\\\/lahehouse.com\\\/#organization\"},\"potentialAction\":[{\"@type\":\"SearchAction\",\"target\":{\"@type\":\"EntryPoint\",\"urlTemplate\":\"https:\\\/\\\/lahehouse.com\\\/?s={search_term_string}\"},\"query-input\":{\"@type\":\"PropertyValueSpecification\",\"valueRequired\":true,\"valueName\":\"search_term_string\"}}],\"inLanguage\":\"da-DK\"},{\"@type\":\"Organization\",\"@id\":\"https:\\\/\\\/lahehouse.com\\\/#organization\",\"name\":\"L\u00e4he House\",\"url\":\"https:\\\/\\\/lahehouse.com\\\/\",\"logo\":{\"@type\":\"ImageObject\",\"inLanguage\":\"da-DK\",\"@id\":\"https:\\\/\\\/lahehouse.com\\\/#\\\/schema\\\/logo\\\/image\\\/\",\"url\":\"https:\\\/\\\/lahehouse.com\\\/wp-content\\\/uploads\\\/2022\\\/11\\\/Greenhouses-1.jpeg\",\"contentUrl\":\"https:\\\/\\\/lahehouse.com\\\/wp-content\\\/uploads\\\/2022\\\/11\\\/Greenhouses-1.jpeg\",\"width\":1920,\"height\":1080,\"caption\":\"L\u00e4he House\"},\"image\":{\"@id\":\"https:\\\/\\\/lahehouse.com\\\/#\\\/schema\\\/logo\\\/image\\\/\"}}]}<\/script>\n<!-- \/ Yoast SEO plugin. -->","yoast_head_json":{"title":"Drivhuse i tr\u00e6 - L\u00e4he House","robots":{"index":"index","follow":"follow","max-snippet":"max-snippet:-1","max-image-preview":"max-image-preview:large","max-video-preview":"max-video-preview:-1"},"canonical":"https:\/\/lahehouse.com\/da\/","og_locale":"da_DK","og_type":"article","og_title":"Drivhuse i tr\u00e6 - L\u00e4he House","og_url":"https:\/\/lahehouse.com\/da\/","og_site_name":"L\u00e4he House","article_modified_time":"2023-01-13T14:16:47+00:00","og_image":[{"width":1920,"height":1080,"url":"https:\/\/lahehouse.com\/wp-content\/uploads\/2023\/01\/Drivhuse-1.jpeg","type":"image\/jpeg"}],"twitter_card":"summary_large_image","twitter_misc":{"Estimeret l\u00e6setid":"3 minutter"},"schema":{"@context":"https:\/\/schema.org","@graph":[{"@type":"WebPage","@id":"https:\/\/lahehouse.com\/da\/","url":"https:\/\/lahehouse.com\/da\/","name":"Drivhuse i tr\u00e6 - L\u00e4he House","isPartOf":{"@id":"https:\/\/lahehouse.com\/#website"},"primaryImageOfPage":{"@id":"https:\/\/lahehouse.com\/da\/#primaryimage"},"image":{"@id":"https:\/\/lahehouse.com\/da\/#primaryimage"},"thumbnailUrl":"https:\/\/lahehouse.com\/wp-content\/uploads\/2023\/01\/Drivhuse-1.jpeg","datePublished":"2019-07-22T11:28:59+00:00","dateModified":"2023-01-13T14:16:47+00:00","breadcrumb":{"@id":"https:\/\/lahehouse.com\/da\/#breadcrumb"},"inLanguage":"da-DK","potentialAction":[{"@type":"ReadAction","target":["https:\/\/lahehouse.com\/da\/"]}]},{"@type":"ImageObject","inLanguage":"da-DK","@id":"https:\/\/lahehouse.com\/da\/#primaryimage","url":"https:\/\/lahehouse.com\/wp-content\/uploads\/2023\/01\/Drivhuse-1.jpeg","contentUrl":"https:\/\/lahehouse.com\/wp-content\/uploads\/2023\/01\/Drivhuse-1.jpeg","width":1920,"height":1080},{"@type":"BreadcrumbList","@id":"https:\/\/lahehouse.com\/da\/#breadcrumb","itemListElement":[{"@type":"ListItem","position":1,"name":"Home","item":"https:\/\/lahehouse.com\/da\/"},{"@type":"ListItem","position":2,"name":"Forside"}]},{"@type":"WebSite","@id":"https:\/\/lahehouse.com\/#website","url":"https:\/\/lahehouse.com\/","name":"L\u00e4he House","description":"Wooden greenhouses","publisher":{"@id":"https:\/\/lahehouse.com\/#organization"},"potentialAction":[{"@type":"SearchAction","target":{"@type":"EntryPoint","urlTemplate":"https:\/\/lahehouse.com\/?s={search_term_string}"},"query-input":{"@type":"PropertyValueSpecification","valueRequired":true,"valueName":"search_term_string"}}],"inLanguage":"da-DK"},{"@type":"Organization","@id":"https:\/\/lahehouse.com\/#organization","name":"L\u00e4he House","url":"https:\/\/lahehouse.com\/","logo":{"@type":"ImageObject","inLanguage":"da-DK","@id":"https:\/\/lahehouse.com\/#\/schema\/logo\/image\/","url":"https:\/\/lahehouse.com\/wp-content\/uploads\/2022\/11\/Greenhouses-1.jpeg","contentUrl":"https:\/\/lahehouse.com\/wp-content\/uploads\/2022\/11\/Greenhouses-1.jpeg","width":1920,"height":1080,"caption":"L\u00e4he House"},"image":{"@id":"https:\/\/lahehouse.com\/#\/schema\/logo\/image\/"}}]}},"_links":{"self":[{"href":"https:\/\/lahehouse.com\/da\/wp-json\/wp\/v2\/pages\/3095","targetHints":{"allow":["GET"]}}],"collection":[{"href":"https:\/\/lahehouse.com\/da\/wp-json\/wp\/v2\/pages"}],"about":[{"href":"https:\/\/lahehouse.com\/da\/wp-json\/wp\/v2\/types\/page"}],"author":[{"embeddable":true,"href":"https:\/\/lahehouse.com\/da\/wp-json\/wp\/v2\/users\/1"}],"replies":[{"embeddable":true,"href":"https:\/\/lahehouse.com\/da\/wp-json\/wp\/v2\/comments?post=3095"}],"version-history":[{"count":57,"href":"https:\/\/lahehouse.com\/da\/wp-json\/wp\/v2\/pages\/3095\/revisions"}],"predecessor-version":[{"id":13296,"href":"https:\/\/lahehouse.com\/da\/wp-json\/wp\/v2\/pages\/3095\/revisions\/13296"}],"wp:featuredmedia":[{"embeddable":true,"href":"https:\/\/lahehouse.com\/da\/wp-json\/wp\/v2\/media\/13068"}],"wp:attachment":[{"href":"https:\/\/lahehouse.com\/da\/wp-json\/wp\/v2\/media?parent=3095"}],"curies":[{"name":"wp","href":"https:\/\/api.w.org\/{rel}","templated":true}]}}