{"id":14535,"date":"2023-01-24T14:19:28","date_gmt":"2023-01-24T14:19:28","guid":{"rendered":"https:\/\/lahehouse.com\/?page_id=14535"},"modified":"2023-01-25T12:41:01","modified_gmt":"2023-01-25T12:41:01","slug":"nachhaltigkeit","status":"publish","type":"page","link":"https:\/\/lahehouse.com\/de\/nachhaltigkeit\/","title":{"rendered":"Nachhaltigkeit"},"content":{"rendered":"\n  <div class=\"banner has-hover\" id=\"banner-2041878882\">\n          <div class=\"banner-inner fill\">\n        <div class=\"banner-bg fill\" >\n            <img loading=\"lazy\" decoding=\"async\" width=\"1920\" height=\"1080\" src=\"https:\/\/lahehouse.com\/wp-content\/uploads\/2023\/01\/Gewachshauser-1.jpeg\" class=\"bg attachment-original size-original\" alt=\"\" \/>                        <div class=\"overlay\"><\/div>            \n                    <\/div>\n\t\t\n        <div class=\"banner-layers container\">\n            <div class=\"fill banner-link\"><\/div>            \n   <div id=\"text-box-763274818\" class=\"text-box banner-layer x50 md-x50 lg-x50 y50 md-y50 lg-y50 res-text\">\n                     <div data-animate=\"none\">           <div class=\"text-box-content text dark\">\n              \n              <div class=\"text-inner text-center\">\n                  \n\t<div id=\"text-2325985109\" class=\"text\">\n\t\t\n<h1 class=\"uppercase\">NACHHALTIGE ZUKUNFT<\/h1>\n\t\t\n<style>\n#text-2325985109 {\n  font-size: 0.75rem;\n}\n<\/style>\n\t<\/div>\n\t\n              <\/div>\n           <\/div>\n       <\/div>                     \n<style>\n#text-box-763274818 {\n  width: 90%;\n}\n#text-box-763274818 .text-box-content {\n  font-size: 100%;\n}\n@media (min-width:550px) {\n  #text-box-763274818 {\n    width: 100%;\n  }\n}\n<\/style>\n    <\/div>\n \n        <\/div>\n      <\/div>\n\n            \n<style>\n#banner-2041878882 {\n  padding-top: 400px;\n}\n#banner-2041878882 .overlay {\n  background-color: rgba(0, 0, 0, 0.3);\n}\n#banner-2041878882 .banner-bg img {\n  object-position: 50% 0%;\n}\n@media (min-width:550px) {\n  #banner-2041878882 .overlay {\n    background-color: rgba(0, 0, 0, 0.4);\n  }\n}\n<\/style>\n  <\/div>\n\n\n\n\t<section class=\"section\" id=\"section_2004923425\">\n\t\t<div class=\"section-bg fill\" >\n\t\t\t\t\t\t\t\t\t\n\t\t\t\n\n\t\t<\/div>\n\n\t\t\n\n\t\t<div class=\"section-content relative\">\n\t\t\t\n<div class=\"row row-small row-full-width align-equal align-center\"  id=\"row-2048989026\">\n\n\t<div id=\"col-1882775199\" class=\"col medium-8 small-12 large-8 small-col-first\"  >\n\t\t\t\t<div class=\"col-inner text-center\"  >\n\t\t\t\n\t\t\t\n\t<div id=\"text-3685125585\" class=\"text\">\n\t\t\n<h2>Geringer CO2-Fu\u00dfabdruck<\/h2>\n\t\t\n<style>\n#text-3685125585 {\n  font-size: 2rem;\n}\n<\/style>\n\t<\/div>\n\t\n\t<div id=\"text-3389784460\" class=\"text\">\n\t\t\n<p>Eine gr\u00fcne und saubere Zukunft ist uns sehr wichtig. Mit der wachsenden Weltbev\u00f6lkerung w\u00e4chst auch der Bedarf an Ressourcen. Was wir essen und welche Produkte wir verwenden, sind Faktoren, die bestimmen, wie viel wir als Menschen konsumieren. Um die verbleibenden Ressourcen zu schonen, ist es wichtig, dass wir den Verbrauch reduzieren.<\/p>\n<p>Durch die Kombination von erneuerbaren Materialien (Holz und Glas), Handwerkskunst und modernen Technologien hoffen wir, einen m\u00f6glichst geringen CO2-Fu\u00dfabdruck zu erreichen. Die nat\u00fcrlichen Materialien und der lange Lebenszyklus unserer Holzgew\u00e4chsh\u00e4user tragen zu diesem Ziel bei.<\/p>\n\t\t\n<style>\n#text-3389784460 {\n  font-size: 1rem;\n}\n<\/style>\n\t<\/div>\n\t\n\t\t<\/div>\n\t\t\t\t\t<\/div>\n\n\t\n<\/div>\n\t\t<\/div>\n\n\t\t\n<style>\n#section_2004923425 {\n  padding-top: 100px;\n  padding-bottom: 100px;\n  min-height: 600px;\n  background-color: rgb(210, 210, 210);\n}\n<\/style>\n\t<\/section>\n\t\n\n  <div class=\"banner has-hover\" id=\"banner-448823511\">\n          <div class=\"banner-inner fill\">\n        <div class=\"banner-bg fill\" >\n            <img loading=\"lazy\" decoding=\"async\" width=\"1920\" height=\"1080\" src=\"https:\/\/lahehouse.com\/wp-content\/uploads\/2023\/01\/Nachhaltigkeit-1.jpeg\" class=\"bg attachment-original size-original\" alt=\"\" \/>                        <div class=\"overlay\"><\/div>            \n                    <\/div>\n\t\t\n        <div class=\"banner-layers container\">\n            <div class=\"fill banner-link\"><\/div>            \n   <div id=\"text-box-2009927002\" class=\"text-box banner-layer x50 md-x50 lg-x50 y50 md-y50 lg-y50 res-text\">\n                                <div class=\"text-box-content text dark\">\n              \n              <div class=\"text-inner text-center\">\n                  \n\t<div id=\"text-2295397711\" class=\"text\">\n\t\t\n<h2>Ein l\u00e4ngerer Produktlebenszyklus hilft, unseren Planeten zu sch\u00fctzen!<\/h2>\n\t\t\n<style>\n#text-2295397711 {\n  font-size: 0.85rem;\n}\n@media (min-width:550px) {\n  #text-2295397711 {\n    font-size: 1.5rem;\n  }\n}\n<\/style>\n\t<\/div>\n\t\n              <\/div>\n           <\/div>\n                            \n<style>\n#text-box-2009927002 {\n  width: 90%;\n}\n#text-box-2009927002 .text-box-content {\n  font-size: 100%;\n}\n@media (min-width:550px) {\n  #text-box-2009927002 {\n    width: 60%;\n  }\n}\n<\/style>\n    <\/div>\n \n        <\/div>\n      <\/div>\n\n            \n<style>\n#banner-448823511 {\n  padding-top: 600px;\n}\n#banner-448823511 .overlay {\n  background-color: rgba(0, 0, 0, 0.4);\n}\n#banner-448823511 .banner-bg img {\n  object-position: 0% 0%;\n}\n@media (min-width:550px) {\n  #banner-448823511 .overlay {\n    background-color: rgba(0, 0, 0, 0.4);\n  }\n}\n<\/style>\n  <\/div>\n\n\n\n\t<section class=\"section\" id=\"section_229550724\">\n\t\t<div class=\"section-bg fill\" >\n\t\t\t\t\t\t\t\t\t\n\t\t\t\n\n\t\t<\/div>\n\n\t\t\n\n\t\t<div class=\"section-content relative\">\n\t\t\t\n<div class=\"row\"  id=\"row-1344967548\">\n\n\t<div id=\"col-1057203733\" class=\"col small-12 large-12\"  >\n\t\t\t\t<div class=\"col-inner text-center\"  >\n\t\t\t\n\t\t\t\n\t<div id=\"text-2155328385\" class=\"text\">\n\t\t\n<h2>Wie machen wir es?<\/h2>\n\t\t\n<style>\n#text-2155328385 {\n  font-size: 2rem;\n}\n<\/style>\n\t<\/div>\n\t\n\t\t<\/div>\n\t\t\t\t\t<\/div>\n\n\t\n<\/div>\n<div class=\"row row-small row-full-width align-equal\"  id=\"row-694952046\">\n\n\t<div id=\"col-2004445077\" class=\"col medium-4 small-12 large-4\"  >\n\t\t\t\t<div class=\"col-inner text-center\"  >\n\t\t\t\n\t\t\t\n\t<div id=\"text-3876984697\" class=\"text\">\n\t\t\n<h4><strong>NAT\u00dcRLICHE MATERIALIEN<\/strong><\/h4>\n<p>Bei der Herstellung der Gew\u00e4chsh\u00e4user haben wir zu 99 % nat\u00fcrliche und erneuerbare Materialien verwendet.<\/p>\n\t\t\n<style>\n#text-3876984697 {\n  font-size: 1rem;\n}\n<\/style>\n\t<\/div>\n\t\n\t\t<\/div>\n\t\t\t\t\n<style>\n#col-2004445077 > .col-inner {\n  padding: 45px 30px 30px 30px;\n}\n@media (min-width:550px) {\n  #col-2004445077 > .col-inner {\n    padding: 45px 30px 0px 30px;\n  }\n}\n<\/style>\n\t<\/div>\n\n\t\n\n\t<div id=\"col-1436845632\" class=\"col medium-4 small-12 large-4\"  >\n\t\t\t\t<div class=\"col-inner text-center\"  >\n\t\t\t\n\t\t\t\n\t<div id=\"text-3404159509\" class=\"text\">\n\t\t\n<h4><strong>HOLZ<\/strong><\/h4>\n<p>Alle unsere Holzwerkstofflieferanten m\u00fcssen <strong>FSC<\/strong>-zertifiziert sein.<\/p>\n\t\t\n<style>\n#text-3404159509 {\n  font-size: 1rem;\n}\n<\/style>\n\t<\/div>\n\t\n\t\t<\/div>\n\t\t\t\t\n<style>\n#col-1436845632 > .col-inner {\n  padding: 45px 30px 30px 30px;\n}\n@media (min-width:550px) {\n  #col-1436845632 > .col-inner {\n    padding: 45px 30px 0px 30px;\n  }\n}\n<\/style>\n\t<\/div>\n\n\t\n\n\t<div id=\"col-1115185096\" class=\"col medium-4 small-12 large-4\"  >\n\t\t\t\t<div class=\"col-inner text-center\"  >\n\t\t\t\n\t\t\t\n\t<div id=\"text-245974956\" class=\"text\">\n\t\t\n<h4><strong>ZEITLOSES DESIGN<\/strong><\/h4>\n<p>Trends kommen und gehen. L\u00e4he Gew\u00e4chsh\u00e4user haben ein zeitloses Design und sind f\u00fcr jede Umgebung geeignet.<\/p>\n\t\t\n<style>\n#text-245974956 {\n  font-size: 1rem;\n}\n<\/style>\n\t<\/div>\n\t\n\t\t<\/div>\n\t\t\t\t\n<style>\n#col-1115185096 > .col-inner {\n  padding: 45px 30px 30px 30px;\n}\n@media (min-width:550px) {\n  #col-1115185096 > .col-inner {\n    padding: 45px 30px 0px 30px;\n  }\n}\n<\/style>\n\t<\/div>\n\n\t\n<\/div>\n<div class=\"row row-small row-full-width align-equal\"  id=\"row-774974736\">\n\n\t<div id=\"col-1730597185\" class=\"col medium-4 small-12 large-4\"  >\n\t\t\t\t<div class=\"col-inner text-center\"  >\n\t\t\t\n\t\t\t\n\t<div id=\"text-1744176286\" class=\"text\">\n\t\t\n<h4><strong>EFFIZIENTE PRODUKTION<\/strong><\/h4>\n<p>Dank des effizienten Produktionsprozesses fallen bei der Produktion von L\u00e4he Gew\u00e4chsh\u00e4usern nur sehr wenige R\u00fcckst\u00e4nde an und belasten die Umwelt nicht.<\/p>\n\t\t\n<style>\n#text-1744176286 {\n  font-size: 1rem;\n}\n<\/style>\n\t<\/div>\n\t\n\t\t<\/div>\n\t\t\t\t\n<style>\n#col-1730597185 > .col-inner {\n  padding: 45px 30px 30px 30px;\n}\n@media (min-width:550px) {\n  #col-1730597185 > .col-inner {\n    padding: 45px 30px 0px 30px;\n  }\n}\n<\/style>\n\t<\/div>\n\n\t\n\n\t<div id=\"col-1767939541\" class=\"col medium-4 small-12 large-4\"  >\n\t\t\t\t<div class=\"col-inner text-center\"  >\n\t\t\t\n\t\t\t\n\t<div id=\"text-892230873\" class=\"text\">\n\t\t\n<h4><strong>F\u00dcR DIE EWIGKEIT GEBAUT<\/strong><\/h4>\n<p>Es gibt zu viele Produkte, die eine sehr kurze Lebensdauer haben. L\u00e4he Gew\u00e4chsh\u00e4user sind langlebig gebaut und haben eine erwartete Lebensdauer von 50 Jahren.<\/p>\n\t\t\n<style>\n#text-892230873 {\n  font-size: 1rem;\n}\n<\/style>\n\t<\/div>\n\t\n\t\t<\/div>\n\t\t\t\t\n<style>\n#col-1767939541 > .col-inner {\n  padding: 45px 30px 30px 30px;\n}\n@media (min-width:550px) {\n  #col-1767939541 > .col-inner {\n    padding: 45px 30px 0px 30px;\n  }\n}\n<\/style>\n\t<\/div>\n\n\t\n\n\t<div id=\"col-252342105\" class=\"col medium-4 small-12 large-4\"  >\n\t\t\t\t<div class=\"col-inner text-center\"  >\n\t\t\t\n\t\t\t\n\t<div id=\"text-1118104706\" class=\"text\">\n\t\t\n<h4><strong>WIEDERVERWENDBAR<\/strong><\/h4>\n<p>Bei einem Umzug ist es m\u00f6glich, das L\u00e4he Gew\u00e4chshaus zu demontieren und an einen neuen Ort zu bringen. Keine Notwendigkeit, eine neue zu kaufen.<\/p>\n\t\t\n<style>\n#text-1118104706 {\n  font-size: 1rem;\n}\n<\/style>\n\t<\/div>\n\t\n\t\t<\/div>\n\t\t\t\t\n<style>\n#col-252342105 > .col-inner {\n  padding: 45px 30px 30px 30px;\n}\n@media (min-width:550px) {\n  #col-252342105 > .col-inner {\n    padding: 45px 30px 0px 30px;\n  }\n}\n<\/style>\n\t<\/div>\n\n\t\n<\/div>\n\t\t<\/div>\n\n\t\t\n<style>\n#section_229550724 {\n  padding-top: 50px;\n  padding-bottom: 50px;\n  min-height: 600px;\n  background-color: rgb(210, 210, 210);\n}\n@media (min-width:550px) {\n  #section_229550724 {\n    padding-top: 30px;\n    padding-bottom: 30px;\n  }\n}\n<\/style>\n\t<\/section>\n\t\n","protected":false},"excerpt":{"rendered":"","protected":false},"author":1,"featured_media":11540,"parent":0,"menu_order":0,"comment_status":"closed","ping_status":"closed","template":"page-transparent-header-light.php","meta":{"footnotes":""},"class_list":["post-14535","page","type-page","status-publish","has-post-thumbnail","hentry"],"yoast_head":"<!-- This site is optimized with the Yoast SEO plugin v27.3 - https:\/\/yoast.com\/product\/yoast-seo-wordpress\/ -->\n<title>Nachhaltigkeit - L\u00e4he House<\/title>\n<meta name=\"robots\" content=\"index, follow, max-snippet:-1, max-image-preview:large, max-video-preview:-1\" \/>\n<link rel=\"canonical\" href=\"https:\/\/lahehouse.com\/de\/nachhaltigkeit\/\" \/>\n<meta property=\"og:locale\" content=\"de_DE\" \/>\n<meta property=\"og:type\" content=\"article\" \/>\n<meta property=\"og:title\" content=\"Nachhaltigkeit - L\u00e4he House\" \/>\n<meta property=\"og:url\" content=\"https:\/\/lahehouse.com\/de\/nachhaltigkeit\/\" \/>\n<meta property=\"og:site_name\" content=\"L\u00e4he House\" \/>\n<meta property=\"article:modified_time\" content=\"2023-01-25T12:41:01+00:00\" \/>\n<meta property=\"og:image\" content=\"https:\/\/lahehouse.com\/wp-content\/uploads\/2022\/11\/Greenhouses-1.jpeg\" \/>\n\t<meta property=\"og:image:width\" content=\"1920\" \/>\n\t<meta property=\"og:image:height\" content=\"1080\" \/>\n\t<meta property=\"og:image:type\" content=\"image\/jpeg\" \/>\n<meta name=\"twitter:card\" content=\"summary_large_image\" \/>\n<meta name=\"twitter:label1\" content=\"Gesch\u00e4tzte Lesezeit\" \/>\n\t<meta name=\"twitter:data1\" content=\"3\u00a0Minuten\" \/>\n<script type=\"application\/ld+json\" class=\"yoast-schema-graph\">{\"@context\":\"https:\\\/\\\/schema.org\",\"@graph\":[{\"@type\":\"WebPage\",\"@id\":\"https:\\\/\\\/lahehouse.com\\\/de\\\/nachhaltigkeit\\\/\",\"url\":\"https:\\\/\\\/lahehouse.com\\\/de\\\/nachhaltigkeit\\\/\",\"name\":\"Nachhaltigkeit - L\u00e4he House\",\"isPartOf\":{\"@id\":\"https:\\\/\\\/lahehouse.com\\\/#website\"},\"primaryImageOfPage\":{\"@id\":\"https:\\\/\\\/lahehouse.com\\\/de\\\/nachhaltigkeit\\\/#primaryimage\"},\"image\":{\"@id\":\"https:\\\/\\\/lahehouse.com\\\/de\\\/nachhaltigkeit\\\/#primaryimage\"},\"thumbnailUrl\":\"https:\\\/\\\/lahehouse.com\\\/wp-content\\\/uploads\\\/2022\\\/11\\\/Greenhouses-1.jpeg\",\"datePublished\":\"2023-01-24T14:19:28+00:00\",\"dateModified\":\"2023-01-25T12:41:01+00:00\",\"breadcrumb\":{\"@id\":\"https:\\\/\\\/lahehouse.com\\\/de\\\/nachhaltigkeit\\\/#breadcrumb\"},\"inLanguage\":\"de\",\"potentialAction\":[{\"@type\":\"ReadAction\",\"target\":[\"https:\\\/\\\/lahehouse.com\\\/de\\\/nachhaltigkeit\\\/\"]}]},{\"@type\":\"ImageObject\",\"inLanguage\":\"de\",\"@id\":\"https:\\\/\\\/lahehouse.com\\\/de\\\/nachhaltigkeit\\\/#primaryimage\",\"url\":\"https:\\\/\\\/lahehouse.com\\\/wp-content\\\/uploads\\\/2022\\\/11\\\/Greenhouses-1.jpeg\",\"contentUrl\":\"https:\\\/\\\/lahehouse.com\\\/wp-content\\\/uploads\\\/2022\\\/11\\\/Greenhouses-1.jpeg\",\"width\":1920,\"height\":1080},{\"@type\":\"BreadcrumbList\",\"@id\":\"https:\\\/\\\/lahehouse.com\\\/de\\\/nachhaltigkeit\\\/#breadcrumb\",\"itemListElement\":[{\"@type\":\"ListItem\",\"position\":1,\"name\":\"Home\",\"item\":\"https:\\\/\\\/lahehouse.com\\\/de\\\/\"},{\"@type\":\"ListItem\",\"position\":2,\"name\":\"Nachhaltigkeit\"}]},{\"@type\":\"WebSite\",\"@id\":\"https:\\\/\\\/lahehouse.com\\\/#website\",\"url\":\"https:\\\/\\\/lahehouse.com\\\/\",\"name\":\"L\u00e4he House\",\"description\":\"Wooden greenhouses\",\"publisher\":{\"@id\":\"https:\\\/\\\/lahehouse.com\\\/#organization\"},\"potentialAction\":[{\"@type\":\"SearchAction\",\"target\":{\"@type\":\"EntryPoint\",\"urlTemplate\":\"https:\\\/\\\/lahehouse.com\\\/?s={search_term_string}\"},\"query-input\":{\"@type\":\"PropertyValueSpecification\",\"valueRequired\":true,\"valueName\":\"search_term_string\"}}],\"inLanguage\":\"de\"},{\"@type\":\"Organization\",\"@id\":\"https:\\\/\\\/lahehouse.com\\\/#organization\",\"name\":\"L\u00e4he House\",\"url\":\"https:\\\/\\\/lahehouse.com\\\/\",\"logo\":{\"@type\":\"ImageObject\",\"inLanguage\":\"de\",\"@id\":\"https:\\\/\\\/lahehouse.com\\\/#\\\/schema\\\/logo\\\/image\\\/\",\"url\":\"https:\\\/\\\/lahehouse.com\\\/wp-content\\\/uploads\\\/2022\\\/11\\\/Greenhouses-1.jpeg\",\"contentUrl\":\"https:\\\/\\\/lahehouse.com\\\/wp-content\\\/uploads\\\/2022\\\/11\\\/Greenhouses-1.jpeg\",\"width\":1920,\"height\":1080,\"caption\":\"L\u00e4he House\"},\"image\":{\"@id\":\"https:\\\/\\\/lahehouse.com\\\/#\\\/schema\\\/logo\\\/image\\\/\"}}]}<\/script>\n<!-- \/ Yoast SEO plugin. -->","yoast_head_json":{"title":"Nachhaltigkeit - L\u00e4he House","robots":{"index":"index","follow":"follow","max-snippet":"max-snippet:-1","max-image-preview":"max-image-preview:large","max-video-preview":"max-video-preview:-1"},"canonical":"https:\/\/lahehouse.com\/de\/nachhaltigkeit\/","og_locale":"de_DE","og_type":"article","og_title":"Nachhaltigkeit - L\u00e4he House","og_url":"https:\/\/lahehouse.com\/de\/nachhaltigkeit\/","og_site_name":"L\u00e4he House","article_modified_time":"2023-01-25T12:41:01+00:00","og_image":[{"width":1920,"height":1080,"url":"https:\/\/lahehouse.com\/wp-content\/uploads\/2022\/11\/Greenhouses-1.jpeg","type":"image\/jpeg"}],"twitter_card":"summary_large_image","twitter_misc":{"Gesch\u00e4tzte Lesezeit":"3\u00a0Minuten"},"schema":{"@context":"https:\/\/schema.org","@graph":[{"@type":"WebPage","@id":"https:\/\/lahehouse.com\/de\/nachhaltigkeit\/","url":"https:\/\/lahehouse.com\/de\/nachhaltigkeit\/","name":"Nachhaltigkeit - L\u00e4he House","isPartOf":{"@id":"https:\/\/lahehouse.com\/#website"},"primaryImageOfPage":{"@id":"https:\/\/lahehouse.com\/de\/nachhaltigkeit\/#primaryimage"},"image":{"@id":"https:\/\/lahehouse.com\/de\/nachhaltigkeit\/#primaryimage"},"thumbnailUrl":"https:\/\/lahehouse.com\/wp-content\/uploads\/2022\/11\/Greenhouses-1.jpeg","datePublished":"2023-01-24T14:19:28+00:00","dateModified":"2023-01-25T12:41:01+00:00","breadcrumb":{"@id":"https:\/\/lahehouse.com\/de\/nachhaltigkeit\/#breadcrumb"},"inLanguage":"de","potentialAction":[{"@type":"ReadAction","target":["https:\/\/lahehouse.com\/de\/nachhaltigkeit\/"]}]},{"@type":"ImageObject","inLanguage":"de","@id":"https:\/\/lahehouse.com\/de\/nachhaltigkeit\/#primaryimage","url":"https:\/\/lahehouse.com\/wp-content\/uploads\/2022\/11\/Greenhouses-1.jpeg","contentUrl":"https:\/\/lahehouse.com\/wp-content\/uploads\/2022\/11\/Greenhouses-1.jpeg","width":1920,"height":1080},{"@type":"BreadcrumbList","@id":"https:\/\/lahehouse.com\/de\/nachhaltigkeit\/#breadcrumb","itemListElement":[{"@type":"ListItem","position":1,"name":"Home","item":"https:\/\/lahehouse.com\/de\/"},{"@type":"ListItem","position":2,"name":"Nachhaltigkeit"}]},{"@type":"WebSite","@id":"https:\/\/lahehouse.com\/#website","url":"https:\/\/lahehouse.com\/","name":"L\u00e4he House","description":"Wooden greenhouses","publisher":{"@id":"https:\/\/lahehouse.com\/#organization"},"potentialAction":[{"@type":"SearchAction","target":{"@type":"EntryPoint","urlTemplate":"https:\/\/lahehouse.com\/?s={search_term_string}"},"query-input":{"@type":"PropertyValueSpecification","valueRequired":true,"valueName":"search_term_string"}}],"inLanguage":"de"},{"@type":"Organization","@id":"https:\/\/lahehouse.com\/#organization","name":"L\u00e4he House","url":"https:\/\/lahehouse.com\/","logo":{"@type":"ImageObject","inLanguage":"de","@id":"https:\/\/lahehouse.com\/#\/schema\/logo\/image\/","url":"https:\/\/lahehouse.com\/wp-content\/uploads\/2022\/11\/Greenhouses-1.jpeg","contentUrl":"https:\/\/lahehouse.com\/wp-content\/uploads\/2022\/11\/Greenhouses-1.jpeg","width":1920,"height":1080,"caption":"L\u00e4he House"},"image":{"@id":"https:\/\/lahehouse.com\/#\/schema\/logo\/image\/"}}]}},"_links":{"self":[{"href":"https:\/\/lahehouse.com\/de\/wp-json\/wp\/v2\/pages\/14535","targetHints":{"allow":["GET"]}}],"collection":[{"href":"https:\/\/lahehouse.com\/de\/wp-json\/wp\/v2\/pages"}],"about":[{"href":"https:\/\/lahehouse.com\/de\/wp-json\/wp\/v2\/types\/page"}],"author":[{"embeddable":true,"href":"https:\/\/lahehouse.com\/de\/wp-json\/wp\/v2\/users\/1"}],"replies":[{"embeddable":true,"href":"https:\/\/lahehouse.com\/de\/wp-json\/wp\/v2\/comments?post=14535"}],"version-history":[{"count":7,"href":"https:\/\/lahehouse.com\/de\/wp-json\/wp\/v2\/pages\/14535\/revisions"}],"predecessor-version":[{"id":14903,"href":"https:\/\/lahehouse.com\/de\/wp-json\/wp\/v2\/pages\/14535\/revisions\/14903"}],"wp:featuredmedia":[{"embeddable":true,"href":"https:\/\/lahehouse.com\/de\/wp-json\/wp\/v2\/media\/11540"}],"wp:attachment":[{"href":"https:\/\/lahehouse.com\/de\/wp-json\/wp\/v2\/media?parent=14535"}],"curies":[{"name":"wp","href":"https:\/\/api.w.org\/{rel}","templated":true}]}}