{"id":4187,"date":"2020-04-01T15:23:02","date_gmt":"2020-04-01T15:23:02","guid":{"rendered":"https:\/\/lahehouse.com\/unsere-geschichte\/"},"modified":"2025-03-10T13:48:52","modified_gmt":"2025-03-10T13:48:52","slug":"unsere-geschichte","status":"publish","type":"page","link":"https:\/\/lahehouse.com\/de\/unsere-geschichte\/","title":{"rendered":"Unsere geschichte"},"content":{"rendered":"\n  <div class=\"banner has-hover\" id=\"banner-2118164349\">\n          <div class=\"banner-inner fill\">\n        <div class=\"banner-bg fill\" >\n                                    <div class=\"overlay\"><\/div>            \n                    <\/div>\n\t\t\n        <div class=\"banner-layers container\">\n            <div class=\"fill banner-link\"><\/div>            \n   <div id=\"text-box-28373276\" class=\"text-box banner-layer x50 md-x50 lg-x50 y50 md-y50 lg-y50 res-text\">\n                     <div data-animate=\"none\">           <div class=\"text-box-content text dark\">\n              \n              <div class=\"text-inner text-center\">\n                  \n\t<div id=\"text-3899287482\" class=\"text\">\n\t\t\n<h1 class=\"uppercase\">Unsere Geschichte<\/h1>\n\t\t\n<style>\n#text-3899287482 {\n  font-size: 0.75rem;\n}\n<\/style>\n\t<\/div>\n\t\n              <\/div>\n           <\/div>\n       <\/div>                     \n<style>\n#text-box-28373276 {\n  width: 80%;\n}\n#text-box-28373276 .text-box-content {\n  font-size: 100%;\n}\n@media (min-width:550px) {\n  #text-box-28373276 {\n    width: 100%;\n  }\n}\n<\/style>\n    <\/div>\n \n        <\/div>\n      <\/div>\n\n            \n<style>\n#banner-2118164349 {\n  padding-top: 400px;\n}\n#banner-2118164349 .overlay {\n  background-color: rgba(0, 0, 0, 0.3);\n}\n#banner-2118164349 .banner-bg img {\n  object-position: 50% 0%;\n}\n@media (min-width:550px) {\n  #banner-2118164349 .overlay {\n    background-color: rgba(0, 0, 0, 0.4);\n  }\n}\n<\/style>\n  <\/div>\n\n\n\n\t<section class=\"section\" id=\"section_1029883163\">\n\t\t<div class=\"section-bg fill\" >\n\t\t\t\t\t\t\t\t\t\n\t\t\t\n\n\t\t<\/div>\n\n\t\t\n\n\t\t<div class=\"section-content relative\">\n\t\t\t\n<div class=\"row\" style=\"max-width:1300px\" id=\"row-1887634502\">\n\n\t<div id=\"col-148492638\" class=\"col medium-11 small-12 large-9\"  >\n\t\t\t\t<div class=\"col-inner\"  >\n\t\t\t\n\t\t\t\n\n  <div class=\"banner has-hover\" id=\"banner-1131236143\">\n          <div class=\"banner-inner fill\">\n        <div class=\"banner-bg fill\" >\n            <img loading=\"lazy\" decoding=\"async\" width=\"1020\" height=\"680\" src=\"https:\/\/lahehouse.com\/wp-content\/uploads\/2024\/03\/Vaxthus-1.jpg\" class=\"bg attachment-large size-large\" alt=\"\" \/>                                    \n                    <\/div>\n\t\t\n        <div class=\"banner-layers container\">\n            <div class=\"fill banner-link\"><\/div>            \n        <\/div>\n      <\/div>\n\n            \n<style>\n#banner-1131236143 {\n  padding-top: 300px;\n  background-color: rgb(255, 255, 255);\n}\n#banner-1131236143 .banner-bg img {\n  object-position: 48% 58%;\n}\n@media (min-width:550px) {\n  #banner-1131236143 {\n    padding-top: 400px;\n  }\n}\n@media (min-width:850px) {\n  #banner-1131236143 {\n    padding-top: 500px;\n  }\n}\n<\/style>\n  <\/div>\n\n\n\t\t<\/div>\n\t\t\t\t\t<\/div>\n\n\t\n<\/div>\n<div class=\"row align-right\" style=\"max-width:1300px\" id=\"row-2098125606\">\n\n\t<div id=\"col-871027885\" class=\"col medium-10 small-12 large-6 medium-col-first\"  >\n\t\t\t\t<div class=\"col-inner\" style=\"background-color:rgb(233, 233, 233);\" >\n\t\t\t\n\t\t\t\n\t<div id=\"text-272695829\" class=\"text\">\n\t\t\n<h2>L\u00e4he (&#8222;Quelle&#8220;)<\/h2>\n\t\t\n<style>\n#text-272695829 {\n  font-size: 1.25rem;\n}\n<\/style>\n\t<\/div>\n\t\n<p>L\u00e4he ist die Quelle des Lebens, wo alles Gute seinen Anfang hat.<br \/>Hier finden Sie die Freude, selbst Pflanzen zu z\u00fcchten, um eine bessere und sauberere Zukunft zu schaffen. Das ist eine Umgebung, in der Pflege geboten wird und in der das Wachstum der Traum jeder Pflanze ist. Einfach wachsen und strahlen. Eine wahre Freude \u2013 wie die Quelle des Lebens.<\/p>\n\t\t<\/div>\n\t\t\t\t\n<style>\n#col-871027885 > .col-inner {\n  padding: 40px 40px 40px 40px;\n  margin: -50px 0px 0px 0px;\n}\n@media (min-width:550px) {\n  #col-871027885 > .col-inner {\n    padding: 50px 50px 50px 50px;\n    margin: -110px 0px 0px 0px;\n  }\n}\n@media (min-width:850px) {\n  #col-871027885 > .col-inner {\n    margin: -210px 0px 0px 0px;\n  }\n}\n<\/style>\n\t<\/div>\n\n\t\n<\/div>\n\t\t<\/div>\n\n\t\t\n<style>\n#section_1029883163 {\n  padding-top: 65px;\n  padding-bottom: 65px;\n}\n@media (min-width:850px) {\n  #section_1029883163 {\n    padding-top: 50px;\n    padding-bottom: 50px;\n  }\n}\n<\/style>\n\t<\/section>\n\t\n\n\t<section class=\"section\" id=\"section_736558267\">\n\t\t<div class=\"section-bg fill\" >\n\t\t\t\t\t\t\t\t\t\n\t\t\t\n\n\t\t<\/div>\n\n\t\t\n\n\t\t<div class=\"section-content relative\">\n\t\t\t\n\t<div id=\"gap-1923659370\" class=\"gap-element clearfix\" style=\"display:block; height:auto;\">\n\t\t\n<style>\n#gap-1923659370 {\n  padding-top: 30px;\n}\n<\/style>\n\t<\/div>\n\t\n<div class=\"row align-right\" style=\"max-width:1300px\" id=\"row-131654661\">\n\n\t<div id=\"col-1284620675\" class=\"col medium-3 small-12 large-3\"  >\n\t\t\t\t<div class=\"col-inner\"  >\n\t\t\t\n\t\t\t\n\t<div id=\"text-1348224622\" class=\"text\">\n\t\t\n<h3><span style=\"color: #f2f2f2;\">Since 2010<\/span><\/h3>\n\t\t\n<style>\n#text-1348224622 {\n  font-size: 3.75rem;\n  line-height: 1;\n  color: rgb(217, 217, 217);\n}\n#text-1348224622 > * {\n  color: rgb(217, 217, 217);\n}\n@media (min-width:550px) {\n  #text-1348224622 {\n    font-size: 3rem;\n  }\n}\n@media (min-width:850px) {\n  #text-1348224622 {\n    font-size: 4rem;\n  }\n}\n<\/style>\n\t<\/div>\n\t\n\t\t<\/div>\n\t\t\t\t\t<\/div>\n\n\t\n\n\t<div id=\"col-826612213\" class=\"col medium-9 small-12 large-9\"  >\n\t\t\t\t<div class=\"col-inner\"  >\n\t\t\t\n\t\t\t\n\n  <div class=\"banner has-hover\" id=\"banner-789862242\">\n          <div class=\"banner-inner fill\">\n        <div class=\"banner-bg fill\" >\n            <img loading=\"lazy\" decoding=\"async\" width=\"1020\" height=\"680\" src=\"https:\/\/lahehouse.com\/wp-content\/uploads\/2024\/03\/Vaxthus-4.jpg\" class=\"bg attachment-large size-large\" alt=\"\" \/>                                    \n                    <\/div>\n\t\t\n        <div class=\"banner-layers container\">\n            <div class=\"fill banner-link\"><\/div>            \n        <\/div>\n      <\/div>\n\n            \n<style>\n#banner-789862242 {\n  padding-top: 250px;\n  background-color: rgb(217, 217, 217);\n}\n#banner-789862242 .banner-bg img {\n  object-position: 0% 61%;\n}\n@media (min-width:550px) {\n  #banner-789862242 {\n    padding-top: 400px;\n  }\n}\n@media (min-width:850px) {\n  #banner-789862242 {\n    padding-top: 500px;\n  }\n}\n<\/style>\n  <\/div>\n\n\n\t\t<\/div>\n\t\t\t\t\t<\/div>\n\n\t\n<\/div>\n<div class=\"row\" style=\"max-width:1300px\" id=\"row-60682693\">\n\n\t<div id=\"col-1528182659\" class=\"col medium-8 small-12 large-5\"  >\n\t\t\t\t<div class=\"col-inner\" style=\"background-color:rgb(255, 255, 255);\" >\n\t\t\t\n\t\t\t\n\t<div id=\"text-1483404642\" class=\"text\">\n\t\t\n<h2>Wer wir sind<\/h2>\n\t\t\n<style>\n#text-1483404642 {\n  font-size: 1.25rem;\n}\n<\/style>\n\t<\/div>\n\t\n<p>L\u00e4he House ist ein Hersteller handgefertigter Gew\u00e4chsh\u00e4user aus Holz mit modernem Design. 2010 kam unser Kernteam mit der klaren Idee eines modernen Gew\u00e4chshauses aus Holz zusammen, das f\u00fcr das 21. Jahrhundert geeignet ist.<\/p>\n<p>Nach einer langen Entwicklungs- und Testphase (einschlie\u00dflich Tests unter rauen nordischen Wetterbedingungen) begannen wir mit dem Verkauf unter der internationalen Marke L\u00c4HE. Heute sind wir einer der am schnellsten wachsenden Hersteller von Gew\u00e4chsh\u00e4usern aus Holz. Alle unsere Produkte werden in Estland entworfen und hergestellt.<\/p>\n\t\t<\/div>\n\t\t\t\t\n<style>\n#col-1528182659 > .col-inner {\n  padding: 40px 40px 40px 40px;\n  margin: -37px 0px 0px 0px;\n}\n@media (min-width:550px) {\n  #col-1528182659 > .col-inner {\n    padding: 50px 50px 50px 50px;\n    margin: -270px 0px 0px 0px;\n  }\n}\n<\/style>\n\t<\/div>\n\n\t\n<\/div>\n\t\t<\/div>\n\n\t\t\n<style>\n#section_736558267 {\n  padding-top: 50px;\n  padding-bottom: 50px;\n  background-color: rgb(233, 233, 233);\n}\n@media (min-width:550px) {\n  #section_736558267 {\n    padding-top: 50px;\n    padding-bottom: 50px;\n  }\n}\n<\/style>\n\t<\/section>\n\t\n\n\t<section class=\"section\" id=\"section_873316199\">\n\t\t<div class=\"section-bg fill\" >\n\t\t\t\t\t\t\t\t\t\n\t\t\t\n\n\t\t<\/div>\n\n\t\t\n\n\t\t<div class=\"section-content relative\">\n\t\t\t\n<div class=\"row\" style=\"max-width:1300px\" id=\"row-1515163701\">\n\n\t<div id=\"col-309376933\" class=\"col medium-11 small-12 large-9\"  >\n\t\t\t\t<div class=\"col-inner\"  >\n\t\t\t\n\t\t\t\n\n  <div class=\"banner has-hover\" id=\"banner-558000292\">\n          <div class=\"banner-inner fill\">\n        <div class=\"banner-bg fill\" >\n                                                \n                    <\/div>\n\t\t\n        <div class=\"banner-layers container\">\n            <div class=\"fill banner-link\"><\/div>            \n        <\/div>\n      <\/div>\n\n            \n<style>\n#banner-558000292 {\n  padding-top: 300px;\n  background-color: rgb(255, 255, 255);\n}\n#banner-558000292 .banner-bg img {\n  object-position: 44% 100%;\n}\n@media (min-width:550px) {\n  #banner-558000292 {\n    padding-top: 400px;\n  }\n}\n@media (min-width:850px) {\n  #banner-558000292 {\n    padding-top: 500px;\n  }\n}\n<\/style>\n  <\/div>\n\n\n\t\t<\/div>\n\t\t\t\t\t<\/div>\n\n\t\n<\/div>\n<div class=\"row align-right\" style=\"max-width:1300px\" id=\"row-755571800\">\n\n\t<div id=\"col-1404948485\" class=\"col medium-10 small-12 large-6\"  >\n\t\t\t\t<div class=\"col-inner\"  >\n\t\t\t\n\t\t\t\n<div class=\"row\"  id=\"row-939445589\">\n\n\t<div id=\"col-1734727185\" class=\"col medium-4 small-12 large-4\"  >\n\t\t\t\t<div class=\"col-inner\"  >\n\t\t\t\n\t\t\t\n\t<div id=\"text-1954552659\" class=\"text\">\n\t\t\n<h3><span class=\"count-up\">1000<\/span>+<\/h3>\n\t\t\n<style>\n#text-1954552659 {\n  font-size: 1.5rem;\n  text-align: left;\n}\n<\/style>\n\t<\/div>\n\t\n<h5>Gew\u00e4chsh\u00e4user gebaut<\/h5>\n\t\t<\/div>\n\t\t\t\t\t<\/div>\n\n\t\n\n\t<div id=\"col-493924146\" class=\"col medium-4 small-12 large-4\"  >\n\t\t\t\t<div class=\"col-inner\"  >\n\t\t\t\n\t\t\t\n\t<div id=\"text-2864123080\" class=\"text\">\n\t\t\n<h3><span class=\"count-up\">10<\/span>+<\/h3>\n\t\t\n<style>\n#text-2864123080 {\n  font-size: 1.5rem;\n  text-align: left;\n}\n<\/style>\n\t<\/div>\n\t\n<h5>L\u00e4nder<\/h5>\n\t\t<\/div>\n\t\t\t\t\t<\/div>\n\n\t\n\n\t<div id=\"col-179460315\" class=\"col medium-4 small-12 large-4\"  >\n\t\t\t\t<div class=\"col-inner\"  >\n\t\t\t\n\t\t\t\n\t<div id=\"text-1031706067\" class=\"text\">\n\t\t\n<h3><span class=\"count-up\">99<\/span>%<\/h3>\n\t\t\n<style>\n#text-1031706067 {\n  font-size: 1.5rem;\n  text-align: left;\n}\n<\/style>\n\t<\/div>\n\t\n<h5>Nachhaltige Materialien<\/h5>\n\t\t<\/div>\n\t\t\t\t\t<\/div>\n\n\t\n<\/div>\n\t\t<\/div>\n\t\t\t\t\t<\/div>\n\n\t\n\n\t<div id=\"col-1477258981\" class=\"col medium-10 small-12 large-6 medium-col-first\"  >\n\t\t\t\t<div class=\"col-inner\" style=\"background-color:rgb(233, 233, 233);\" >\n\t\t\t\n\t\t\t\n\t<div id=\"text-2832058743\" class=\"text\">\n\t\t\n<h2>Was wir tun<\/h2>\n\t\t\n<style>\n#text-2832058743 {\n  font-size: 1.25rem;\n}\n<\/style>\n\t<\/div>\n\t\n<p>Unsere Leidenschaft f\u00fcr Holzhandwerk hat uns dazu gebracht, etwas wirklich Au\u00dfergew\u00f6hnliches zu entwerfen. Unsere erfahrenen Handwerker haben in Handarbeit aus hochwertigem Thermoholz ein Gew\u00e4chshaus geschaffen, das innovatives Design nahtlos mit h\u00f6chster Qualit\u00e4t verbindet.<\/p>\n<p>Jedes Gew\u00e4chshaus wird nur aus nat\u00fcrlichen Materialien gebaut, darunter langlebiges Thermoholz und geh\u00e4rtetes Glas, was Nachhaltigkeit und Langlebigkeit gew\u00e4hrleistet. Innovation steht weiterhin im Mittelpunkt unserer Arbeit. Unsere engagierten Holzarbeiter und Designer \u00fcberdenken und verfeinern das zeitlose Design des Gew\u00e4chshauses st\u00e4ndig und bringen frische Ideen in ein uraltes Konzept.<\/p>\n\t\t<\/div>\n\t\t\t\t\n<style>\n#col-1477258981 > .col-inner {\n  padding: 40px 40px 40px 40px;\n  margin: -50px 0px 0px 0px;\n}\n@media (min-width:550px) {\n  #col-1477258981 > .col-inner {\n    padding: 50px 50px 50px 50px;\n    margin: -110px 0px 0px 0px;\n  }\n}\n@media (min-width:850px) {\n  #col-1477258981 > .col-inner {\n    margin: -210px 0px 0px 0px;\n  }\n}\n<\/style>\n\t<\/div>\n\n\t\n<\/div>\n\t\t<\/div>\n\n\t\t\n<style>\n#section_873316199 {\n  padding-top: 65px;\n  padding-bottom: 65px;\n}\n@media (min-width:850px) {\n  #section_873316199 {\n    padding-top: 50px;\n    padding-bottom: 50px;\n  }\n}\n<\/style>\n\t<\/section>\n\t\n\n\t<section class=\"section\" id=\"section_1530846940\">\n\t\t<div class=\"section-bg fill\" >\n\t\t\t\t\t\t\t\t\t\n\t\t\t\n\n\t\t<\/div>\n\n\t\t\n\n\t\t<div class=\"section-content relative\">\n\t\t\t\n<div class=\"row\"  id=\"row-1299050730\">\n\n\t<div id=\"col-1145301647\" class=\"col small-12 large-12\"  >\n\t\t\t\t<div class=\"col-inner text-center\"  >\n\t\t\t\n\t\t\t\n\t<div id=\"text-1236373048\" class=\"text\">\n\t\t\n<h2>Folgen Sie uns auf Social Media<\/h2>\n\t\t\n<style>\n#text-1236373048 {\n  font-size: 1.25rem;\n  text-align: center;\n}\n<\/style>\n\t<\/div>\n\t\n\t<div id=\"gap-942508052\" class=\"gap-element clearfix\" style=\"display:block; height:auto;\">\n\t\t\n<style>\n#gap-942508052 {\n  padding-top: 70px;\n}\n@media (min-width:850px) {\n  #gap-942508052 {\n    padding-top: 20px;\n  }\n}\n<\/style>\n\t<\/div>\n\t\n<div class=\"social-icons follow-icons full-width text-center\" style=\"font-size:150%\"><a href=\"https:\/\/www.facebook.com\/lahehouse\" target=\"_blank\" data-label=\"Facebook\" class=\"icon button circle is-outline tooltip facebook\" title=\"Auf Facebook folgen\" aria-label=\"Auf Facebook folgen\" rel=\"noopener nofollow\"><i class=\"icon-facebook\" aria-hidden=\"true\"><\/i><\/a><a href=\"https:\/\/www.instagram.com\/lahehouse\/\" target=\"_blank\" data-label=\"Instagram\" class=\"icon button circle is-outline tooltip instagram\" title=\"Auf Instagram folgen\" aria-label=\"Auf Instagram folgen\" rel=\"noopener nofollow\"><i class=\"icon-instagram\" aria-hidden=\"true\"><\/i><\/a><\/div>\n\t<div id=\"gap-807494835\" class=\"gap-element clearfix\" style=\"display:block; height:auto;\">\n\t\t\n<style>\n#gap-807494835 {\n  padding-top: 70px;\n}\n@media (min-width:850px) {\n  #gap-807494835 {\n    padding-top: 20px;\n  }\n}\n<\/style>\n\t<\/div>\n\t\n\n  \n    <div class=\"row large-columns-5 medium-columns-3 small-columns-2 row-small has-shadow row-box-shadow-3\" data-flatsome-instagram=\"f8a2f33ad1:eyJ1c2VybmFtZSI6ImxhaGVob3VzZSIsImNvbF9zcGFjaW5nIjoic21hbGwiLCJkZXB0aCI6IjMiLCJfaWQiOiJpbnN0YWdyYW0tMSJ9\">\n  <div class=\"col\" ><div class=\"col-inner\"><div class=\"img has-hover no-overflow\">\n\t\t\t\t\t<div class=\"dark instagram-image-container image-overlay-remove instagram-image-type--placeholder\">\n\t\t\t\t\t\t<a href=\"#\" target=\"_blank\" rel=\"noopener\" class=\"plain\" aria-label=\"Instagram image\">\n\t\t\t\t\t\t\t<img decoding=\"async\" src=\"\" alt=\"\"\/>\t\t\t\t\t\t\t\t\t\t\t\t\t\t\t\t\t\t\t\t<\/a>\n\t\t\t\t\t<\/div>\n\t\t\t\t<\/div><\/div><\/div><div class=\"col\" ><div class=\"col-inner\"><div class=\"img has-hover no-overflow\">\n\t\t\t\t\t<div class=\"dark instagram-image-container image-overlay-remove instagram-image-type--placeholder\">\n\t\t\t\t\t\t<a href=\"#\" target=\"_blank\" rel=\"noopener\" class=\"plain\" aria-label=\"Instagram image\">\n\t\t\t\t\t\t\t<img decoding=\"async\" src=\"\" alt=\"\"\/>\t\t\t\t\t\t\t\t\t\t\t\t\t\t\t\t\t\t\t\t<\/a>\n\t\t\t\t\t<\/div>\n\t\t\t\t<\/div><\/div><\/div><div class=\"col\" ><div class=\"col-inner\"><div class=\"img has-hover no-overflow\">\n\t\t\t\t\t<div class=\"dark instagram-image-container image-overlay-remove instagram-image-type--placeholder\">\n\t\t\t\t\t\t<a href=\"#\" target=\"_blank\" rel=\"noopener\" class=\"plain\" aria-label=\"Instagram image\">\n\t\t\t\t\t\t\t<img decoding=\"async\" src=\"\" alt=\"\"\/>\t\t\t\t\t\t\t\t\t\t\t\t\t\t\t\t\t\t\t\t<\/a>\n\t\t\t\t\t<\/div>\n\t\t\t\t<\/div><\/div><\/div><div class=\"col\" ><div class=\"col-inner\"><div class=\"img has-hover no-overflow\">\n\t\t\t\t\t<div class=\"dark instagram-image-container image-overlay-remove instagram-image-type--placeholder\">\n\t\t\t\t\t\t<a href=\"#\" target=\"_blank\" rel=\"noopener\" class=\"plain\" aria-label=\"Instagram image\">\n\t\t\t\t\t\t\t<img decoding=\"async\" src=\"\" alt=\"\"\/>\t\t\t\t\t\t\t\t\t\t\t\t\t\t\t\t\t\t\t\t<\/a>\n\t\t\t\t\t<\/div>\n\t\t\t\t<\/div><\/div><\/div><div class=\"col\" ><div class=\"col-inner\"><div class=\"img has-hover no-overflow\">\n\t\t\t\t\t<div class=\"dark instagram-image-container image-overlay-remove instagram-image-type--placeholder\">\n\t\t\t\t\t\t<a href=\"#\" target=\"_blank\" rel=\"noopener\" class=\"plain\" aria-label=\"Instagram image\">\n\t\t\t\t\t\t\t<img decoding=\"async\" src=\"\" alt=\"\"\/>\t\t\t\t\t\t\t\t\t\t\t\t\t\t\t\t\t\t\t\t<\/a>\n\t\t\t\t\t<\/div>\n\t\t\t\t<\/div><\/div><\/div><div class=\"col\" ><div class=\"col-inner\"><div class=\"img has-hover no-overflow\">\n\t\t\t\t\t<div class=\"dark instagram-image-container image-overlay-remove instagram-image-type--placeholder\">\n\t\t\t\t\t\t<a href=\"#\" target=\"_blank\" rel=\"noopener\" class=\"plain\" aria-label=\"Instagram image\">\n\t\t\t\t\t\t\t<img decoding=\"async\" src=\"\" alt=\"\"\/>\t\t\t\t\t\t\t\t\t\t\t\t\t\t\t\t\t\t\t\t<\/a>\n\t\t\t\t\t<\/div>\n\t\t\t\t<\/div><\/div><\/div><div class=\"col\" ><div class=\"col-inner\"><div class=\"img has-hover no-overflow\">\n\t\t\t\t\t<div class=\"dark instagram-image-container image-overlay-remove instagram-image-type--placeholder\">\n\t\t\t\t\t\t<a href=\"#\" target=\"_blank\" rel=\"noopener\" class=\"plain\" aria-label=\"Instagram image\">\n\t\t\t\t\t\t\t<img decoding=\"async\" src=\"\" alt=\"\"\/>\t\t\t\t\t\t\t\t\t\t\t\t\t\t\t\t\t\t\t\t<\/a>\n\t\t\t\t\t<\/div>\n\t\t\t\t<\/div><\/div><\/div><div class=\"col\" ><div class=\"col-inner\"><div class=\"img has-hover no-overflow\">\n\t\t\t\t\t<div class=\"dark instagram-image-container image-overlay-remove instagram-image-type--placeholder\">\n\t\t\t\t\t\t<a href=\"#\" target=\"_blank\" rel=\"noopener\" class=\"plain\" aria-label=\"Instagram image\">\n\t\t\t\t\t\t\t<img decoding=\"async\" src=\"\" alt=\"\"\/>\t\t\t\t\t\t\t\t\t\t\t\t\t\t\t\t\t\t\t\t<\/a>\n\t\t\t\t\t<\/div>\n\t\t\t\t<\/div><\/div><\/div><div class=\"col\" ><div class=\"col-inner\"><div class=\"img has-hover no-overflow\">\n\t\t\t\t\t<div class=\"dark instagram-image-container image-overlay-remove instagram-image-type--placeholder\">\n\t\t\t\t\t\t<a href=\"#\" target=\"_blank\" rel=\"noopener\" class=\"plain\" aria-label=\"Instagram image\">\n\t\t\t\t\t\t\t<img decoding=\"async\" src=\"\" alt=\"\"\/>\t\t\t\t\t\t\t\t\t\t\t\t\t\t\t\t\t\t\t\t<\/a>\n\t\t\t\t\t<\/div>\n\t\t\t\t<\/div><\/div><\/div><div class=\"col\" ><div class=\"col-inner\"><div class=\"img has-hover no-overflow\">\n\t\t\t\t\t<div class=\"dark instagram-image-container image-overlay-remove instagram-image-type--placeholder\">\n\t\t\t\t\t\t<a href=\"#\" target=\"_blank\" rel=\"noopener\" class=\"plain\" aria-label=\"Instagram image\">\n\t\t\t\t\t\t\t<img decoding=\"async\" src=\"\" alt=\"\"\/>\t\t\t\t\t\t\t\t\t\t\t\t\t\t\t\t\t\t\t\t<\/a>\n\t\t\t\t\t<\/div>\n\t\t\t\t<\/div><\/div><\/div><\/div>\n\t\t<\/div>\n\t\t\t\t\t<\/div>\n\n\t\n<\/div>\n\t\t<\/div>\n\n\t\t\n<style>\n#section_1530846940 {\n  padding-top: 30px;\n  padding-bottom: 30px;\n  min-height: 325px;\n  background-color: rgb(233, 233, 233);\n}\n<\/style>\n\t<\/section>\n\t\n","protected":false},"excerpt":{"rendered":"","protected":false},"author":1,"featured_media":0,"parent":0,"menu_order":0,"comment_status":"closed","ping_status":"closed","template":"page-transparent-header.php","meta":{"footnotes":""},"class_list":["post-4187","page","type-page","status-publish","hentry"],"yoast_head":"<!-- This site is optimized with the Yoast SEO plugin v27.3 - https:\/\/yoast.com\/product\/yoast-seo-wordpress\/ -->\n<title>Unsere geschichte - L\u00e4he House<\/title>\n<meta name=\"robots\" content=\"index, follow, max-snippet:-1, max-image-preview:large, max-video-preview:-1\" \/>\n<link rel=\"canonical\" href=\"https:\/\/lahehouse.com\/de\/unsere-geschichte\/\" \/>\n<meta property=\"og:locale\" content=\"de_DE\" \/>\n<meta property=\"og:type\" content=\"article\" \/>\n<meta property=\"og:title\" content=\"Unsere geschichte - L\u00e4he House\" \/>\n<meta property=\"og:url\" content=\"https:\/\/lahehouse.com\/de\/unsere-geschichte\/\" \/>\n<meta property=\"og:site_name\" content=\"L\u00e4he House\" \/>\n<meta property=\"article:modified_time\" content=\"2025-03-10T13:48:52+00:00\" \/>\n<meta name=\"twitter:card\" content=\"summary_large_image\" \/>\n<meta name=\"twitter:label1\" content=\"Gesch\u00e4tzte Lesezeit\" \/>\n\t<meta name=\"twitter:data1\" content=\"3\u00a0Minuten\" \/>\n<script type=\"application\/ld+json\" class=\"yoast-schema-graph\">{\"@context\":\"https:\\\/\\\/schema.org\",\"@graph\":[{\"@type\":\"WebPage\",\"@id\":\"https:\\\/\\\/lahehouse.com\\\/de\\\/unsere-geschichte\\\/\",\"url\":\"https:\\\/\\\/lahehouse.com\\\/de\\\/unsere-geschichte\\\/\",\"name\":\"Unsere geschichte - L\u00e4he House\",\"isPartOf\":{\"@id\":\"https:\\\/\\\/lahehouse.com\\\/#website\"},\"datePublished\":\"2020-04-01T15:23:02+00:00\",\"dateModified\":\"2025-03-10T13:48:52+00:00\",\"breadcrumb\":{\"@id\":\"https:\\\/\\\/lahehouse.com\\\/de\\\/unsere-geschichte\\\/#breadcrumb\"},\"inLanguage\":\"de\",\"potentialAction\":[{\"@type\":\"ReadAction\",\"target\":[\"https:\\\/\\\/lahehouse.com\\\/de\\\/unsere-geschichte\\\/\"]}]},{\"@type\":\"BreadcrumbList\",\"@id\":\"https:\\\/\\\/lahehouse.com\\\/de\\\/unsere-geschichte\\\/#breadcrumb\",\"itemListElement\":[{\"@type\":\"ListItem\",\"position\":1,\"name\":\"Home\",\"item\":\"https:\\\/\\\/lahehouse.com\\\/de\\\/\"},{\"@type\":\"ListItem\",\"position\":2,\"name\":\"Unsere geschichte\"}]},{\"@type\":\"WebSite\",\"@id\":\"https:\\\/\\\/lahehouse.com\\\/#website\",\"url\":\"https:\\\/\\\/lahehouse.com\\\/\",\"name\":\"L\u00e4he House\",\"description\":\"Wooden greenhouses\",\"publisher\":{\"@id\":\"https:\\\/\\\/lahehouse.com\\\/#organization\"},\"potentialAction\":[{\"@type\":\"SearchAction\",\"target\":{\"@type\":\"EntryPoint\",\"urlTemplate\":\"https:\\\/\\\/lahehouse.com\\\/?s={search_term_string}\"},\"query-input\":{\"@type\":\"PropertyValueSpecification\",\"valueRequired\":true,\"valueName\":\"search_term_string\"}}],\"inLanguage\":\"de\"},{\"@type\":\"Organization\",\"@id\":\"https:\\\/\\\/lahehouse.com\\\/#organization\",\"name\":\"L\u00e4he House\",\"url\":\"https:\\\/\\\/lahehouse.com\\\/\",\"logo\":{\"@type\":\"ImageObject\",\"inLanguage\":\"de\",\"@id\":\"https:\\\/\\\/lahehouse.com\\\/#\\\/schema\\\/logo\\\/image\\\/\",\"url\":\"https:\\\/\\\/lahehouse.com\\\/wp-content\\\/uploads\\\/2022\\\/11\\\/Greenhouses-1.jpeg\",\"contentUrl\":\"https:\\\/\\\/lahehouse.com\\\/wp-content\\\/uploads\\\/2022\\\/11\\\/Greenhouses-1.jpeg\",\"width\":1920,\"height\":1080,\"caption\":\"L\u00e4he House\"},\"image\":{\"@id\":\"https:\\\/\\\/lahehouse.com\\\/#\\\/schema\\\/logo\\\/image\\\/\"}}]}<\/script>\n<!-- \/ Yoast SEO plugin. -->","yoast_head_json":{"title":"Unsere geschichte - L\u00e4he House","robots":{"index":"index","follow":"follow","max-snippet":"max-snippet:-1","max-image-preview":"max-image-preview:large","max-video-preview":"max-video-preview:-1"},"canonical":"https:\/\/lahehouse.com\/de\/unsere-geschichte\/","og_locale":"de_DE","og_type":"article","og_title":"Unsere geschichte - L\u00e4he House","og_url":"https:\/\/lahehouse.com\/de\/unsere-geschichte\/","og_site_name":"L\u00e4he House","article_modified_time":"2025-03-10T13:48:52+00:00","twitter_card":"summary_large_image","twitter_misc":{"Gesch\u00e4tzte Lesezeit":"3\u00a0Minuten"},"schema":{"@context":"https:\/\/schema.org","@graph":[{"@type":"WebPage","@id":"https:\/\/lahehouse.com\/de\/unsere-geschichte\/","url":"https:\/\/lahehouse.com\/de\/unsere-geschichte\/","name":"Unsere geschichte - L\u00e4he House","isPartOf":{"@id":"https:\/\/lahehouse.com\/#website"},"datePublished":"2020-04-01T15:23:02+00:00","dateModified":"2025-03-10T13:48:52+00:00","breadcrumb":{"@id":"https:\/\/lahehouse.com\/de\/unsere-geschichte\/#breadcrumb"},"inLanguage":"de","potentialAction":[{"@type":"ReadAction","target":["https:\/\/lahehouse.com\/de\/unsere-geschichte\/"]}]},{"@type":"BreadcrumbList","@id":"https:\/\/lahehouse.com\/de\/unsere-geschichte\/#breadcrumb","itemListElement":[{"@type":"ListItem","position":1,"name":"Home","item":"https:\/\/lahehouse.com\/de\/"},{"@type":"ListItem","position":2,"name":"Unsere geschichte"}]},{"@type":"WebSite","@id":"https:\/\/lahehouse.com\/#website","url":"https:\/\/lahehouse.com\/","name":"L\u00e4he House","description":"Wooden greenhouses","publisher":{"@id":"https:\/\/lahehouse.com\/#organization"},"potentialAction":[{"@type":"SearchAction","target":{"@type":"EntryPoint","urlTemplate":"https:\/\/lahehouse.com\/?s={search_term_string}"},"query-input":{"@type":"PropertyValueSpecification","valueRequired":true,"valueName":"search_term_string"}}],"inLanguage":"de"},{"@type":"Organization","@id":"https:\/\/lahehouse.com\/#organization","name":"L\u00e4he House","url":"https:\/\/lahehouse.com\/","logo":{"@type":"ImageObject","inLanguage":"de","@id":"https:\/\/lahehouse.com\/#\/schema\/logo\/image\/","url":"https:\/\/lahehouse.com\/wp-content\/uploads\/2022\/11\/Greenhouses-1.jpeg","contentUrl":"https:\/\/lahehouse.com\/wp-content\/uploads\/2022\/11\/Greenhouses-1.jpeg","width":1920,"height":1080,"caption":"L\u00e4he House"},"image":{"@id":"https:\/\/lahehouse.com\/#\/schema\/logo\/image\/"}}]}},"_links":{"self":[{"href":"https:\/\/lahehouse.com\/de\/wp-json\/wp\/v2\/pages\/4187","targetHints":{"allow":["GET"]}}],"collection":[{"href":"https:\/\/lahehouse.com\/de\/wp-json\/wp\/v2\/pages"}],"about":[{"href":"https:\/\/lahehouse.com\/de\/wp-json\/wp\/v2\/types\/page"}],"author":[{"embeddable":true,"href":"https:\/\/lahehouse.com\/de\/wp-json\/wp\/v2\/users\/1"}],"replies":[{"embeddable":true,"href":"https:\/\/lahehouse.com\/de\/wp-json\/wp\/v2\/comments?post=4187"}],"version-history":[{"count":14,"href":"https:\/\/lahehouse.com\/de\/wp-json\/wp\/v2\/pages\/4187\/revisions"}],"predecessor-version":[{"id":27028,"href":"https:\/\/lahehouse.com\/de\/wp-json\/wp\/v2\/pages\/4187\/revisions\/27028"}],"wp:attachment":[{"href":"https:\/\/lahehouse.com\/de\/wp-json\/wp\/v2\/media?parent=4187"}],"curies":[{"name":"wp","href":"https:\/\/api.w.org\/{rel}","templated":true}]}}