{"id":15227,"date":"2023-01-26T07:45:20","date_gmt":"2023-01-26T07:45:20","guid":{"rendered":"https:\/\/lahehouse.com\/?page_id=15227"},"modified":"2023-01-26T13:09:28","modified_gmt":"2023-01-26T13:09:28","slug":"durabilite","status":"publish","type":"page","link":"https:\/\/lahehouse.com\/fr\/durabilite\/","title":{"rendered":"Durabilit\u00e9"},"content":{"rendered":"\n  <div class=\"banner has-hover\" id=\"banner-42434823\">\n          <div class=\"banner-inner fill\">\n        <div class=\"banner-bg fill\" >\n            <img loading=\"lazy\" decoding=\"async\" width=\"1920\" height=\"1080\" src=\"https:\/\/lahehouse.com\/wp-content\/uploads\/2023\/01\/Serres-1.jpeg\" class=\"bg attachment-original size-original\" alt=\"\" \/>                        <div class=\"overlay\"><\/div>            \n                    <\/div>\n\t\t\n        <div class=\"banner-layers container\">\n            <div class=\"fill banner-link\"><\/div>            \n   <div id=\"text-box-519495354\" class=\"text-box banner-layer x50 md-x50 lg-x50 y50 md-y50 lg-y50 res-text\">\n                     <div data-animate=\"none\">           <div class=\"text-box-content text dark\">\n              \n              <div class=\"text-inner text-center\">\n                  \n\t<div id=\"text-3018942360\" class=\"text\">\n\t\t\n<h1 class=\"uppercase\">AVENIR DURABLE<\/h1>\n\t\t\n<style>\n#text-3018942360 {\n  font-size: 0.75rem;\n}\n<\/style>\n\t<\/div>\n\t\n              <\/div>\n           <\/div>\n       <\/div>                     \n<style>\n#text-box-519495354 {\n  width: 90%;\n}\n#text-box-519495354 .text-box-content {\n  font-size: 100%;\n}\n@media (min-width:550px) {\n  #text-box-519495354 {\n    width: 100%;\n  }\n}\n<\/style>\n    <\/div>\n \n        <\/div>\n      <\/div>\n\n            \n<style>\n#banner-42434823 {\n  padding-top: 400px;\n}\n#banner-42434823 .overlay {\n  background-color: rgba(0, 0, 0, 0.3);\n}\n#banner-42434823 .banner-bg img {\n  object-position: 50% 0%;\n}\n@media (min-width:550px) {\n  #banner-42434823 .overlay {\n    background-color: rgba(0, 0, 0, 0.4);\n  }\n}\n<\/style>\n  <\/div>\n\n\n\n\t<section class=\"section\" id=\"section_290286307\">\n\t\t<div class=\"section-bg fill\" >\n\t\t\t\t\t\t\t\t\t\n\t\t\t\n\n\t\t<\/div>\n\n\t\t\n\n\t\t<div class=\"section-content relative\">\n\t\t\t\n<div class=\"row row-small row-full-width align-equal align-center\"  id=\"row-835198973\">\n\n\t<div id=\"col-665164916\" class=\"col medium-8 small-12 large-8 small-col-first\"  >\n\t\t\t\t<div class=\"col-inner text-center\"  >\n\t\t\t\n\t\t\t\n\t<div id=\"text-4136728245\" class=\"text\">\n\t\t\n<h2>Faible empreinte carbone<\/h2>\n\t\t\n<style>\n#text-4136728245 {\n  font-size: 2rem;\n}\n<\/style>\n\t<\/div>\n\t\n\t<div id=\"text-200405311\" class=\"text\">\n\t\t\n<p>Un avenir vert et propre est tr\u00e8s important pour nous. \u00c0 mesure que la population mondiale augmente, les besoins en ressources augmentent \u00e9galement. Ce que nous mangeons et les produits que nous utilisons sont des facteurs qui d\u00e9terminent combien nous consommons en tant qu&rsquo;\u00eatres humains. Afin de pr\u00e9server les ressources restantes, il est important que nous r\u00e9duisions la consommation.<\/p>\n<p>En combinant mat\u00e9riaux renouvelables (bois et verre), artisanat et technologies modernes, nous esp\u00e9rons atteindre la plus petite empreinte carbone possible. Les mat\u00e9riaux naturels et le long cycle de vie de nos serres en bois contribuent \u00e0 cet objectif.<\/p>\n\t\t\n<style>\n#text-200405311 {\n  font-size: 1rem;\n}\n<\/style>\n\t<\/div>\n\t\n\t\t<\/div>\n\t\t\t\t\t<\/div>\n\n\t\n<\/div>\n\t\t<\/div>\n\n\t\t\n<style>\n#section_290286307 {\n  padding-top: 100px;\n  padding-bottom: 100px;\n  min-height: 600px;\n  background-color: rgb(210, 210, 210);\n}\n<\/style>\n\t<\/section>\n\t\n\n  <div class=\"banner has-hover\" id=\"banner-2013410669\">\n          <div class=\"banner-inner fill\">\n        <div class=\"banner-bg fill\" >\n            <img loading=\"lazy\" decoding=\"async\" width=\"1920\" height=\"1080\" src=\"https:\/\/lahehouse.com\/wp-content\/uploads\/2023\/01\/Durabilite-1.jpeg\" class=\"bg attachment-original size-original\" alt=\"\" \/>                        <div class=\"overlay\"><\/div>            \n                    <\/div>\n\t\t\n        <div class=\"banner-layers container\">\n            <div class=\"fill banner-link\"><\/div>            \n   <div id=\"text-box-1494374031\" class=\"text-box banner-layer x50 md-x50 lg-x50 y50 md-y50 lg-y50 res-text\">\n                                <div class=\"text-box-content text dark\">\n              \n              <div class=\"text-inner text-center\">\n                  \n\t<div id=\"text-376460053\" class=\"text\">\n\t\t\n<h2>Un cycle de vie plus long du produit aide \u00e0 prot\u00e9ger notre plan\u00e8te!<\/h2>\n\t\t\n<style>\n#text-376460053 {\n  font-size: 0.85rem;\n}\n@media (min-width:550px) {\n  #text-376460053 {\n    font-size: 1.5rem;\n  }\n}\n<\/style>\n\t<\/div>\n\t\n              <\/div>\n           <\/div>\n                            \n<style>\n#text-box-1494374031 {\n  width: 90%;\n}\n#text-box-1494374031 .text-box-content {\n  font-size: 100%;\n}\n@media (min-width:550px) {\n  #text-box-1494374031 {\n    width: 60%;\n  }\n}\n<\/style>\n    <\/div>\n \n        <\/div>\n      <\/div>\n\n            \n<style>\n#banner-2013410669 {\n  padding-top: 600px;\n}\n#banner-2013410669 .overlay {\n  background-color: rgba(0, 0, 0, 0.4);\n}\n#banner-2013410669 .banner-bg img {\n  object-position: 0% 0%;\n}\n@media (min-width:550px) {\n  #banner-2013410669 .overlay {\n    background-color: rgba(0, 0, 0, 0.4);\n  }\n}\n<\/style>\n  <\/div>\n\n\n\n\t<section class=\"section\" id=\"section_1072785281\">\n\t\t<div class=\"section-bg fill\" >\n\t\t\t\t\t\t\t\t\t\n\t\t\t\n\n\t\t<\/div>\n\n\t\t\n\n\t\t<div class=\"section-content relative\">\n\t\t\t\n<div class=\"row\"  id=\"row-2106988444\">\n\n\t<div id=\"col-553055213\" class=\"col small-12 large-12\"  >\n\t\t\t\t<div class=\"col-inner text-center\"  >\n\t\t\t\n\t\t\t\n\t<div id=\"text-75290268\" class=\"text\">\n\t\t\n<h2>Comment faisons-nous \u00e7a?<\/h2>\n\t\t\n<style>\n#text-75290268 {\n  font-size: 2rem;\n}\n<\/style>\n\t<\/div>\n\t\n\t\t<\/div>\n\t\t\t\t\t<\/div>\n\n\t\n<\/div>\n<div class=\"row row-small row-full-width align-equal\"  id=\"row-1213578185\">\n\n\t<div id=\"col-1969912669\" class=\"col medium-4 small-12 large-4\"  >\n\t\t\t\t<div class=\"col-inner text-center\"  >\n\t\t\t\n\t\t\t\n\t<div id=\"text-2227577254\" class=\"text\">\n\t\t\n<h4><strong>MAT\u00c9RIAUX NATURELS<\/strong><\/h4>\n<p>Nous avons utilis\u00e9 99% de mat\u00e9riaux naturels et renouvelables lors de la fabrication des serres.<\/p>\n\t\t\n<style>\n#text-2227577254 {\n  font-size: 1rem;\n}\n<\/style>\n\t<\/div>\n\t\n\t\t<\/div>\n\t\t\t\t\n<style>\n#col-1969912669 > .col-inner {\n  padding: 45px 30px 30px 30px;\n}\n@media (min-width:550px) {\n  #col-1969912669 > .col-inner {\n    padding: 45px 30px 0px 30px;\n  }\n}\n<\/style>\n\t<\/div>\n\n\t\n\n\t<div id=\"col-1582694705\" class=\"col medium-4 small-12 large-4\"  >\n\t\t\t\t<div class=\"col-inner text-center\"  >\n\t\t\t\n\t\t\t\n\t<div id=\"text-2537603776\" class=\"text\">\n\t\t\n<h4><strong>BOIS<\/strong><\/h4>\n<p>Tous nos fournisseurs de mat\u00e9riaux en bois doivent avoir la certification <strong>FSC<\/strong>.<\/p>\n\t\t\n<style>\n#text-2537603776 {\n  font-size: 1rem;\n}\n<\/style>\n\t<\/div>\n\t\n\t\t<\/div>\n\t\t\t\t\n<style>\n#col-1582694705 > .col-inner {\n  padding: 45px 30px 30px 30px;\n}\n@media (min-width:550px) {\n  #col-1582694705 > .col-inner {\n    padding: 45px 30px 0px 30px;\n  }\n}\n<\/style>\n\t<\/div>\n\n\t\n\n\t<div id=\"col-1888662472\" class=\"col medium-4 small-12 large-4\"  >\n\t\t\t\t<div class=\"col-inner text-center\"  >\n\t\t\t\n\t\t\t\n\t<div id=\"text-3550416390\" class=\"text\">\n\t\t\n<h4><strong>DESIGN INTEMPOREL<\/strong><\/h4>\n<p>Les tendances vont et viennent. Les serres L\u00e4he ont un design intemporel et conviennent \u00e0 tous les environnements.<\/p>\n\t\t\n<style>\n#text-3550416390 {\n  font-size: 1rem;\n}\n<\/style>\n\t<\/div>\n\t\n\t\t<\/div>\n\t\t\t\t\n<style>\n#col-1888662472 > .col-inner {\n  padding: 45px 30px 30px 30px;\n}\n@media (min-width:550px) {\n  #col-1888662472 > .col-inner {\n    padding: 45px 30px 0px 30px;\n  }\n}\n<\/style>\n\t<\/div>\n\n\t\n<\/div>\n<div class=\"row row-small row-full-width align-equal\"  id=\"row-2016771695\">\n\n\t<div id=\"col-1689927212\" class=\"col medium-4 small-12 large-4\"  >\n\t\t\t\t<div class=\"col-inner text-center\"  >\n\t\t\t\n\t\t\t\n\t<div id=\"text-4277734862\" class=\"text\">\n\t\t\n<h4><strong>PRODUCTION EFFICACE<\/strong><\/h4>\n<p>Gr\u00e2ce au processus de production efficace, tr\u00e8s peu de r\u00e9sidus sont g\u00e9n\u00e9r\u00e9s lors de la production des serres L\u00e4he, et cela n&rsquo;est pas nocif pour l&rsquo;environnement.<\/p>\n\t\t\n<style>\n#text-4277734862 {\n  font-size: 1rem;\n}\n<\/style>\n\t<\/div>\n\t\n\t\t<\/div>\n\t\t\t\t\n<style>\n#col-1689927212 > .col-inner {\n  padding: 45px 30px 30px 30px;\n}\n@media (min-width:550px) {\n  #col-1689927212 > .col-inner {\n    padding: 45px 30px 0px 30px;\n  }\n}\n<\/style>\n\t<\/div>\n\n\t\n\n\t<div id=\"col-2095410360\" class=\"col medium-4 small-12 large-4\"  >\n\t\t\t\t<div class=\"col-inner text-center\"  >\n\t\t\t\n\t\t\t\n\t<div id=\"text-2932646241\" class=\"text\">\n\t\t\n<h4><strong>CONSTRUIT POUR DURER<\/strong><\/h4>\n<p>Il y a trop de produits qui ont une dur\u00e9e de vie tr\u00e8s courte. Les serres L\u00e4he sont construites pour \u00eatre durables et ont une dur\u00e9e de vie pr\u00e9vue de 50 ans.<\/p>\n\t\t\n<style>\n#text-2932646241 {\n  font-size: 1rem;\n}\n<\/style>\n\t<\/div>\n\t\n\t\t<\/div>\n\t\t\t\t\n<style>\n#col-2095410360 > .col-inner {\n  padding: 45px 30px 30px 30px;\n}\n@media (min-width:550px) {\n  #col-2095410360 > .col-inner {\n    padding: 45px 30px 0px 30px;\n  }\n}\n<\/style>\n\t<\/div>\n\n\t\n\n\t<div id=\"col-1415613672\" class=\"col medium-4 small-12 large-4\"  >\n\t\t\t\t<div class=\"col-inner text-center\"  >\n\t\t\t\n\t\t\t\n\t<div id=\"text-4290082314\" class=\"text\">\n\t\t\n<h4><strong>R\u00c9UTILISABLE<\/strong><\/h4>\n<p>Lors du d\u00e9m\u00e9nagement, il est possible de d\u00e9monter la serre L\u00e4he et de la d\u00e9placer vers un nouvel endroit. Pas besoin d&rsquo;en acheter un nouveau.<\/p>\n\t\t\n<style>\n#text-4290082314 {\n  font-size: 1rem;\n}\n<\/style>\n\t<\/div>\n\t\n\t\t<\/div>\n\t\t\t\t\n<style>\n#col-1415613672 > .col-inner {\n  padding: 45px 30px 30px 30px;\n}\n@media (min-width:550px) {\n  #col-1415613672 > .col-inner {\n    padding: 45px 30px 0px 30px;\n  }\n}\n<\/style>\n\t<\/div>\n\n\t\n<\/div>\n\t\t<\/div>\n\n\t\t\n<style>\n#section_1072785281 {\n  padding-top: 50px;\n  padding-bottom: 50px;\n  min-height: 600px;\n  background-color: rgb(210, 210, 210);\n}\n@media (min-width:550px) {\n  #section_1072785281 {\n    padding-top: 30px;\n    padding-bottom: 30px;\n  }\n}\n<\/style>\n\t<\/section>\n\t\n","protected":false},"excerpt":{"rendered":"","protected":false},"author":1,"featured_media":11539,"parent":0,"menu_order":0,"comment_status":"closed","ping_status":"closed","template":"page-transparent-header-light.php","meta":{"footnotes":""},"class_list":["post-15227","page","type-page","status-publish","has-post-thumbnail","hentry"],"yoast_head":"<!-- This site is optimized with the Yoast SEO plugin v27.4 - https:\/\/yoast.com\/product\/yoast-seo-wordpress\/ -->\n<title>Durabilit\u00e9 - L\u00e4he House<\/title>\n<meta name=\"robots\" content=\"index, follow, max-snippet:-1, max-image-preview:large, max-video-preview:-1\" \/>\n<link rel=\"canonical\" href=\"https:\/\/lahehouse.com\/fr\/durabilite\/\" \/>\n<meta property=\"og:locale\" content=\"fr_FR\" \/>\n<meta property=\"og:type\" content=\"article\" \/>\n<meta property=\"og:title\" content=\"Durabilit\u00e9 - L\u00e4he House\" \/>\n<meta property=\"og:url\" content=\"https:\/\/lahehouse.com\/fr\/durabilite\/\" \/>\n<meta property=\"og:site_name\" content=\"L\u00e4he House\" \/>\n<meta property=\"article:modified_time\" content=\"2023-01-26T13:09:28+00:00\" \/>\n<meta property=\"og:image\" content=\"https:\/\/lahehouse.com\/wp-content\/uploads\/2022\/11\/Greenhouses-1.jpeg\" \/>\n\t<meta property=\"og:image:width\" content=\"1920\" \/>\n\t<meta property=\"og:image:height\" content=\"1080\" \/>\n\t<meta property=\"og:image:type\" content=\"image\/jpeg\" \/>\n<meta name=\"twitter:card\" content=\"summary_large_image\" \/>\n<meta name=\"twitter:label1\" content=\"Dur\u00e9e de lecture estim\u00e9e\" \/>\n\t<meta name=\"twitter:data1\" content=\"2 minutes\" \/>\n<script type=\"application\/ld+json\" class=\"yoast-schema-graph\">{\"@context\":\"https:\\\/\\\/schema.org\",\"@graph\":[{\"@type\":\"WebPage\",\"@id\":\"https:\\\/\\\/lahehouse.com\\\/fr\\\/durabilite\\\/\",\"url\":\"https:\\\/\\\/lahehouse.com\\\/fr\\\/durabilite\\\/\",\"name\":\"Durabilit\u00e9 - L\u00e4he House\",\"isPartOf\":{\"@id\":\"https:\\\/\\\/lahehouse.com\\\/#website\"},\"primaryImageOfPage\":{\"@id\":\"https:\\\/\\\/lahehouse.com\\\/fr\\\/durabilite\\\/#primaryimage\"},\"image\":{\"@id\":\"https:\\\/\\\/lahehouse.com\\\/fr\\\/durabilite\\\/#primaryimage\"},\"thumbnailUrl\":\"https:\\\/\\\/lahehouse.com\\\/wp-content\\\/uploads\\\/2022\\\/11\\\/Greenhouses-1.jpeg\",\"datePublished\":\"2023-01-26T07:45:20+00:00\",\"dateModified\":\"2023-01-26T13:09:28+00:00\",\"breadcrumb\":{\"@id\":\"https:\\\/\\\/lahehouse.com\\\/fr\\\/durabilite\\\/#breadcrumb\"},\"inLanguage\":\"fr-FR\",\"potentialAction\":[{\"@type\":\"ReadAction\",\"target\":[\"https:\\\/\\\/lahehouse.com\\\/fr\\\/durabilite\\\/\"]}]},{\"@type\":\"ImageObject\",\"inLanguage\":\"fr-FR\",\"@id\":\"https:\\\/\\\/lahehouse.com\\\/fr\\\/durabilite\\\/#primaryimage\",\"url\":\"https:\\\/\\\/lahehouse.com\\\/wp-content\\\/uploads\\\/2022\\\/11\\\/Greenhouses-1.jpeg\",\"contentUrl\":\"https:\\\/\\\/lahehouse.com\\\/wp-content\\\/uploads\\\/2022\\\/11\\\/Greenhouses-1.jpeg\",\"width\":1920,\"height\":1080},{\"@type\":\"BreadcrumbList\",\"@id\":\"https:\\\/\\\/lahehouse.com\\\/fr\\\/durabilite\\\/#breadcrumb\",\"itemListElement\":[{\"@type\":\"ListItem\",\"position\":1,\"name\":\"Home\",\"item\":\"https:\\\/\\\/lahehouse.com\\\/fr\\\/\"},{\"@type\":\"ListItem\",\"position\":2,\"name\":\"Durabilit\u00e9\"}]},{\"@type\":\"WebSite\",\"@id\":\"https:\\\/\\\/lahehouse.com\\\/#website\",\"url\":\"https:\\\/\\\/lahehouse.com\\\/\",\"name\":\"L\u00e4he House\",\"description\":\"Wooden greenhouses\",\"publisher\":{\"@id\":\"https:\\\/\\\/lahehouse.com\\\/#organization\"},\"potentialAction\":[{\"@type\":\"SearchAction\",\"target\":{\"@type\":\"EntryPoint\",\"urlTemplate\":\"https:\\\/\\\/lahehouse.com\\\/?s={search_term_string}\"},\"query-input\":{\"@type\":\"PropertyValueSpecification\",\"valueRequired\":true,\"valueName\":\"search_term_string\"}}],\"inLanguage\":\"fr-FR\"},{\"@type\":\"Organization\",\"@id\":\"https:\\\/\\\/lahehouse.com\\\/#organization\",\"name\":\"L\u00e4he House\",\"url\":\"https:\\\/\\\/lahehouse.com\\\/\",\"logo\":{\"@type\":\"ImageObject\",\"inLanguage\":\"fr-FR\",\"@id\":\"https:\\\/\\\/lahehouse.com\\\/#\\\/schema\\\/logo\\\/image\\\/\",\"url\":\"https:\\\/\\\/lahehouse.com\\\/wp-content\\\/uploads\\\/2022\\\/11\\\/Greenhouses-1.jpeg\",\"contentUrl\":\"https:\\\/\\\/lahehouse.com\\\/wp-content\\\/uploads\\\/2022\\\/11\\\/Greenhouses-1.jpeg\",\"width\":1920,\"height\":1080,\"caption\":\"L\u00e4he House\"},\"image\":{\"@id\":\"https:\\\/\\\/lahehouse.com\\\/#\\\/schema\\\/logo\\\/image\\\/\"}}]}<\/script>\n<!-- \/ Yoast SEO plugin. -->","yoast_head_json":{"title":"Durabilit\u00e9 - L\u00e4he House","robots":{"index":"index","follow":"follow","max-snippet":"max-snippet:-1","max-image-preview":"max-image-preview:large","max-video-preview":"max-video-preview:-1"},"canonical":"https:\/\/lahehouse.com\/fr\/durabilite\/","og_locale":"fr_FR","og_type":"article","og_title":"Durabilit\u00e9 - L\u00e4he House","og_url":"https:\/\/lahehouse.com\/fr\/durabilite\/","og_site_name":"L\u00e4he House","article_modified_time":"2023-01-26T13:09:28+00:00","og_image":[{"width":1920,"height":1080,"url":"https:\/\/lahehouse.com\/wp-content\/uploads\/2022\/11\/Greenhouses-1.jpeg","type":"image\/jpeg"}],"twitter_card":"summary_large_image","twitter_misc":{"Dur\u00e9e de lecture estim\u00e9e":"2 minutes"},"schema":{"@context":"https:\/\/schema.org","@graph":[{"@type":"WebPage","@id":"https:\/\/lahehouse.com\/fr\/durabilite\/","url":"https:\/\/lahehouse.com\/fr\/durabilite\/","name":"Durabilit\u00e9 - L\u00e4he House","isPartOf":{"@id":"https:\/\/lahehouse.com\/#website"},"primaryImageOfPage":{"@id":"https:\/\/lahehouse.com\/fr\/durabilite\/#primaryimage"},"image":{"@id":"https:\/\/lahehouse.com\/fr\/durabilite\/#primaryimage"},"thumbnailUrl":"https:\/\/lahehouse.com\/wp-content\/uploads\/2022\/11\/Greenhouses-1.jpeg","datePublished":"2023-01-26T07:45:20+00:00","dateModified":"2023-01-26T13:09:28+00:00","breadcrumb":{"@id":"https:\/\/lahehouse.com\/fr\/durabilite\/#breadcrumb"},"inLanguage":"fr-FR","potentialAction":[{"@type":"ReadAction","target":["https:\/\/lahehouse.com\/fr\/durabilite\/"]}]},{"@type":"ImageObject","inLanguage":"fr-FR","@id":"https:\/\/lahehouse.com\/fr\/durabilite\/#primaryimage","url":"https:\/\/lahehouse.com\/wp-content\/uploads\/2022\/11\/Greenhouses-1.jpeg","contentUrl":"https:\/\/lahehouse.com\/wp-content\/uploads\/2022\/11\/Greenhouses-1.jpeg","width":1920,"height":1080},{"@type":"BreadcrumbList","@id":"https:\/\/lahehouse.com\/fr\/durabilite\/#breadcrumb","itemListElement":[{"@type":"ListItem","position":1,"name":"Home","item":"https:\/\/lahehouse.com\/fr\/"},{"@type":"ListItem","position":2,"name":"Durabilit\u00e9"}]},{"@type":"WebSite","@id":"https:\/\/lahehouse.com\/#website","url":"https:\/\/lahehouse.com\/","name":"L\u00e4he House","description":"Wooden greenhouses","publisher":{"@id":"https:\/\/lahehouse.com\/#organization"},"potentialAction":[{"@type":"SearchAction","target":{"@type":"EntryPoint","urlTemplate":"https:\/\/lahehouse.com\/?s={search_term_string}"},"query-input":{"@type":"PropertyValueSpecification","valueRequired":true,"valueName":"search_term_string"}}],"inLanguage":"fr-FR"},{"@type":"Organization","@id":"https:\/\/lahehouse.com\/#organization","name":"L\u00e4he House","url":"https:\/\/lahehouse.com\/","logo":{"@type":"ImageObject","inLanguage":"fr-FR","@id":"https:\/\/lahehouse.com\/#\/schema\/logo\/image\/","url":"https:\/\/lahehouse.com\/wp-content\/uploads\/2022\/11\/Greenhouses-1.jpeg","contentUrl":"https:\/\/lahehouse.com\/wp-content\/uploads\/2022\/11\/Greenhouses-1.jpeg","width":1920,"height":1080,"caption":"L\u00e4he House"},"image":{"@id":"https:\/\/lahehouse.com\/#\/schema\/logo\/image\/"}}]}},"_links":{"self":[{"href":"https:\/\/lahehouse.com\/fr\/wp-json\/wp\/v2\/pages\/15227","targetHints":{"allow":["GET"]}}],"collection":[{"href":"https:\/\/lahehouse.com\/fr\/wp-json\/wp\/v2\/pages"}],"about":[{"href":"https:\/\/lahehouse.com\/fr\/wp-json\/wp\/v2\/types\/page"}],"author":[{"embeddable":true,"href":"https:\/\/lahehouse.com\/fr\/wp-json\/wp\/v2\/users\/1"}],"replies":[{"embeddable":true,"href":"https:\/\/lahehouse.com\/fr\/wp-json\/wp\/v2\/comments?post=15227"}],"version-history":[{"count":7,"href":"https:\/\/lahehouse.com\/fr\/wp-json\/wp\/v2\/pages\/15227\/revisions"}],"predecessor-version":[{"id":15608,"href":"https:\/\/lahehouse.com\/fr\/wp-json\/wp\/v2\/pages\/15227\/revisions\/15608"}],"wp:featuredmedia":[{"embeddable":true,"href":"https:\/\/lahehouse.com\/fr\/wp-json\/wp\/v2\/media\/11539"}],"wp:attachment":[{"href":"https:\/\/lahehouse.com\/fr\/wp-json\/wp\/v2\/media?parent=15227"}],"curies":[{"name":"wp","href":"https:\/\/api.w.org\/{rel}","templated":true}]}}