{"id":8949,"date":"2018-12-14T10:05:20","date_gmt":"2018-12-14T10:05:20","guid":{"rendered":"https:\/\/lahehouse.com\/accueil\/"},"modified":"2023-01-26T13:54:50","modified_gmt":"2023-01-26T13:54:50","slug":"parallax-shop-2","status":"publish","type":"page","link":"https:\/\/lahehouse.com\/fr\/","title":{"rendered":"Accueil"},"content":{"rendered":"\n  <div class=\"banner has-hover is-full-height\" id=\"banner-1902016433\">\n          <div class=\"banner-inner fill\">\n        <div class=\"banner-bg fill\" >\n            <img loading=\"lazy\" decoding=\"async\" width=\"1920\" height=\"1080\" src=\"https:\/\/lahehouse.com\/wp-content\/uploads\/2023\/01\/Serres-1.jpeg\" class=\"bg attachment-original size-original\" alt=\"\" \/>                        <div class=\"overlay\"><\/div>            \n                    <\/div>\n\t\t\n        <div class=\"banner-layers container\">\n            <div class=\"fill banner-link\"><\/div>            \n   <div id=\"text-box-338435915\" class=\"text-box banner-layer x50 md-x50 lg-x50 y50 md-y50 lg-y50 res-text\">\n                     <div data-animate=\"none\">           <div class=\"text-box-content text dark\">\n              \n              <div class=\"text-inner text-center\">\n                  \n\t<div id=\"text-74539740\" class=\"text\">\n\t\t\n<h1 class=\"uppercase\">SERRES EN BOIS DE HAUTE QUALIT\u00c9<\/h1>\n\t\t\n<style>\n#text-74539740 {\n  font-size: 0.75rem;\n  text-align: center;\n}\n<\/style>\n\t<\/div>\n\t\n              <\/div>\n           <\/div>\n       <\/div>                     \n<style>\n#text-box-338435915 {\n  width: 95%;\n}\n#text-box-338435915 .text-box-content {\n  font-size: 100%;\n}\n@media (min-width:550px) {\n  #text-box-338435915 {\n    width: 50%;\n  }\n}\n<\/style>\n    <\/div>\n \n        <\/div>\n      <\/div>\n\n            \n<style>\n#banner-1902016433 {\n  padding-top: 100%;\n}\n#banner-1902016433 .overlay {\n  background-color: rgba(0, 0, 0, 0.3);\n}\n#banner-1902016433 .banner-bg img {\n  object-position: 85% 56%;\n}\n@media (min-width:550px) {\n  #banner-1902016433 .overlay {\n    background-color: rgba(0, 0, 0, 0.4);\n  }\n}\n<\/style>\n  <\/div>\n\n\n\n  <div class=\"banner has-hover\" id=\"banner-1517847056\">\n          <div class=\"banner-inner fill\">\n        <div class=\"banner-bg fill\" >\n                                                \n                    <\/div>\n\t\t\n        <div class=\"banner-layers container\">\n            <div class=\"fill banner-link\"><\/div>            \n   <div id=\"text-box-1571457405\" class=\"text-box banner-layer x50 md-x50 lg-x50 y50 md-y50 lg-y50 res-text\">\n                                <div class=\"text-box-content text \">\n              \n              <div class=\"text-inner text-center\">\n                  \n\t<div id=\"text-767174854\" class=\"text\">\n\t\t\n<h4 class=\"uppercase\">SERRES EN BOIS L\u00c4HE<\/h4>\n\t\t\n<style>\n#text-767174854 {\n  font-size: 1.5rem;\n}\n<\/style>\n\t<\/div>\n\t\n<p>Notre engagement envers le bois nous a inspir\u00e9s pour cr\u00e9er quelque chose d&rsquo;unique et de fonctionnel &#8211; une serre en bois moderne. Nos artisans utilisent tout leur savoir-faire et leur exp\u00e9rience pour cr\u00e9er une v\u00e9ritable \u0153uvre d&rsquo;art. Nous avons impos\u00e9 des exigences \u00e9lev\u00e9es \u00e0 chaque serre et tous les mat\u00e9riaux ont \u00e9t\u00e9 s\u00e9lectionn\u00e9s avec soin et pr\u00e9cision. Nos serres en bois ont \u00e9t\u00e9 test\u00e9es dans des conditions m\u00e9t\u00e9orologiques nordiques difficiles et am\u00e9lior\u00e9es avec des solutions technologiques modernes.<\/p>\n<p>En tant que l&rsquo;un des plus grands fabricants de serres en thermobois de l&rsquo;Union europ\u00e9enne, nous proposons diverses serres dans notre s\u00e9lection, toutes con\u00e7ues avec \u00e9l\u00e9gance et s&rsquo;adaptant bien au 21e si\u00e8cle. Toutes nos serres en bois sont con\u00e7ues et fabriqu\u00e9es en UE.<\/p>\n<a href=\"https:\/\/lahehouse.com\/fr\/produits\/\" class=\"button primary is-outline is-large reveal-icon\" style=\"border-radius:99px;\">\n\t\t<span>Produits<\/span>\n\t<i class=\"icon-play\" aria-hidden=\"true\"><\/i><\/a>\n\n              <\/div>\n           <\/div>\n                            \n<style>\n#text-box-1571457405 {\n  width: 80%;\n}\n#text-box-1571457405 .text-box-content {\n  font-size: 100%;\n}\n<\/style>\n    <\/div>\n \n        <\/div>\n      <\/div>\n\n            \n<style>\n#banner-1517847056 {\n  padding-top: 550px;\n  background-color: rgb(210, 210, 210);\n}\n<\/style>\n  <\/div>\n\n\n\n  <div class=\"banner has-hover\" id=\"banner-1367961276\">\n          <div class=\"banner-inner fill\">\n        <div class=\"banner-bg fill\" >\n            <img loading=\"lazy\" decoding=\"async\" width=\"1920\" height=\"2194\" src=\"https:\/\/lahehouse.com\/wp-content\/uploads\/2023\/01\/Serres-2.png\" class=\"bg attachment-original size-original\" alt=\"\" \/>                                    \n                    <\/div>\n\t\t\n        <div class=\"banner-layers container\">\n            <div class=\"fill banner-link\"><\/div>            \n   <div id=\"text-box-1970800554\" class=\"text-box banner-layer hide-for-medium x50 md-x50 lg-x50 y35 md-y35 lg-y35 res-text\">\n                                <div class=\"text-box-content text \">\n              \n              <div class=\"text-inner text-center\">\n                  \n\t<div id=\"text-3952806802\" class=\"text\">\n\t\t\n<p>CONCEPTION UNIQUE ET BREVET\u00c9E<\/p>\n\t\t\n<style>\n#text-3952806802 {\n  font-size: 2rem;\n}\n<\/style>\n\t<\/div>\n\t\n              <\/div>\n           <\/div>\n                            \n<style>\n#text-box-1970800554 {\n  width: 50%;\n}\n#text-box-1970800554 .text-box-content {\n  font-size: 100%;\n  transform: rotate(-90deg);\n}\n<\/style>\n    <\/div>\n \n        <\/div>\n      <\/div>\n\n              <div class=\"height-fix is-invisible\"><img loading=\"lazy\" decoding=\"async\" width=\"1920\" height=\"2194\" src=\"https:\/\/lahehouse.com\/wp-content\/uploads\/2023\/01\/Serres-2.png\" class=\"attachment-original size-original\" alt=\"\" srcset=\"https:\/\/lahehouse.com\/wp-content\/uploads\/2023\/01\/Serres-2.png 1920w, https:\/\/lahehouse.com\/wp-content\/uploads\/2023\/01\/Serres-2-350x400.png 350w, https:\/\/lahehouse.com\/wp-content\/uploads\/2023\/01\/Serres-2-700x800.png 700w, https:\/\/lahehouse.com\/wp-content\/uploads\/2023\/01\/Serres-2-768x878.png 768w, https:\/\/lahehouse.com\/wp-content\/uploads\/2023\/01\/Serres-2-1344x1536.png 1344w, https:\/\/lahehouse.com\/wp-content\/uploads\/2023\/01\/Serres-2-1792x2048.png 1792w, https:\/\/lahehouse.com\/wp-content\/uploads\/2023\/01\/Serres-2-600x686.png 600w\" sizes=\"auto, (max-width: 1920px) 100vw, 1920px\" \/><\/div>\n            \n<style>\n#banner-1367961276 .overlay {\n  background-color: rgba(0, 0, 0, 0.3);\n}\n#banner-1367961276 {\n  background-color: rgb(210, 210, 210);\n}\n#banner-1367961276 .banner-bg img {\n  object-position: 50% 0%;\n}\n<\/style>\n  <\/div>\n\n\n\n  <div class=\"banner has-hover\" id=\"banner-2104579893\">\n          <div class=\"banner-inner fill\">\n        <div class=\"banner-bg fill\" >\n                                                \n                    <\/div>\n\t\t\n        <div class=\"banner-layers container\">\n            <div class=\"fill banner-link\"><\/div>            \n   <div id=\"text-box-864086400\" class=\"text-box banner-layer x50 md-x50 lg-x50 y50 md-y50 lg-y50 res-text\">\n                                <div class=\"text-box-content text \">\n              \n              <div class=\"text-inner text-center\">\n                  \n\t<div id=\"text-3842499745\" class=\"text\">\n\t\t\n<h5 class=\"uppercase\">SEULEMENT LES MEILLEURS MAT\u00c9RIAUX<\/h5>\n\t\t\n<style>\n#text-3842499745 {\n  font-size: 2rem;\n}\n<\/style>\n\t<\/div>\n\t\n<p>Pour toutes nos serres en bois, nous n&rsquo;utilisons que les meilleurs mat\u00e9riaux, qui sont d\u00e9velopp\u00e9s avec pr\u00e9cision jusque dans les moindres d\u00e9tails. Des mat\u00e9riaux modernes sont combin\u00e9s pour cr\u00e9er une serre pas comme les autres. Nos serres sont fabriqu\u00e9es en bois naturel trait\u00e9 thermiquement (thermowood). Le bois a une \u00e9l\u00e9gance et un style intemporels, et sa puret\u00e9 naturelle donne une sensation chaleureuse et apaisante.<\/p>\n<p>Nous pensons que l&rsquo;utilisation des meilleurs mat\u00e9riaux garantit un r\u00e9sultat impeccable qui durera des d\u00e9cennies. En ce qui concerne les serres en bois L\u00e4he, vous pouvez \u00eatre s\u00fbr que tout le bois utilis\u00e9 est de haute qualit\u00e9, d&rsquo;origine \u00e9thique et certifi\u00e9 FSC.<\/p>\n<a href=\"https:\/\/lahehouse.com\/fr\/information\/\" class=\"button primary is-outline is-large reveal-icon\" style=\"border-radius:99px;\">\n\t\t<span>LIRE LA SUITE<\/span>\n\t<i class=\"icon-play\" aria-hidden=\"true\"><\/i><\/a>\n\n              <\/div>\n           <\/div>\n                            \n<style>\n#text-box-864086400 {\n  width: 80%;\n}\n#text-box-864086400 .text-box-content {\n  font-size: 100%;\n}\n<\/style>\n    <\/div>\n \n        <\/div>\n      <\/div>\n\n            \n<style>\n#banner-2104579893 {\n  padding-top: 550px;\n  background-color: rgb(210, 210, 210);\n}\n<\/style>\n  <\/div>\n\n\n\n  <div class=\"banner has-hover has-video is-full-height\" id=\"banner-1470111038\">\n          <div class=\"banner-inner fill\">\n        <div class=\"banner-bg fill\" >\n                        \t<div class=\"video-overlay no-click fill visible\"><\/div>\n\t<video class=\"video-bg fill visible\" preload playsinline autoplay muted loop>\n\t\t<source src=\"https:\/\/lahehouse.com\/wp-content\/uploads\/2023\/01\/Serres-video.mov\" type=\"video\/mp4\">\t<\/video>\n            <div class=\"overlay\"><\/div>            \n                    <\/div>\n\t\t\n        <div class=\"banner-layers container\">\n            <div class=\"fill banner-link\"><\/div>            \n        <\/div>\n      <\/div>\n\n            \n<style>\n#banner-1470111038 {\n  padding-top: 100%;\n}\n#banner-1470111038 .overlay {\n  background-color: rgba(0, 0, 0, 0.3);\n}\n@media (min-width:550px) {\n  #banner-1470111038 .overlay {\n    background-color: rgba(0, 0, 0, 0.3);\n  }\n}\n<\/style>\n  <\/div>\n\n\n\n  <div class=\"banner has-hover\" id=\"banner-219028153\">\n          <div class=\"banner-inner fill\">\n        <div class=\"banner-bg fill\" >\n                                                \n                    <\/div>\n\t\t\n        <div class=\"banner-layers container\">\n            <div class=\"fill banner-link\"><\/div>            \n   <div id=\"text-box-26729884\" class=\"text-box banner-layer x50 md-x50 lg-x50 y50 md-y50 lg-y50 res-text\">\n                                <div class=\"text-box-content text \">\n              \n              <div class=\"text-inner text-center\">\n                  \n\t<div id=\"text-2887362437\" class=\"text\">\n\t\t\n<h5 class=\"uppercase\">RESSENTEZ ET PROFITEZ<\/h5>\n\t\t\n<style>\n#text-2887362437 {\n  font-size: 2rem;\n}\n<\/style>\n\t<\/div>\n\t\n<p>Des \u00e9l\u00e9ments de serre solides mais minces garantissent un maximum d&rsquo;espace et de lumi\u00e8re tout en cr\u00e9ant une esth\u00e9tique moderne et \u00e9l\u00e9gante. Une huile ou une peinture naturelle de haute qualit\u00e9 est utilis\u00e9e pour la finition. Le r\u00e9sultat final est enti\u00e8rement durable et r\u00e9sistant aux intemp\u00e9ries. La serre en bois L\u00e4he donne \u00e0 votre jardin un aspect luxueux.<\/p>\n<p>Une serre en bois faite \u00e0 la main est votre investissement. Parce qu&rsquo;il dure des d\u00e9cennies, il stocke des souvenirs et accumule de la valeur dans votre maison. Une \u0153uvre d&rsquo;art accrocheuse qui vous donne la possibilit\u00e9 de vous d\u00e9marquer.<\/p>\n<a href=\"https:\/\/lahehouse.com\/fr\/galerie\/\" class=\"button primary is-outline is-large reveal-icon\" style=\"border-radius:99px;\">\n\t\t<span>VOIR LA GALERIE<\/span>\n\t<i class=\"icon-play\" aria-hidden=\"true\"><\/i><\/a>\n\n              <\/div>\n           <\/div>\n                            \n<style>\n#text-box-26729884 {\n  width: 80%;\n}\n#text-box-26729884 .text-box-content {\n  font-size: 100%;\n}\n<\/style>\n    <\/div>\n \n        <\/div>\n      <\/div>\n\n            \n<style>\n#banner-219028153 {\n  padding-top: 550px;\n  background-color: rgb(210, 210, 210);\n}\n<\/style>\n  <\/div>\n\n\n\n  <div class=\"banner has-hover\" id=\"banner-1425309322\">\n          <div class=\"banner-inner fill\">\n        <div class=\"banner-bg fill\" >\n            <img loading=\"lazy\" decoding=\"async\" width=\"1920\" height=\"1940\" src=\"https:\/\/lahehouse.com\/wp-content\/uploads\/2023\/01\/Serres-3.png\" class=\"bg attachment-original size-original\" alt=\"\" \/>                                    \n                    <\/div>\n\t\t\n        <div class=\"banner-layers container\">\n            <div class=\"fill banner-link\"><\/div>            \n   <div id=\"text-box-593038981\" class=\"text-box banner-layer hide-for-medium x10 md-x10 lg-x10 y45 md-y45 lg-y45 res-text\">\n                                <div class=\"text-box-content text \">\n              \n              <div class=\"text-inner text-center\">\n                  \n\t<div id=\"text-369002950\" class=\"text\">\n\t\t\n<p>EN BOIS THERMO-TRAIT\u00c9<\/p>\n\t\t\n<style>\n#text-369002950 {\n  font-size: 2rem;\n}\n<\/style>\n\t<\/div>\n\t\n              <\/div>\n           <\/div>\n                            \n<style>\n#text-box-593038981 {\n  width: 35%;\n}\n#text-box-593038981 .text-box-content {\n  font-size: 100%;\n}\n<\/style>\n    <\/div>\n \n        <\/div>\n      <\/div>\n\n              <div class=\"height-fix is-invisible\"><img loading=\"lazy\" decoding=\"async\" width=\"1920\" height=\"1940\" src=\"https:\/\/lahehouse.com\/wp-content\/uploads\/2023\/01\/Serres-3.png\" class=\"attachment-original size-original\" alt=\"\" srcset=\"https:\/\/lahehouse.com\/wp-content\/uploads\/2023\/01\/Serres-3.png 1920w, https:\/\/lahehouse.com\/wp-content\/uploads\/2023\/01\/Serres-3-396x400.png 396w, https:\/\/lahehouse.com\/wp-content\/uploads\/2023\/01\/Serres-3-792x800.png 792w, https:\/\/lahehouse.com\/wp-content\/uploads\/2023\/01\/Serres-3-768x776.png 768w, https:\/\/lahehouse.com\/wp-content\/uploads\/2023\/01\/Serres-3-1520x1536.png 1520w, https:\/\/lahehouse.com\/wp-content\/uploads\/2023\/01\/Serres-3-600x606.png 600w, https:\/\/lahehouse.com\/wp-content\/uploads\/2023\/01\/Serres-3-100x100.png 100w\" sizes=\"auto, (max-width: 1920px) 100vw, 1920px\" \/><\/div>\n            \n<style>\n#banner-1425309322 .overlay {\n  background-color: rgba(0, 0, 0, 0.3);\n}\n#banner-1425309322 {\n  background-color: rgb(210, 210, 210);\n}\n#banner-1425309322 .banner-bg img {\n  object-position: 50% 0%;\n}\n<\/style>\n  <\/div>\n\n\n\n  <div class=\"banner has-hover\" id=\"banner-681089872\">\n          <div class=\"banner-inner fill\">\n        <div class=\"banner-bg fill\" >\n                                                \n                    <\/div>\n\t\t\n        <div class=\"banner-layers container\">\n            <div class=\"fill banner-link\"><\/div>            \n   <div id=\"text-box-1513716723\" class=\"text-box banner-layer x50 md-x50 lg-x50 y50 md-y50 lg-y50 res-text\">\n                                <div class=\"text-box-content text \">\n              \n              <div class=\"text-inner text-center\">\n                  \n\t<div id=\"text-640171379\" class=\"text\">\n\t\t\n<h5 class=\"uppercase\">PAVILLON, CAF\u00c9 OU JARDIN D&rsquo;HIVER<\/h5>\n\t\t\n<style>\n#text-640171379 {\n  font-size: 2rem;\n}\n<\/style>\n\t<\/div>\n\t\n<p>Nos serres en bois ne sont pas seulement cr\u00e9\u00e9es pour les amateurs de produits frais. Les serres en bois L\u00e4he ont leur place dans l&rsquo;environnement urbain entre la circulation dense et les immeubles imposants. Nos \u00e9l\u00e9gantes serres en thermobois ont \u00e9galement leur place dans un restaurant, un pavillon de vente, un caf\u00e9, une aire de loisirs ou simplement comme un espace vert joyeux dans notre vie urbaine quotidienne tr\u00e9pidante.<\/p>\n<a href=\"https:\/\/lahehouse.com\/fr\/produits\/\" class=\"button primary is-outline is-large reveal-icon\" style=\"border-radius:99px;\">\n\t\t<span>Produits<\/span>\n\t<i class=\"icon-play\" aria-hidden=\"true\"><\/i><\/a>\n\n              <\/div>\n           <\/div>\n                            \n<style>\n#text-box-1513716723 {\n  width: 80%;\n}\n#text-box-1513716723 .text-box-content {\n  font-size: 100%;\n}\n<\/style>\n    <\/div>\n \n        <\/div>\n      <\/div>\n\n            \n<style>\n#banner-681089872 {\n  padding-top: 550px;\n  background-color: rgb(210, 210, 210);\n}\n<\/style>\n  <\/div>\n\n\n\n  <div class=\"banner has-hover is-full-height\" id=\"banner-694733077\">\n          <div class=\"banner-inner fill\">\n        <div class=\"banner-bg fill\" >\n            <img loading=\"lazy\" decoding=\"async\" width=\"1920\" height=\"1080\" src=\"https:\/\/lahehouse.com\/wp-content\/uploads\/2023\/01\/Serres-4.jpeg\" class=\"bg attachment-original size-original\" alt=\"\" \/>                        <div class=\"overlay\"><\/div>            \n                    <\/div>\n\t\t\n        <div class=\"banner-layers container\">\n            <div class=\"fill banner-link\"><\/div>            \n   <div id=\"text-box-849102756\" class=\"text-box banner-layer x50 md-x50 lg-x50 y50 md-y50 lg-y50 res-text\">\n                                <div class=\"text-box-content text dark\">\n              \n              <div class=\"text-inner text-center\">\n                  \n<h1 class=\"uppercase\">UN AVENIR DURABLE EST IMPORTANT POUR NOUS<\/h1>\n\t<div id=\"gap-1057638819\" class=\"gap-element clearfix\" style=\"display:block; height:auto;\">\n\t\t\n<style>\n#gap-1057638819 {\n  padding-top: 30px;\n}\n<\/style>\n\t<\/div>\n\t\n<a href=\"https:\/\/lahehouse.com\/fr\/durabilite\/\" class=\"button white is-outline is-large reveal-icon\" style=\"border-radius:99px;\">\n\t\t<span>LIRE LA SUITE<\/span>\n\t<i class=\"icon-play\" aria-hidden=\"true\"><\/i><\/a>\n\n              <\/div>\n           <\/div>\n                            \n<style>\n#text-box-849102756 {\n  width: 70%;\n}\n#text-box-849102756 .text-box-content {\n  font-size: 100%;\n}\n<\/style>\n    <\/div>\n \n        <\/div>\n      <\/div>\n\n            \n<style>\n#banner-694733077 {\n  padding-top: 100%;\n}\n#banner-694733077 .overlay {\n  background-color: rgba(0, 0, 0, 0.3);\n}\n#banner-694733077 .banner-bg img {\n  object-position: 3% 51%;\n}\n@media (min-width:550px) {\n  #banner-694733077 .overlay {\n    background-color: rgba(0, 0, 0, 0.3);\n  }\n}\n<\/style>\n  <\/div>\n\n\n","protected":false},"excerpt":{"rendered":"","protected":false},"author":1,"featured_media":11539,"parent":0,"menu_order":3,"comment_status":"closed","ping_status":"closed","template":"page-transparent-header-light.php","meta":{"footnotes":""},"class_list":["post-8949","page","type-page","status-publish","has-post-thumbnail","hentry"],"yoast_head":"<!-- This site is optimized with the Yoast SEO plugin v27.4 - https:\/\/yoast.com\/product\/yoast-seo-wordpress\/ -->\n<title>Serres en bois - L\u00e4he House<\/title>\n<meta name=\"robots\" content=\"index, follow, max-snippet:-1, max-image-preview:large, max-video-preview:-1\" \/>\n<link rel=\"canonical\" href=\"https:\/\/lahehouse.com\/fr\/\" \/>\n<meta property=\"og:locale\" content=\"fr_FR\" \/>\n<meta property=\"og:type\" content=\"article\" \/>\n<meta property=\"og:title\" content=\"Serres en bois - L\u00e4he House\" \/>\n<meta property=\"og:url\" content=\"https:\/\/lahehouse.com\/fr\/\" \/>\n<meta property=\"og:site_name\" content=\"L\u00e4he House\" \/>\n<meta property=\"article:modified_time\" content=\"2023-01-26T13:54:50+00:00\" \/>\n<meta property=\"og:image\" content=\"https:\/\/lahehouse.com\/wp-content\/uploads\/2022\/11\/Greenhouses-1.jpeg\" \/>\n\t<meta property=\"og:image:width\" content=\"1920\" \/>\n\t<meta property=\"og:image:height\" content=\"1080\" \/>\n\t<meta property=\"og:image:type\" content=\"image\/jpeg\" \/>\n<meta name=\"twitter:card\" content=\"summary_large_image\" \/>\n<meta name=\"twitter:label1\" content=\"Dur\u00e9e de lecture estim\u00e9e\" \/>\n\t<meta name=\"twitter:data1\" content=\"3 minutes\" \/>\n<script type=\"application\/ld+json\" class=\"yoast-schema-graph\">{\"@context\":\"https:\\\/\\\/schema.org\",\"@graph\":[{\"@type\":\"WebPage\",\"@id\":\"https:\\\/\\\/lahehouse.com\\\/fr\\\/\",\"url\":\"https:\\\/\\\/lahehouse.com\\\/fr\\\/\",\"name\":\"Serres en bois - L\u00e4he House\",\"isPartOf\":{\"@id\":\"https:\\\/\\\/lahehouse.com\\\/#website\"},\"primaryImageOfPage\":{\"@id\":\"https:\\\/\\\/lahehouse.com\\\/fr\\\/#primaryimage\"},\"image\":{\"@id\":\"https:\\\/\\\/lahehouse.com\\\/fr\\\/#primaryimage\"},\"thumbnailUrl\":\"https:\\\/\\\/lahehouse.com\\\/wp-content\\\/uploads\\\/2022\\\/11\\\/Greenhouses-1.jpeg\",\"datePublished\":\"2018-12-14T10:05:20+00:00\",\"dateModified\":\"2023-01-26T13:54:50+00:00\",\"breadcrumb\":{\"@id\":\"https:\\\/\\\/lahehouse.com\\\/fr\\\/#breadcrumb\"},\"inLanguage\":\"fr-FR\",\"potentialAction\":[{\"@type\":\"ReadAction\",\"target\":[\"https:\\\/\\\/lahehouse.com\\\/fr\\\/\"]}]},{\"@type\":\"ImageObject\",\"inLanguage\":\"fr-FR\",\"@id\":\"https:\\\/\\\/lahehouse.com\\\/fr\\\/#primaryimage\",\"url\":\"https:\\\/\\\/lahehouse.com\\\/wp-content\\\/uploads\\\/2022\\\/11\\\/Greenhouses-1.jpeg\",\"contentUrl\":\"https:\\\/\\\/lahehouse.com\\\/wp-content\\\/uploads\\\/2022\\\/11\\\/Greenhouses-1.jpeg\",\"width\":1920,\"height\":1080},{\"@type\":\"BreadcrumbList\",\"@id\":\"https:\\\/\\\/lahehouse.com\\\/fr\\\/#breadcrumb\",\"itemListElement\":[{\"@type\":\"ListItem\",\"position\":1,\"name\":\"Home\",\"item\":\"https:\\\/\\\/lahehouse.com\\\/fr\\\/\"},{\"@type\":\"ListItem\",\"position\":2,\"name\":\"Accueil\"}]},{\"@type\":\"WebSite\",\"@id\":\"https:\\\/\\\/lahehouse.com\\\/#website\",\"url\":\"https:\\\/\\\/lahehouse.com\\\/\",\"name\":\"L\u00e4he House\",\"description\":\"Wooden greenhouses\",\"publisher\":{\"@id\":\"https:\\\/\\\/lahehouse.com\\\/#organization\"},\"potentialAction\":[{\"@type\":\"SearchAction\",\"target\":{\"@type\":\"EntryPoint\",\"urlTemplate\":\"https:\\\/\\\/lahehouse.com\\\/?s={search_term_string}\"},\"query-input\":{\"@type\":\"PropertyValueSpecification\",\"valueRequired\":true,\"valueName\":\"search_term_string\"}}],\"inLanguage\":\"fr-FR\"},{\"@type\":\"Organization\",\"@id\":\"https:\\\/\\\/lahehouse.com\\\/#organization\",\"name\":\"L\u00e4he House\",\"url\":\"https:\\\/\\\/lahehouse.com\\\/\",\"logo\":{\"@type\":\"ImageObject\",\"inLanguage\":\"fr-FR\",\"@id\":\"https:\\\/\\\/lahehouse.com\\\/#\\\/schema\\\/logo\\\/image\\\/\",\"url\":\"https:\\\/\\\/lahehouse.com\\\/wp-content\\\/uploads\\\/2022\\\/11\\\/Greenhouses-1.jpeg\",\"contentUrl\":\"https:\\\/\\\/lahehouse.com\\\/wp-content\\\/uploads\\\/2022\\\/11\\\/Greenhouses-1.jpeg\",\"width\":1920,\"height\":1080,\"caption\":\"L\u00e4he House\"},\"image\":{\"@id\":\"https:\\\/\\\/lahehouse.com\\\/#\\\/schema\\\/logo\\\/image\\\/\"}}]}<\/script>\n<!-- \/ Yoast SEO plugin. -->","yoast_head_json":{"title":"Serres en bois - L\u00e4he House","robots":{"index":"index","follow":"follow","max-snippet":"max-snippet:-1","max-image-preview":"max-image-preview:large","max-video-preview":"max-video-preview:-1"},"canonical":"https:\/\/lahehouse.com\/fr\/","og_locale":"fr_FR","og_type":"article","og_title":"Serres en bois - L\u00e4he House","og_url":"https:\/\/lahehouse.com\/fr\/","og_site_name":"L\u00e4he House","article_modified_time":"2023-01-26T13:54:50+00:00","og_image":[{"width":1920,"height":1080,"url":"https:\/\/lahehouse.com\/wp-content\/uploads\/2022\/11\/Greenhouses-1.jpeg","type":"image\/jpeg"}],"twitter_card":"summary_large_image","twitter_misc":{"Dur\u00e9e de lecture estim\u00e9e":"3 minutes"},"schema":{"@context":"https:\/\/schema.org","@graph":[{"@type":"WebPage","@id":"https:\/\/lahehouse.com\/fr\/","url":"https:\/\/lahehouse.com\/fr\/","name":"Serres en bois - L\u00e4he House","isPartOf":{"@id":"https:\/\/lahehouse.com\/#website"},"primaryImageOfPage":{"@id":"https:\/\/lahehouse.com\/fr\/#primaryimage"},"image":{"@id":"https:\/\/lahehouse.com\/fr\/#primaryimage"},"thumbnailUrl":"https:\/\/lahehouse.com\/wp-content\/uploads\/2022\/11\/Greenhouses-1.jpeg","datePublished":"2018-12-14T10:05:20+00:00","dateModified":"2023-01-26T13:54:50+00:00","breadcrumb":{"@id":"https:\/\/lahehouse.com\/fr\/#breadcrumb"},"inLanguage":"fr-FR","potentialAction":[{"@type":"ReadAction","target":["https:\/\/lahehouse.com\/fr\/"]}]},{"@type":"ImageObject","inLanguage":"fr-FR","@id":"https:\/\/lahehouse.com\/fr\/#primaryimage","url":"https:\/\/lahehouse.com\/wp-content\/uploads\/2022\/11\/Greenhouses-1.jpeg","contentUrl":"https:\/\/lahehouse.com\/wp-content\/uploads\/2022\/11\/Greenhouses-1.jpeg","width":1920,"height":1080},{"@type":"BreadcrumbList","@id":"https:\/\/lahehouse.com\/fr\/#breadcrumb","itemListElement":[{"@type":"ListItem","position":1,"name":"Home","item":"https:\/\/lahehouse.com\/fr\/"},{"@type":"ListItem","position":2,"name":"Accueil"}]},{"@type":"WebSite","@id":"https:\/\/lahehouse.com\/#website","url":"https:\/\/lahehouse.com\/","name":"L\u00e4he House","description":"Wooden greenhouses","publisher":{"@id":"https:\/\/lahehouse.com\/#organization"},"potentialAction":[{"@type":"SearchAction","target":{"@type":"EntryPoint","urlTemplate":"https:\/\/lahehouse.com\/?s={search_term_string}"},"query-input":{"@type":"PropertyValueSpecification","valueRequired":true,"valueName":"search_term_string"}}],"inLanguage":"fr-FR"},{"@type":"Organization","@id":"https:\/\/lahehouse.com\/#organization","name":"L\u00e4he House","url":"https:\/\/lahehouse.com\/","logo":{"@type":"ImageObject","inLanguage":"fr-FR","@id":"https:\/\/lahehouse.com\/#\/schema\/logo\/image\/","url":"https:\/\/lahehouse.com\/wp-content\/uploads\/2022\/11\/Greenhouses-1.jpeg","contentUrl":"https:\/\/lahehouse.com\/wp-content\/uploads\/2022\/11\/Greenhouses-1.jpeg","width":1920,"height":1080,"caption":"L\u00e4he House"},"image":{"@id":"https:\/\/lahehouse.com\/#\/schema\/logo\/image\/"}}]}},"_links":{"self":[{"href":"https:\/\/lahehouse.com\/fr\/wp-json\/wp\/v2\/pages\/8949","targetHints":{"allow":["GET"]}}],"collection":[{"href":"https:\/\/lahehouse.com\/fr\/wp-json\/wp\/v2\/pages"}],"about":[{"href":"https:\/\/lahehouse.com\/fr\/wp-json\/wp\/v2\/types\/page"}],"author":[{"embeddable":true,"href":"https:\/\/lahehouse.com\/fr\/wp-json\/wp\/v2\/users\/1"}],"replies":[{"embeddable":true,"href":"https:\/\/lahehouse.com\/fr\/wp-json\/wp\/v2\/comments?post=8949"}],"version-history":[{"count":35,"href":"https:\/\/lahehouse.com\/fr\/wp-json\/wp\/v2\/pages\/8949\/revisions"}],"predecessor-version":[{"id":15636,"href":"https:\/\/lahehouse.com\/fr\/wp-json\/wp\/v2\/pages\/8949\/revisions\/15636"}],"wp:featuredmedia":[{"embeddable":true,"href":"https:\/\/lahehouse.com\/fr\/wp-json\/wp\/v2\/media\/11539"}],"wp:attachment":[{"href":"https:\/\/lahehouse.com\/fr\/wp-json\/wp\/v2\/media?parent=8949"}],"curies":[{"name":"wp","href":"https:\/\/api.w.org\/{rel}","templated":true}]}}