{"id":12469,"date":"2023-01-11T14:25:14","date_gmt":"2023-01-11T14:25:14","guid":{"rendered":"https:\/\/lahehouse.com\/?page_id=12469"},"modified":"2023-01-19T13:37:19","modified_gmt":"2023-01-19T13:37:19","slug":"baerekraft","status":"publish","type":"page","link":"https:\/\/lahehouse.com\/no\/baerekraft\/","title":{"rendered":"B\u00e6rekraft"},"content":{"rendered":"\n  <div class=\"banner has-hover\" id=\"banner-1651557693\">\n          <div class=\"banner-inner fill\">\n        <div class=\"banner-bg fill\" >\n            <img loading=\"lazy\" decoding=\"async\" width=\"1920\" height=\"1080\" src=\"https:\/\/lahehouse.com\/wp-content\/uploads\/2023\/01\/Drivhus-1.jpeg\" class=\"bg attachment-original size-original\" alt=\"\" \/>                        <div class=\"overlay\"><\/div>            \n                    <\/div>\n\t\t\n        <div class=\"banner-layers container\">\n            <div class=\"fill banner-link\"><\/div>            \n   <div id=\"text-box-2046379930\" class=\"text-box banner-layer x50 md-x50 lg-x50 y50 md-y50 lg-y50 res-text\">\n                     <div data-animate=\"none\">           <div class=\"text-box-content text dark\">\n              \n              <div class=\"text-inner text-center\">\n                  \n\t<div id=\"text-3766738935\" class=\"text\">\n\t\t\n<h1 class=\"uppercase\">B\u00c6REKRAFTIG FREMTID<\/h1>\n\t\t\n<style>\n#text-3766738935 {\n  font-size: 0.75rem;\n}\n<\/style>\n\t<\/div>\n\t\n              <\/div>\n           <\/div>\n       <\/div>                     \n<style>\n#text-box-2046379930 {\n  width: 90%;\n}\n#text-box-2046379930 .text-box-content {\n  font-size: 100%;\n}\n@media (min-width:550px) {\n  #text-box-2046379930 {\n    width: 100%;\n  }\n}\n<\/style>\n    <\/div>\n \n        <\/div>\n      <\/div>\n\n            \n<style>\n#banner-1651557693 {\n  padding-top: 400px;\n}\n#banner-1651557693 .overlay {\n  background-color: rgba(0, 0, 0, 0.3);\n}\n#banner-1651557693 .banner-bg img {\n  object-position: 50% 0%;\n}\n@media (min-width:550px) {\n  #banner-1651557693 .overlay {\n    background-color: rgba(0, 0, 0, 0.4);\n  }\n}\n<\/style>\n  <\/div>\n\n\n\n\t<section class=\"section\" id=\"section_596452705\">\n\t\t<div class=\"section-bg fill\" >\n\t\t\t\t\t\t\t\t\t\n\t\t\t\n\n\t\t<\/div>\n\n\t\t\n\n\t\t<div class=\"section-content relative\">\n\t\t\t\n<div class=\"row row-small row-full-width align-equal align-center\"  id=\"row-2097980855\">\n\n\t<div id=\"col-671571095\" class=\"col medium-8 small-12 large-8 small-col-first\"  >\n\t\t\t\t<div class=\"col-inner text-center\"  >\n\t\t\t\n\t\t\t\n\t<div id=\"text-2303447115\" class=\"text\">\n\t\t\n<h2>Lite karbonavtrykk<\/h2>\n\t\t\n<style>\n#text-2303447115 {\n  font-size: 2rem;\n}\n<\/style>\n\t<\/div>\n\t\n\t<div id=\"text-380991708\" class=\"text\">\n\t\t\n<p>En gr\u00f8nn og ren fremtid er veldig viktig for oss. Ettersom verdens befolkning vokser, \u00f8ker ogs\u00e5 behovet for ressurser. Hva vi spiser og produktene vi bruker er faktorer som bestemmer hvor mye vi spiser som mennesker. For \u00e5 bevare de gjenv\u00e6rende ressursene er det viktig at vi reduserer forbruket.<\/p>\n<p>Ved \u00e5 kombinere fornybare materialer (tre og glass), h\u00e5ndverk og moderne teknologier h\u00e5per vi \u00e5 oppn\u00e5 minst mulig karbonavtrykk. De naturlige materialene og den lange livssyklusen til v\u00e5re tredrivhus bidrar til dette m\u00e5let.<\/p>\n\t\t\n<style>\n#text-380991708 {\n  font-size: 1rem;\n}\n<\/style>\n\t<\/div>\n\t\n\t\t<\/div>\n\t\t\t\t\t<\/div>\n\n\t\n<\/div>\n\t\t<\/div>\n\n\t\t\n<style>\n#section_596452705 {\n  padding-top: 100px;\n  padding-bottom: 100px;\n  min-height: 600px;\n  background-color: rgb(210, 210, 210);\n}\n<\/style>\n\t<\/section>\n\t\n\n  <div class=\"banner has-hover\" id=\"banner-1220758718\">\n          <div class=\"banner-inner fill\">\n        <div class=\"banner-bg fill\" >\n            <img loading=\"lazy\" decoding=\"async\" width=\"1920\" height=\"1080\" src=\"https:\/\/lahehouse.com\/wp-content\/uploads\/2023\/01\/Baerekraft-1.jpeg\" class=\"bg attachment-original size-original\" alt=\"\" \/>                        <div class=\"overlay\"><\/div>            \n                    <\/div>\n\t\t\n        <div class=\"banner-layers container\">\n            <div class=\"fill banner-link\"><\/div>            \n   <div id=\"text-box-1015593659\" class=\"text-box banner-layer x50 md-x50 lg-x50 y50 md-y50 lg-y50 res-text\">\n                                <div class=\"text-box-content text dark\">\n              \n              <div class=\"text-inner text-center\">\n                  \n\t<div id=\"text-1860553303\" class=\"text\">\n\t\t\n<h2>En lengre produktlivssyklus bidrar til \u00e5 beskytte planeten v\u00e5r!<\/h2>\n\t\t\n<style>\n#text-1860553303 {\n  font-size: 0.85rem;\n}\n@media (min-width:550px) {\n  #text-1860553303 {\n    font-size: 1.5rem;\n  }\n}\n<\/style>\n\t<\/div>\n\t\n              <\/div>\n           <\/div>\n                            \n<style>\n#text-box-1015593659 {\n  width: 90%;\n}\n#text-box-1015593659 .text-box-content {\n  font-size: 100%;\n}\n@media (min-width:550px) {\n  #text-box-1015593659 {\n    width: 65%;\n  }\n}\n<\/style>\n    <\/div>\n \n        <\/div>\n      <\/div>\n\n            \n<style>\n#banner-1220758718 {\n  padding-top: 600px;\n}\n#banner-1220758718 .overlay {\n  background-color: rgba(0, 0, 0, 0.4);\n}\n#banner-1220758718 .banner-bg img {\n  object-position: 0% 0%;\n}\n@media (min-width:550px) {\n  #banner-1220758718 .overlay {\n    background-color: rgba(0, 0, 0, 0.4);\n  }\n}\n<\/style>\n  <\/div>\n\n\n\n\t<section class=\"section\" id=\"section_1550066784\">\n\t\t<div class=\"section-bg fill\" >\n\t\t\t\t\t\t\t\t\t\n\t\t\t\n\n\t\t<\/div>\n\n\t\t\n\n\t\t<div class=\"section-content relative\">\n\t\t\t\n<div class=\"row\"  id=\"row-759069253\">\n\n\t<div id=\"col-335608292\" class=\"col small-12 large-12\"  >\n\t\t\t\t<div class=\"col-inner text-center\"  >\n\t\t\t\n\t\t\t\n\t<div id=\"text-2973240158\" class=\"text\">\n\t\t\n<h2>Hvordan gj\u00f8r vi det?<\/h2>\n\t\t\n<style>\n#text-2973240158 {\n  font-size: 2rem;\n}\n<\/style>\n\t<\/div>\n\t\n\t\t<\/div>\n\t\t\t\t\t<\/div>\n\n\t\n<\/div>\n<div class=\"row row-small row-full-width align-equal\"  id=\"row-1085615957\">\n\n\t<div id=\"col-293345634\" class=\"col medium-4 small-12 large-4\"  >\n\t\t\t\t<div class=\"col-inner text-center\"  >\n\t\t\t\n\t\t\t\n\t<div id=\"text-1035488089\" class=\"text\">\n\t\t\n<h4><strong>NATURLIGE MATERIALER<\/strong><\/h4>\n<p>Vi brukte 99 % naturlige og fornybare materialer n\u00e5r vi laget drivhusene.<\/p>\n\t\t\n<style>\n#text-1035488089 {\n  font-size: 1rem;\n}\n<\/style>\n\t<\/div>\n\t\n\t\t<\/div>\n\t\t\t\t\n<style>\n#col-293345634 > .col-inner {\n  padding: 45px 30px 30px 30px;\n}\n@media (min-width:550px) {\n  #col-293345634 > .col-inner {\n    padding: 45px 30px 0px 30px;\n  }\n}\n<\/style>\n\t<\/div>\n\n\t\n\n\t<div id=\"col-1622171667\" class=\"col medium-4 small-12 large-4\"  >\n\t\t\t\t<div class=\"col-inner text-center\"  >\n\t\t\t\n\t\t\t\n\t<div id=\"text-1162891748\" class=\"text\">\n\t\t\n<h4><strong>TRE<\/strong><\/h4>\n<p>Alle v\u00e5re trematerialleverand\u00f8rer m\u00e5 ha <strong>FSC<\/strong>-sertifisering.<\/p>\n\t\t\n<style>\n#text-1162891748 {\n  font-size: 1rem;\n}\n<\/style>\n\t<\/div>\n\t\n\t\t<\/div>\n\t\t\t\t\n<style>\n#col-1622171667 > .col-inner {\n  padding: 45px 30px 30px 30px;\n}\n@media (min-width:550px) {\n  #col-1622171667 > .col-inner {\n    padding: 45px 30px 0px 30px;\n  }\n}\n<\/style>\n\t<\/div>\n\n\t\n\n\t<div id=\"col-889582697\" class=\"col medium-4 small-12 large-4\"  >\n\t\t\t\t<div class=\"col-inner text-center\"  >\n\t\t\t\n\t\t\t\n\t<div id=\"text-2735895586\" class=\"text\">\n\t\t\n<h4><strong>TIDL\u00d8S DESIGN<\/strong><\/h4>\n<p>Trender kommer og g\u00e5r. L\u00e4he drivhus har et tidl\u00f8st design og passer for ethvert milj\u00f8.<\/p>\n\t\t\n<style>\n#text-2735895586 {\n  font-size: 1rem;\n}\n<\/style>\n\t<\/div>\n\t\n\t\t<\/div>\n\t\t\t\t\n<style>\n#col-889582697 > .col-inner {\n  padding: 45px 30px 30px 30px;\n}\n@media (min-width:550px) {\n  #col-889582697 > .col-inner {\n    padding: 45px 30px 0px 30px;\n  }\n}\n<\/style>\n\t<\/div>\n\n\t\n<\/div>\n<div class=\"row row-small row-full-width align-equal\"  id=\"row-1868033423\">\n\n\t<div id=\"col-1980908813\" class=\"col medium-4 small-12 large-4\"  >\n\t\t\t\t<div class=\"col-inner text-center\"  >\n\t\t\t\n\t\t\t\n\t<div id=\"text-2692315308\" class=\"text\">\n\t\t\n<h4><strong>EFFEKTIV PRODUKSJON<\/strong><\/h4>\n<p>Takket v\u00e6re den effektive produksjonsprosessen genereres det sv\u00e6rt lite rester i produksjonen av L\u00e4he drivhusene, og det er ikke belastende for milj\u00f8et.<\/p>\n\t\t\n<style>\n#text-2692315308 {\n  font-size: 1rem;\n}\n<\/style>\n\t<\/div>\n\t\n\t\t<\/div>\n\t\t\t\t\n<style>\n#col-1980908813 > .col-inner {\n  padding: 45px 30px 30px 30px;\n}\n@media (min-width:550px) {\n  #col-1980908813 > .col-inner {\n    padding: 45px 30px 0px 30px;\n  }\n}\n<\/style>\n\t<\/div>\n\n\t\n\n\t<div id=\"col-814189928\" class=\"col medium-4 small-12 large-4\"  >\n\t\t\t\t<div class=\"col-inner text-center\"  >\n\t\t\t\n\t\t\t\n\t<div id=\"text-2055519309\" class=\"text\">\n\t\t\n<h4><strong>BYGGET FOR \u00c5 VARE<\/strong><\/h4>\n<p>Det er for mange produkter som har veldig kort levetid. L\u00e4he drivhus er bygget for \u00e5 v\u00e6re holdbare og ha en forventet levetid p\u00e5 50 \u00e5r.<\/p>\n\t\t\n<style>\n#text-2055519309 {\n  font-size: 1rem;\n}\n<\/style>\n\t<\/div>\n\t\n\t\t<\/div>\n\t\t\t\t\n<style>\n#col-814189928 > .col-inner {\n  padding: 45px 30px 30px 30px;\n}\n@media (min-width:550px) {\n  #col-814189928 > .col-inner {\n    padding: 45px 30px 0px 30px;\n  }\n}\n<\/style>\n\t<\/div>\n\n\t\n\n\t<div id=\"col-812723483\" class=\"col medium-4 small-12 large-4\"  >\n\t\t\t\t<div class=\"col-inner text-center\"  >\n\t\t\t\n\t\t\t\n\t<div id=\"text-4064812324\" class=\"text\">\n\t\t\n<h4><strong>GJENBRUKSBAR<\/strong><\/h4>\n<p>Ved flytting er det mulig \u00e5 demontere L\u00e4he drivhus og flytte det til et nytt sted. Du trenger ikke kj\u00f8pe en ny.<\/p>\n\t\t\n<style>\n#text-4064812324 {\n  font-size: 1rem;\n}\n<\/style>\n\t<\/div>\n\t\n\t\t<\/div>\n\t\t\t\t\n<style>\n#col-812723483 > .col-inner {\n  padding: 45px 30px 30px 30px;\n}\n@media (min-width:550px) {\n  #col-812723483 > .col-inner {\n    padding: 45px 30px 0px 30px;\n  }\n}\n<\/style>\n\t<\/div>\n\n\t\n<\/div>\n\t\t<\/div>\n\n\t\t\n<style>\n#section_1550066784 {\n  padding-top: 50px;\n  padding-bottom: 50px;\n  min-height: 600px;\n  background-color: rgb(210, 210, 210);\n}\n@media (min-width:550px) {\n  #section_1550066784 {\n    padding-top: 30px;\n    padding-bottom: 30px;\n  }\n}\n<\/style>\n\t<\/section>\n\t\n","protected":false},"excerpt":{"rendered":"","protected":false},"author":1,"featured_media":12299,"parent":0,"menu_order":0,"comment_status":"closed","ping_status":"closed","template":"page-transparent-header-light.php","meta":{"footnotes":""},"class_list":["post-12469","page","type-page","status-publish","has-post-thumbnail","hentry"],"yoast_head":"<!-- This site is optimized with the Yoast SEO plugin v27.3 - https:\/\/yoast.com\/product\/yoast-seo-wordpress\/ -->\n<title>B\u00e6rekraft - L\u00e4he House<\/title>\n<meta name=\"robots\" content=\"index, follow, max-snippet:-1, max-image-preview:large, max-video-preview:-1\" \/>\n<link rel=\"canonical\" href=\"https:\/\/lahehouse.com\/no\/baerekraft\/\" \/>\n<meta property=\"og:locale\" content=\"nb_NO\" \/>\n<meta property=\"og:type\" content=\"article\" \/>\n<meta property=\"og:title\" content=\"B\u00e6rekraft - L\u00e4he House\" \/>\n<meta property=\"og:url\" content=\"https:\/\/lahehouse.com\/no\/baerekraft\/\" \/>\n<meta property=\"og:site_name\" content=\"L\u00e4he House\" \/>\n<meta property=\"article:modified_time\" content=\"2023-01-19T13:37:19+00:00\" \/>\n<meta property=\"og:image\" content=\"https:\/\/lahehouse.com\/wp-content\/uploads\/2023\/01\/Drivhus-1.jpeg\" \/>\n\t<meta property=\"og:image:width\" content=\"1920\" \/>\n\t<meta property=\"og:image:height\" content=\"1080\" \/>\n\t<meta property=\"og:image:type\" content=\"image\/jpeg\" \/>\n<meta name=\"twitter:card\" content=\"summary_large_image\" \/>\n<meta name=\"twitter:label1\" content=\"Ansl. lesetid\" \/>\n\t<meta name=\"twitter:data1\" content=\"2 minutter\" \/>\n<script type=\"application\/ld+json\" class=\"yoast-schema-graph\">{\"@context\":\"https:\\\/\\\/schema.org\",\"@graph\":[{\"@type\":\"WebPage\",\"@id\":\"https:\\\/\\\/lahehouse.com\\\/no\\\/baerekraft\\\/\",\"url\":\"https:\\\/\\\/lahehouse.com\\\/no\\\/baerekraft\\\/\",\"name\":\"B\u00e6rekraft - L\u00e4he House\",\"isPartOf\":{\"@id\":\"https:\\\/\\\/lahehouse.com\\\/#website\"},\"primaryImageOfPage\":{\"@id\":\"https:\\\/\\\/lahehouse.com\\\/no\\\/baerekraft\\\/#primaryimage\"},\"image\":{\"@id\":\"https:\\\/\\\/lahehouse.com\\\/no\\\/baerekraft\\\/#primaryimage\"},\"thumbnailUrl\":\"https:\\\/\\\/lahehouse.com\\\/wp-content\\\/uploads\\\/2023\\\/01\\\/Drivhus-1.jpeg\",\"datePublished\":\"2023-01-11T14:25:14+00:00\",\"dateModified\":\"2023-01-19T13:37:19+00:00\",\"breadcrumb\":{\"@id\":\"https:\\\/\\\/lahehouse.com\\\/no\\\/baerekraft\\\/#breadcrumb\"},\"inLanguage\":\"nb-NO\",\"potentialAction\":[{\"@type\":\"ReadAction\",\"target\":[\"https:\\\/\\\/lahehouse.com\\\/no\\\/baerekraft\\\/\"]}]},{\"@type\":\"ImageObject\",\"inLanguage\":\"nb-NO\",\"@id\":\"https:\\\/\\\/lahehouse.com\\\/no\\\/baerekraft\\\/#primaryimage\",\"url\":\"https:\\\/\\\/lahehouse.com\\\/wp-content\\\/uploads\\\/2023\\\/01\\\/Drivhus-1.jpeg\",\"contentUrl\":\"https:\\\/\\\/lahehouse.com\\\/wp-content\\\/uploads\\\/2023\\\/01\\\/Drivhus-1.jpeg\",\"width\":1920,\"height\":1080},{\"@type\":\"BreadcrumbList\",\"@id\":\"https:\\\/\\\/lahehouse.com\\\/no\\\/baerekraft\\\/#breadcrumb\",\"itemListElement\":[{\"@type\":\"ListItem\",\"position\":1,\"name\":\"Home\",\"item\":\"https:\\\/\\\/lahehouse.com\\\/no\\\/\"},{\"@type\":\"ListItem\",\"position\":2,\"name\":\"B\u00e6rekraft\"}]},{\"@type\":\"WebSite\",\"@id\":\"https:\\\/\\\/lahehouse.com\\\/#website\",\"url\":\"https:\\\/\\\/lahehouse.com\\\/\",\"name\":\"L\u00e4he House\",\"description\":\"Wooden greenhouses\",\"publisher\":{\"@id\":\"https:\\\/\\\/lahehouse.com\\\/#organization\"},\"potentialAction\":[{\"@type\":\"SearchAction\",\"target\":{\"@type\":\"EntryPoint\",\"urlTemplate\":\"https:\\\/\\\/lahehouse.com\\\/?s={search_term_string}\"},\"query-input\":{\"@type\":\"PropertyValueSpecification\",\"valueRequired\":true,\"valueName\":\"search_term_string\"}}],\"inLanguage\":\"nb-NO\"},{\"@type\":\"Organization\",\"@id\":\"https:\\\/\\\/lahehouse.com\\\/#organization\",\"name\":\"L\u00e4he House\",\"url\":\"https:\\\/\\\/lahehouse.com\\\/\",\"logo\":{\"@type\":\"ImageObject\",\"inLanguage\":\"nb-NO\",\"@id\":\"https:\\\/\\\/lahehouse.com\\\/#\\\/schema\\\/logo\\\/image\\\/\",\"url\":\"https:\\\/\\\/lahehouse.com\\\/wp-content\\\/uploads\\\/2022\\\/11\\\/Greenhouses-1.jpeg\",\"contentUrl\":\"https:\\\/\\\/lahehouse.com\\\/wp-content\\\/uploads\\\/2022\\\/11\\\/Greenhouses-1.jpeg\",\"width\":1920,\"height\":1080,\"caption\":\"L\u00e4he House\"},\"image\":{\"@id\":\"https:\\\/\\\/lahehouse.com\\\/#\\\/schema\\\/logo\\\/image\\\/\"}}]}<\/script>\n<!-- \/ Yoast SEO plugin. -->","yoast_head_json":{"title":"B\u00e6rekraft - L\u00e4he House","robots":{"index":"index","follow":"follow","max-snippet":"max-snippet:-1","max-image-preview":"max-image-preview:large","max-video-preview":"max-video-preview:-1"},"canonical":"https:\/\/lahehouse.com\/no\/baerekraft\/","og_locale":"nb_NO","og_type":"article","og_title":"B\u00e6rekraft - L\u00e4he House","og_url":"https:\/\/lahehouse.com\/no\/baerekraft\/","og_site_name":"L\u00e4he House","article_modified_time":"2023-01-19T13:37:19+00:00","og_image":[{"width":1920,"height":1080,"url":"https:\/\/lahehouse.com\/wp-content\/uploads\/2023\/01\/Drivhus-1.jpeg","type":"image\/jpeg"}],"twitter_card":"summary_large_image","twitter_misc":{"Ansl. lesetid":"2 minutter"},"schema":{"@context":"https:\/\/schema.org","@graph":[{"@type":"WebPage","@id":"https:\/\/lahehouse.com\/no\/baerekraft\/","url":"https:\/\/lahehouse.com\/no\/baerekraft\/","name":"B\u00e6rekraft - L\u00e4he House","isPartOf":{"@id":"https:\/\/lahehouse.com\/#website"},"primaryImageOfPage":{"@id":"https:\/\/lahehouse.com\/no\/baerekraft\/#primaryimage"},"image":{"@id":"https:\/\/lahehouse.com\/no\/baerekraft\/#primaryimage"},"thumbnailUrl":"https:\/\/lahehouse.com\/wp-content\/uploads\/2023\/01\/Drivhus-1.jpeg","datePublished":"2023-01-11T14:25:14+00:00","dateModified":"2023-01-19T13:37:19+00:00","breadcrumb":{"@id":"https:\/\/lahehouse.com\/no\/baerekraft\/#breadcrumb"},"inLanguage":"nb-NO","potentialAction":[{"@type":"ReadAction","target":["https:\/\/lahehouse.com\/no\/baerekraft\/"]}]},{"@type":"ImageObject","inLanguage":"nb-NO","@id":"https:\/\/lahehouse.com\/no\/baerekraft\/#primaryimage","url":"https:\/\/lahehouse.com\/wp-content\/uploads\/2023\/01\/Drivhus-1.jpeg","contentUrl":"https:\/\/lahehouse.com\/wp-content\/uploads\/2023\/01\/Drivhus-1.jpeg","width":1920,"height":1080},{"@type":"BreadcrumbList","@id":"https:\/\/lahehouse.com\/no\/baerekraft\/#breadcrumb","itemListElement":[{"@type":"ListItem","position":1,"name":"Home","item":"https:\/\/lahehouse.com\/no\/"},{"@type":"ListItem","position":2,"name":"B\u00e6rekraft"}]},{"@type":"WebSite","@id":"https:\/\/lahehouse.com\/#website","url":"https:\/\/lahehouse.com\/","name":"L\u00e4he House","description":"Wooden greenhouses","publisher":{"@id":"https:\/\/lahehouse.com\/#organization"},"potentialAction":[{"@type":"SearchAction","target":{"@type":"EntryPoint","urlTemplate":"https:\/\/lahehouse.com\/?s={search_term_string}"},"query-input":{"@type":"PropertyValueSpecification","valueRequired":true,"valueName":"search_term_string"}}],"inLanguage":"nb-NO"},{"@type":"Organization","@id":"https:\/\/lahehouse.com\/#organization","name":"L\u00e4he House","url":"https:\/\/lahehouse.com\/","logo":{"@type":"ImageObject","inLanguage":"nb-NO","@id":"https:\/\/lahehouse.com\/#\/schema\/logo\/image\/","url":"https:\/\/lahehouse.com\/wp-content\/uploads\/2022\/11\/Greenhouses-1.jpeg","contentUrl":"https:\/\/lahehouse.com\/wp-content\/uploads\/2022\/11\/Greenhouses-1.jpeg","width":1920,"height":1080,"caption":"L\u00e4he House"},"image":{"@id":"https:\/\/lahehouse.com\/#\/schema\/logo\/image\/"}}]}},"_links":{"self":[{"href":"https:\/\/lahehouse.com\/no\/wp-json\/wp\/v2\/pages\/12469","targetHints":{"allow":["GET"]}}],"collection":[{"href":"https:\/\/lahehouse.com\/no\/wp-json\/wp\/v2\/pages"}],"about":[{"href":"https:\/\/lahehouse.com\/no\/wp-json\/wp\/v2\/types\/page"}],"author":[{"embeddable":true,"href":"https:\/\/lahehouse.com\/no\/wp-json\/wp\/v2\/users\/1"}],"replies":[{"embeddable":true,"href":"https:\/\/lahehouse.com\/no\/wp-json\/wp\/v2\/comments?post=12469"}],"version-history":[{"count":11,"href":"https:\/\/lahehouse.com\/no\/wp-json\/wp\/v2\/pages\/12469\/revisions"}],"predecessor-version":[{"id":13643,"href":"https:\/\/lahehouse.com\/no\/wp-json\/wp\/v2\/pages\/12469\/revisions\/13643"}],"wp:featuredmedia":[{"embeddable":true,"href":"https:\/\/lahehouse.com\/no\/wp-json\/wp\/v2\/media\/12299"}],"wp:attachment":[{"href":"https:\/\/lahehouse.com\/no\/wp-json\/wp\/v2\/media?parent=12469"}],"curies":[{"name":"wp","href":"https:\/\/api.w.org\/{rel}","templated":true}]}}