{"id":12495,"date":"2023-01-11T14:41:36","date_gmt":"2023-01-11T14:41:36","guid":{"rendered":"https:\/\/lahehouse.com\/?page_id=12495"},"modified":"2023-02-03T11:03:22","modified_gmt":"2023-02-03T11:03:22","slug":"ytterligere-informasjon","status":"publish","type":"page","link":"https:\/\/lahehouse.com\/no\/ytterligere-informasjon\/","title":{"rendered":"Ytterligere informasjon"},"content":{"rendered":"\n\t<section class=\"section dark\" id=\"section_2059487187\">\n\t\t<div class=\"section-bg fill\" >\n\t\t\t\t\t\t\t\t\t\n\t\t\t\n\n\t\t<\/div>\n\n\t\t\n\n\t\t<div class=\"section-content relative\">\n\t\t\t\n\n  <div class=\"banner has-hover\" id=\"banner-1849062957\">\n          <div class=\"banner-inner fill\">\n        <div class=\"banner-bg fill\" >\n            <img loading=\"lazy\" decoding=\"async\" width=\"1920\" height=\"1080\" src=\"https:\/\/lahehouse.com\/wp-content\/uploads\/2023\/01\/Drivhus-1.jpeg\" class=\"bg attachment-original size-original\" alt=\"\" \/>                        <div class=\"overlay\"><\/div>            \n                    <\/div>\n\t\t\n        <div class=\"banner-layers container\">\n            <div class=\"fill banner-link\"><\/div>            \n   <div id=\"text-box-45030013\" class=\"text-box banner-layer x50 md-x50 lg-x50 y50 md-y50 lg-y50 res-text\">\n                     <div data-animate=\"none\">           <div class=\"text-box-content text dark\">\n              \n              <div class=\"text-inner text-center\">\n                  \n\t<div id=\"text-177225331\" class=\"text\">\n\t\t\n<h1 class=\"uppercase\">Ytterligere informasjon<\/h1>\n\t\t\n<style>\n#text-177225331 {\n  font-size: 0.75rem;\n}\n<\/style>\n\t<\/div>\n\t\n              <\/div>\n           <\/div>\n       <\/div>                     \n<style>\n#text-box-45030013 {\n  width: 80%;\n}\n#text-box-45030013 .text-box-content {\n  font-size: 100%;\n}\n@media (min-width:550px) {\n  #text-box-45030013 {\n    width: 100%;\n  }\n}\n<\/style>\n    <\/div>\n \n        <\/div>\n      <\/div>\n\n            \n<style>\n#banner-1849062957 {\n  padding-top: 400px;\n}\n#banner-1849062957 .overlay {\n  background-color: rgba(0, 0, 0, 0.3);\n}\n#banner-1849062957 .banner-bg img {\n  object-position: 50% 0%;\n}\n@media (min-width:550px) {\n  #banner-1849062957 .overlay {\n    background-color: rgba(0, 0, 0, 0.4);\n  }\n}\n<\/style>\n  <\/div>\n\n\n\t\t<\/div>\n\n\t\t\n<style>\n#section_2059487187 {\n  padding-top: 0px;\n  padding-bottom: 0px;\n}\n<\/style>\n\t<\/section>\n\t\n\n\t<section class=\"section\" id=\"section_721061144\">\n\t\t<div class=\"section-bg fill\" >\n\t\t\t\t\t\t\t\t\t\n\t\t\t\n\n\t\t<\/div>\n\n\t\t\n\n\t\t<div class=\"section-content relative\">\n\t\t\t\n<div class=\"row align-center\"  id=\"row-368506931\">\n\n\t<div id=\"col-552848302\" class=\"col medium-10 small-12 large-3\"  >\n\t\t\t\t<div class=\"col-inner\"  >\n\t\t\t\n\t\t\t\n\t<div id=\"text-2168104450\" class=\"text\">\n\t\t\n<h2>PRODUKTER<\/h2>\n\t\t\n<style>\n#text-2168104450 {\n  font-size: 1rem;\n}\n<\/style>\n\t<\/div>\n\t\n\t\t<\/div>\n\t\t\t\t\t<\/div>\n\n\t\n\n\t<div id=\"col-476258949\" class=\"col medium-10 small-12 large-6\"  >\n\t\t\t\t<div class=\"col-inner\"  >\n\t\t\t\n\t\t\t\n<div class=\"accordion\">\n\t<div id=\"accordion-2791656134\" class=\"accordion-item\">\n\t\t<a id=\"accordion-2791656134-label\" class=\"accordion-title plain\" href=\"#accordion-item-hvilken-tresort-bruker-vi?\" aria-expanded=\"false\" aria-controls=\"accordion-2791656134-content\">\n\t\t\t<button class=\"toggle\" aria-label=\"Toggle\"><i class=\"icon-angle-down\" aria-hidden=\"true\"><\/i><\/button>\n\t\t\t<span>Hvilken tresort bruker vi?<\/span>\n\t\t<\/a>\n\t\t<div id=\"accordion-2791656134-content\" class=\"accordion-inner\" aria-labelledby=\"accordion-2791656134-label\">\n\t\t\t\n<p>Alle L\u00e4he drivhus er laget av h\u00f8ykvalitets varmebehandlet tre (Thermowood). Varmebehandlet tre er et tremateriale produsert ved bruk av naturlige metoder, varme og damp. Termisk modifikasjon forbedrer treets tekniske egenskaper og Varmebehandlet tre er giftfri, formstabil, motstandsdyktig mot forfall og harpiksfri. Den kan brukes i ethvert klima. Varmebehandlet tre er klassifisert som slitesterk i henhold til EN 113-standarden; dvs. dens naturlige motstand mot forfall oppfyller kravene i klasse 2.<\/p>\n<p><strong>Varmebehandlet tre egenskaper:<\/strong><\/p>\n<p><strong>\u2013 Dimensjonsstabilitet<\/strong><br \/><strong>\u2013 Redusert fuktighetsinnhold<\/strong><br \/><strong>\u2013 Forbedret holdbarhet mot forfall<\/strong><br \/><strong>\u2013 Redusert varmeledningsevne<\/strong><br \/><strong>\u2013 Harpiks fjernet<\/strong><br \/><strong>\u2013 Ensartet farge gjennom treverket<\/strong><br \/><strong>\u2013 Ikke giftig materiale<\/strong><\/p>\n<p>Varmebehandlet tre av v\u00e5rt valg er varmebehandlet skandinavisk furu. Varmebehandlet tre har en varm, naturlig skj\u00f8nnhet. Alle konstruksjoner er laget av sv\u00e6rt slitesterkt og robust 92 x 42 mm materiale.<\/p>\n\t\t<\/div>\n\t<\/div>\n\t\n\t<div id=\"accordion-1523176706\" class=\"accordion-item\">\n\t\t<a id=\"accordion-1523176706-label\" class=\"accordion-title plain\" href=\"#accordion-item-hvilken-type-glass-bruker-vi?\" aria-expanded=\"false\" aria-controls=\"accordion-1523176706-content\">\n\t\t\t<button class=\"toggle\" aria-label=\"Toggle\"><i class=\"icon-angle-down\" aria-hidden=\"true\"><\/i><\/button>\n\t\t\t<span>Hvilken type glass bruker vi?<\/span>\n\t\t<\/a>\n\t\t<div id=\"accordion-1523176706-content\" class=\"accordion-inner\" aria-labelledby=\"accordion-1523176706-label\">\n\t\t\t\n<p>Alle elementene er innglasset i 4 mm herdet sikkerhetsglass i henhold til europeisk standard EN 12150.<\/p>\n<p>Herdet glass har en rekke fordeler. For visuelle form\u00e5l er herdet glass langt overlegen i klarhet. Vind, storm, sn\u00f8storm og andre v\u00e6relementer kan ikke skade glassdrivhus s\u00e5 lett. Herdet glass er ogs\u00e5 tryggere fordi n\u00e5r det knuses, smuldrer det opp i bittesm\u00e5 biter som ikke er skarpe.<\/p>\n<p>Herdet glass tilbyr en langt lengre levetid enn noen annen type drivhusmateriale.<\/p>\n\t\t<\/div>\n\t<\/div>\n\t\n\t<div id=\"accordion-2498842581\" class=\"accordion-item\">\n\t\t<a id=\"accordion-2498842581-label\" class=\"accordion-title plain\" href=\"#accordion-item-hvilken-type-finish-kan-jeg-bestille?\" aria-expanded=\"false\" aria-controls=\"accordion-2498842581-content\">\n\t\t\t<button class=\"toggle\" aria-label=\"Toggle\"><i class=\"icon-angle-down\" aria-hidden=\"true\"><\/i><\/button>\n\t\t\t<span>Hvilken type finish kan jeg bestille?<\/span>\n\t\t<\/a>\n\t\t<div id=\"accordion-2498842581-content\" class=\"accordion-inner\" aria-labelledby=\"accordion-2498842581-label\">\n\t\t\t\n<p>Alle v\u00e5re drivhus kan bestilles med oljet eller malt finish med forskjellige farger. Sp\u00f8r mer informasjon fra din n\u00e6rmeste forhandler eller skriv til oss.<\/p>\n<p>Se ogs\u00e5 fargekartet v\u00e5rt.<\/p>\n<a href=\"https:\/\/lahehouse.com\/wp-content\/uploads\/2023\/02\/Lahe-color-chart.pdf\" class=\"button primary is-outline is-small reveal-icon\" style=\"border-radius:99px;\">\n\t\t<span>Fargekart<\/span>\n\t<i class=\"icon-play\" aria-hidden=\"true\"><\/i><\/a>\n\n\t\t<\/div>\n\t<\/div>\n\t\n\t<div id=\"accordion-644347101\" class=\"accordion-item\">\n\t\t<a id=\"accordion-644347101-label\" class=\"accordion-title plain\" href=\"#accordion-item-kan-jeg-bestille-tilpasninger?\" aria-expanded=\"false\" aria-controls=\"accordion-644347101-content\">\n\t\t\t<button class=\"toggle\" aria-label=\"Toggle\"><i class=\"icon-angle-down\" aria-hidden=\"true\"><\/i><\/button>\n\t\t\t<span>Kan jeg bestille tilpasninger?<\/span>\n\t\t<\/a>\n\t\t<div id=\"accordion-644347101-content\" class=\"accordion-inner\" aria-labelledby=\"accordion-644347101-label\">\n\t\t\t\n<p>Ja, vi kan tilby noen tilpasningsmuligheter.<\/p>\n<p>For eksempel:<\/p>\n<ol>\n<li>En d\u00f8r i begge ender av drivhuset<\/li>\n<li>Ekstra takvinduer<\/li>\n<li>Drivhus lengre enn 4,95 m<\/li>\n<\/ol>\n<p>Sp\u00f8r mer informasjon fra din n\u00e6rmeste forhandler eller skriv til oss.<\/p>\n<a href=\"https:\/\/lahehouse.com\/no\/forhandlere\/\" class=\"button primary is-outline is-small reveal-icon\" style=\"border-radius:99px;\">\n\t\t<span>FORHANDLERE<\/span>\n\t<i class=\"icon-play\" aria-hidden=\"true\"><\/i><\/a>\n\n<a href=\"https:\/\/lahehouse.com\/no\/kontakt\/\" class=\"button primary is-outline is-small reveal-icon\" style=\"border-radius:99px;\">\n\t\t<span>Kontakt<\/span>\n\t<i class=\"icon-play\" aria-hidden=\"true\"><\/i><\/a>\n\n\t\t<\/div>\n\t<\/div>\n\t\n\t<div id=\"accordion-1723599759\" class=\"accordion-item\">\n\t\t<a id=\"accordion-1723599759-label\" class=\"accordion-title plain\" href=\"#accordion-item-har-l\u00e4he-drivhus-garanti?\" aria-expanded=\"false\" aria-controls=\"accordion-1723599759-content\">\n\t\t\t<button class=\"toggle\" aria-label=\"Toggle\"><i class=\"icon-angle-down\" aria-hidden=\"true\"><\/i><\/button>\n\t\t\t<span>Har L\u00e4he drivhus garanti?<\/span>\n\t\t<\/a>\n\t\t<div id=\"accordion-1723599759-content\" class=\"accordion-inner\" aria-labelledby=\"accordion-1723599759-label\">\n\t\t\t\n<p>For alle L\u00e4he drivhus er trerammen garantert i 10 \u00e5r og tilbeh\u00f8ret (d\u00f8rl\u00e5s, luke\u00e5pner osv.) er garantert i 2 \u00e5r. Glass er underlagt en begrenset garanti.<\/p>\n<p>Husk \u00e5 lese garantibetingelsene ogs\u00e5!<\/p>\n<a class=\"button primary is-outline is-small reveal-icon\" style=\"border-radius:99px;\">\n\t\t<span>Garantibetingelser<\/span>\n\t<i class=\"icon-play\" aria-hidden=\"true\"><\/i><\/a>\n\n\t\t<\/div>\n\t<\/div>\n\t\n<\/div>\n\t\t<\/div>\n\t\t\t\t\t<\/div>\n\n\t\n<\/div>\n<div class=\"row align-center\"  id=\"row-430622232\">\n\n\t<div id=\"col-785844549\" class=\"col medium-10 small-12 large-3\"  >\n\t\t\t\t<div class=\"col-inner\"  >\n\t\t\t\n\t\t\t\n\t<div id=\"text-1808334484\" class=\"text\">\n\t\t\n<h2>BESTILLING<\/h2>\n\t\t\n<style>\n#text-1808334484 {\n  font-size: 1rem;\n}\n<\/style>\n\t<\/div>\n\t\n\t\t<\/div>\n\t\t\t\t\t<\/div>\n\n\t\n\n\t<div id=\"col-514371545\" class=\"col medium-10 small-12 large-6\"  >\n\t\t\t\t<div class=\"col-inner\"  >\n\t\t\t\n\t\t\t\n<div class=\"accordion\">\n\t<div id=\"accordion-1663608980\" class=\"accordion-item\">\n\t\t<a id=\"accordion-1663608980-label\" class=\"accordion-title plain\" href=\"#accordion-item-hvor-kan-jeg-bestille-l\u00e4he-drivhus?\" aria-expanded=\"false\" aria-controls=\"accordion-1663608980-content\">\n\t\t\t<button class=\"toggle\" aria-label=\"Toggle\"><i class=\"icon-angle-down\" aria-hidden=\"true\"><\/i><\/button>\n\t\t\t<span>Hvor kan jeg bestille L\u00e4he drivhus?<\/span>\n\t\t<\/a>\n\t\t<div id=\"accordion-1663608980-content\" class=\"accordion-inner\" aria-labelledby=\"accordion-1663608980-label\">\n\t\t\t\n<p>Du kan kj\u00f8pe L\u00e4he-produkter hos en av v\u00e5re forhandlere i Norge.<\/p>\n<p>Hvis du bor i omr\u00e5det som ikke dekkes av v\u00e5rt forhandlernettverk, vennligst kontakt oss ved \u00e5 skrive til hello@lahehouse.com.<\/p>\n<a href=\"https:\/\/lahehouse.com\/no\/forhandlere\/\" class=\"button primary is-outline is-small reveal-icon\" style=\"border-radius:99px;\">\n\t\t<span>FORHANDLERE<\/span>\n\t<i class=\"icon-play\" aria-hidden=\"true\"><\/i><\/a>\n\n<a href=\"https:\/\/lahehouse.com\/no\/kontakt\/\" class=\"button primary is-outline is-small reveal-icon\" style=\"border-radius:99px;\">\n\t\t<span>Kontakt<\/span>\n\t<i class=\"icon-play\" aria-hidden=\"true\"><\/i><\/a>\n\n\t\t<\/div>\n\t<\/div>\n\t\n\t<div id=\"accordion-233962831\" class=\"accordion-item\">\n\t\t<a id=\"accordion-233962831-label\" class=\"accordion-title plain\" href=\"#accordion-item-hvor-lang-tid-tar-leveringen?\" aria-expanded=\"false\" aria-controls=\"accordion-233962831-content\">\n\t\t\t<button class=\"toggle\" aria-label=\"Toggle\"><i class=\"icon-angle-down\" aria-hidden=\"true\"><\/i><\/button>\n\t\t\t<span>Hvor lang tid tar leveringen?<\/span>\n\t\t<\/a>\n\t\t<div id=\"accordion-233962831-content\" class=\"accordion-inner\" aria-labelledby=\"accordion-233962831-label\">\n\t\t\t\n<p>Vi gj\u00f8r v\u00e5rt beste for \u00e5 levere ditt drivhus s\u00e5 raskt som mulig. Vanligvis er produksjonstiden ca 3 &#8211; 4 uker.<\/p>\n<p>Ta kontakt med din lokale forhandler for leveringstider i Norge.<\/p>\n\t\t<\/div>\n\t<\/div>\n\t\n\t<div id=\"accordion-2820833820\" class=\"accordion-item\">\n\t\t<a id=\"accordion-2820833820-label\" class=\"accordion-title plain\" href=\"#accordion-item-hvordan-leveres-drivhusene?\" aria-expanded=\"false\" aria-controls=\"accordion-2820833820-content\">\n\t\t\t<button class=\"toggle\" aria-label=\"Toggle\"><i class=\"icon-angle-down\" aria-hidden=\"true\"><\/i><\/button>\n\t\t\t<span>Hvordan leveres drivhusene?<\/span>\n\t\t<\/a>\n\t\t<div id=\"accordion-2820833820-content\" class=\"accordion-inner\" aria-labelledby=\"accordion-2820833820-label\">\n\t\t\t\n<p>Alle drivhusene v\u00e5re er pakket i en meget sterk trekasse for sikker levering. P\u00e5 grunn av st\u00f8rrelse og vekt p\u00e5 transportkassen krever det levering med HIAB-lastebil eller l\u00f8fteutstyr p\u00e5 stedet.<\/p>\n\t\t<\/div>\n\t<\/div>\n\t\n<\/div>\n\t\t<\/div>\n\t\t\t\t\t<\/div>\n\n\t\n<\/div>\n<div class=\"row align-center\"  id=\"row-554768688\">\n\n\t<div id=\"col-1497711168\" class=\"col medium-10 small-12 large-3\"  >\n\t\t\t\t<div class=\"col-inner\"  >\n\t\t\t\n\t\t\t\n\t<div id=\"text-2188151383\" class=\"text\">\n\t\t\n<h2>INSTALLASJON<\/h2>\n\t\t\n<style>\n#text-2188151383 {\n  font-size: 1rem;\n}\n<\/style>\n\t<\/div>\n\t\n\t\t<\/div>\n\t\t\t\t\t<\/div>\n\n\t\n\n\t<div id=\"col-1490174673\" class=\"col medium-10 small-12 large-6\"  >\n\t\t\t\t<div class=\"col-inner\"  >\n\t\t\t\n\t\t\t\n<div class=\"accordion\">\n\t<div id=\"accordion-223727105\" class=\"accordion-item\">\n\t\t<a id=\"accordion-223727105-label\" class=\"accordion-title plain\" href=\"#accordion-item-hvilken-type-fundament-kreves?\" aria-expanded=\"false\" aria-controls=\"accordion-223727105-content\">\n\t\t\t<button class=\"toggle\" aria-label=\"Toggle\"><i class=\"icon-angle-down\" aria-hidden=\"true\"><\/i><\/button>\n\t\t\t<span>Hvilken type fundament kreves?<\/span>\n\t\t<\/a>\n\t\t<div id=\"accordion-223727105-content\" class=\"accordion-inner\" aria-labelledby=\"accordion-223727105-label\">\n\t\t\t\n<p>De fleste av L\u00e4he-drivhusene krever et sterkt og solid fundament for maksimal livssyklus. Vi foresl\u00e5r kraftig plate- eller b\u00e5ndfundament laget av betong.<\/p>\n<p>Du kan laste ned fundamenttegninger fra valgt produktside under teknisk informasjon.<\/p>\n\t\t<\/div>\n\t<\/div>\n\t\n\t<div id=\"accordion-3979588116\" class=\"accordion-item\">\n\t\t<a id=\"accordion-3979588116-label\" class=\"accordion-title plain\" href=\"#accordion-item-kan-jeg-installere-drivhus-alene?\" aria-expanded=\"false\" aria-controls=\"accordion-3979588116-content\">\n\t\t\t<button class=\"toggle\" aria-label=\"Toggle\"><i class=\"icon-angle-down\" aria-hidden=\"true\"><\/i><\/button>\n\t\t\t<span>Kan jeg installere drivhus alene?<\/span>\n\t\t<\/a>\n\t\t<div id=\"accordion-3979588116-content\" class=\"accordion-inner\" aria-labelledby=\"accordion-3979588116-label\">\n\t\t\t\n<p>Alle L\u00e4he drivhus kan ogs\u00e5 installeres uavhengig. For dette form\u00e5let har vi omfattende installasjonsinstruksjoner som kan lastes ned fra delen for teknisk informasjon for det valgte produktet.<\/p>\n<p>Installasjonsteamet v\u00e5rt bruker vanligvis 1 dag p\u00e5 \u00e5 installere drivhuset. Ved uavhengig installasjon er det verdt \u00e5 vurdere 2 &#8211; 3 dager for utf\u00f8relse av arbeidet.<\/p>\n<p>\u00c5 installere et drivhus er arbeidet til minst 2 personer, og pr\u00f8v aldri \u00e5 installere det alene!<\/p>\n\t\t<\/div>\n\t<\/div>\n\t\n\t<div id=\"accordion-3101157130\" class=\"accordion-item\">\n\t\t<a id=\"accordion-3101157130-label\" class=\"accordion-title plain\" href=\"#accordion-item-kan-jeg-bestille-drivhus-med-installasjonstjeneste?\" aria-expanded=\"false\" aria-controls=\"accordion-3101157130-content\">\n\t\t\t<button class=\"toggle\" aria-label=\"Toggle\"><i class=\"icon-angle-down\" aria-hidden=\"true\"><\/i><\/button>\n\t\t\t<span>Kan jeg bestille drivhus med installasjonstjeneste?<\/span>\n\t\t<\/a>\n\t\t<div id=\"accordion-3101157130-content\" class=\"accordion-inner\" aria-labelledby=\"accordion-3101157130-label\">\n\t\t\t\n<p>Det kan v\u00e6re mulig \u00e5 bestille drivhus med installasjonsservice. Dette avhenger av forhandleren din.<\/p>\n<p>Sp\u00f8r mer informasjon fra din n\u00e6rmeste forhandler eller skriv til oss.<\/p>\n\t\t<\/div>\n\t<\/div>\n\t\n<\/div>\n\t\t<\/div>\n\t\t\t\t\t<\/div>\n\n\t\n<\/div>\n\t\t<\/div>\n\n\t\t\n<style>\n#section_721061144 {\n  padding-top: 60px;\n  padding-bottom: 60px;\n  background-color: rgb(210, 210, 210);\n}\n<\/style>\n\t<\/section>\n\t\n","protected":false},"excerpt":{"rendered":"","protected":false},"author":1,"featured_media":12299,"parent":0,"menu_order":0,"comment_status":"closed","ping_status":"closed","template":"page-transparent-header-light.php","meta":{"footnotes":""},"class_list":["post-12495","page","type-page","status-publish","has-post-thumbnail","hentry"],"yoast_head":"<!-- This site is optimized with the Yoast SEO plugin v27.4 - https:\/\/yoast.com\/product\/yoast-seo-wordpress\/ -->\n<title>Ytterligere informasjon - L\u00e4he House<\/title>\n<meta name=\"robots\" content=\"index, follow, max-snippet:-1, max-image-preview:large, max-video-preview:-1\" \/>\n<link rel=\"canonical\" href=\"https:\/\/lahehouse.com\/no\/ytterligere-informasjon\/\" \/>\n<meta property=\"og:locale\" content=\"nb_NO\" \/>\n<meta property=\"og:type\" content=\"article\" \/>\n<meta property=\"og:title\" content=\"Ytterligere informasjon - L\u00e4he House\" \/>\n<meta property=\"og:url\" content=\"https:\/\/lahehouse.com\/no\/ytterligere-informasjon\/\" \/>\n<meta property=\"og:site_name\" content=\"L\u00e4he House\" \/>\n<meta property=\"article:modified_time\" content=\"2023-02-03T11:03:22+00:00\" \/>\n<meta property=\"og:image\" content=\"https:\/\/lahehouse.com\/wp-content\/uploads\/2023\/01\/Drivhus-1.jpeg\" \/>\n\t<meta property=\"og:image:width\" content=\"1920\" \/>\n\t<meta property=\"og:image:height\" content=\"1080\" \/>\n\t<meta property=\"og:image:type\" content=\"image\/jpeg\" \/>\n<meta name=\"twitter:card\" content=\"summary_large_image\" \/>\n<meta name=\"twitter:label1\" content=\"Ansl. lesetid\" \/>\n\t<meta name=\"twitter:data1\" content=\"4 minutter\" \/>\n<script type=\"application\/ld+json\" class=\"yoast-schema-graph\">{\"@context\":\"https:\\\/\\\/schema.org\",\"@graph\":[{\"@type\":\"WebPage\",\"@id\":\"https:\\\/\\\/lahehouse.com\\\/no\\\/ytterligere-informasjon\\\/\",\"url\":\"https:\\\/\\\/lahehouse.com\\\/no\\\/ytterligere-informasjon\\\/\",\"name\":\"Ytterligere informasjon - L\u00e4he House\",\"isPartOf\":{\"@id\":\"https:\\\/\\\/lahehouse.com\\\/#website\"},\"primaryImageOfPage\":{\"@id\":\"https:\\\/\\\/lahehouse.com\\\/no\\\/ytterligere-informasjon\\\/#primaryimage\"},\"image\":{\"@id\":\"https:\\\/\\\/lahehouse.com\\\/no\\\/ytterligere-informasjon\\\/#primaryimage\"},\"thumbnailUrl\":\"https:\\\/\\\/lahehouse.com\\\/wp-content\\\/uploads\\\/2023\\\/01\\\/Drivhus-1.jpeg\",\"datePublished\":\"2023-01-11T14:41:36+00:00\",\"dateModified\":\"2023-02-03T11:03:22+00:00\",\"breadcrumb\":{\"@id\":\"https:\\\/\\\/lahehouse.com\\\/no\\\/ytterligere-informasjon\\\/#breadcrumb\"},\"inLanguage\":\"nb-NO\",\"potentialAction\":[{\"@type\":\"ReadAction\",\"target\":[\"https:\\\/\\\/lahehouse.com\\\/no\\\/ytterligere-informasjon\\\/\"]}]},{\"@type\":\"ImageObject\",\"inLanguage\":\"nb-NO\",\"@id\":\"https:\\\/\\\/lahehouse.com\\\/no\\\/ytterligere-informasjon\\\/#primaryimage\",\"url\":\"https:\\\/\\\/lahehouse.com\\\/wp-content\\\/uploads\\\/2023\\\/01\\\/Drivhus-1.jpeg\",\"contentUrl\":\"https:\\\/\\\/lahehouse.com\\\/wp-content\\\/uploads\\\/2023\\\/01\\\/Drivhus-1.jpeg\",\"width\":1920,\"height\":1080},{\"@type\":\"BreadcrumbList\",\"@id\":\"https:\\\/\\\/lahehouse.com\\\/no\\\/ytterligere-informasjon\\\/#breadcrumb\",\"itemListElement\":[{\"@type\":\"ListItem\",\"position\":1,\"name\":\"Home\",\"item\":\"https:\\\/\\\/lahehouse.com\\\/no\\\/\"},{\"@type\":\"ListItem\",\"position\":2,\"name\":\"Ytterligere informasjon\"}]},{\"@type\":\"WebSite\",\"@id\":\"https:\\\/\\\/lahehouse.com\\\/#website\",\"url\":\"https:\\\/\\\/lahehouse.com\\\/\",\"name\":\"L\u00e4he House\",\"description\":\"Wooden greenhouses\",\"publisher\":{\"@id\":\"https:\\\/\\\/lahehouse.com\\\/#organization\"},\"potentialAction\":[{\"@type\":\"SearchAction\",\"target\":{\"@type\":\"EntryPoint\",\"urlTemplate\":\"https:\\\/\\\/lahehouse.com\\\/?s={search_term_string}\"},\"query-input\":{\"@type\":\"PropertyValueSpecification\",\"valueRequired\":true,\"valueName\":\"search_term_string\"}}],\"inLanguage\":\"nb-NO\"},{\"@type\":\"Organization\",\"@id\":\"https:\\\/\\\/lahehouse.com\\\/#organization\",\"name\":\"L\u00e4he House\",\"url\":\"https:\\\/\\\/lahehouse.com\\\/\",\"logo\":{\"@type\":\"ImageObject\",\"inLanguage\":\"nb-NO\",\"@id\":\"https:\\\/\\\/lahehouse.com\\\/#\\\/schema\\\/logo\\\/image\\\/\",\"url\":\"https:\\\/\\\/lahehouse.com\\\/wp-content\\\/uploads\\\/2022\\\/11\\\/Greenhouses-1.jpeg\",\"contentUrl\":\"https:\\\/\\\/lahehouse.com\\\/wp-content\\\/uploads\\\/2022\\\/11\\\/Greenhouses-1.jpeg\",\"width\":1920,\"height\":1080,\"caption\":\"L\u00e4he House\"},\"image\":{\"@id\":\"https:\\\/\\\/lahehouse.com\\\/#\\\/schema\\\/logo\\\/image\\\/\"}}]}<\/script>\n<!-- \/ Yoast SEO plugin. -->","yoast_head_json":{"title":"Ytterligere informasjon - L\u00e4he House","robots":{"index":"index","follow":"follow","max-snippet":"max-snippet:-1","max-image-preview":"max-image-preview:large","max-video-preview":"max-video-preview:-1"},"canonical":"https:\/\/lahehouse.com\/no\/ytterligere-informasjon\/","og_locale":"nb_NO","og_type":"article","og_title":"Ytterligere informasjon - L\u00e4he House","og_url":"https:\/\/lahehouse.com\/no\/ytterligere-informasjon\/","og_site_name":"L\u00e4he House","article_modified_time":"2023-02-03T11:03:22+00:00","og_image":[{"width":1920,"height":1080,"url":"https:\/\/lahehouse.com\/wp-content\/uploads\/2023\/01\/Drivhus-1.jpeg","type":"image\/jpeg"}],"twitter_card":"summary_large_image","twitter_misc":{"Ansl. lesetid":"4 minutter"},"schema":{"@context":"https:\/\/schema.org","@graph":[{"@type":"WebPage","@id":"https:\/\/lahehouse.com\/no\/ytterligere-informasjon\/","url":"https:\/\/lahehouse.com\/no\/ytterligere-informasjon\/","name":"Ytterligere informasjon - L\u00e4he House","isPartOf":{"@id":"https:\/\/lahehouse.com\/#website"},"primaryImageOfPage":{"@id":"https:\/\/lahehouse.com\/no\/ytterligere-informasjon\/#primaryimage"},"image":{"@id":"https:\/\/lahehouse.com\/no\/ytterligere-informasjon\/#primaryimage"},"thumbnailUrl":"https:\/\/lahehouse.com\/wp-content\/uploads\/2023\/01\/Drivhus-1.jpeg","datePublished":"2023-01-11T14:41:36+00:00","dateModified":"2023-02-03T11:03:22+00:00","breadcrumb":{"@id":"https:\/\/lahehouse.com\/no\/ytterligere-informasjon\/#breadcrumb"},"inLanguage":"nb-NO","potentialAction":[{"@type":"ReadAction","target":["https:\/\/lahehouse.com\/no\/ytterligere-informasjon\/"]}]},{"@type":"ImageObject","inLanguage":"nb-NO","@id":"https:\/\/lahehouse.com\/no\/ytterligere-informasjon\/#primaryimage","url":"https:\/\/lahehouse.com\/wp-content\/uploads\/2023\/01\/Drivhus-1.jpeg","contentUrl":"https:\/\/lahehouse.com\/wp-content\/uploads\/2023\/01\/Drivhus-1.jpeg","width":1920,"height":1080},{"@type":"BreadcrumbList","@id":"https:\/\/lahehouse.com\/no\/ytterligere-informasjon\/#breadcrumb","itemListElement":[{"@type":"ListItem","position":1,"name":"Home","item":"https:\/\/lahehouse.com\/no\/"},{"@type":"ListItem","position":2,"name":"Ytterligere informasjon"}]},{"@type":"WebSite","@id":"https:\/\/lahehouse.com\/#website","url":"https:\/\/lahehouse.com\/","name":"L\u00e4he House","description":"Wooden greenhouses","publisher":{"@id":"https:\/\/lahehouse.com\/#organization"},"potentialAction":[{"@type":"SearchAction","target":{"@type":"EntryPoint","urlTemplate":"https:\/\/lahehouse.com\/?s={search_term_string}"},"query-input":{"@type":"PropertyValueSpecification","valueRequired":true,"valueName":"search_term_string"}}],"inLanguage":"nb-NO"},{"@type":"Organization","@id":"https:\/\/lahehouse.com\/#organization","name":"L\u00e4he House","url":"https:\/\/lahehouse.com\/","logo":{"@type":"ImageObject","inLanguage":"nb-NO","@id":"https:\/\/lahehouse.com\/#\/schema\/logo\/image\/","url":"https:\/\/lahehouse.com\/wp-content\/uploads\/2022\/11\/Greenhouses-1.jpeg","contentUrl":"https:\/\/lahehouse.com\/wp-content\/uploads\/2022\/11\/Greenhouses-1.jpeg","width":1920,"height":1080,"caption":"L\u00e4he House"},"image":{"@id":"https:\/\/lahehouse.com\/#\/schema\/logo\/image\/"}}]}},"_links":{"self":[{"href":"https:\/\/lahehouse.com\/no\/wp-json\/wp\/v2\/pages\/12495","targetHints":{"allow":["GET"]}}],"collection":[{"href":"https:\/\/lahehouse.com\/no\/wp-json\/wp\/v2\/pages"}],"about":[{"href":"https:\/\/lahehouse.com\/no\/wp-json\/wp\/v2\/types\/page"}],"author":[{"embeddable":true,"href":"https:\/\/lahehouse.com\/no\/wp-json\/wp\/v2\/users\/1"}],"replies":[{"embeddable":true,"href":"https:\/\/lahehouse.com\/no\/wp-json\/wp\/v2\/comments?post=12495"}],"version-history":[{"count":27,"href":"https:\/\/lahehouse.com\/no\/wp-json\/wp\/v2\/pages\/12495\/revisions"}],"predecessor-version":[{"id":16485,"href":"https:\/\/lahehouse.com\/no\/wp-json\/wp\/v2\/pages\/12495\/revisions\/16485"}],"wp:featuredmedia":[{"embeddable":true,"href":"https:\/\/lahehouse.com\/no\/wp-json\/wp\/v2\/media\/12299"}],"wp:attachment":[{"href":"https:\/\/lahehouse.com\/no\/wp-json\/wp\/v2\/media?parent=12495"}],"curies":[{"name":"wp","href":"https:\/\/api.w.org\/{rel}","templated":true}]}}