{"id":3322,"date":"2018-12-14T10:05:20","date_gmt":"2018-12-14T10:05:20","guid":{"rendered":"https:\/\/lahehouse.com\/?page_id=3322"},"modified":"2023-02-14T12:33:20","modified_gmt":"2023-02-14T12:33:20","slug":"parallax-shop-2","status":"publish","type":"page","link":"https:\/\/lahehouse.com\/no\/","title":{"rendered":"Forside"},"content":{"rendered":"\n  <div class=\"banner has-hover is-full-height\" id=\"banner-553389082\">\n          <div class=\"banner-inner fill\">\n        <div class=\"banner-bg fill\" >\n            <img loading=\"lazy\" decoding=\"async\" width=\"1920\" height=\"1080\" src=\"https:\/\/lahehouse.com\/wp-content\/uploads\/2023\/01\/Drivhus-1.jpeg\" class=\"bg attachment-original size-original\" alt=\"\" \/>                        <div class=\"overlay\"><\/div>            \n                    <\/div>\n\t\t\n        <div class=\"banner-layers container\">\n            <div class=\"fill banner-link\"><\/div>            \n   <div id=\"text-box-1638843944\" class=\"text-box banner-layer x50 md-x50 lg-x50 y50 md-y50 lg-y50 res-text\">\n                     <div data-animate=\"none\">           <div class=\"text-box-content text dark\">\n              \n              <div class=\"text-inner text-center\">\n                  \n\t<div id=\"text-3438393281\" class=\"text\">\n\t\t\n<h1 class=\"uppercase\">MODERNE DRIVHUS I TRE<\/h1>\n\t\t\n<style>\n#text-3438393281 {\n  font-size: 0.75rem;\n  text-align: center;\n}\n<\/style>\n\t<\/div>\n\t\n              <\/div>\n           <\/div>\n       <\/div>                     \n<style>\n#text-box-1638843944 {\n  width: 95%;\n}\n#text-box-1638843944 .text-box-content {\n  font-size: 100%;\n}\n@media (min-width:550px) {\n  #text-box-1638843944 {\n    width: 100%;\n  }\n}\n<\/style>\n    <\/div>\n \n        <\/div>\n      <\/div>\n\n            \n<style>\n#banner-553389082 {\n  padding-top: 100%;\n}\n#banner-553389082 .overlay {\n  background-color: rgba(0, 0, 0, 0.3);\n}\n#banner-553389082 .banner-bg img {\n  object-position: 70% 52%;\n}\n@media (min-width:550px) {\n  #banner-553389082 .overlay {\n    background-color: rgba(0, 0, 0, 0.4);\n  }\n}\n<\/style>\n  <\/div>\n\n\n\n  <div class=\"banner has-hover\" id=\"banner-236268171\">\n          <div class=\"banner-inner fill\">\n        <div class=\"banner-bg fill\" >\n                                                \n                    <\/div>\n\t\t\n        <div class=\"banner-layers container\">\n            <div class=\"fill banner-link\"><\/div>            \n   <div id=\"text-box-805849317\" class=\"text-box banner-layer x50 md-x50 lg-x50 y50 md-y50 lg-y50 res-text\">\n                                <div class=\"text-box-content text \">\n              \n              <div class=\"text-inner text-center\">\n                  \n\t<div id=\"text-2181135522\" class=\"text\">\n\t\t\n<h4 class=\"uppercase\">L\u00c4HE DRIVHUS I TRE AV H\u00d8Y KVALITET<\/h4>\n\t\t\n<style>\n#text-2181135522 {\n  font-size: 1.5rem;\n}\n<\/style>\n\t<\/div>\n\t\n<p>V\u00e5rt engasjement for tre har inspirert oss til \u00e5 skape noe unikt og funksjonelt. V\u00e5re h\u00e5ndverkere bruker all sin kunnskap og erfaring til \u00e5 skape et ekte kunstverk. Vi har stilt h\u00f8ye krav til hvert drivhus, og alle materialer er valgt med omhu og presisjon. Alle drivhus i tre er testet i t\u00f8ffe nordlige v\u00e6rforhold og forbedret med moderne teknologiske l\u00f8sninger.<\/p>\n<p>Som den st\u00f8rste produsenten av drivhus i tre i EU har vi ulike drivhus i v\u00e5rt utvalg, som alle er elegant utformet og passer godt inn i det 21. \u00e5rhundre. Alle v\u00e5re drivhus i tre er designet og produsert i EU!<\/p>\n<a href=\"https:\/\/lahehouse.com\/no\/produkter\/\" class=\"button primary is-outline is-large reveal-icon\" style=\"border-radius:99px;\">\n\t\t<span>PRODUKTER<\/span>\n\t<i class=\"icon-play\" aria-hidden=\"true\"><\/i><\/a>\n\n              <\/div>\n           <\/div>\n                            \n<style>\n#text-box-805849317 {\n  width: 80%;\n}\n#text-box-805849317 .text-box-content {\n  font-size: 100%;\n}\n<\/style>\n    <\/div>\n \n        <\/div>\n      <\/div>\n\n            \n<style>\n#banner-236268171 {\n  padding-top: 550px;\n  background-color: rgb(210, 210, 210);\n}\n<\/style>\n  <\/div>\n\n\n\n  <div class=\"banner has-hover\" id=\"banner-598155362\">\n          <div class=\"banner-inner fill\">\n        <div class=\"banner-bg fill\" >\n            <img loading=\"lazy\" decoding=\"async\" width=\"1920\" height=\"2194\" src=\"https:\/\/lahehouse.com\/wp-content\/uploads\/2023\/01\/Drivhus-2.png\" class=\"bg attachment-original size-original\" alt=\"\" \/>                                    \n                    <\/div>\n\t\t\n        <div class=\"banner-layers container\">\n            <div class=\"fill banner-link\"><\/div>            \n   <div id=\"text-box-1986511651\" class=\"text-box banner-layer hide-for-medium x50 md-x50 lg-x50 y35 md-y35 lg-y35 res-text\">\n                                <div class=\"text-box-content text \">\n              \n              <div class=\"text-inner text-center\">\n                  \n\t<div id=\"text-151135905\" class=\"text\">\n\t\t\n<p>UNIK OG PATENTERT DESIGN<br \/>\n\t\t\n<style>\n#text-151135905 {\n  font-size: 2rem;\n}\n<\/style>\n\t<\/div>\n\t\n              <\/div>\n           <\/div>\n                            \n<style>\n#text-box-1986511651 {\n  width: 50%;\n}\n#text-box-1986511651 .text-box-content {\n  font-size: 100%;\n  transform: rotate(-90deg);\n}\n<\/style>\n    <\/div>\n \n        <\/div>\n      <\/div>\n\n              <div class=\"height-fix is-invisible\"><img loading=\"lazy\" decoding=\"async\" width=\"1920\" height=\"2194\" src=\"https:\/\/lahehouse.com\/wp-content\/uploads\/2023\/01\/Drivhus-2.png\" class=\"attachment-original size-original\" alt=\"\" srcset=\"https:\/\/lahehouse.com\/wp-content\/uploads\/2023\/01\/Drivhus-2.png 1920w, https:\/\/lahehouse.com\/wp-content\/uploads\/2023\/01\/Drivhus-2-350x400.png 350w, https:\/\/lahehouse.com\/wp-content\/uploads\/2023\/01\/Drivhus-2-700x800.png 700w, https:\/\/lahehouse.com\/wp-content\/uploads\/2023\/01\/Drivhus-2-768x878.png 768w, https:\/\/lahehouse.com\/wp-content\/uploads\/2023\/01\/Drivhus-2-1344x1536.png 1344w, https:\/\/lahehouse.com\/wp-content\/uploads\/2023\/01\/Drivhus-2-1792x2048.png 1792w, https:\/\/lahehouse.com\/wp-content\/uploads\/2023\/01\/Drivhus-2-600x686.png 600w\" sizes=\"auto, (max-width: 1920px) 100vw, 1920px\" \/><\/div>\n            \n<style>\n#banner-598155362 .overlay {\n  background-color: rgba(0, 0, 0, 0.3);\n}\n#banner-598155362 {\n  background-color: rgb(210, 210, 210);\n}\n#banner-598155362 .banner-bg img {\n  object-position: 50% 0%;\n}\n<\/style>\n  <\/div>\n\n\n\n  <div class=\"banner has-hover\" id=\"banner-193433432\">\n          <div class=\"banner-inner fill\">\n        <div class=\"banner-bg fill\" >\n                                                \n                    <\/div>\n\t\t\n        <div class=\"banner-layers container\">\n            <div class=\"fill banner-link\"><\/div>            \n   <div id=\"text-box-192745746\" class=\"text-box banner-layer x50 md-x50 lg-x50 y50 md-y50 lg-y50 res-text\">\n                                <div class=\"text-box-content text \">\n              \n              <div class=\"text-inner text-center\">\n                  \n\t<div id=\"text-3592027775\" class=\"text\">\n\t\t\n<h5 class=\"uppercase\">KUN DE BESTE MATERIALENE<\/h5>\n\t\t\n<style>\n#text-3592027775 {\n  font-size: 2rem;\n}\n<\/style>\n\t<\/div>\n\t\n<p>Til alle v\u00e5re tredrivhus bruker vi kun de beste materialene, som er n\u00f8yaktig utviklet ned til de fineste detaljer. Moderne materialer kombineres for \u00e5 skape et drivhus som ingen andre. V\u00e5re drivhus i tre er laget av naturlig varmebehandlet tre (thermowood). Tre har en tidl\u00f8s eleganse og stil, og dens naturlige renhet gir en varm og beroligende f\u00f8lelse.<\/p>\n<p>Vi tror at bruk av kun de beste materialene garanterer et up\u00e5klagelig resultat som vil vare i flere ti\u00e5r. N\u00e5r det gjelder L\u00e4he drivhus i tre, kan du v\u00e6re sikker p\u00e5 at alt treverket som brukes er av h\u00f8y kvalitet, etisk hentet og FSC-sertifisert.<\/p>\n<a href=\"https:\/\/lahehouse.com\/no\/ytterligere-informasjon\/\" class=\"button primary is-outline is-large reveal-icon\" style=\"border-radius:99px;\">\n\t\t<span>OPPDAGE<\/span>\n\t<i class=\"icon-play\" aria-hidden=\"true\"><\/i><\/a>\n\n              <\/div>\n           <\/div>\n                            \n<style>\n#text-box-192745746 {\n  width: 80%;\n}\n#text-box-192745746 .text-box-content {\n  font-size: 100%;\n}\n<\/style>\n    <\/div>\n \n        <\/div>\n      <\/div>\n\n            \n<style>\n#banner-193433432 {\n  padding-top: 550px;\n  background-color: rgb(210, 210, 210);\n}\n<\/style>\n  <\/div>\n\n\n\n  <div class=\"banner has-hover has-video is-full-height\" id=\"banner-2056896413\">\n          <div class=\"banner-inner fill\">\n        <div class=\"banner-bg fill\" >\n                        \t<div class=\"video-overlay no-click fill visible\"><\/div>\n\t<video class=\"video-bg fill visible\" preload playsinline autoplay muted loop>\n\t\t<source src=\"https:\/\/lahehouse.com\/wp-content\/uploads\/2023\/01\/Drivhus-video.mov\" type=\"video\/mp4\">\t<\/video>\n            <div class=\"overlay\"><\/div>            \n                    <\/div>\n\t\t\n        <div class=\"banner-layers container\">\n            <div class=\"fill banner-link\"><\/div>            \n        <\/div>\n      <\/div>\n\n            \n<style>\n#banner-2056896413 {\n  padding-top: 100%;\n}\n#banner-2056896413 .overlay {\n  background-color: rgba(0, 0, 0, 0.3);\n}\n@media (min-width:550px) {\n  #banner-2056896413 .overlay {\n    background-color: rgba(0, 0, 0, 0.3);\n  }\n}\n<\/style>\n  <\/div>\n\n\n\n  <div class=\"banner has-hover\" id=\"banner-745983464\">\n          <div class=\"banner-inner fill\">\n        <div class=\"banner-bg fill\" >\n                                                \n                    <\/div>\n\t\t\n        <div class=\"banner-layers container\">\n            <div class=\"fill banner-link\"><\/div>            \n   <div id=\"text-box-1629124085\" class=\"text-box banner-layer x50 md-x50 lg-x50 y50 md-y50 lg-y50 res-text\">\n                                <div class=\"text-box-content text \">\n              \n              <div class=\"text-inner text-center\">\n                  \n\t<div id=\"text-1587313087\" class=\"text\">\n\t\t\n<h5 class=\"uppercase\">F\u00d8L OG NYT<\/h5>\n\t\t\n<style>\n#text-1587313087 {\n  font-size: 2rem;\n}\n<\/style>\n\t<\/div>\n\t\n<p>Sterke, men tynne drivhuselementer sikrer maksimal plass og lys samtidig som de skaper en elegant moderne estetikk. Naturlig olje eller maling av h\u00f8y kvalitet brukes til etterbehandling. Sluttresultatet er fullt slitesterk og v\u00e6rbestandig. L\u00e4he tredrivhus gir hagen din et luksuri\u00f8st utseende og f\u00f8lelse.<\/p>\n<p>Et h\u00e5ndlaget drivhus i tre er din investering. Fordi den varer i flere ti\u00e5r, lagrer den minner og akkumulerer verdi i hjemmet ditt. Et i\u00f8ynefallende kunstverk som gir deg muligheten til \u00e5 skille deg ut.<\/p>\n<a href=\"https:\/\/lahehouse.com\/no\/galleri\/\" class=\"button primary is-outline is-large reveal-icon\" style=\"border-radius:99px;\">\n\t\t<span>SE GALLERI<\/span>\n\t<i class=\"icon-play\" aria-hidden=\"true\"><\/i><\/a>\n\n              <\/div>\n           <\/div>\n                            \n<style>\n#text-box-1629124085 {\n  width: 80%;\n}\n#text-box-1629124085 .text-box-content {\n  font-size: 100%;\n}\n<\/style>\n    <\/div>\n \n        <\/div>\n      <\/div>\n\n            \n<style>\n#banner-745983464 {\n  padding-top: 550px;\n  background-color: rgb(210, 210, 210);\n}\n<\/style>\n  <\/div>\n\n\n\n  <div class=\"banner has-hover\" id=\"banner-929182731\">\n          <div class=\"banner-inner fill\">\n        <div class=\"banner-bg fill\" >\n            <img loading=\"lazy\" decoding=\"async\" width=\"1920\" height=\"1940\" src=\"https:\/\/lahehouse.com\/wp-content\/uploads\/2023\/01\/Drivhus-3.png\" class=\"bg attachment-original size-original\" alt=\"\" \/>                                    \n                    <\/div>\n\t\t\n        <div class=\"banner-layers container\">\n            <div class=\"fill banner-link\"><\/div>            \n   <div id=\"text-box-1955844746\" class=\"text-box banner-layer hide-for-medium x0 md-x0 lg-x0 y45 md-y45 lg-y45 res-text\">\n                                <div class=\"text-box-content text \">\n              \n              <div class=\"text-inner text-center\">\n                  \n\t<div id=\"text-1700286936\" class=\"text\">\n\t\t\n<p>LAGET AV VARMEBEHANDLET TRE<br \/>\n\t\t\n<style>\n#text-1700286936 {\n  font-size: 2rem;\n}\n<\/style>\n\t<\/div>\n\t\n              <\/div>\n           <\/div>\n                            \n<style>\n#text-box-1955844746 {\n  width: 50%;\n}\n#text-box-1955844746 .text-box-content {\n  font-size: 100%;\n}\n<\/style>\n    <\/div>\n \n        <\/div>\n      <\/div>\n\n              <div class=\"height-fix is-invisible\"><img loading=\"lazy\" decoding=\"async\" width=\"1920\" height=\"1940\" src=\"https:\/\/lahehouse.com\/wp-content\/uploads\/2023\/01\/Drivhus-3.png\" class=\"attachment-original size-original\" alt=\"\" srcset=\"https:\/\/lahehouse.com\/wp-content\/uploads\/2023\/01\/Drivhus-3.png 1920w, https:\/\/lahehouse.com\/wp-content\/uploads\/2023\/01\/Drivhus-3-396x400.png 396w, https:\/\/lahehouse.com\/wp-content\/uploads\/2023\/01\/Drivhus-3-792x800.png 792w, https:\/\/lahehouse.com\/wp-content\/uploads\/2023\/01\/Drivhus-3-768x776.png 768w, https:\/\/lahehouse.com\/wp-content\/uploads\/2023\/01\/Drivhus-3-1520x1536.png 1520w, https:\/\/lahehouse.com\/wp-content\/uploads\/2023\/01\/Drivhus-3-600x606.png 600w, https:\/\/lahehouse.com\/wp-content\/uploads\/2023\/01\/Drivhus-3-100x100.png 100w\" sizes=\"auto, (max-width: 1920px) 100vw, 1920px\" \/><\/div>\n            \n<style>\n#banner-929182731 .overlay {\n  background-color: rgba(0, 0, 0, 0.3);\n}\n#banner-929182731 {\n  background-color: rgb(210, 210, 210);\n}\n#banner-929182731 .banner-bg img {\n  object-position: 50% 0%;\n}\n<\/style>\n  <\/div>\n\n\n\n  <div class=\"banner has-hover\" id=\"banner-348820602\">\n          <div class=\"banner-inner fill\">\n        <div class=\"banner-bg fill\" >\n                                                \n                    <\/div>\n\t\t\n        <div class=\"banner-layers container\">\n            <div class=\"fill banner-link\"><\/div>            \n   <div id=\"text-box-92101016\" class=\"text-box banner-layer x50 md-x50 lg-x50 y50 md-y50 lg-y50 res-text\">\n                                <div class=\"text-box-content text \">\n              \n              <div class=\"text-inner text-center\">\n                  \n\t<div id=\"text-1213931171\" class=\"text\">\n\t\t\n<h5 class=\"uppercase\">PAVILJON, KAFFE ELLER VINTERHAGE<\/h5>\n\t\t\n<style>\n#text-1213931171 {\n  font-size: 2rem;\n}\n<\/style>\n\t<\/div>\n\t\n<p>Drivhusene v\u00e5re er ikke bare laget for elskere av fersk mat. L\u00e4he drivhus i tre har sin plass i bymilj\u00f8et mellom tungtrafikk og ruvende bygninger. V\u00e5re stilige drivhus i varmebehandlet tre har ogs\u00e5 sin plass i en restaurant, en salgspaviljong, en kaf\u00e9, et rekreasjonsomr\u00e5de eller rett og slett som et muntert gr\u00f8nt omr\u00e5de i v\u00e5rt hverdags travle byliv.<\/p>\n<a href=\"https:\/\/lahehouse.com\/no\/produkter\/\" class=\"button primary is-outline is-large reveal-icon\" style=\"border-radius:99px;\">\n\t\t<span>PRODUKTER<\/span>\n\t<i class=\"icon-play\" aria-hidden=\"true\"><\/i><\/a>\n\n              <\/div>\n           <\/div>\n                            \n<style>\n#text-box-92101016 {\n  width: 80%;\n}\n#text-box-92101016 .text-box-content {\n  font-size: 100%;\n}\n<\/style>\n    <\/div>\n \n        <\/div>\n      <\/div>\n\n            \n<style>\n#banner-348820602 {\n  padding-top: 550px;\n  background-color: rgb(210, 210, 210);\n}\n<\/style>\n  <\/div>\n\n\n\n  <div class=\"banner has-hover is-full-height\" id=\"banner-1897458332\">\n          <div class=\"banner-inner fill\">\n        <div class=\"banner-bg fill\" >\n            <img loading=\"lazy\" decoding=\"async\" width=\"1920\" height=\"1080\" src=\"https:\/\/lahehouse.com\/wp-content\/uploads\/2023\/01\/Drivhus-4.jpeg\" class=\"bg attachment-original size-original\" alt=\"\" \/>                        <div class=\"overlay\"><\/div>            \n                    <\/div>\n\t\t\n        <div class=\"banner-layers container\">\n            <div class=\"fill banner-link\"><\/div>            \n   <div id=\"text-box-864234753\" class=\"text-box banner-layer x50 md-x50 lg-x50 y50 md-y50 lg-y50 res-text\">\n                                <div class=\"text-box-content text dark\">\n              \n              <div class=\"text-inner text-center\">\n                  \n\t<div id=\"text-435649792\" class=\"text\">\n\t\t\n<h1>EN B\u00c6REKRAFTIG FREMTID ER VIKTIG FOR OSS<\/h1>\n\t\t\n<style>\n#text-435649792 {\n  font-size: 0.75rem;\n}\n<\/style>\n\t<\/div>\n\t\n\t<div id=\"gap-725445049\" class=\"gap-element clearfix\" style=\"display:block; height:auto;\">\n\t\t\n<style>\n#gap-725445049 {\n  padding-top: 30px;\n}\n<\/style>\n\t<\/div>\n\t\n<a href=\"https:\/\/lahehouse.com\/no\/baerekraft\/\" class=\"button white is-outline is-large reveal-icon\" style=\"border-radius:99px;\">\n\t\t<span>OPPDAGE<\/span>\n\t<i class=\"icon-play\" aria-hidden=\"true\"><\/i><\/a>\n\n              <\/div>\n           <\/div>\n                            \n<style>\n#text-box-864234753 {\n  width: 60%;\n}\n#text-box-864234753 .text-box-content {\n  font-size: 100%;\n}\n<\/style>\n    <\/div>\n \n        <\/div>\n      <\/div>\n\n            \n<style>\n#banner-1897458332 {\n  padding-top: 100%;\n}\n#banner-1897458332 .overlay {\n  background-color: rgba(0, 0, 0, 0.3);\n}\n#banner-1897458332 .banner-bg img {\n  object-position: 3% 51%;\n}\n@media (min-width:550px) {\n  #banner-1897458332 .overlay {\n    background-color: rgba(0, 0, 0, 0.3);\n  }\n}\n<\/style>\n  <\/div>\n\n\n","protected":false},"excerpt":{"rendered":"","protected":false},"author":1,"featured_media":12299,"parent":0,"menu_order":3,"comment_status":"closed","ping_status":"closed","template":"page-transparent-header-light.php","meta":{"footnotes":""},"class_list":["post-3322","page","type-page","status-publish","has-post-thumbnail","hentry"],"yoast_head":"<!-- This site is optimized with the Yoast SEO plugin v27.4 - https:\/\/yoast.com\/product\/yoast-seo-wordpress\/ -->\n<title>Drivhus i tre - L\u00e4he House<\/title>\n<meta name=\"robots\" content=\"index, follow, max-snippet:-1, max-image-preview:large, max-video-preview:-1\" \/>\n<link rel=\"canonical\" href=\"https:\/\/lahehouse.com\/no\/\" \/>\n<meta property=\"og:locale\" content=\"nb_NO\" \/>\n<meta property=\"og:type\" content=\"article\" \/>\n<meta property=\"og:title\" content=\"Drivhus i tre - L\u00e4he House\" \/>\n<meta property=\"og:url\" content=\"https:\/\/lahehouse.com\/no\/\" \/>\n<meta property=\"og:site_name\" content=\"L\u00e4he House\" \/>\n<meta property=\"article:modified_time\" content=\"2023-02-14T12:33:20+00:00\" \/>\n<meta property=\"og:image\" content=\"https:\/\/lahehouse.com\/wp-content\/uploads\/2023\/01\/Drivhus-1.jpeg\" \/>\n\t<meta property=\"og:image:width\" content=\"1920\" \/>\n\t<meta property=\"og:image:height\" content=\"1080\" \/>\n\t<meta property=\"og:image:type\" content=\"image\/jpeg\" \/>\n<meta name=\"twitter:card\" content=\"summary_large_image\" \/>\n<meta name=\"twitter:label1\" content=\"Ansl. lesetid\" \/>\n\t<meta name=\"twitter:data1\" content=\"3 minutter\" \/>\n<script type=\"application\/ld+json\" class=\"yoast-schema-graph\">{\"@context\":\"https:\\\/\\\/schema.org\",\"@graph\":[{\"@type\":\"WebPage\",\"@id\":\"https:\\\/\\\/lahehouse.com\\\/no\\\/\",\"url\":\"https:\\\/\\\/lahehouse.com\\\/no\\\/\",\"name\":\"Drivhus i tre - L\u00e4he House\",\"isPartOf\":{\"@id\":\"https:\\\/\\\/lahehouse.com\\\/#website\"},\"primaryImageOfPage\":{\"@id\":\"https:\\\/\\\/lahehouse.com\\\/no\\\/#primaryimage\"},\"image\":{\"@id\":\"https:\\\/\\\/lahehouse.com\\\/no\\\/#primaryimage\"},\"thumbnailUrl\":\"https:\\\/\\\/lahehouse.com\\\/wp-content\\\/uploads\\\/2023\\\/01\\\/Drivhus-1.jpeg\",\"datePublished\":\"2018-12-14T10:05:20+00:00\",\"dateModified\":\"2023-02-14T12:33:20+00:00\",\"breadcrumb\":{\"@id\":\"https:\\\/\\\/lahehouse.com\\\/no\\\/#breadcrumb\"},\"inLanguage\":\"nb-NO\",\"potentialAction\":[{\"@type\":\"ReadAction\",\"target\":[\"https:\\\/\\\/lahehouse.com\\\/no\\\/\"]}]},{\"@type\":\"ImageObject\",\"inLanguage\":\"nb-NO\",\"@id\":\"https:\\\/\\\/lahehouse.com\\\/no\\\/#primaryimage\",\"url\":\"https:\\\/\\\/lahehouse.com\\\/wp-content\\\/uploads\\\/2023\\\/01\\\/Drivhus-1.jpeg\",\"contentUrl\":\"https:\\\/\\\/lahehouse.com\\\/wp-content\\\/uploads\\\/2023\\\/01\\\/Drivhus-1.jpeg\",\"width\":1920,\"height\":1080},{\"@type\":\"BreadcrumbList\",\"@id\":\"https:\\\/\\\/lahehouse.com\\\/no\\\/#breadcrumb\",\"itemListElement\":[{\"@type\":\"ListItem\",\"position\":1,\"name\":\"Home\",\"item\":\"https:\\\/\\\/lahehouse.com\\\/no\\\/\"},{\"@type\":\"ListItem\",\"position\":2,\"name\":\"Forside\"}]},{\"@type\":\"WebSite\",\"@id\":\"https:\\\/\\\/lahehouse.com\\\/#website\",\"url\":\"https:\\\/\\\/lahehouse.com\\\/\",\"name\":\"L\u00e4he House\",\"description\":\"Wooden greenhouses\",\"publisher\":{\"@id\":\"https:\\\/\\\/lahehouse.com\\\/#organization\"},\"potentialAction\":[{\"@type\":\"SearchAction\",\"target\":{\"@type\":\"EntryPoint\",\"urlTemplate\":\"https:\\\/\\\/lahehouse.com\\\/?s={search_term_string}\"},\"query-input\":{\"@type\":\"PropertyValueSpecification\",\"valueRequired\":true,\"valueName\":\"search_term_string\"}}],\"inLanguage\":\"nb-NO\"},{\"@type\":\"Organization\",\"@id\":\"https:\\\/\\\/lahehouse.com\\\/#organization\",\"name\":\"L\u00e4he House\",\"url\":\"https:\\\/\\\/lahehouse.com\\\/\",\"logo\":{\"@type\":\"ImageObject\",\"inLanguage\":\"nb-NO\",\"@id\":\"https:\\\/\\\/lahehouse.com\\\/#\\\/schema\\\/logo\\\/image\\\/\",\"url\":\"https:\\\/\\\/lahehouse.com\\\/wp-content\\\/uploads\\\/2022\\\/11\\\/Greenhouses-1.jpeg\",\"contentUrl\":\"https:\\\/\\\/lahehouse.com\\\/wp-content\\\/uploads\\\/2022\\\/11\\\/Greenhouses-1.jpeg\",\"width\":1920,\"height\":1080,\"caption\":\"L\u00e4he House\"},\"image\":{\"@id\":\"https:\\\/\\\/lahehouse.com\\\/#\\\/schema\\\/logo\\\/image\\\/\"}}]}<\/script>\n<!-- \/ Yoast SEO plugin. -->","yoast_head_json":{"title":"Drivhus i tre - L\u00e4he House","robots":{"index":"index","follow":"follow","max-snippet":"max-snippet:-1","max-image-preview":"max-image-preview:large","max-video-preview":"max-video-preview:-1"},"canonical":"https:\/\/lahehouse.com\/no\/","og_locale":"nb_NO","og_type":"article","og_title":"Drivhus i tre - L\u00e4he House","og_url":"https:\/\/lahehouse.com\/no\/","og_site_name":"L\u00e4he House","article_modified_time":"2023-02-14T12:33:20+00:00","og_image":[{"width":1920,"height":1080,"url":"https:\/\/lahehouse.com\/wp-content\/uploads\/2023\/01\/Drivhus-1.jpeg","type":"image\/jpeg"}],"twitter_card":"summary_large_image","twitter_misc":{"Ansl. lesetid":"3 minutter"},"schema":{"@context":"https:\/\/schema.org","@graph":[{"@type":"WebPage","@id":"https:\/\/lahehouse.com\/no\/","url":"https:\/\/lahehouse.com\/no\/","name":"Drivhus i tre - L\u00e4he House","isPartOf":{"@id":"https:\/\/lahehouse.com\/#website"},"primaryImageOfPage":{"@id":"https:\/\/lahehouse.com\/no\/#primaryimage"},"image":{"@id":"https:\/\/lahehouse.com\/no\/#primaryimage"},"thumbnailUrl":"https:\/\/lahehouse.com\/wp-content\/uploads\/2023\/01\/Drivhus-1.jpeg","datePublished":"2018-12-14T10:05:20+00:00","dateModified":"2023-02-14T12:33:20+00:00","breadcrumb":{"@id":"https:\/\/lahehouse.com\/no\/#breadcrumb"},"inLanguage":"nb-NO","potentialAction":[{"@type":"ReadAction","target":["https:\/\/lahehouse.com\/no\/"]}]},{"@type":"ImageObject","inLanguage":"nb-NO","@id":"https:\/\/lahehouse.com\/no\/#primaryimage","url":"https:\/\/lahehouse.com\/wp-content\/uploads\/2023\/01\/Drivhus-1.jpeg","contentUrl":"https:\/\/lahehouse.com\/wp-content\/uploads\/2023\/01\/Drivhus-1.jpeg","width":1920,"height":1080},{"@type":"BreadcrumbList","@id":"https:\/\/lahehouse.com\/no\/#breadcrumb","itemListElement":[{"@type":"ListItem","position":1,"name":"Home","item":"https:\/\/lahehouse.com\/no\/"},{"@type":"ListItem","position":2,"name":"Forside"}]},{"@type":"WebSite","@id":"https:\/\/lahehouse.com\/#website","url":"https:\/\/lahehouse.com\/","name":"L\u00e4he House","description":"Wooden greenhouses","publisher":{"@id":"https:\/\/lahehouse.com\/#organization"},"potentialAction":[{"@type":"SearchAction","target":{"@type":"EntryPoint","urlTemplate":"https:\/\/lahehouse.com\/?s={search_term_string}"},"query-input":{"@type":"PropertyValueSpecification","valueRequired":true,"valueName":"search_term_string"}}],"inLanguage":"nb-NO"},{"@type":"Organization","@id":"https:\/\/lahehouse.com\/#organization","name":"L\u00e4he House","url":"https:\/\/lahehouse.com\/","logo":{"@type":"ImageObject","inLanguage":"nb-NO","@id":"https:\/\/lahehouse.com\/#\/schema\/logo\/image\/","url":"https:\/\/lahehouse.com\/wp-content\/uploads\/2022\/11\/Greenhouses-1.jpeg","contentUrl":"https:\/\/lahehouse.com\/wp-content\/uploads\/2022\/11\/Greenhouses-1.jpeg","width":1920,"height":1080,"caption":"L\u00e4he House"},"image":{"@id":"https:\/\/lahehouse.com\/#\/schema\/logo\/image\/"}}]}},"_links":{"self":[{"href":"https:\/\/lahehouse.com\/no\/wp-json\/wp\/v2\/pages\/3322","targetHints":{"allow":["GET"]}}],"collection":[{"href":"https:\/\/lahehouse.com\/no\/wp-json\/wp\/v2\/pages"}],"about":[{"href":"https:\/\/lahehouse.com\/no\/wp-json\/wp\/v2\/types\/page"}],"author":[{"embeddable":true,"href":"https:\/\/lahehouse.com\/no\/wp-json\/wp\/v2\/users\/1"}],"replies":[{"embeddable":true,"href":"https:\/\/lahehouse.com\/no\/wp-json\/wp\/v2\/comments?post=3322"}],"version-history":[{"count":60,"href":"https:\/\/lahehouse.com\/no\/wp-json\/wp\/v2\/pages\/3322\/revisions"}],"predecessor-version":[{"id":17399,"href":"https:\/\/lahehouse.com\/no\/wp-json\/wp\/v2\/pages\/3322\/revisions\/17399"}],"wp:featuredmedia":[{"embeddable":true,"href":"https:\/\/lahehouse.com\/no\/wp-json\/wp\/v2\/media\/12299"}],"wp:attachment":[{"href":"https:\/\/lahehouse.com\/no\/wp-json\/wp\/v2\/media?parent=3322"}],"curies":[{"name":"wp","href":"https:\/\/api.w.org\/{rel}","templated":true}]}}