{"id":15930,"date":"2023-01-28T09:13:52","date_gmt":"2023-01-28T09:13:52","guid":{"rendered":"https:\/\/lahehouse.com\/?page_id=15930"},"modified":"2023-01-29T10:44:46","modified_gmt":"2023-01-29T10:44:46","slug":"hallbarhe","status":"publish","type":"page","link":"https:\/\/lahehouse.com\/sv\/hallbarhe\/","title":{"rendered":"H\u00e5llbarhe"},"content":{"rendered":"\n  <div class=\"banner has-hover\" id=\"banner-171292284\">\n          <div class=\"banner-inner fill\">\n        <div class=\"banner-bg fill\" >\n            <img loading=\"lazy\" decoding=\"async\" width=\"1920\" height=\"1080\" src=\"https:\/\/lahehouse.com\/wp-content\/uploads\/2023\/01\/Travaxthus-1.jpeg\" class=\"bg attachment-original size-original\" alt=\"\" \/>                        <div class=\"overlay\"><\/div>            \n                    <\/div>\n\t\t\n        <div class=\"banner-layers container\">\n            <div class=\"fill banner-link\"><\/div>            \n   <div id=\"text-box-923046128\" class=\"text-box banner-layer x50 md-x50 lg-x50 y50 md-y50 lg-y50 res-text\">\n                     <div data-animate=\"none\">           <div class=\"text-box-content text dark\">\n              \n              <div class=\"text-inner text-center\">\n                  \n\t<div id=\"text-655095821\" class=\"text\">\n\t\t\n<h1 class=\"uppercase\">H\u00c5LLBAR FRAMTID<\/h1>\n\t\t\n<style>\n#text-655095821 {\n  font-size: 0.75rem;\n}\n<\/style>\n\t<\/div>\n\t\n              <\/div>\n           <\/div>\n       <\/div>                     \n<style>\n#text-box-923046128 {\n  width: 90%;\n}\n#text-box-923046128 .text-box-content {\n  font-size: 100%;\n}\n@media (min-width:550px) {\n  #text-box-923046128 {\n    width: 100%;\n  }\n}\n<\/style>\n    <\/div>\n \n        <\/div>\n      <\/div>\n\n            \n<style>\n#banner-171292284 {\n  padding-top: 400px;\n}\n#banner-171292284 .overlay {\n  background-color: rgba(0, 0, 0, 0.3);\n}\n#banner-171292284 .banner-bg img {\n  object-position: 50% 0%;\n}\n@media (min-width:550px) {\n  #banner-171292284 .overlay {\n    background-color: rgba(0, 0, 0, 0.4);\n  }\n}\n<\/style>\n  <\/div>\n\n\n\n\t<section class=\"section\" id=\"section_598717291\">\n\t\t<div class=\"section-bg fill\" >\n\t\t\t\t\t\t\t\t\t\n\t\t\t\n\n\t\t<\/div>\n\n\t\t\n\n\t\t<div class=\"section-content relative\">\n\t\t\t\n<div class=\"row row-small row-full-width align-equal align-center\"  id=\"row-1984717526\">\n\n\t<div id=\"col-497054281\" class=\"col medium-8 small-12 large-8 small-col-first\"  >\n\t\t\t\t<div class=\"col-inner text-center\"  >\n\t\t\t\n\t\t\t\n\t<div id=\"text-3459003672\" class=\"text\">\n\t\t\n<h2>Litet koldioxidavtryck<\/h2>\n\t\t\n<style>\n#text-3459003672 {\n  font-size: 2rem;\n}\n<\/style>\n\t<\/div>\n\t\n\t<div id=\"text-2399693915\" class=\"text\">\n\t\t\n<p>En gr\u00f6n och ren framtid \u00e4r v\u00e4ldigt viktig f\u00f6r oss. I takt med att jordens befolkning v\u00e4xer \u00f6kar ocks\u00e5 behovet av resurser. Vad vi \u00e4ter och produkterna vi anv\u00e4nder \u00e4r faktorer som avg\u00f6r hur mycket vi konsumerar som m\u00e4nniskor. F\u00f6r att bevara resterande resurser \u00e4r det viktigt att vi minskar konsumtionen.<\/p>\n<p>Genom att kombinera f\u00f6rnybara material (termotr\u00e4 och glas), hantverk och modern teknik hoppas vi uppn\u00e5 minsta m\u00f6jliga koldioxidavtryck. V\u00e5ra tr\u00e4v\u00e4xthuss naturliga material och l\u00e5nga livscykel bidrar till detta m\u00e5l.<\/p>\n\t\t\n<style>\n#text-2399693915 {\n  font-size: 1rem;\n}\n<\/style>\n\t<\/div>\n\t\n\t\t<\/div>\n\t\t\t\t\t<\/div>\n\n\t\n<\/div>\n\t\t<\/div>\n\n\t\t\n<style>\n#section_598717291 {\n  padding-top: 100px;\n  padding-bottom: 100px;\n  min-height: 600px;\n  background-color: rgb(210, 210, 210);\n}\n<\/style>\n\t<\/section>\n\t\n\n  <div class=\"banner has-hover\" id=\"banner-118514933\">\n          <div class=\"banner-inner fill\">\n        <div class=\"banner-bg fill\" >\n            <img loading=\"lazy\" decoding=\"async\" width=\"1920\" height=\"1080\" src=\"https:\/\/lahehouse.com\/wp-content\/uploads\/2023\/01\/Hallbarhet-1.jpeg\" class=\"bg attachment-original size-original\" alt=\"\" \/>                        <div class=\"overlay\"><\/div>            \n                    <\/div>\n\t\t\n        <div class=\"banner-layers container\">\n            <div class=\"fill banner-link\"><\/div>            \n   <div id=\"text-box-358654903\" class=\"text-box banner-layer x50 md-x50 lg-x50 y50 md-y50 lg-y50 res-text\">\n                                <div class=\"text-box-content text dark\">\n              \n              <div class=\"text-inner text-center\">\n                  \n\t<div id=\"text-1606771809\" class=\"text\">\n\t\t\n<h2>En l\u00e4ngre produktlivscykel hj\u00e4lper till att skydda v\u00e5r planet!<\/h2>\n\t\t\n<style>\n#text-1606771809 {\n  font-size: 0.85rem;\n}\n@media (min-width:550px) {\n  #text-1606771809 {\n    font-size: 1.5rem;\n  }\n}\n<\/style>\n\t<\/div>\n\t\n              <\/div>\n           <\/div>\n                            \n<style>\n#text-box-358654903 {\n  width: 90%;\n}\n#text-box-358654903 .text-box-content {\n  font-size: 100%;\n}\n@media (min-width:550px) {\n  #text-box-358654903 {\n    width: 60%;\n  }\n}\n<\/style>\n    <\/div>\n \n        <\/div>\n      <\/div>\n\n            \n<style>\n#banner-118514933 {\n  padding-top: 600px;\n}\n#banner-118514933 .overlay {\n  background-color: rgba(0, 0, 0, 0.4);\n}\n#banner-118514933 .banner-bg img {\n  object-position: 0% 0%;\n}\n@media (min-width:550px) {\n  #banner-118514933 .overlay {\n    background-color: rgba(0, 0, 0, 0.4);\n  }\n}\n<\/style>\n  <\/div>\n\n\n\n\t<section class=\"section\" id=\"section_280570402\">\n\t\t<div class=\"section-bg fill\" >\n\t\t\t\t\t\t\t\t\t\n\t\t\t\n\n\t\t<\/div>\n\n\t\t\n\n\t\t<div class=\"section-content relative\">\n\t\t\t\n<div class=\"row\"  id=\"row-114025548\">\n\n\t<div id=\"col-502070484\" class=\"col small-12 large-12\"  >\n\t\t\t\t<div class=\"col-inner text-center\"  >\n\t\t\t\n\t\t\t\n\t<div id=\"text-2472740301\" class=\"text\">\n\t\t\n<h2>Hur g\u00f6r vi det?<\/h2>\n\t\t\n<style>\n#text-2472740301 {\n  font-size: 2rem;\n}\n<\/style>\n\t<\/div>\n\t\n\t\t<\/div>\n\t\t\t\t\t<\/div>\n\n\t\n<\/div>\n<div class=\"row row-small row-full-width align-equal\"  id=\"row-1613537704\">\n\n\t<div id=\"col-1055950502\" class=\"col medium-4 small-12 large-4\"  >\n\t\t\t\t<div class=\"col-inner text-center\"  >\n\t\t\t\n\t\t\t\n\t<div id=\"text-345520025\" class=\"text\">\n\t\t\n<h4><strong>NATURLIGA MATERIAL<\/strong><\/h4>\n<p>Vi anv\u00e4nde 99 % naturliga och f\u00f6rnybara material n\u00e4r vi tillverkade v\u00e4xthusen.<\/p>\n\t\t\n<style>\n#text-345520025 {\n  font-size: 1rem;\n}\n<\/style>\n\t<\/div>\n\t\n\t\t<\/div>\n\t\t\t\t\n<style>\n#col-1055950502 > .col-inner {\n  padding: 45px 30px 30px 30px;\n}\n@media (min-width:550px) {\n  #col-1055950502 > .col-inner {\n    padding: 45px 30px 0px 30px;\n  }\n}\n<\/style>\n\t<\/div>\n\n\t\n\n\t<div id=\"col-1453815471\" class=\"col medium-4 small-12 large-4\"  >\n\t\t\t\t<div class=\"col-inner text-center\"  >\n\t\t\t\n\t\t\t\n\t<div id=\"text-2099479674\" class=\"text\">\n\t\t\n<h4><strong>TR\u00c4<\/strong><\/h4>\n<p>Alla v\u00e5ra tr\u00e4materialleverant\u00f6rer m\u00e5ste ha <strong>FSC<\/strong>-certifiering.<\/p>\n\t\t\n<style>\n#text-2099479674 {\n  font-size: 1rem;\n}\n<\/style>\n\t<\/div>\n\t\n\t\t<\/div>\n\t\t\t\t\n<style>\n#col-1453815471 > .col-inner {\n  padding: 45px 30px 30px 30px;\n}\n@media (min-width:550px) {\n  #col-1453815471 > .col-inner {\n    padding: 45px 30px 0px 30px;\n  }\n}\n<\/style>\n\t<\/div>\n\n\t\n\n\t<div id=\"col-538264073\" class=\"col medium-4 small-12 large-4\"  >\n\t\t\t\t<div class=\"col-inner text-center\"  >\n\t\t\t\n\t\t\t\n\t<div id=\"text-2817269295\" class=\"text\">\n\t\t\n<h4><strong>TIDL\u00d6S DESIGN<\/strong><\/h4>\n<p>Trender kommer och g\u00e5r. L\u00e4he v\u00e4xthus har en tidl\u00f6s design och passar alla milj\u00f6er.<\/p>\n\t\t\n<style>\n#text-2817269295 {\n  font-size: 1rem;\n}\n<\/style>\n\t<\/div>\n\t\n\t\t<\/div>\n\t\t\t\t\n<style>\n#col-538264073 > .col-inner {\n  padding: 45px 30px 30px 30px;\n}\n@media (min-width:550px) {\n  #col-538264073 > .col-inner {\n    padding: 45px 30px 0px 30px;\n  }\n}\n<\/style>\n\t<\/div>\n\n\t\n<\/div>\n<div class=\"row row-small row-full-width align-equal\"  id=\"row-573573804\">\n\n\t<div id=\"col-509896514\" class=\"col medium-4 small-12 large-4\"  >\n\t\t\t\t<div class=\"col-inner text-center\"  >\n\t\t\t\n\t\t\t\n\t<div id=\"text-1526600881\" class=\"text\">\n\t\t\n<h4><strong>EFFEKTIV PRODUKTION<\/strong><\/h4>\n<p>Tack vare den effektiva produktionsprocessen genereras v\u00e4ldigt lite rester vid produktionen av L\u00e4he v\u00e4xthus, och det \u00e4r inte belastande f\u00f6r milj\u00f6n.<\/p>\n\t\t\n<style>\n#text-1526600881 {\n  font-size: 1rem;\n}\n<\/style>\n\t<\/div>\n\t\n\t\t<\/div>\n\t\t\t\t\n<style>\n#col-509896514 > .col-inner {\n  padding: 45px 30px 30px 30px;\n}\n@media (min-width:550px) {\n  #col-509896514 > .col-inner {\n    padding: 45px 30px 0px 30px;\n  }\n}\n<\/style>\n\t<\/div>\n\n\t\n\n\t<div id=\"col-685588813\" class=\"col medium-4 small-12 large-4\"  >\n\t\t\t\t<div class=\"col-inner text-center\"  >\n\t\t\t\n\t\t\t\n\t<div id=\"text-1342138410\" class=\"text\">\n\t\t\n<h4><strong>BYGGD F\u00d6R ATT H\u00c5LLA<\/strong><\/h4>\n<p>Det finns f\u00f6r m\u00e5nga produkter som har v\u00e4ldigt kort livsl\u00e4ngd. L\u00e4he v\u00e4xthus \u00e4r byggda f\u00f6r att vara h\u00e5llbara och ha en f\u00f6rv\u00e4ntad livsl\u00e4ngd p\u00e5 50 \u00e5r.<\/p>\n\t\t\n<style>\n#text-1342138410 {\n  font-size: 1rem;\n}\n<\/style>\n\t<\/div>\n\t\n\t\t<\/div>\n\t\t\t\t\n<style>\n#col-685588813 > .col-inner {\n  padding: 45px 30px 30px 30px;\n}\n@media (min-width:550px) {\n  #col-685588813 > .col-inner {\n    padding: 45px 30px 0px 30px;\n  }\n}\n<\/style>\n\t<\/div>\n\n\t\n\n\t<div id=\"col-509760839\" class=\"col medium-4 small-12 large-4\"  >\n\t\t\t\t<div class=\"col-inner text-center\"  >\n\t\t\t\n\t\t\t\n\t<div id=\"text-146433229\" class=\"text\">\n\t\t\n<h4><strong>\u00c5TERANV\u00c4NDBAR<\/strong><\/h4>\n<p>Vid flytt g\u00e5r det att plocka is\u00e4r L\u00e4he v\u00e4xthus och flytta det till en ny plats. Inget behov av att k\u00f6pa en ny.<\/p>\n\t\t\n<style>\n#text-146433229 {\n  font-size: 1rem;\n}\n<\/style>\n\t<\/div>\n\t\n\t\t<\/div>\n\t\t\t\t\n<style>\n#col-509760839 > .col-inner {\n  padding: 45px 30px 30px 30px;\n}\n@media (min-width:550px) {\n  #col-509760839 > .col-inner {\n    padding: 45px 30px 0px 30px;\n  }\n}\n<\/style>\n\t<\/div>\n\n\t\n<\/div>\n\t\t<\/div>\n\n\t\t\n<style>\n#section_280570402 {\n  padding-top: 50px;\n  padding-bottom: 50px;\n  min-height: 600px;\n  background-color: rgb(210, 210, 210);\n}\n@media (min-width:550px) {\n  #section_280570402 {\n    padding-top: 30px;\n    padding-bottom: 30px;\n  }\n}\n<\/style>\n\t<\/section>\n\t\n","protected":false},"excerpt":{"rendered":"","protected":false},"author":1,"featured_media":11542,"parent":0,"menu_order":0,"comment_status":"closed","ping_status":"closed","template":"page-transparent-header-light.php","meta":{"footnotes":""},"class_list":["post-15930","page","type-page","status-publish","has-post-thumbnail","hentry"],"yoast_head":"<!-- This site is optimized with the Yoast SEO plugin v27.3 - https:\/\/yoast.com\/product\/yoast-seo-wordpress\/ -->\n<title>H\u00e5llbarhe - L\u00e4he House<\/title>\n<meta name=\"robots\" content=\"index, follow, max-snippet:-1, max-image-preview:large, max-video-preview:-1\" \/>\n<link rel=\"canonical\" href=\"https:\/\/lahehouse.com\/sv\/hallbarhe\/\" \/>\n<meta property=\"og:locale\" content=\"sv_SE\" \/>\n<meta property=\"og:type\" content=\"article\" \/>\n<meta property=\"og:title\" content=\"H\u00e5llbarhe - L\u00e4he House\" \/>\n<meta property=\"og:url\" content=\"https:\/\/lahehouse.com\/sv\/hallbarhe\/\" \/>\n<meta property=\"og:site_name\" content=\"L\u00e4he House\" \/>\n<meta property=\"article:modified_time\" content=\"2023-01-29T10:44:46+00:00\" \/>\n<meta property=\"og:image\" content=\"https:\/\/lahehouse.com\/wp-content\/uploads\/2022\/11\/Greenhouses-1.jpeg\" \/>\n\t<meta property=\"og:image:width\" content=\"1920\" \/>\n\t<meta property=\"og:image:height\" content=\"1080\" \/>\n\t<meta property=\"og:image:type\" content=\"image\/jpeg\" \/>\n<meta name=\"twitter:card\" content=\"summary_large_image\" \/>\n<meta name=\"twitter:label1\" content=\"Ber\u00e4knad l\u00e4stid\" \/>\n\t<meta name=\"twitter:data1\" content=\"2 minuter\" \/>\n<script type=\"application\/ld+json\" class=\"yoast-schema-graph\">{\"@context\":\"https:\\\/\\\/schema.org\",\"@graph\":[{\"@type\":\"WebPage\",\"@id\":\"https:\\\/\\\/lahehouse.com\\\/sv\\\/hallbarhe\\\/\",\"url\":\"https:\\\/\\\/lahehouse.com\\\/sv\\\/hallbarhe\\\/\",\"name\":\"H\u00e5llbarhe - L\u00e4he House\",\"isPartOf\":{\"@id\":\"https:\\\/\\\/lahehouse.com\\\/#website\"},\"primaryImageOfPage\":{\"@id\":\"https:\\\/\\\/lahehouse.com\\\/sv\\\/hallbarhe\\\/#primaryimage\"},\"image\":{\"@id\":\"https:\\\/\\\/lahehouse.com\\\/sv\\\/hallbarhe\\\/#primaryimage\"},\"thumbnailUrl\":\"https:\\\/\\\/lahehouse.com\\\/wp-content\\\/uploads\\\/2022\\\/11\\\/Greenhouses-1.jpeg\",\"datePublished\":\"2023-01-28T09:13:52+00:00\",\"dateModified\":\"2023-01-29T10:44:46+00:00\",\"breadcrumb\":{\"@id\":\"https:\\\/\\\/lahehouse.com\\\/sv\\\/hallbarhe\\\/#breadcrumb\"},\"inLanguage\":\"sv-SE\",\"potentialAction\":[{\"@type\":\"ReadAction\",\"target\":[\"https:\\\/\\\/lahehouse.com\\\/sv\\\/hallbarhe\\\/\"]}]},{\"@type\":\"ImageObject\",\"inLanguage\":\"sv-SE\",\"@id\":\"https:\\\/\\\/lahehouse.com\\\/sv\\\/hallbarhe\\\/#primaryimage\",\"url\":\"https:\\\/\\\/lahehouse.com\\\/wp-content\\\/uploads\\\/2022\\\/11\\\/Greenhouses-1.jpeg\",\"contentUrl\":\"https:\\\/\\\/lahehouse.com\\\/wp-content\\\/uploads\\\/2022\\\/11\\\/Greenhouses-1.jpeg\",\"width\":1920,\"height\":1080},{\"@type\":\"BreadcrumbList\",\"@id\":\"https:\\\/\\\/lahehouse.com\\\/sv\\\/hallbarhe\\\/#breadcrumb\",\"itemListElement\":[{\"@type\":\"ListItem\",\"position\":1,\"name\":\"Home\",\"item\":\"https:\\\/\\\/lahehouse.com\\\/sv\\\/\"},{\"@type\":\"ListItem\",\"position\":2,\"name\":\"H\u00e5llbarhe\"}]},{\"@type\":\"WebSite\",\"@id\":\"https:\\\/\\\/lahehouse.com\\\/#website\",\"url\":\"https:\\\/\\\/lahehouse.com\\\/\",\"name\":\"L\u00e4he House\",\"description\":\"Wooden greenhouses\",\"publisher\":{\"@id\":\"https:\\\/\\\/lahehouse.com\\\/#organization\"},\"potentialAction\":[{\"@type\":\"SearchAction\",\"target\":{\"@type\":\"EntryPoint\",\"urlTemplate\":\"https:\\\/\\\/lahehouse.com\\\/?s={search_term_string}\"},\"query-input\":{\"@type\":\"PropertyValueSpecification\",\"valueRequired\":true,\"valueName\":\"search_term_string\"}}],\"inLanguage\":\"sv-SE\"},{\"@type\":\"Organization\",\"@id\":\"https:\\\/\\\/lahehouse.com\\\/#organization\",\"name\":\"L\u00e4he House\",\"url\":\"https:\\\/\\\/lahehouse.com\\\/\",\"logo\":{\"@type\":\"ImageObject\",\"inLanguage\":\"sv-SE\",\"@id\":\"https:\\\/\\\/lahehouse.com\\\/#\\\/schema\\\/logo\\\/image\\\/\",\"url\":\"https:\\\/\\\/lahehouse.com\\\/wp-content\\\/uploads\\\/2022\\\/11\\\/Greenhouses-1.jpeg\",\"contentUrl\":\"https:\\\/\\\/lahehouse.com\\\/wp-content\\\/uploads\\\/2022\\\/11\\\/Greenhouses-1.jpeg\",\"width\":1920,\"height\":1080,\"caption\":\"L\u00e4he House\"},\"image\":{\"@id\":\"https:\\\/\\\/lahehouse.com\\\/#\\\/schema\\\/logo\\\/image\\\/\"}}]}<\/script>\n<!-- \/ Yoast SEO plugin. -->","yoast_head_json":{"title":"H\u00e5llbarhe - L\u00e4he House","robots":{"index":"index","follow":"follow","max-snippet":"max-snippet:-1","max-image-preview":"max-image-preview:large","max-video-preview":"max-video-preview:-1"},"canonical":"https:\/\/lahehouse.com\/sv\/hallbarhe\/","og_locale":"sv_SE","og_type":"article","og_title":"H\u00e5llbarhe - L\u00e4he House","og_url":"https:\/\/lahehouse.com\/sv\/hallbarhe\/","og_site_name":"L\u00e4he House","article_modified_time":"2023-01-29T10:44:46+00:00","og_image":[{"width":1920,"height":1080,"url":"https:\/\/lahehouse.com\/wp-content\/uploads\/2022\/11\/Greenhouses-1.jpeg","type":"image\/jpeg"}],"twitter_card":"summary_large_image","twitter_misc":{"Ber\u00e4knad l\u00e4stid":"2 minuter"},"schema":{"@context":"https:\/\/schema.org","@graph":[{"@type":"WebPage","@id":"https:\/\/lahehouse.com\/sv\/hallbarhe\/","url":"https:\/\/lahehouse.com\/sv\/hallbarhe\/","name":"H\u00e5llbarhe - L\u00e4he House","isPartOf":{"@id":"https:\/\/lahehouse.com\/#website"},"primaryImageOfPage":{"@id":"https:\/\/lahehouse.com\/sv\/hallbarhe\/#primaryimage"},"image":{"@id":"https:\/\/lahehouse.com\/sv\/hallbarhe\/#primaryimage"},"thumbnailUrl":"https:\/\/lahehouse.com\/wp-content\/uploads\/2022\/11\/Greenhouses-1.jpeg","datePublished":"2023-01-28T09:13:52+00:00","dateModified":"2023-01-29T10:44:46+00:00","breadcrumb":{"@id":"https:\/\/lahehouse.com\/sv\/hallbarhe\/#breadcrumb"},"inLanguage":"sv-SE","potentialAction":[{"@type":"ReadAction","target":["https:\/\/lahehouse.com\/sv\/hallbarhe\/"]}]},{"@type":"ImageObject","inLanguage":"sv-SE","@id":"https:\/\/lahehouse.com\/sv\/hallbarhe\/#primaryimage","url":"https:\/\/lahehouse.com\/wp-content\/uploads\/2022\/11\/Greenhouses-1.jpeg","contentUrl":"https:\/\/lahehouse.com\/wp-content\/uploads\/2022\/11\/Greenhouses-1.jpeg","width":1920,"height":1080},{"@type":"BreadcrumbList","@id":"https:\/\/lahehouse.com\/sv\/hallbarhe\/#breadcrumb","itemListElement":[{"@type":"ListItem","position":1,"name":"Home","item":"https:\/\/lahehouse.com\/sv\/"},{"@type":"ListItem","position":2,"name":"H\u00e5llbarhe"}]},{"@type":"WebSite","@id":"https:\/\/lahehouse.com\/#website","url":"https:\/\/lahehouse.com\/","name":"L\u00e4he House","description":"Wooden greenhouses","publisher":{"@id":"https:\/\/lahehouse.com\/#organization"},"potentialAction":[{"@type":"SearchAction","target":{"@type":"EntryPoint","urlTemplate":"https:\/\/lahehouse.com\/?s={search_term_string}"},"query-input":{"@type":"PropertyValueSpecification","valueRequired":true,"valueName":"search_term_string"}}],"inLanguage":"sv-SE"},{"@type":"Organization","@id":"https:\/\/lahehouse.com\/#organization","name":"L\u00e4he House","url":"https:\/\/lahehouse.com\/","logo":{"@type":"ImageObject","inLanguage":"sv-SE","@id":"https:\/\/lahehouse.com\/#\/schema\/logo\/image\/","url":"https:\/\/lahehouse.com\/wp-content\/uploads\/2022\/11\/Greenhouses-1.jpeg","contentUrl":"https:\/\/lahehouse.com\/wp-content\/uploads\/2022\/11\/Greenhouses-1.jpeg","width":1920,"height":1080,"caption":"L\u00e4he House"},"image":{"@id":"https:\/\/lahehouse.com\/#\/schema\/logo\/image\/"}}]}},"_links":{"self":[{"href":"https:\/\/lahehouse.com\/sv\/wp-json\/wp\/v2\/pages\/15930","targetHints":{"allow":["GET"]}}],"collection":[{"href":"https:\/\/lahehouse.com\/sv\/wp-json\/wp\/v2\/pages"}],"about":[{"href":"https:\/\/lahehouse.com\/sv\/wp-json\/wp\/v2\/types\/page"}],"author":[{"embeddable":true,"href":"https:\/\/lahehouse.com\/sv\/wp-json\/wp\/v2\/users\/1"}],"replies":[{"embeddable":true,"href":"https:\/\/lahehouse.com\/sv\/wp-json\/wp\/v2\/comments?post=15930"}],"version-history":[{"count":7,"href":"https:\/\/lahehouse.com\/sv\/wp-json\/wp\/v2\/pages\/15930\/revisions"}],"predecessor-version":[{"id":16331,"href":"https:\/\/lahehouse.com\/sv\/wp-json\/wp\/v2\/pages\/15930\/revisions\/16331"}],"wp:featuredmedia":[{"embeddable":true,"href":"https:\/\/lahehouse.com\/sv\/wp-json\/wp\/v2\/media\/11542"}],"wp:attachment":[{"href":"https:\/\/lahehouse.com\/sv\/wp-json\/wp\/v2\/media?parent=15930"}],"curies":[{"name":"wp","href":"https:\/\/api.w.org\/{rel}","templated":true}]}}