{"id":15934,"date":"2023-01-28T09:16:44","date_gmt":"2023-01-28T09:16:44","guid":{"rendered":"https:\/\/lahehouse.com\/?page_id=15934"},"modified":"2024-03-06T17:33:24","modified_gmt":"2024-03-06T17:33:24","slug":"information","status":"publish","type":"page","link":"https:\/\/lahehouse.com\/sv\/information\/","title":{"rendered":"Ytterligare information"},"content":{"rendered":"\n\t<section class=\"section dark\" id=\"section_457429079\">\n\t\t<div class=\"section-bg fill\" >\n\t\t\t\t\t\t\t\t\t\n\t\t\t\n\n\t\t<\/div>\n\n\t\t\n\n\t\t<div class=\"section-content relative\">\n\t\t\t\n\n  <div class=\"banner has-hover\" id=\"banner-1869424423\">\n          <div class=\"banner-inner fill\">\n        <div class=\"banner-bg fill\" >\n            <img loading=\"lazy\" decoding=\"async\" width=\"1920\" height=\"1080\" src=\"https:\/\/lahehouse.com\/wp-content\/uploads\/2023\/01\/Travaxthus-1.jpeg\" class=\"bg attachment-original size-original\" alt=\"\" \/>                        <div class=\"overlay\"><\/div>            \n                    <\/div>\n\t\t\n        <div class=\"banner-layers container\">\n            <div class=\"fill banner-link\"><\/div>            \n   <div id=\"text-box-1543540290\" class=\"text-box banner-layer x50 md-x50 lg-x50 y50 md-y50 lg-y50 res-text\">\n                     <div data-animate=\"none\">           <div class=\"text-box-content text dark\">\n              \n              <div class=\"text-inner text-center\">\n                  \n\t<div id=\"text-420155956\" class=\"text\">\n\t\t\n<h1 class=\"uppercase\">Ytterligare information<\/h1>\n\t\t\n<style>\n#text-420155956 {\n  font-size: 0.75rem;\n}\n<\/style>\n\t<\/div>\n\t\n              <\/div>\n           <\/div>\n       <\/div>                     \n<style>\n#text-box-1543540290 {\n  width: 80%;\n}\n#text-box-1543540290 .text-box-content {\n  font-size: 100%;\n}\n@media (min-width:550px) {\n  #text-box-1543540290 {\n    width: 100%;\n  }\n}\n<\/style>\n    <\/div>\n \n        <\/div>\n      <\/div>\n\n            \n<style>\n#banner-1869424423 {\n  padding-top: 400px;\n}\n#banner-1869424423 .overlay {\n  background-color: rgba(0, 0, 0, 0.3);\n}\n#banner-1869424423 .banner-bg img {\n  object-position: 50% 0%;\n}\n@media (min-width:550px) {\n  #banner-1869424423 .overlay {\n    background-color: rgba(0, 0, 0, 0.4);\n  }\n}\n<\/style>\n  <\/div>\n\n\n\t\t<\/div>\n\n\t\t\n<style>\n#section_457429079 {\n  padding-top: 0px;\n  padding-bottom: 0px;\n}\n<\/style>\n\t<\/section>\n\t\n\n\t<section class=\"section\" id=\"section_1354317353\">\n\t\t<div class=\"section-bg fill\" >\n\t\t\t\t\t\t\t\t\t\n\t\t\t\n\n\t\t<\/div>\n\n\t\t\n\n\t\t<div class=\"section-content relative\">\n\t\t\t\n<div class=\"row align-center\"  id=\"row-27695913\">\n\n\t<div id=\"col-284336698\" class=\"col medium-10 small-12 large-3\"  >\n\t\t\t\t<div class=\"col-inner\"  >\n\t\t\t\n\t\t\t\n\t<div id=\"text-2208028713\" class=\"text\">\n\t\t\n<h2>PRODUKTER<\/h2>\n\t\t\n<style>\n#text-2208028713 {\n  font-size: 1rem;\n}\n<\/style>\n\t<\/div>\n\t\n\t\t<\/div>\n\t\t\t\t\t<\/div>\n\n\t\n\n\t<div id=\"col-941150946\" class=\"col medium-10 small-12 large-6\"  >\n\t\t\t\t<div class=\"col-inner\"  >\n\t\t\t\n\t\t\t\n<div class=\"accordion\">\n\t<div id=\"accordion-3418537384\" class=\"accordion-item\">\n\t\t<a id=\"accordion-3418537384-label\" class=\"accordion-title plain\" href=\"#accordion-item-vilken-typ-av-tr\u00e4-anv\u00e4nder-vi?\" aria-expanded=\"false\" aria-controls=\"accordion-3418537384-content\">\n\t\t\t<button class=\"toggle\" aria-label=\"Toggle\"><i class=\"icon-angle-down\" aria-hidden=\"true\"><\/i><\/button>\n\t\t\t<span>Vilken typ av tr\u00e4 anv\u00e4nder vi?<\/span>\n\t\t<\/a>\n\t\t<div id=\"accordion-3418537384-content\" class=\"accordion-inner\" aria-labelledby=\"accordion-3418537384-label\">\n\t\t\t\n<p>Alla L\u00e4he v\u00e4xthus \u00e4r tillverkade av h\u00f6gkvalitativt v\u00e4rmebehandlat tr\u00e4 (Thermowood). Thermowood \u00e4r ett tr\u00e4material som produceras med hj\u00e4lp av naturliga metoder, v\u00e4rme och \u00e5nga. Termisk modifiering f\u00f6rb\u00e4ttrar tr\u00e4ets tekniska egenskaper och Thermowood \u00e4r giftfritt, formstabilt, motst\u00e5ndskraftigt mot r\u00f6ta och hartsfritt. Den kan anv\u00e4ndas i alla klimat. Thermowood \u00e4r klassificerat som h\u00e5llbart enligt EN 113-standarden; d.v.s. dess naturliga motst\u00e5ndskraft mot f\u00f6rfall uppfyller klass 2 krav.<\/p>\n<p><strong>Thermowood egenskaper:<\/strong><\/p>\n<p><strong>&#8211; Dimensionell stabilitet<\/strong><br \/><strong>\u2013 Minskad fukthalt<\/strong><br \/><strong>\u2013 F\u00f6rb\u00e4ttrad h\u00e5llbarhet mot f\u00f6rfall<\/strong><br \/><strong>\u2013 Minskad v\u00e4rmeledningsf\u00f6rm\u00e5ga<\/strong><br \/><strong>\u2013 Harts borttaget<\/strong><br \/><strong>\u2013 Konsekvent f\u00e4rg genom tr\u00e4et<\/strong><br \/><strong>\u2013 Ej giftigt material<\/strong><\/p>\n<p>V\u00e5rt val av termotr\u00e4 \u00e4r v\u00e4rmebehandlad skandinavisk furu. Thermowood har en varm, naturlig sk\u00f6nhet. Alla konstruktioner \u00e4r gjorda av mycket slitstarkt och robust 92 x 42 mm material.<\/p>\n\t\t<\/div>\n\t<\/div>\n\t\n\t<div id=\"accordion-418596970\" class=\"accordion-item\">\n\t\t<a id=\"accordion-418596970-label\" class=\"accordion-title plain\" href=\"#accordion-item-vilken-typ-av-glas-anv\u00e4nder-vi?\" aria-expanded=\"false\" aria-controls=\"accordion-418596970-content\">\n\t\t\t<button class=\"toggle\" aria-label=\"Toggle\"><i class=\"icon-angle-down\" aria-hidden=\"true\"><\/i><\/button>\n\t\t\t<span>Vilken typ av glas anv\u00e4nder vi?<\/span>\n\t\t<\/a>\n\t\t<div id=\"accordion-418596970-content\" class=\"accordion-inner\" aria-labelledby=\"accordion-418596970-label\">\n\t\t\t\n<p>Alla element \u00e4r glaserade i 4 mm h\u00e4rdat s\u00e4kerhetsglas enligt europeisk standard EN 1863-2.<\/p>\n<p>H\u00e4rdat glas har ett antal f\u00f6rdelar. F\u00f6r visuella \u00e4ndam\u00e5l \u00e4r h\u00e4rdat glas vida \u00f6verl\u00e4gset i klarhet. Vindar, stormar, sn\u00f6stormar och andra v\u00e4derelement kan inte skada glasv\u00e4xthus s\u00e5 l\u00e4tt. Dessutom \u00e4r h\u00e4rdat glas s\u00e4krare eftersom n\u00e4r det g\u00e5r s\u00f6nder smulas det s\u00f6nder till sm\u00e5 bitar som inte \u00e4r vassa.<\/p>\n<p>H\u00e4rdat glas erbjuder en mycket l\u00e4ngre livsl\u00e4ngd \u00e4n n\u00e5gon annan typ av v\u00e4xthusmaterial.<\/p>\n\t\t<\/div>\n\t<\/div>\n\t\n\t<div id=\"accordion-1200004330\" class=\"accordion-item\">\n\t\t<a id=\"accordion-1200004330-label\" class=\"accordion-title plain\" href=\"#accordion-item-vilken-typ-av-finish-kan-jag-best\u00e4lla?\" aria-expanded=\"false\" aria-controls=\"accordion-1200004330-content\">\n\t\t\t<button class=\"toggle\" aria-label=\"Toggle\"><i class=\"icon-angle-down\" aria-hidden=\"true\"><\/i><\/button>\n\t\t\t<span>Vilken typ av finish kan jag best\u00e4lla?<\/span>\n\t\t<\/a>\n\t\t<div id=\"accordion-1200004330-content\" class=\"accordion-inner\" aria-labelledby=\"accordion-1200004330-label\">\n\t\t\t\n<p>Alla v\u00e5ra v\u00e4xthus kan best\u00e4llas med oljad eller m\u00e5lad finish med olika f\u00e4rger. Du kan hitta f\u00e4rgkarta fr\u00e5n produktsidan. Be om mer information fr\u00e5n din n\u00e4rmaste \u00e5terf\u00f6rs\u00e4ljare eller skriv till oss om du beh\u00f6ver v\u00e4gledning.<\/p>\n\t\t<\/div>\n\t<\/div>\n\t\n\t<div id=\"accordion-1337847508\" class=\"accordion-item\">\n\t\t<a id=\"accordion-1337847508-label\" class=\"accordion-title plain\" href=\"#accordion-item-kan-jag-best\u00e4lla-anpassningar?\" aria-expanded=\"false\" aria-controls=\"accordion-1337847508-content\">\n\t\t\t<button class=\"toggle\" aria-label=\"Toggle\"><i class=\"icon-angle-down\" aria-hidden=\"true\"><\/i><\/button>\n\t\t\t<span>Kan jag best\u00e4lla anpassningar?<\/span>\n\t\t<\/a>\n\t\t<div id=\"accordion-1337847508-content\" class=\"accordion-inner\" aria-labelledby=\"accordion-1337847508-label\">\n\t\t\t\n<p>Ja, vi kan erbjuda n\u00e5gra anpassningsm\u00f6jligheter.<\/p>\n<p>Till exempel:<\/p>\n<ol>\n<li>En d\u00f6rr(ar) i b\u00e5da \u00e4ndarna av v\u00e4xthuset<\/li>\n<li>Extra takluckor<\/li>\n<li>V\u00e4xthus l\u00e4ngre \u00e4n 4,95 m<\/li>\n<\/ol>\n<p>Be om mer information fr\u00e5n din n\u00e4rmaste \u00e5terf\u00f6rs\u00e4ljare eller skriv till oss om du beh\u00f6ver v\u00e4gledning.<\/p>\n\t\t<\/div>\n\t<\/div>\n\t\n\t<div id=\"accordion-391008139\" class=\"accordion-item\">\n\t\t<a id=\"accordion-391008139-label\" class=\"accordion-title plain\" href=\"#accordion-item-har-l\u00e4he-v\u00e4xthus-garanti?\" aria-expanded=\"false\" aria-controls=\"accordion-391008139-content\">\n\t\t\t<button class=\"toggle\" aria-label=\"Toggle\"><i class=\"icon-angle-down\" aria-hidden=\"true\"><\/i><\/button>\n\t\t\t<span>Har L\u00e4he v\u00e4xthus garanti?<\/span>\n\t\t<\/a>\n\t\t<div id=\"accordion-391008139-content\" class=\"accordion-inner\" aria-labelledby=\"accordion-391008139-label\">\n\t\t\t\n<p>F\u00f6r alla L\u00e4he-v\u00e4xthus \u00e4r tr\u00e4stommen garanterad i 10 \u00e5r och tillbeh\u00f6ren (d\u00f6rrl\u00e5s, f\u00f6nster\u00f6ppnare etc.) garanteras i 2 \u00e5r. Glas omfattas av en begr\u00e4nsad garanti.<\/p>\n<p>Se \u00e4ven till att l\u00e4sa garantivillkoren!<\/p>\n<a href=\"https:\/\/lahehouse.com\/wp-content\/uploads\/2023\/12\/Lahe-warranty-conditions.pdf\" class=\"button primary is-outline is-small reveal-icon\" style=\"border-radius:99px;\">\n\t\t<span>Garantivillkor<\/span>\n\t<i class=\"icon-play\" aria-hidden=\"true\"><\/i><\/a>\n\n\t\t<\/div>\n\t<\/div>\n\t\n<\/div>\n\t\t<\/div>\n\t\t\t\t\t<\/div>\n\n\t\n<\/div>\n<div class=\"row align-center\"  id=\"row-1480404506\">\n\n\t<div id=\"col-1383173603\" class=\"col medium-10 small-12 large-3\"  >\n\t\t\t\t<div class=\"col-inner\"  >\n\t\t\t\n\t\t\t\n\t<div id=\"text-1705028159\" class=\"text\">\n\t\t\n<h2>BEST\u00c4LLNING<\/h2>\n\t\t\n<style>\n#text-1705028159 {\n  font-size: 1rem;\n}\n<\/style>\n\t<\/div>\n\t\n\t\t<\/div>\n\t\t\t\t\t<\/div>\n\n\t\n\n\t<div id=\"col-1104275817\" class=\"col medium-10 small-12 large-6\"  >\n\t\t\t\t<div class=\"col-inner\"  >\n\t\t\t\n\t\t\t\n<div class=\"accordion\">\n\t<div id=\"accordion-849990494\" class=\"accordion-item\">\n\t\t<a id=\"accordion-849990494-label\" class=\"accordion-title plain\" href=\"#accordion-item-var-kan-jag-best\u00e4lla-l\u00e4he-v\u00e4xthus?\" aria-expanded=\"false\" aria-controls=\"accordion-849990494-content\">\n\t\t\t<button class=\"toggle\" aria-label=\"Toggle\"><i class=\"icon-angle-down\" aria-hidden=\"true\"><\/i><\/button>\n\t\t\t<span>Var kan jag best\u00e4lla L\u00e4he v\u00e4xthus?<\/span>\n\t\t<\/a>\n\t\t<div id=\"accordion-849990494-content\" class=\"accordion-inner\" aria-labelledby=\"accordion-849990494-label\">\n\t\t\t\n<p>Du kan k\u00f6pa L\u00e4he-produkter hos n\u00e5gon av v\u00e5ra \u00e5terf\u00f6rs\u00e4ljare.<\/p>\n<p>Om du bor i ett omr\u00e5de som inte t\u00e4cks av v\u00e5rt \u00e5terf\u00f6rs\u00e4ljarn\u00e4tverk, v\u00e4nligen kontakta oss genom att skriva till hello@lahehouse.com.<\/p>\n<a href=\"https:\/\/lahehouse.com\/sv\/aterforsaljare\/\" class=\"button primary is-outline is-small reveal-icon\" style=\"border-radius:99px;\">\n\t\t<span>\u00c5TERF\u00d6RS\u00c4LJARE<\/span>\n\t<i class=\"icon-play\" aria-hidden=\"true\"><\/i><\/a>\n\n<a href=\"https:\/\/lahehouse.com\/sv\/kontakta-oss\/\" class=\"button primary is-outline is-small reveal-icon\" style=\"border-radius:99px;\">\n\t\t<span>Kontakt<\/span>\n\t<i class=\"icon-play\" aria-hidden=\"true\"><\/i><\/a>\n\n\t\t<\/div>\n\t<\/div>\n\t\n\t<div id=\"accordion-237879454\" class=\"accordion-item\">\n\t\t<a id=\"accordion-237879454-label\" class=\"accordion-title plain\" href=\"#accordion-item-hur-l\u00e5ng-tid-tar-leveransen?\" aria-expanded=\"false\" aria-controls=\"accordion-237879454-content\">\n\t\t\t<button class=\"toggle\" aria-label=\"Toggle\"><i class=\"icon-angle-down\" aria-hidden=\"true\"><\/i><\/button>\n\t\t\t<span>Hur l\u00e5ng tid tar leveransen?<\/span>\n\t\t<\/a>\n\t\t<div id=\"accordion-237879454-content\" class=\"accordion-inner\" aria-labelledby=\"accordion-237879454-label\">\n\t\t\t\n<p>Vi g\u00f6r v\u00e5rt b\u00e4sta f\u00f6r att leverera ditt v\u00e4xthus s\u00e5 snart som m\u00f6jligt. Produktionstiden \u00e4r vanligtvis ca 3 &#8211; 4 veckor.<\/p>\n<p>Kontakta din lokala \u00e5terf\u00f6rs\u00e4ljare f\u00f6r exakta ledtider i din region.<\/p>\n\t\t<\/div>\n\t<\/div>\n\t\n\t<div id=\"accordion-3627904937\" class=\"accordion-item\">\n\t\t<a id=\"accordion-3627904937-label\" class=\"accordion-title plain\" href=\"#accordion-item-hur-levereras-v\u00e4xthus?\" aria-expanded=\"false\" aria-controls=\"accordion-3627904937-content\">\n\t\t\t<button class=\"toggle\" aria-label=\"Toggle\"><i class=\"icon-angle-down\" aria-hidden=\"true\"><\/i><\/button>\n\t\t\t<span>Hur levereras v\u00e4xthus?<\/span>\n\t\t<\/a>\n\t\t<div id=\"accordion-3627904937-content\" class=\"accordion-inner\" aria-labelledby=\"accordion-3627904937-label\">\n\t\t\t\n<p>Alla v\u00e5ra v\u00e4xthus \u00e4r packade i mycket stark tr\u00e4l\u00e5da f\u00f6r s\u00e4ker leverans. P\u00e5 grund av transportl\u00e5dans storlek och vikt kr\u00e4vs leverans med HIAB-lastbil eller lyftutrustning p\u00e5 plats.<\/p>\n\t\t<\/div>\n\t<\/div>\n\t\n<\/div>\n\t\t<\/div>\n\t\t\t\t\t<\/div>\n\n\t\n<\/div>\n<div class=\"row align-center\"  id=\"row-886080386\">\n\n\t<div id=\"col-1308925904\" class=\"col medium-10 small-12 large-3\"  >\n\t\t\t\t<div class=\"col-inner\"  >\n\t\t\t\n\t\t\t\n\t<div id=\"text-1728359849\" class=\"text\">\n\t\t\n<h2>INSTALLATION<\/h2>\n\t\t\n<style>\n#text-1728359849 {\n  font-size: 1rem;\n}\n<\/style>\n\t<\/div>\n\t\n\t\t<\/div>\n\t\t\t\t\t<\/div>\n\n\t\n\n\t<div id=\"col-1071117992\" class=\"col medium-10 small-12 large-6\"  >\n\t\t\t\t<div class=\"col-inner\"  >\n\t\t\t\n\t\t\t\n<div class=\"accordion\">\n\t<div id=\"accordion-3935065248\" class=\"accordion-item\">\n\t\t<a id=\"accordion-3935065248-label\" class=\"accordion-title plain\" href=\"#accordion-item-vilken-typ-av-foundation-kr\u00e4vs?\" aria-expanded=\"false\" aria-controls=\"accordion-3935065248-content\">\n\t\t\t<button class=\"toggle\" aria-label=\"Toggle\"><i class=\"icon-angle-down\" aria-hidden=\"true\"><\/i><\/button>\n\t\t\t<span>Vilken typ av foundation kr\u00e4vs?<\/span>\n\t\t<\/a>\n\t\t<div id=\"accordion-3935065248-content\" class=\"accordion-inner\" aria-labelledby=\"accordion-3935065248-label\">\n\t\t\t\n<p>De flesta av L\u00e4hes v\u00e4xthus kr\u00e4ver stark och solid grund f\u00f6r maximal livscykel. Vi f\u00f6resl\u00e5r stark pl\u00e5t- eller bandfundament av betong.<\/p>\n<p>Du kan ladda ner grundritningar fr\u00e5n vald produktsida under avsnittet teknisk information.<\/p>\n\t\t<\/div>\n\t<\/div>\n\t\n\t<div id=\"accordion-959456245\" class=\"accordion-item\">\n\t\t<a id=\"accordion-959456245-label\" class=\"accordion-title plain\" href=\"#accordion-item-kan-jag-installera-v\u00e4xthus-sj\u00e4lv?\" aria-expanded=\"false\" aria-controls=\"accordion-959456245-content\">\n\t\t\t<button class=\"toggle\" aria-label=\"Toggle\"><i class=\"icon-angle-down\" aria-hidden=\"true\"><\/i><\/button>\n\t\t\t<span>Kan jag installera v\u00e4xthus sj\u00e4lv?<\/span>\n\t\t<\/a>\n\t\t<div id=\"accordion-959456245-content\" class=\"accordion-inner\" aria-labelledby=\"accordion-959456245-label\">\n\t\t\t\n<p>Alla L\u00e4he v\u00e4xthus kan \u00e4ven installeras frist\u00e5ende. F\u00f6r detta \u00e4ndam\u00e5l har vi omfattande installationsinstruktioner som kan laddas ner fr\u00e5n den tekniska informationsdelen f\u00f6r den valda produkten.<\/p>\n<p>Vanligtvis tar installationen av v\u00e4xthus 2 &#8211; 3 dagar.<\/p>\n<p>Att installera ett v\u00e4xthus \u00e4r ett arbete av minst 2 personer, och f\u00f6rs\u00f6k aldrig installera det ensam!<\/p>\n\t\t<\/div>\n\t<\/div>\n\t\n\t<div id=\"accordion-3767660521\" class=\"accordion-item\">\n\t\t<a id=\"accordion-3767660521-label\" class=\"accordion-title plain\" href=\"#accordion-item-kan-jag-best\u00e4lla-v\u00e4xthus-med-installationsservice?\" aria-expanded=\"false\" aria-controls=\"accordion-3767660521-content\">\n\t\t\t<button class=\"toggle\" aria-label=\"Toggle\"><i class=\"icon-angle-down\" aria-hidden=\"true\"><\/i><\/button>\n\t\t\t<span>Kan jag best\u00e4lla v\u00e4xthus med installationsservice?<\/span>\n\t\t<\/a>\n\t\t<div id=\"accordion-3767660521-content\" class=\"accordion-inner\" aria-labelledby=\"accordion-3767660521-label\">\n\t\t\t\n<p>Det kan vara m\u00f6jligt att best\u00e4lla v\u00e4xthus med installationsservice. Detta beror p\u00e5 vald \u00e5terf\u00f6rs\u00e4ljare. Vi har \u00e4ven installationspartner i vissa regioner.<\/p>\n<p>Be om mer information fr\u00e5n din n\u00e4rmaste \u00e5terf\u00f6rs\u00e4ljare eller installat\u00f6r. Du kan ocks\u00e5 kontakta oss f\u00f6r v\u00e4gledning.<\/p>\n\t\t<\/div>\n\t<\/div>\n\t\n<\/div>\n\t\t<\/div>\n\t\t\t\t\t<\/div>\n\n\t\n<\/div>\n<div class=\"row align-center\"  id=\"row-1040883897\">\n\n\t<div id=\"col-802098863\" class=\"col medium-10 small-12 large-3\"  >\n\t\t\t\t<div class=\"col-inner\"  >\n\t\t\t\n\t\t\t\n\t<div id=\"text-3769509622\" class=\"text\">\n\t\t\n<h2>UNDERH\u00c5LL<\/h2>\n\t\t\n<style>\n#text-3769509622 {\n  font-size: 1rem;\n}\n<\/style>\n\t<\/div>\n\t\n\t\t<\/div>\n\t\t\t\t\t<\/div>\n\n\t\n\n\t<div id=\"col-1531451833\" class=\"col medium-10 small-12 large-6\"  >\n\t\t\t\t<div class=\"col-inner\"  >\n\t\t\t\n\t\t\t\n<div class=\"accordion\">\n\t<div id=\"accordion-3248868100\" class=\"accordion-item\">\n\t\t<a id=\"accordion-3248868100-label\" class=\"accordion-title plain\" href=\"#accordion-item-hur-underh\u00e5ller-man-l\u00e4he-v\u00e4xthus?\" aria-expanded=\"false\" aria-controls=\"accordion-3248868100-content\">\n\t\t\t<button class=\"toggle\" aria-label=\"Toggle\"><i class=\"icon-angle-down\" aria-hidden=\"true\"><\/i><\/button>\n\t\t\t<span>Hur underh\u00e5ller man L\u00e4he v\u00e4xthus?<\/span>\n\t\t<\/a>\n\t\t<div id=\"accordion-3248868100-content\" class=\"accordion-inner\" aria-labelledby=\"accordion-3248868100-label\">\n\t\t\t\n<p>L\u00e4he v\u00e4xthus \u00e4r h\u00e5llbara och tillverkade av h\u00f6gkvalitativa material men \u00e4ven de b\u00e4sta produkterna kr\u00e4ver visst regelbundet underh\u00e5ll f\u00f6r att uppn\u00e5 maximal livsl\u00e4ngd.<\/p>\n<p>Du kan hitta v\u00e4xthusunderh\u00e5llsguide h\u00e4r.<\/p>\n<a href=\"https:\/\/lahehouse.com\/sv\/underhall-av-vaxthus\/\" class=\"button primary is-outline reveal-icon\" style=\"border-radius:99px;\">\n\t\t<span>Underh\u00e5llsguide<\/span>\n\t<i class=\"icon-play\" aria-hidden=\"true\"><\/i><\/a>\n\n\t\t<\/div>\n\t<\/div>\n\t\n<\/div>\n\t\t<\/div>\n\t\t\t\t\t<\/div>\n\n\t\n<\/div>\n\t\t<\/div>\n\n\t\t\n<style>\n#section_1354317353 {\n  padding-top: 60px;\n  padding-bottom: 60px;\n  background-color: rgb(210, 210, 210);\n}\n<\/style>\n\t<\/section>\n\t\n","protected":false},"excerpt":{"rendered":"","protected":false},"author":1,"featured_media":11542,"parent":0,"menu_order":0,"comment_status":"closed","ping_status":"closed","template":"page-transparent-header-light.php","meta":{"footnotes":""},"class_list":["post-15934","page","type-page","status-publish","has-post-thumbnail","hentry"],"yoast_head":"<!-- This site is optimized with the Yoast SEO plugin v27.3 - https:\/\/yoast.com\/product\/yoast-seo-wordpress\/ -->\n<title>Ytterligare information - L\u00e4he House<\/title>\n<meta name=\"robots\" content=\"index, follow, max-snippet:-1, max-image-preview:large, max-video-preview:-1\" \/>\n<link rel=\"canonical\" href=\"https:\/\/lahehouse.com\/sv\/information\/\" \/>\n<meta property=\"og:locale\" content=\"sv_SE\" \/>\n<meta property=\"og:type\" content=\"article\" \/>\n<meta property=\"og:title\" content=\"Ytterligare information - L\u00e4he House\" \/>\n<meta property=\"og:url\" content=\"https:\/\/lahehouse.com\/sv\/information\/\" \/>\n<meta property=\"og:site_name\" content=\"L\u00e4he House\" \/>\n<meta property=\"article:modified_time\" content=\"2024-03-06T17:33:24+00:00\" \/>\n<meta property=\"og:image\" content=\"https:\/\/lahehouse.com\/wp-content\/uploads\/2022\/11\/Greenhouses-1.jpeg\" \/>\n\t<meta property=\"og:image:width\" content=\"1920\" \/>\n\t<meta property=\"og:image:height\" content=\"1080\" \/>\n\t<meta property=\"og:image:type\" content=\"image\/jpeg\" \/>\n<meta name=\"twitter:card\" content=\"summary_large_image\" \/>\n<meta name=\"twitter:label1\" content=\"Ber\u00e4knad l\u00e4stid\" \/>\n\t<meta name=\"twitter:data1\" content=\"4 minuter\" \/>\n<script type=\"application\/ld+json\" class=\"yoast-schema-graph\">{\"@context\":\"https:\\\/\\\/schema.org\",\"@graph\":[{\"@type\":\"WebPage\",\"@id\":\"https:\\\/\\\/lahehouse.com\\\/sv\\\/information\\\/\",\"url\":\"https:\\\/\\\/lahehouse.com\\\/sv\\\/information\\\/\",\"name\":\"Ytterligare information - L\u00e4he House\",\"isPartOf\":{\"@id\":\"https:\\\/\\\/lahehouse.com\\\/#website\"},\"primaryImageOfPage\":{\"@id\":\"https:\\\/\\\/lahehouse.com\\\/sv\\\/information\\\/#primaryimage\"},\"image\":{\"@id\":\"https:\\\/\\\/lahehouse.com\\\/sv\\\/information\\\/#primaryimage\"},\"thumbnailUrl\":\"https:\\\/\\\/lahehouse.com\\\/wp-content\\\/uploads\\\/2022\\\/11\\\/Greenhouses-1.jpeg\",\"datePublished\":\"2023-01-28T09:16:44+00:00\",\"dateModified\":\"2024-03-06T17:33:24+00:00\",\"breadcrumb\":{\"@id\":\"https:\\\/\\\/lahehouse.com\\\/sv\\\/information\\\/#breadcrumb\"},\"inLanguage\":\"sv-SE\",\"potentialAction\":[{\"@type\":\"ReadAction\",\"target\":[\"https:\\\/\\\/lahehouse.com\\\/sv\\\/information\\\/\"]}]},{\"@type\":\"ImageObject\",\"inLanguage\":\"sv-SE\",\"@id\":\"https:\\\/\\\/lahehouse.com\\\/sv\\\/information\\\/#primaryimage\",\"url\":\"https:\\\/\\\/lahehouse.com\\\/wp-content\\\/uploads\\\/2022\\\/11\\\/Greenhouses-1.jpeg\",\"contentUrl\":\"https:\\\/\\\/lahehouse.com\\\/wp-content\\\/uploads\\\/2022\\\/11\\\/Greenhouses-1.jpeg\",\"width\":1920,\"height\":1080},{\"@type\":\"BreadcrumbList\",\"@id\":\"https:\\\/\\\/lahehouse.com\\\/sv\\\/information\\\/#breadcrumb\",\"itemListElement\":[{\"@type\":\"ListItem\",\"position\":1,\"name\":\"Home\",\"item\":\"https:\\\/\\\/lahehouse.com\\\/sv\\\/\"},{\"@type\":\"ListItem\",\"position\":2,\"name\":\"Ytterligare information\"}]},{\"@type\":\"WebSite\",\"@id\":\"https:\\\/\\\/lahehouse.com\\\/#website\",\"url\":\"https:\\\/\\\/lahehouse.com\\\/\",\"name\":\"L\u00e4he House\",\"description\":\"Wooden greenhouses\",\"publisher\":{\"@id\":\"https:\\\/\\\/lahehouse.com\\\/#organization\"},\"potentialAction\":[{\"@type\":\"SearchAction\",\"target\":{\"@type\":\"EntryPoint\",\"urlTemplate\":\"https:\\\/\\\/lahehouse.com\\\/?s={search_term_string}\"},\"query-input\":{\"@type\":\"PropertyValueSpecification\",\"valueRequired\":true,\"valueName\":\"search_term_string\"}}],\"inLanguage\":\"sv-SE\"},{\"@type\":\"Organization\",\"@id\":\"https:\\\/\\\/lahehouse.com\\\/#organization\",\"name\":\"L\u00e4he House\",\"url\":\"https:\\\/\\\/lahehouse.com\\\/\",\"logo\":{\"@type\":\"ImageObject\",\"inLanguage\":\"sv-SE\",\"@id\":\"https:\\\/\\\/lahehouse.com\\\/#\\\/schema\\\/logo\\\/image\\\/\",\"url\":\"https:\\\/\\\/lahehouse.com\\\/wp-content\\\/uploads\\\/2022\\\/11\\\/Greenhouses-1.jpeg\",\"contentUrl\":\"https:\\\/\\\/lahehouse.com\\\/wp-content\\\/uploads\\\/2022\\\/11\\\/Greenhouses-1.jpeg\",\"width\":1920,\"height\":1080,\"caption\":\"L\u00e4he House\"},\"image\":{\"@id\":\"https:\\\/\\\/lahehouse.com\\\/#\\\/schema\\\/logo\\\/image\\\/\"}}]}<\/script>\n<!-- \/ Yoast SEO plugin. -->","yoast_head_json":{"title":"Ytterligare information - L\u00e4he House","robots":{"index":"index","follow":"follow","max-snippet":"max-snippet:-1","max-image-preview":"max-image-preview:large","max-video-preview":"max-video-preview:-1"},"canonical":"https:\/\/lahehouse.com\/sv\/information\/","og_locale":"sv_SE","og_type":"article","og_title":"Ytterligare information - L\u00e4he House","og_url":"https:\/\/lahehouse.com\/sv\/information\/","og_site_name":"L\u00e4he House","article_modified_time":"2024-03-06T17:33:24+00:00","og_image":[{"width":1920,"height":1080,"url":"https:\/\/lahehouse.com\/wp-content\/uploads\/2022\/11\/Greenhouses-1.jpeg","type":"image\/jpeg"}],"twitter_card":"summary_large_image","twitter_misc":{"Ber\u00e4knad l\u00e4stid":"4 minuter"},"schema":{"@context":"https:\/\/schema.org","@graph":[{"@type":"WebPage","@id":"https:\/\/lahehouse.com\/sv\/information\/","url":"https:\/\/lahehouse.com\/sv\/information\/","name":"Ytterligare information - L\u00e4he House","isPartOf":{"@id":"https:\/\/lahehouse.com\/#website"},"primaryImageOfPage":{"@id":"https:\/\/lahehouse.com\/sv\/information\/#primaryimage"},"image":{"@id":"https:\/\/lahehouse.com\/sv\/information\/#primaryimage"},"thumbnailUrl":"https:\/\/lahehouse.com\/wp-content\/uploads\/2022\/11\/Greenhouses-1.jpeg","datePublished":"2023-01-28T09:16:44+00:00","dateModified":"2024-03-06T17:33:24+00:00","breadcrumb":{"@id":"https:\/\/lahehouse.com\/sv\/information\/#breadcrumb"},"inLanguage":"sv-SE","potentialAction":[{"@type":"ReadAction","target":["https:\/\/lahehouse.com\/sv\/information\/"]}]},{"@type":"ImageObject","inLanguage":"sv-SE","@id":"https:\/\/lahehouse.com\/sv\/information\/#primaryimage","url":"https:\/\/lahehouse.com\/wp-content\/uploads\/2022\/11\/Greenhouses-1.jpeg","contentUrl":"https:\/\/lahehouse.com\/wp-content\/uploads\/2022\/11\/Greenhouses-1.jpeg","width":1920,"height":1080},{"@type":"BreadcrumbList","@id":"https:\/\/lahehouse.com\/sv\/information\/#breadcrumb","itemListElement":[{"@type":"ListItem","position":1,"name":"Home","item":"https:\/\/lahehouse.com\/sv\/"},{"@type":"ListItem","position":2,"name":"Ytterligare information"}]},{"@type":"WebSite","@id":"https:\/\/lahehouse.com\/#website","url":"https:\/\/lahehouse.com\/","name":"L\u00e4he House","description":"Wooden greenhouses","publisher":{"@id":"https:\/\/lahehouse.com\/#organization"},"potentialAction":[{"@type":"SearchAction","target":{"@type":"EntryPoint","urlTemplate":"https:\/\/lahehouse.com\/?s={search_term_string}"},"query-input":{"@type":"PropertyValueSpecification","valueRequired":true,"valueName":"search_term_string"}}],"inLanguage":"sv-SE"},{"@type":"Organization","@id":"https:\/\/lahehouse.com\/#organization","name":"L\u00e4he House","url":"https:\/\/lahehouse.com\/","logo":{"@type":"ImageObject","inLanguage":"sv-SE","@id":"https:\/\/lahehouse.com\/#\/schema\/logo\/image\/","url":"https:\/\/lahehouse.com\/wp-content\/uploads\/2022\/11\/Greenhouses-1.jpeg","contentUrl":"https:\/\/lahehouse.com\/wp-content\/uploads\/2022\/11\/Greenhouses-1.jpeg","width":1920,"height":1080,"caption":"L\u00e4he House"},"image":{"@id":"https:\/\/lahehouse.com\/#\/schema\/logo\/image\/"}}]}},"_links":{"self":[{"href":"https:\/\/lahehouse.com\/sv\/wp-json\/wp\/v2\/pages\/15934","targetHints":{"allow":["GET"]}}],"collection":[{"href":"https:\/\/lahehouse.com\/sv\/wp-json\/wp\/v2\/pages"}],"about":[{"href":"https:\/\/lahehouse.com\/sv\/wp-json\/wp\/v2\/types\/page"}],"author":[{"embeddable":true,"href":"https:\/\/lahehouse.com\/sv\/wp-json\/wp\/v2\/users\/1"}],"replies":[{"embeddable":true,"href":"https:\/\/lahehouse.com\/sv\/wp-json\/wp\/v2\/comments?post=15934"}],"version-history":[{"count":24,"href":"https:\/\/lahehouse.com\/sv\/wp-json\/wp\/v2\/pages\/15934\/revisions"}],"predecessor-version":[{"id":25131,"href":"https:\/\/lahehouse.com\/sv\/wp-json\/wp\/v2\/pages\/15934\/revisions\/25131"}],"wp:featuredmedia":[{"embeddable":true,"href":"https:\/\/lahehouse.com\/sv\/wp-json\/wp\/v2\/media\/11542"}],"wp:attachment":[{"href":"https:\/\/lahehouse.com\/sv\/wp-json\/wp\/v2\/media?parent=15934"}],"curies":[{"name":"wp","href":"https:\/\/api.w.org\/{rel}","templated":true}]}}