{"id":25105,"date":"2024-03-06T16:14:09","date_gmt":"2024-03-06T16:14:09","guid":{"rendered":"https:\/\/lahehouse.com\/?page_id=25105"},"modified":"2024-03-06T16:17:33","modified_gmt":"2024-03-06T16:17:33","slug":"underhall-av-vaxthus","status":"publish","type":"page","link":"https:\/\/lahehouse.com\/sv\/underhall-av-vaxthus\/","title":{"rendered":"Underh\u00e5ll av v\u00e4xthus"},"content":{"rendered":"<div class=\"slider-wrapper relative\" id=\"slider-1684197002\" >\n    <div class=\"slider slider-nav-simple slider-nav-large slider-nav-light slider-style-normal slider-show-nav\"\n        data-flickity-options='{\n            \"cellAlign\": \"center\",\n            \"imagesLoaded\": true,\n            \"lazyLoad\": 1,\n            \"freeScroll\": false,\n            \"wrapAround\": false,\n            \"autoPlay\": false,\n            \"pauseAutoPlayOnHover\" : true,\n            \"prevNextButtons\": false,\n            \"contain\" : true,\n            \"adaptiveHeight\" : true,\n            \"dragThreshold\" : 10,\n            \"percentPosition\": true,\n            \"pageDots\": false,\n            \"rightToLeft\": false,\n            \"draggable\": false,\n            \"selectedAttraction\": 0.1,\n            \"parallax\" : 0,\n            \"friction\": 0.6        }'\n        >\n        \n\n\t<section class=\"section dark has-parallax\" id=\"section_513245453\">\n\t\t<div class=\"section-bg fill\" data-parallax-container=\".section\" data-parallax-background data-parallax=\"-3\">\n\t\t\t<img loading=\"lazy\" decoding=\"async\" width=\"1920\" height=\"1080\" src=\"https:\/\/lahehouse.com\/wp-content\/uploads\/2023\/01\/Travaxthus-1.jpeg\" class=\"bg attachment-original size-original\" alt=\"\" \/>\t\t\t\t\t\t<div class=\"section-bg-overlay absolute fill\"><\/div>\n\t\t\t\n\n\t\t<\/div>\n\n\t\t\n\n\t\t<div class=\"section-content relative\">\n\t\t\t\n<div class=\"row align-center\"  id=\"row-1173556713\">\n\n\t<div id=\"col-318624907\" class=\"col medium-10 small-12 large-8\"  >\n\t\t\t\t<div class=\"col-inner text-center\"  >\n\t\t\t\n\t\t\t\n\t<div id=\"text-1546754154\" class=\"text\">\n\t\t\n<h1>UNDERH\u00c5LL AV V\u00c4XTHUS<\/h1>\n\t\t\n<style>\n#text-1546754154 {\n  font-size: 2rem;\n}\n<\/style>\n\t<\/div>\n\t\n\t\t<\/div>\n\t\t\t\t\t<\/div>\n\n\t\n\n<style>\n#row-1173556713 > .col > .col-inner {\n  padding: 55px 0px 0px 0px;\n}\n<\/style>\n<\/div>\n\t\t<\/div>\n\n\t\t\n<style>\n#section_513245453 {\n  padding-top: 80px;\n  padding-bottom: 80px;\n  min-height: 450px;\n}\n#section_513245453 .section-bg-overlay {\n  background-color: rgba(0, 0, 0, 0.3);\n}\n#section_513245453 .section-bg img {\n  object-position: 50% 0%;\n}\n@media (min-width:550px) {\n  #section_513245453 {\n    min-height: 500px;\n  }\n}\n@media (min-width:850px) {\n  #section_513245453 {\n    min-height: 450px;\n  }\n}\n<\/style>\n\t<\/section>\n\t\n     <\/div>\n\n     <div class=\"loading-spin dark large centered\"><\/div>\n\n\t<\/div>\n\n\n\n\t<section class=\"section\" id=\"section_2021724338\">\n\t\t<div class=\"section-bg fill\" >\n\t\t\t\t\t\t\t\t\t\n\t\t\t\n\n\t\t<\/div>\n\n\t\t\n\n\t\t<div class=\"section-content relative\">\n\t\t\t\n<div class=\"row row-small align-equal\"  id=\"row-1151992106\">\n\n\t<div id=\"col-1666927151\" class=\"col small-12 large-12\"  >\n\t\t\t\t<div class=\"col-inner\"  >\n\t\t\t\n\t\t\t\n\t<div id=\"text-1749604999\" class=\"text\">\n\t\t\n<p><strong>Med regelbundet underh\u00e5ll bidrar du till att f\u00f6rl\u00e4nga v\u00e4xthusets livsl\u00e4ngd och s\u00e4kerst\u00e4lla en felfri drift och ett vackert utseende. D\u00e4rf\u00f6r rekommenderas det att underh\u00e5lla v\u00e4xthuset regelbundet och noggrant inspektera det minst en g\u00e5ng om \u00e5ret f\u00f6r att eliminera eventuella problem.<\/strong><\/p>\n<h3>1. F\u00f6rbereda v\u00e4xthuset f\u00f6r s\u00e4songen (v\u00e5ren)<\/h3>\n<p>\u2013 Kontrollera skicket p\u00e5 v\u00e4xthusets tr\u00e4stomme (f\u00e4rg, m\u00e4ngd smuts\/m\u00f6gel, eventuella deformationer etc.).<br \/>\u2013 Tv\u00e4tta vid behov v\u00e4xthusets tr\u00e4ram.<br \/>\u2013 Vid defekter i f\u00e4rgbel\u00e4ggningen, utf\u00f6r n\u00f6dv\u00e4ndiga reparationer omedelbart. Kontakta tillverkaren och\/eller distribut\u00f6ren vid behov.<br \/>\u2013 Kontrollera skicket p\u00e5 v\u00e4xthusets glas (skador, smuts etc.).<br \/>\u2013 Tv\u00e4tta vid behov v\u00e4xthusets glas.<br \/>\u2013 Kontrollera att alla f\u00e4stelement (skruvar etc.) sitter ordentligt fast. Alla delar av v\u00e4xthuset m\u00e5ste vara styvt f\u00f6rbundna med varandra och det f\u00e5r inte finnas n\u00e5gon vingling. Kontakta tillverkaren och\/eller distribut\u00f6ren vid behov.<br \/>\u2013 Kontrollera skicket p\u00e5 glasskruvens PVC-brickor (de kan f\u00f6rs\u00e4mras med tiden). Om n\u00e5gon tv\u00e4ttmaskin \u00e4r i d\u00e5ligt skick m\u00e5ste den bytas ut omedelbart.<br \/>\u2013 Kontrollera att v\u00e4xthusd\u00f6rrarna fungerar. Justera g\u00e5ngj\u00e4rnen vid behov. Olja in l\u00e5set, sp\u00e4rren och g\u00e5ngj\u00e4rnen.<br \/>\u2013 Kontrollera att v\u00e4xthusets takluckor fungerar. Oljeg\u00e5ngj\u00e4rn. Justera luck\u00f6ppnare vid behov.<\/p>\n<h3>2. Tv\u00e4tta v\u00e4xthuset<\/h3>\n<p>En g\u00e5ng om \u00e5ret innan s\u00e4songsstart rekommenderas att reng\u00f6ra v\u00e4xthuset ordentligt. Under \u00e5ret samlas mycket damm\/smuts fr\u00e5n v\u00e4xter, jord och insekter p\u00e5 v\u00e4xthusets ytor. I en fuktig milj\u00f6 kan det b\u00f6rja m\u00f6gla vilket skapar en d\u00e5lig milj\u00f6 f\u00f6r nya v\u00e4xter. Smuts\/m\u00f6gel kan ocks\u00e5 skada v\u00e4xthusets finish, vilket kan minska dess livsl\u00e4ngd och utseende.<\/p>\n<p>Om det bara finns lite smuts kan du helt enkelt sk\u00f6lja v\u00e4xthusets tr\u00e4- och glasytor med rinnande vatten fr\u00e5n slangen och vid behov reng\u00f6ra dem med en mjuk trasa. Duken f\u00e5r inte vara n\u00f6tande!<\/p>\n<p>F\u00f6r st\u00f6rre smuts och m\u00f6gel rekommenderar vi att du anv\u00e4nder en ljuslila kaliumpermanganatl\u00f6sning eller en gr\u00f6n tv\u00e5ll\u00f6sning och tv\u00e4ttar f\u00f6rsiktigt alla ytor med den. Efter det ska alla ytor sk\u00f6ljas noggrant.<\/p>\n<p>Om det inte \u00e4r m\u00f6jligt att ta bort smutsen mellan tr\u00e4ramen och glaset med rinnande vatten, \u00e4r det n\u00f6dv\u00e4ndigt att tillf\u00e4lligt ta bort glaset. F\u00f6r att g\u00f6ra detta, skruva loss skruvarna som h\u00e5ller fast<\/p>\n<p>glas till ramen och ta f\u00f6rsiktigt bort glaset (riktiga verktyg f\u00f6r detta kr\u00e4vs). Efter att ha rengjort ramen och glaset, s\u00e4tt tillbaka glaset p\u00e5 ramen och f\u00e4st det f\u00f6rsiktigt med skruvar (dra inte \u00e5t skruvarna f\u00f6r h\u00e5rt!). N\u00e4r du tar bort glas, g\u00f6r det ett glas i taget. Om ett stort antal glas tas bort samtidigt kan v\u00e4xthusstommens strukturella stabilitet f\u00f6r\u00e4ndras och som ett resultat kan en del av glaset g\u00e5 s\u00f6nder. Det kan ocks\u00e5 vara sv\u00e5rt att s\u00e4tta tillbaka glas\u00f6gonen.<\/p>\n<p>OBS! Dra INTE \u00e5t glasskruvarna f\u00f6r h\u00e5rt. Detta kan g\u00f6ra att glaset g\u00e5r s\u00f6nder. Se \u00e4ven installationsmanualen f\u00f6r v\u00e4xthus. Kontakta tillverkaren eller\/och distribut\u00f6ren vid behov.<\/p>\n<h3>3. F\u00f6rbereda v\u00e4xthuset f\u00f6r vintern<\/h3>\n<p>\u2013 St\u00e4ng v\u00e4xthusluckor och d\u00f6rrar ordentligt.<br \/>\u2013 Olja in l\u00e5set, sp\u00e4rren och g\u00e5ngj\u00e4rnen p\u00e5 v\u00e4xthusd\u00f6rren\/d\u00f6rrarna.<br \/>\u2013 Olja in g\u00e5ngj\u00e4rnen p\u00e5 v\u00e4xthusets takluckor.<br \/>\u2013 Beroende p\u00e5 platsen (t.ex. i kustomr\u00e5den) kan g\u00e5ngj\u00e4rn utveckla ytrost under vinterperioden. F\u00f6r att undvika detta rekommenderar vi att bel\u00e4gga g\u00e5ngj\u00e4rnen med ett sm\u00f6rjmedel som h\u00e5ller fukt borta.<br \/>\u2013 Ta bort nyckeln fr\u00e5n l\u00e5set f\u00f6r vintern. Annars kan det rosta inuti l\u00e5set.<br \/>\u2013 Kontrollera visuellt v\u00e4xthusets skick. Vid behov, utf\u00f6r reng\u00f6rings- eller reparationsarbeten.<\/p>\n<h3>4. Underh\u00e5ll av v\u00e4xthuset p\u00e5 vintern<\/h3>\n<p>Vintrarna \u00e4r olika, och \u00e4ven det starkaste inramade v\u00e4xthuset kan beh\u00f6va uppm\u00e4rksamhet p\u00e5 vintern. \u00c4ven om tr\u00e4v\u00e4xthus \u00e4r starka, \u00e4r inget v\u00e4xthus utformat f\u00f6r att b\u00e4ra en last p\u00e5 flera ton v\u00e5t sn\u00f6. Tack vare den mycket starka konstruktionen kanske L\u00e4he v\u00e4xthus inte rasar, men det rekommenderas inte att testa ditt v\u00e4xthus till det yttersta.<\/p>\n<p>Vi rekommenderar att du p\u00e5 vintern, med kraftig sn\u00f6 och\/eller sn\u00f6storm, regelbundet kontrollerar ditt v\u00e4xthus f\u00f6r att ta bort sn\u00f6 fr\u00e5n taket vid behov. L\u00e4he v\u00e4xthus \u00e4r utformade med en ganska brant taklutning och man kan generellt vara s\u00e4ker p\u00e5 att sn\u00f6n faller av taket sj\u00e4lvst\u00e4ndigt. Det \u00e4r dock alltid bra att vara f\u00f6rsiktig.<\/p>\n<p>Vintertid b\u00f6r man se till att sn\u00f6n inte ansamlas mot v\u00e4xthuset, vilket kan skada v\u00e4xthusets sido- och gavelkonstruktioner och\/eller glas med sitt tryck. Om sn\u00f6 byggs upp mot v\u00e4xthuset b\u00f6r den tas bort omedelbart.<\/p>\n<h3>5. Hur man f\u00f6rbereder v\u00e4xthuset f\u00f6r extrema v\u00e4derf\u00f6rh\u00e5llanden (storm, etc.)<\/h3>\n<p>Alla d\u00f6rrar och luckor m\u00e5ste vara i st\u00e4ngt l\u00e4ge! F\u00e4st v\u00e4xthusd\u00f6rrarna (sp\u00e4rr och l\u00e5s) s\u00e5 att de inte kan \u00f6ppnas i vinden. Det \u00e4r viktigt att v\u00e4xthuset \u00e4r ett slutet system n\u00e4r en stark vind &#8221;anfaller&#8221; det. Om en stark vind kommer in i v\u00e4xthuset (d\u00f6rren eller luckorna \u00e4r \u00f6ppna), \u00e4r skador mycket mer sannolikt.<\/p>\n\t\t\n<style>\n#text-1749604999 {\n  font-size: 1.2rem;\n}\n<\/style>\n\t<\/div>\n\t\n\t\t<\/div>\n\t\t\t\t\t<\/div>\n\n\t\n<\/div>\n\t\t<\/div>\n\n\t\t\n<style>\n#section_2021724338 {\n  padding-top: 50px;\n  padding-bottom: 50px;\n  background-color: rgb(245, 245, 245);\n}\n<\/style>\n\t<\/section>\n\t\n","protected":false},"excerpt":{"rendered":"","protected":false},"author":1,"featured_media":11542,"parent":0,"menu_order":0,"comment_status":"closed","ping_status":"closed","template":"page-transparent-header-light.php","meta":{"footnotes":""},"class_list":["post-25105","page","type-page","status-publish","has-post-thumbnail","hentry"],"yoast_head":"<!-- This site is optimized with the Yoast SEO plugin v27.3 - https:\/\/yoast.com\/product\/yoast-seo-wordpress\/ -->\n<title>Underh\u00e5ll av v\u00e4xthus - L\u00e4he House<\/title>\n<meta name=\"robots\" content=\"index, follow, max-snippet:-1, max-image-preview:large, max-video-preview:-1\" \/>\n<link rel=\"canonical\" href=\"https:\/\/lahehouse.com\/sv\/underhall-av-vaxthus\/\" \/>\n<meta property=\"og:locale\" content=\"sv_SE\" \/>\n<meta property=\"og:type\" content=\"article\" \/>\n<meta property=\"og:title\" content=\"Underh\u00e5ll av v\u00e4xthus - L\u00e4he House\" \/>\n<meta property=\"og:url\" content=\"https:\/\/lahehouse.com\/sv\/underhall-av-vaxthus\/\" \/>\n<meta property=\"og:site_name\" content=\"L\u00e4he House\" \/>\n<meta property=\"article:modified_time\" content=\"2024-03-06T16:17:33+00:00\" \/>\n<meta property=\"og:image\" content=\"https:\/\/lahehouse.com\/wp-content\/uploads\/2022\/11\/Greenhouses-1.jpeg\" \/>\n\t<meta property=\"og:image:width\" content=\"1920\" \/>\n\t<meta property=\"og:image:height\" content=\"1080\" \/>\n\t<meta property=\"og:image:type\" content=\"image\/jpeg\" \/>\n<meta name=\"twitter:card\" content=\"summary_large_image\" \/>\n<meta name=\"twitter:label1\" content=\"Ber\u00e4knad l\u00e4stid\" \/>\n\t<meta name=\"twitter:data1\" content=\"1 minut\" \/>\n<script type=\"application\/ld+json\" class=\"yoast-schema-graph\">{\"@context\":\"https:\\\/\\\/schema.org\",\"@graph\":[{\"@type\":\"WebPage\",\"@id\":\"https:\\\/\\\/lahehouse.com\\\/sv\\\/underhall-av-vaxthus\\\/\",\"url\":\"https:\\\/\\\/lahehouse.com\\\/sv\\\/underhall-av-vaxthus\\\/\",\"name\":\"Underh\u00e5ll av v\u00e4xthus - L\u00e4he House\",\"isPartOf\":{\"@id\":\"https:\\\/\\\/lahehouse.com\\\/#website\"},\"primaryImageOfPage\":{\"@id\":\"https:\\\/\\\/lahehouse.com\\\/sv\\\/underhall-av-vaxthus\\\/#primaryimage\"},\"image\":{\"@id\":\"https:\\\/\\\/lahehouse.com\\\/sv\\\/underhall-av-vaxthus\\\/#primaryimage\"},\"thumbnailUrl\":\"https:\\\/\\\/lahehouse.com\\\/wp-content\\\/uploads\\\/2022\\\/11\\\/Greenhouses-1.jpeg\",\"datePublished\":\"2024-03-06T16:14:09+00:00\",\"dateModified\":\"2024-03-06T16:17:33+00:00\",\"breadcrumb\":{\"@id\":\"https:\\\/\\\/lahehouse.com\\\/sv\\\/underhall-av-vaxthus\\\/#breadcrumb\"},\"inLanguage\":\"sv-SE\",\"potentialAction\":[{\"@type\":\"ReadAction\",\"target\":[\"https:\\\/\\\/lahehouse.com\\\/sv\\\/underhall-av-vaxthus\\\/\"]}]},{\"@type\":\"ImageObject\",\"inLanguage\":\"sv-SE\",\"@id\":\"https:\\\/\\\/lahehouse.com\\\/sv\\\/underhall-av-vaxthus\\\/#primaryimage\",\"url\":\"https:\\\/\\\/lahehouse.com\\\/wp-content\\\/uploads\\\/2022\\\/11\\\/Greenhouses-1.jpeg\",\"contentUrl\":\"https:\\\/\\\/lahehouse.com\\\/wp-content\\\/uploads\\\/2022\\\/11\\\/Greenhouses-1.jpeg\",\"width\":1920,\"height\":1080},{\"@type\":\"BreadcrumbList\",\"@id\":\"https:\\\/\\\/lahehouse.com\\\/sv\\\/underhall-av-vaxthus\\\/#breadcrumb\",\"itemListElement\":[{\"@type\":\"ListItem\",\"position\":1,\"name\":\"Home\",\"item\":\"https:\\\/\\\/lahehouse.com\\\/sv\\\/\"},{\"@type\":\"ListItem\",\"position\":2,\"name\":\"Underh\u00e5ll av v\u00e4xthus\"}]},{\"@type\":\"WebSite\",\"@id\":\"https:\\\/\\\/lahehouse.com\\\/#website\",\"url\":\"https:\\\/\\\/lahehouse.com\\\/\",\"name\":\"L\u00e4he House\",\"description\":\"Wooden greenhouses\",\"publisher\":{\"@id\":\"https:\\\/\\\/lahehouse.com\\\/#organization\"},\"potentialAction\":[{\"@type\":\"SearchAction\",\"target\":{\"@type\":\"EntryPoint\",\"urlTemplate\":\"https:\\\/\\\/lahehouse.com\\\/?s={search_term_string}\"},\"query-input\":{\"@type\":\"PropertyValueSpecification\",\"valueRequired\":true,\"valueName\":\"search_term_string\"}}],\"inLanguage\":\"sv-SE\"},{\"@type\":\"Organization\",\"@id\":\"https:\\\/\\\/lahehouse.com\\\/#organization\",\"name\":\"L\u00e4he House\",\"url\":\"https:\\\/\\\/lahehouse.com\\\/\",\"logo\":{\"@type\":\"ImageObject\",\"inLanguage\":\"sv-SE\",\"@id\":\"https:\\\/\\\/lahehouse.com\\\/#\\\/schema\\\/logo\\\/image\\\/\",\"url\":\"https:\\\/\\\/lahehouse.com\\\/wp-content\\\/uploads\\\/2022\\\/11\\\/Greenhouses-1.jpeg\",\"contentUrl\":\"https:\\\/\\\/lahehouse.com\\\/wp-content\\\/uploads\\\/2022\\\/11\\\/Greenhouses-1.jpeg\",\"width\":1920,\"height\":1080,\"caption\":\"L\u00e4he House\"},\"image\":{\"@id\":\"https:\\\/\\\/lahehouse.com\\\/#\\\/schema\\\/logo\\\/image\\\/\"}}]}<\/script>\n<!-- \/ Yoast SEO plugin. -->","yoast_head_json":{"title":"Underh\u00e5ll av v\u00e4xthus - L\u00e4he House","robots":{"index":"index","follow":"follow","max-snippet":"max-snippet:-1","max-image-preview":"max-image-preview:large","max-video-preview":"max-video-preview:-1"},"canonical":"https:\/\/lahehouse.com\/sv\/underhall-av-vaxthus\/","og_locale":"sv_SE","og_type":"article","og_title":"Underh\u00e5ll av v\u00e4xthus - L\u00e4he House","og_url":"https:\/\/lahehouse.com\/sv\/underhall-av-vaxthus\/","og_site_name":"L\u00e4he House","article_modified_time":"2024-03-06T16:17:33+00:00","og_image":[{"width":1920,"height":1080,"url":"https:\/\/lahehouse.com\/wp-content\/uploads\/2022\/11\/Greenhouses-1.jpeg","type":"image\/jpeg"}],"twitter_card":"summary_large_image","twitter_misc":{"Ber\u00e4knad l\u00e4stid":"1 minut"},"schema":{"@context":"https:\/\/schema.org","@graph":[{"@type":"WebPage","@id":"https:\/\/lahehouse.com\/sv\/underhall-av-vaxthus\/","url":"https:\/\/lahehouse.com\/sv\/underhall-av-vaxthus\/","name":"Underh\u00e5ll av v\u00e4xthus - L\u00e4he House","isPartOf":{"@id":"https:\/\/lahehouse.com\/#website"},"primaryImageOfPage":{"@id":"https:\/\/lahehouse.com\/sv\/underhall-av-vaxthus\/#primaryimage"},"image":{"@id":"https:\/\/lahehouse.com\/sv\/underhall-av-vaxthus\/#primaryimage"},"thumbnailUrl":"https:\/\/lahehouse.com\/wp-content\/uploads\/2022\/11\/Greenhouses-1.jpeg","datePublished":"2024-03-06T16:14:09+00:00","dateModified":"2024-03-06T16:17:33+00:00","breadcrumb":{"@id":"https:\/\/lahehouse.com\/sv\/underhall-av-vaxthus\/#breadcrumb"},"inLanguage":"sv-SE","potentialAction":[{"@type":"ReadAction","target":["https:\/\/lahehouse.com\/sv\/underhall-av-vaxthus\/"]}]},{"@type":"ImageObject","inLanguage":"sv-SE","@id":"https:\/\/lahehouse.com\/sv\/underhall-av-vaxthus\/#primaryimage","url":"https:\/\/lahehouse.com\/wp-content\/uploads\/2022\/11\/Greenhouses-1.jpeg","contentUrl":"https:\/\/lahehouse.com\/wp-content\/uploads\/2022\/11\/Greenhouses-1.jpeg","width":1920,"height":1080},{"@type":"BreadcrumbList","@id":"https:\/\/lahehouse.com\/sv\/underhall-av-vaxthus\/#breadcrumb","itemListElement":[{"@type":"ListItem","position":1,"name":"Home","item":"https:\/\/lahehouse.com\/sv\/"},{"@type":"ListItem","position":2,"name":"Underh\u00e5ll av v\u00e4xthus"}]},{"@type":"WebSite","@id":"https:\/\/lahehouse.com\/#website","url":"https:\/\/lahehouse.com\/","name":"L\u00e4he House","description":"Wooden greenhouses","publisher":{"@id":"https:\/\/lahehouse.com\/#organization"},"potentialAction":[{"@type":"SearchAction","target":{"@type":"EntryPoint","urlTemplate":"https:\/\/lahehouse.com\/?s={search_term_string}"},"query-input":{"@type":"PropertyValueSpecification","valueRequired":true,"valueName":"search_term_string"}}],"inLanguage":"sv-SE"},{"@type":"Organization","@id":"https:\/\/lahehouse.com\/#organization","name":"L\u00e4he House","url":"https:\/\/lahehouse.com\/","logo":{"@type":"ImageObject","inLanguage":"sv-SE","@id":"https:\/\/lahehouse.com\/#\/schema\/logo\/image\/","url":"https:\/\/lahehouse.com\/wp-content\/uploads\/2022\/11\/Greenhouses-1.jpeg","contentUrl":"https:\/\/lahehouse.com\/wp-content\/uploads\/2022\/11\/Greenhouses-1.jpeg","width":1920,"height":1080,"caption":"L\u00e4he House"},"image":{"@id":"https:\/\/lahehouse.com\/#\/schema\/logo\/image\/"}}]}},"_links":{"self":[{"href":"https:\/\/lahehouse.com\/sv\/wp-json\/wp\/v2\/pages\/25105","targetHints":{"allow":["GET"]}}],"collection":[{"href":"https:\/\/lahehouse.com\/sv\/wp-json\/wp\/v2\/pages"}],"about":[{"href":"https:\/\/lahehouse.com\/sv\/wp-json\/wp\/v2\/types\/page"}],"author":[{"embeddable":true,"href":"https:\/\/lahehouse.com\/sv\/wp-json\/wp\/v2\/users\/1"}],"replies":[{"embeddable":true,"href":"https:\/\/lahehouse.com\/sv\/wp-json\/wp\/v2\/comments?post=25105"}],"version-history":[{"count":5,"href":"https:\/\/lahehouse.com\/sv\/wp-json\/wp\/v2\/pages\/25105\/revisions"}],"predecessor-version":[{"id":25110,"href":"https:\/\/lahehouse.com\/sv\/wp-json\/wp\/v2\/pages\/25105\/revisions\/25110"}],"wp:featuredmedia":[{"embeddable":true,"href":"https:\/\/lahehouse.com\/sv\/wp-json\/wp\/v2\/media\/11542"}],"wp:attachment":[{"href":"https:\/\/lahehouse.com\/sv\/wp-json\/wp\/v2\/media?parent=25105"}],"curies":[{"name":"wp","href":"https:\/\/api.w.org\/{rel}","templated":true}]}}