{"id":2656,"date":"2018-12-14T10:05:20","date_gmt":"2018-12-14T10:05:20","guid":{"rendered":"https:\/\/lahehouse.com\/?page_id=2656"},"modified":"2023-01-28T09:18:46","modified_gmt":"2023-01-28T09:18:46","slug":"parallax-shop-2","status":"publish","type":"page","link":"https:\/\/lahehouse.com\/sv\/","title":{"rendered":"Hemsida"},"content":{"rendered":"\n  <div class=\"banner has-hover is-full-height\" id=\"banner-1688834802\">\n          <div class=\"banner-inner fill\">\n        <div class=\"banner-bg fill\" >\n            <img loading=\"lazy\" decoding=\"async\" width=\"1920\" height=\"1080\" src=\"https:\/\/lahehouse.com\/wp-content\/uploads\/2023\/01\/Travaxthus-1.jpeg\" class=\"bg attachment-original size-original\" alt=\"\" \/>                        <div class=\"overlay\"><\/div>            \n                    <\/div>\n\t\t\n        <div class=\"banner-layers container\">\n            <div class=\"fill banner-link\"><\/div>            \n   <div id=\"text-box-864229193\" class=\"text-box banner-layer x50 md-x50 lg-x50 y50 md-y50 lg-y50 res-text\">\n                     <div data-animate=\"none\">           <div class=\"text-box-content text dark\">\n              \n              <div class=\"text-inner text-center\">\n                  \n\t<div id=\"text-3287508926\" class=\"text\">\n\t\t\n<h1 class=\"uppercase\">Modernt V\u00e4xthus i tr\u00e4<\/h1>\n\t\t\n<style>\n#text-3287508926 {\n  font-size: 0.75rem;\n  text-align: center;\n}\n<\/style>\n\t<\/div>\n\t\n              <\/div>\n           <\/div>\n       <\/div>                     \n<style>\n#text-box-864229193 {\n  width: 95%;\n}\n#text-box-864229193 .text-box-content {\n  font-size: 100%;\n}\n@media (min-width:550px) {\n  #text-box-864229193 {\n    width: 30%;\n  }\n}\n<\/style>\n    <\/div>\n \n        <\/div>\n      <\/div>\n\n            \n<style>\n#banner-1688834802 {\n  padding-top: 100%;\n}\n#banner-1688834802 .overlay {\n  background-color: rgba(0, 0, 0, 0.3);\n}\n#banner-1688834802 .banner-bg img {\n  object-position: 59% 62%;\n}\n@media (min-width:550px) {\n  #banner-1688834802 .overlay {\n    background-color: rgba(0, 0, 0, 0.4);\n  }\n}\n<\/style>\n  <\/div>\n\n\n\n  <div class=\"banner has-hover\" id=\"banner-90141692\">\n          <div class=\"banner-inner fill\">\n        <div class=\"banner-bg fill\" >\n                                                \n                    <\/div>\n\t\t\n        <div class=\"banner-layers container\">\n            <div class=\"fill banner-link\"><\/div>            \n   <div id=\"text-box-138029091\" class=\"text-box banner-layer x50 md-x50 lg-x50 y50 md-y50 lg-y50 res-text\">\n                                <div class=\"text-box-content text \">\n              \n              <div class=\"text-inner text-center\">\n                  \n\t<div id=\"text-1300545163\" class=\"text\">\n\t\t\n<h4 class=\"uppercase\">L\u00c4HE H\u00d6GKVALITETS V\u00c4XTHUS I TR\u00c4<\/h4>\n\t\t\n<style>\n#text-1300545163 {\n  font-size: 1.5rem;\n}\n<\/style>\n\t<\/div>\n\t\n<p>V\u00e5rt engagemang f\u00f6r tr\u00e4 har inspirerat oss att skapa n\u00e5got unikt och funktionellt &#8211; ett modernt v\u00e4xthus i tr\u00e4. V\u00e5ra hantverkare anv\u00e4nder all sin kunskap och erfarenhet f\u00f6r att skapa ett verkligt konstverk. Vi har st\u00e4llt h\u00f6ga krav p\u00e5 varje v\u00e4xthus och alla material har valts ut med omsorg och precision. V\u00e5ra v\u00e4xthus i tr\u00e4 har testats i h\u00e5rda nordliga v\u00e4derf\u00f6rh\u00e5llanden och f\u00f6rb\u00e4ttrats med moderna tekniska l\u00f6sningar.<\/p>\n<p>Som en av de st\u00f6rsta tillverkarna av v\u00e4xthus i tr\u00e4 i EU har vi olika v\u00e4xthus i v\u00e5rt urval, som alla \u00e4r elegant designade och passar v\u00e4l in i 2000-talet. Alla v\u00e5ra v\u00e4xthus i tr\u00e4 \u00e4r designade och tillverkade i EU.<\/p>\n<a href=\"https:\/\/lahehouse.com\/sv\/produkter\/\" class=\"button primary is-outline is-large reveal-icon\" style=\"border-radius:99px;\">\n\t\t<span>Se produkter<\/span>\n\t<i class=\"icon-play\" aria-hidden=\"true\"><\/i><\/a>\n\n              <\/div>\n           <\/div>\n                            \n<style>\n#text-box-138029091 {\n  width: 80%;\n}\n#text-box-138029091 .text-box-content {\n  font-size: 100%;\n}\n<\/style>\n    <\/div>\n \n        <\/div>\n      <\/div>\n\n            \n<style>\n#banner-90141692 {\n  padding-top: 550px;\n  background-color: rgb(210, 210, 210);\n}\n<\/style>\n  <\/div>\n\n\n\n  <div class=\"banner has-hover\" id=\"banner-1832864981\">\n          <div class=\"banner-inner fill\">\n        <div class=\"banner-bg fill\" >\n            <img loading=\"lazy\" decoding=\"async\" width=\"1920\" height=\"2194\" src=\"https:\/\/lahehouse.com\/wp-content\/uploads\/2023\/01\/Travaxthus-2.png\" class=\"bg attachment-original size-original\" alt=\"\" \/>                                    \n                    <\/div>\n\t\t\n        <div class=\"banner-layers container\">\n            <div class=\"fill banner-link\"><\/div>            \n   <div id=\"text-box-72534211\" class=\"text-box banner-layer hide-for-medium x50 md-x50 lg-x50 y35 md-y35 lg-y35 res-text\">\n                                <div class=\"text-box-content text \">\n              \n              <div class=\"text-inner text-center\">\n                  \n\t<div id=\"text-264614300\" class=\"text\">\n\t\t\n<p>UNIK OCH PATENTERAD DESIGN<br \/>\n\t\t\n<style>\n#text-264614300 {\n  font-size: 2rem;\n}\n<\/style>\n\t<\/div>\n\t\n              <\/div>\n           <\/div>\n                            \n<style>\n#text-box-72534211 {\n  width: 50%;\n}\n#text-box-72534211 .text-box-content {\n  font-size: 100%;\n  transform: rotate(-90deg);\n}\n<\/style>\n    <\/div>\n \n        <\/div>\n      <\/div>\n\n              <div class=\"height-fix is-invisible\"><img loading=\"lazy\" decoding=\"async\" width=\"1920\" height=\"2194\" src=\"https:\/\/lahehouse.com\/wp-content\/uploads\/2023\/01\/Travaxthus-2.png\" class=\"attachment-original size-original\" alt=\"\" srcset=\"https:\/\/lahehouse.com\/wp-content\/uploads\/2023\/01\/Travaxthus-2.png 1920w, https:\/\/lahehouse.com\/wp-content\/uploads\/2023\/01\/Travaxthus-2-350x400.png 350w, https:\/\/lahehouse.com\/wp-content\/uploads\/2023\/01\/Travaxthus-2-700x800.png 700w, https:\/\/lahehouse.com\/wp-content\/uploads\/2023\/01\/Travaxthus-2-768x878.png 768w, https:\/\/lahehouse.com\/wp-content\/uploads\/2023\/01\/Travaxthus-2-1344x1536.png 1344w, https:\/\/lahehouse.com\/wp-content\/uploads\/2023\/01\/Travaxthus-2-1792x2048.png 1792w, https:\/\/lahehouse.com\/wp-content\/uploads\/2023\/01\/Travaxthus-2-600x686.png 600w\" sizes=\"auto, (max-width: 1920px) 100vw, 1920px\" \/><\/div>\n            \n<style>\n#banner-1832864981 .overlay {\n  background-color: rgba(0, 0, 0, 0.3);\n}\n#banner-1832864981 {\n  background-color: rgb(210, 210, 210);\n}\n#banner-1832864981 .banner-bg img {\n  object-position: 50% 0%;\n}\n<\/style>\n  <\/div>\n\n\n\n  <div class=\"banner has-hover\" id=\"banner-1860829605\">\n          <div class=\"banner-inner fill\">\n        <div class=\"banner-bg fill\" >\n                                                \n                    <\/div>\n\t\t\n        <div class=\"banner-layers container\">\n            <div class=\"fill banner-link\"><\/div>            \n   <div id=\"text-box-1212049054\" class=\"text-box banner-layer x50 md-x50 lg-x50 y50 md-y50 lg-y50 res-text\">\n                                <div class=\"text-box-content text \">\n              \n              <div class=\"text-inner text-center\">\n                  \n\t<div id=\"text-1118836656\" class=\"text\">\n\t\t\n<h5 class=\"uppercase\">BARA DET B\u00c4STA MATERIALEN<\/h5>\n\t\t\n<style>\n#text-1118836656 {\n  font-size: 2rem;\n}\n<\/style>\n\t<\/div>\n\t\n<p>Till alla v\u00e5ra v\u00e4xthus i tr\u00e4 anv\u00e4nder vi endast de b\u00e4sta materialen, som \u00e4r precist utvecklade in i de finaste detaljerna. Moderna material kombineras f\u00f6r att skapa ett v\u00e4xthus utan dess like. V\u00e5ra v\u00e4xthus i tr\u00e4 \u00e4r gjorda av naturligt v\u00e4rmebehandlat tr\u00e4 (termowood). Tr\u00e4 har en tidl\u00f6s elegans och stil, och dess naturliga renhet ger en varm och lugnande k\u00e4nsla.<\/p>\n<p>Vi tror att endast de b\u00e4sta materialen garanterar ett oklanderligt resultat som h\u00e5ller i \u00e5rtionden. N\u00e4r det kommer till L\u00e4he v\u00e4xthus i. tr\u00e4 kan du vara s\u00e4ker p\u00e5 att allt virke som anv\u00e4nds \u00e4r av h\u00f6g kvalitet, etiskt framst\u00e4llt och FSC-certifierat.<\/p>\n<a href=\"https:\/\/lahehouse.com\/sv\/information\/\" class=\"button primary is-outline is-large reveal-icon\" style=\"border-radius:99px;\">\n\t\t<span>L\u00e4s mer<\/span>\n\t<i class=\"icon-play\" aria-hidden=\"true\"><\/i><\/a>\n\n              <\/div>\n           <\/div>\n                            \n<style>\n#text-box-1212049054 {\n  width: 80%;\n}\n#text-box-1212049054 .text-box-content {\n  font-size: 100%;\n}\n<\/style>\n    <\/div>\n \n        <\/div>\n      <\/div>\n\n            \n<style>\n#banner-1860829605 {\n  padding-top: 550px;\n  background-color: rgb(210, 210, 210);\n}\n<\/style>\n  <\/div>\n\n\n\n  <div class=\"banner has-hover has-video is-full-height\" id=\"banner-1698858733\">\n          <div class=\"banner-inner fill\">\n        <div class=\"banner-bg fill\" >\n                        \t<div class=\"video-overlay no-click fill visible\"><\/div>\n\t<video class=\"video-bg fill visible\" preload playsinline autoplay muted loop>\n\t\t<source src=\"https:\/\/lahehouse.com\/wp-content\/uploads\/2023\/01\/Vaxthus-video.mov\" type=\"video\/mp4\">\t<\/video>\n            <div class=\"overlay\"><\/div>            \n                    <\/div>\n\t\t\n        <div class=\"banner-layers container\">\n            <div class=\"fill banner-link\"><\/div>            \n        <\/div>\n      <\/div>\n\n            \n<style>\n#banner-1698858733 {\n  padding-top: 100%;\n}\n#banner-1698858733 .overlay {\n  background-color: rgba(0, 0, 0, 0.3);\n}\n@media (min-width:550px) {\n  #banner-1698858733 .overlay {\n    background-color: rgba(0, 0, 0, 0.3);\n  }\n}\n<\/style>\n  <\/div>\n\n\n\n  <div class=\"banner has-hover\" id=\"banner-1944064031\">\n          <div class=\"banner-inner fill\">\n        <div class=\"banner-bg fill\" >\n                                                \n                    <\/div>\n\t\t\n        <div class=\"banner-layers container\">\n            <div class=\"fill banner-link\"><\/div>            \n   <div id=\"text-box-2003608666\" class=\"text-box banner-layer x50 md-x50 lg-x50 y50 md-y50 lg-y50 res-text\">\n                                <div class=\"text-box-content text \">\n              \n              <div class=\"text-inner text-center\">\n                  \n\t<div id=\"text-1701580382\" class=\"text\">\n\t\t\n<h5 class=\"uppercase\">K\u00c4NN OCH NJUT<\/h5>\n\t\t\n<style>\n#text-1701580382 {\n  font-size: 2rem;\n}\n<\/style>\n\t<\/div>\n\t\n<p>Starka men \u00e4nd\u00e5 tunna v\u00e4xthuselement s\u00e4kerst\u00e4ller maximalt utrymme och ljus samtidigt som de skapar en elegant modern estetik. H\u00f6gkvalitativ naturlig olja eller f\u00e4rg anv\u00e4nds f\u00f6r efterbehandling. Slutresultatet \u00e4r helt h\u00e5llbart och v\u00e4derbest\u00e4ndigt. L\u00e4he v\u00e4xthus i tr\u00e4 ger din tr\u00e4dg\u00e5rd ett lyxigt utseende och k\u00e4nsla.<\/p>\n<p>Ett handgjort v\u00e4xthus i tr\u00e4 \u00e4r din investering. Eftersom den h\u00e5ller i \u00e5rtionden lagrar den minnen och samlar v\u00e4rde i ditt hem. Ett i\u00f6gonfallande konstverk som ger dig m\u00f6jlighet att sticka ut.<\/p>\n<a href=\"https:\/\/lahehouse.com\/sv\/galleri\/\" class=\"button primary is-outline is-large reveal-icon\" style=\"border-radius:99px;\">\n\t\t<span>Se galleriet<\/span>\n\t<i class=\"icon-play\" aria-hidden=\"true\"><\/i><\/a>\n\n              <\/div>\n           <\/div>\n                            \n<style>\n#text-box-2003608666 {\n  width: 80%;\n}\n#text-box-2003608666 .text-box-content {\n  font-size: 100%;\n}\n<\/style>\n    <\/div>\n \n        <\/div>\n      <\/div>\n\n            \n<style>\n#banner-1944064031 {\n  padding-top: 550px;\n  background-color: rgb(210, 210, 210);\n}\n<\/style>\n  <\/div>\n\n\n\n  <div class=\"banner has-hover\" id=\"banner-1761020455\">\n          <div class=\"banner-inner fill\">\n        <div class=\"banner-bg fill\" >\n            <img loading=\"lazy\" decoding=\"async\" width=\"1920\" height=\"1940\" src=\"https:\/\/lahehouse.com\/wp-content\/uploads\/2023\/01\/Travaxthus-3.png\" class=\"bg attachment-original size-original\" alt=\"\" \/>                                    \n                    <\/div>\n\t\t\n        <div class=\"banner-layers container\">\n            <div class=\"fill banner-link\"><\/div>            \n   <div id=\"text-box-727564645\" class=\"text-box banner-layer hide-for-medium x5 md-x5 lg-x5 y45 md-y45 lg-y45 res-text\">\n                                <div class=\"text-box-content text \">\n              \n              <div class=\"text-inner text-center\">\n                  \n\t<div id=\"text-538442135\" class=\"text\">\n\t\t\n<p>GJORT AV TERMOBEHANDLAT TR\u00c4<br \/>\n\t\t\n<style>\n#text-538442135 {\n  font-size: 2rem;\n}\n<\/style>\n\t<\/div>\n\t\n              <\/div>\n           <\/div>\n                            \n<style>\n#text-box-727564645 {\n  width: 45%;\n}\n#text-box-727564645 .text-box-content {\n  font-size: 100%;\n}\n<\/style>\n    <\/div>\n \n        <\/div>\n      <\/div>\n\n              <div class=\"height-fix is-invisible\"><img loading=\"lazy\" decoding=\"async\" width=\"1920\" height=\"1940\" src=\"https:\/\/lahehouse.com\/wp-content\/uploads\/2023\/01\/Travaxthus-3.png\" class=\"attachment-original size-original\" alt=\"\" srcset=\"https:\/\/lahehouse.com\/wp-content\/uploads\/2023\/01\/Travaxthus-3.png 1920w, https:\/\/lahehouse.com\/wp-content\/uploads\/2023\/01\/Travaxthus-3-396x400.png 396w, https:\/\/lahehouse.com\/wp-content\/uploads\/2023\/01\/Travaxthus-3-792x800.png 792w, https:\/\/lahehouse.com\/wp-content\/uploads\/2023\/01\/Travaxthus-3-768x776.png 768w, https:\/\/lahehouse.com\/wp-content\/uploads\/2023\/01\/Travaxthus-3-1520x1536.png 1520w, https:\/\/lahehouse.com\/wp-content\/uploads\/2023\/01\/Travaxthus-3-600x606.png 600w, https:\/\/lahehouse.com\/wp-content\/uploads\/2023\/01\/Travaxthus-3-100x100.png 100w\" sizes=\"auto, (max-width: 1920px) 100vw, 1920px\" \/><\/div>\n            \n<style>\n#banner-1761020455 .overlay {\n  background-color: rgba(0, 0, 0, 0.3);\n}\n#banner-1761020455 {\n  background-color: rgb(210, 210, 210);\n}\n#banner-1761020455 .banner-bg img {\n  object-position: 50% 0%;\n}\n<\/style>\n  <\/div>\n\n\n\n  <div class=\"banner has-hover\" id=\"banner-1840207284\">\n          <div class=\"banner-inner fill\">\n        <div class=\"banner-bg fill\" >\n                                                \n                    <\/div>\n\t\t\n        <div class=\"banner-layers container\">\n            <div class=\"fill banner-link\"><\/div>            \n   <div id=\"text-box-1555906533\" class=\"text-box banner-layer x50 md-x50 lg-x50 y50 md-y50 lg-y50 res-text\">\n                                <div class=\"text-box-content text \">\n              \n              <div class=\"text-inner text-center\">\n                  \n\t<div id=\"text-3325640864\" class=\"text\">\n\t\t\n<h5 class=\"uppercase\">PAVILJON, CAF\u00c9 ELLER VINTERTR\u00c4DG\u00c5RD<\/h5>\n\t\t\n<style>\n#text-3325640864 {\n  font-size: 2rem;\n}\n<\/style>\n\t<\/div>\n\t\n<p>V\u00e5ra v\u00e4xthus i tr\u00e4 \u00e4r inte bara skapade f\u00f6r \u00e4lskare av f\u00e4rsk mat. L\u00e4he v\u00e4xthus har sin plats i stadsmilj\u00f6n mellan tung trafik och h\u00f6ga byggnader. V\u00e5ra stilfulla v\u00e4xthus i tr\u00e4 har ocks\u00e5 sin plats i en restaurang, en f\u00f6rs\u00e4ljningspaviljong, ett caf\u00e9, ett rekreationsomr\u00e5de eller helt enkelt som ett glatt gr\u00f6nt omr\u00e5de i v\u00e5rt vardagliga stadsliv.<\/p>\n<a href=\"https:\/\/lahehouse.com\/sv\/produkter\/\" class=\"button primary is-outline is-large reveal-icon\" style=\"border-radius:99px;\">\n\t\t<span>Se produkter<\/span>\n\t<i class=\"icon-play\" aria-hidden=\"true\"><\/i><\/a>\n\n              <\/div>\n           <\/div>\n                            \n<style>\n#text-box-1555906533 {\n  width: 80%;\n}\n#text-box-1555906533 .text-box-content {\n  font-size: 100%;\n}\n<\/style>\n    <\/div>\n \n        <\/div>\n      <\/div>\n\n            \n<style>\n#banner-1840207284 {\n  padding-top: 550px;\n  background-color: rgb(210, 210, 210);\n}\n<\/style>\n  <\/div>\n\n\n\n  <div class=\"banner has-hover is-full-height\" id=\"banner-2009023523\">\n          <div class=\"banner-inner fill\">\n        <div class=\"banner-bg fill\" >\n            <img loading=\"lazy\" decoding=\"async\" width=\"1920\" height=\"1080\" src=\"https:\/\/lahehouse.com\/wp-content\/uploads\/2023\/01\/Travaxthus-4.jpeg\" class=\"bg attachment-original size-original\" alt=\"\" \/>                        <div class=\"overlay\"><\/div>            \n                    <\/div>\n\t\t\n        <div class=\"banner-layers container\">\n            <div class=\"fill banner-link\"><\/div>            \n   <div id=\"text-box-1695348073\" class=\"text-box banner-layer x50 md-x50 lg-x50 y50 md-y50 lg-y50 res-text\">\n                                <div class=\"text-box-content text dark\">\n              \n              <div class=\"text-inner text-center\">\n                  \n<h1 class=\"uppercase\">H\u00c5LLBAR FRAMTID \u00c4R VIKTIGT F\u00d6R OSS<\/h1>\n\t<div id=\"gap-1592778341\" class=\"gap-element clearfix\" style=\"display:block; height:auto;\">\n\t\t\n<style>\n#gap-1592778341 {\n  padding-top: 30px;\n}\n<\/style>\n\t<\/div>\n\t\n<a href=\"https:\/\/lahehouse.com\/sv\/hallbarhe\/\" class=\"button white is-outline is-large reveal-icon\" style=\"border-radius:99px;\">\n\t\t<span>L\u00e4s mer<\/span>\n\t<i class=\"icon-play\" aria-hidden=\"true\"><\/i><\/a>\n\n              <\/div>\n           <\/div>\n                            \n<style>\n#text-box-1695348073 {\n  width: 70%;\n}\n#text-box-1695348073 .text-box-content {\n  font-size: 100%;\n}\n<\/style>\n    <\/div>\n \n        <\/div>\n      <\/div>\n\n            \n<style>\n#banner-2009023523 {\n  padding-top: 100%;\n}\n#banner-2009023523 .overlay {\n  background-color: rgba(0, 0, 0, 0.3);\n}\n#banner-2009023523 .banner-bg img {\n  object-position: 3% 51%;\n}\n@media (min-width:550px) {\n  #banner-2009023523 .overlay {\n    background-color: rgba(0, 0, 0, 0.3);\n  }\n}\n<\/style>\n  <\/div>\n\n\n","protected":false},"excerpt":{"rendered":"","protected":false},"author":1,"featured_media":15688,"parent":0,"menu_order":3,"comment_status":"closed","ping_status":"closed","template":"page-transparent-header-light.php","meta":{"footnotes":""},"class_list":["post-2656","page","type-page","status-publish","has-post-thumbnail","hentry"],"yoast_head":"<!-- This site is optimized with the Yoast SEO plugin v27.3 - https:\/\/yoast.com\/product\/yoast-seo-wordpress\/ -->\n<title>V\u00e4xthus i tr\u00e4 - L\u00e4he House<\/title>\n<meta name=\"robots\" content=\"index, follow, max-snippet:-1, max-image-preview:large, max-video-preview:-1\" \/>\n<link rel=\"canonical\" href=\"https:\/\/lahehouse.com\/sv\/\" \/>\n<meta property=\"og:locale\" content=\"sv_SE\" \/>\n<meta property=\"og:type\" content=\"article\" \/>\n<meta property=\"og:title\" content=\"V\u00e4xthus i tr\u00e4 - L\u00e4he House\" \/>\n<meta property=\"og:url\" content=\"https:\/\/lahehouse.com\/sv\/\" \/>\n<meta property=\"og:site_name\" content=\"L\u00e4he House\" \/>\n<meta property=\"article:modified_time\" content=\"2023-01-28T09:18:46+00:00\" \/>\n<meta property=\"og:image\" content=\"https:\/\/lahehouse.com\/wp-content\/uploads\/2023\/01\/Travaxthus-1.jpeg\" \/>\n\t<meta property=\"og:image:width\" content=\"1920\" \/>\n\t<meta property=\"og:image:height\" content=\"1080\" \/>\n\t<meta property=\"og:image:type\" content=\"image\/jpeg\" \/>\n<meta name=\"twitter:card\" content=\"summary_large_image\" \/>\n<meta name=\"twitter:label1\" content=\"Ber\u00e4knad l\u00e4stid\" \/>\n\t<meta name=\"twitter:data1\" content=\"3 minuter\" \/>\n<script type=\"application\/ld+json\" class=\"yoast-schema-graph\">{\"@context\":\"https:\\\/\\\/schema.org\",\"@graph\":[{\"@type\":\"WebPage\",\"@id\":\"https:\\\/\\\/lahehouse.com\\\/sv\\\/\",\"url\":\"https:\\\/\\\/lahehouse.com\\\/sv\\\/\",\"name\":\"V\u00e4xthus i tr\u00e4 - L\u00e4he House\",\"isPartOf\":{\"@id\":\"https:\\\/\\\/lahehouse.com\\\/#website\"},\"primaryImageOfPage\":{\"@id\":\"https:\\\/\\\/lahehouse.com\\\/sv\\\/#primaryimage\"},\"image\":{\"@id\":\"https:\\\/\\\/lahehouse.com\\\/sv\\\/#primaryimage\"},\"thumbnailUrl\":\"https:\\\/\\\/lahehouse.com\\\/wp-content\\\/uploads\\\/2023\\\/01\\\/Travaxthus-1.jpeg\",\"datePublished\":\"2018-12-14T10:05:20+00:00\",\"dateModified\":\"2023-01-28T09:18:46+00:00\",\"breadcrumb\":{\"@id\":\"https:\\\/\\\/lahehouse.com\\\/sv\\\/#breadcrumb\"},\"inLanguage\":\"sv-SE\",\"potentialAction\":[{\"@type\":\"ReadAction\",\"target\":[\"https:\\\/\\\/lahehouse.com\\\/sv\\\/\"]}]},{\"@type\":\"ImageObject\",\"inLanguage\":\"sv-SE\",\"@id\":\"https:\\\/\\\/lahehouse.com\\\/sv\\\/#primaryimage\",\"url\":\"https:\\\/\\\/lahehouse.com\\\/wp-content\\\/uploads\\\/2023\\\/01\\\/Travaxthus-1.jpeg\",\"contentUrl\":\"https:\\\/\\\/lahehouse.com\\\/wp-content\\\/uploads\\\/2023\\\/01\\\/Travaxthus-1.jpeg\",\"width\":1920,\"height\":1080},{\"@type\":\"BreadcrumbList\",\"@id\":\"https:\\\/\\\/lahehouse.com\\\/sv\\\/#breadcrumb\",\"itemListElement\":[{\"@type\":\"ListItem\",\"position\":1,\"name\":\"Home\",\"item\":\"https:\\\/\\\/lahehouse.com\\\/sv\\\/\"},{\"@type\":\"ListItem\",\"position\":2,\"name\":\"Hemsida\"}]},{\"@type\":\"WebSite\",\"@id\":\"https:\\\/\\\/lahehouse.com\\\/#website\",\"url\":\"https:\\\/\\\/lahehouse.com\\\/\",\"name\":\"L\u00e4he House\",\"description\":\"Wooden greenhouses\",\"publisher\":{\"@id\":\"https:\\\/\\\/lahehouse.com\\\/#organization\"},\"potentialAction\":[{\"@type\":\"SearchAction\",\"target\":{\"@type\":\"EntryPoint\",\"urlTemplate\":\"https:\\\/\\\/lahehouse.com\\\/?s={search_term_string}\"},\"query-input\":{\"@type\":\"PropertyValueSpecification\",\"valueRequired\":true,\"valueName\":\"search_term_string\"}}],\"inLanguage\":\"sv-SE\"},{\"@type\":\"Organization\",\"@id\":\"https:\\\/\\\/lahehouse.com\\\/#organization\",\"name\":\"L\u00e4he House\",\"url\":\"https:\\\/\\\/lahehouse.com\\\/\",\"logo\":{\"@type\":\"ImageObject\",\"inLanguage\":\"sv-SE\",\"@id\":\"https:\\\/\\\/lahehouse.com\\\/#\\\/schema\\\/logo\\\/image\\\/\",\"url\":\"https:\\\/\\\/lahehouse.com\\\/wp-content\\\/uploads\\\/2022\\\/11\\\/Greenhouses-1.jpeg\",\"contentUrl\":\"https:\\\/\\\/lahehouse.com\\\/wp-content\\\/uploads\\\/2022\\\/11\\\/Greenhouses-1.jpeg\",\"width\":1920,\"height\":1080,\"caption\":\"L\u00e4he House\"},\"image\":{\"@id\":\"https:\\\/\\\/lahehouse.com\\\/#\\\/schema\\\/logo\\\/image\\\/\"}}]}<\/script>\n<!-- \/ Yoast SEO plugin. -->","yoast_head_json":{"title":"V\u00e4xthus i tr\u00e4 - L\u00e4he House","robots":{"index":"index","follow":"follow","max-snippet":"max-snippet:-1","max-image-preview":"max-image-preview:large","max-video-preview":"max-video-preview:-1"},"canonical":"https:\/\/lahehouse.com\/sv\/","og_locale":"sv_SE","og_type":"article","og_title":"V\u00e4xthus i tr\u00e4 - L\u00e4he House","og_url":"https:\/\/lahehouse.com\/sv\/","og_site_name":"L\u00e4he House","article_modified_time":"2023-01-28T09:18:46+00:00","og_image":[{"width":1920,"height":1080,"url":"https:\/\/lahehouse.com\/wp-content\/uploads\/2023\/01\/Travaxthus-1.jpeg","type":"image\/jpeg"}],"twitter_card":"summary_large_image","twitter_misc":{"Ber\u00e4knad l\u00e4stid":"3 minuter"},"schema":{"@context":"https:\/\/schema.org","@graph":[{"@type":"WebPage","@id":"https:\/\/lahehouse.com\/sv\/","url":"https:\/\/lahehouse.com\/sv\/","name":"V\u00e4xthus i tr\u00e4 - L\u00e4he House","isPartOf":{"@id":"https:\/\/lahehouse.com\/#website"},"primaryImageOfPage":{"@id":"https:\/\/lahehouse.com\/sv\/#primaryimage"},"image":{"@id":"https:\/\/lahehouse.com\/sv\/#primaryimage"},"thumbnailUrl":"https:\/\/lahehouse.com\/wp-content\/uploads\/2023\/01\/Travaxthus-1.jpeg","datePublished":"2018-12-14T10:05:20+00:00","dateModified":"2023-01-28T09:18:46+00:00","breadcrumb":{"@id":"https:\/\/lahehouse.com\/sv\/#breadcrumb"},"inLanguage":"sv-SE","potentialAction":[{"@type":"ReadAction","target":["https:\/\/lahehouse.com\/sv\/"]}]},{"@type":"ImageObject","inLanguage":"sv-SE","@id":"https:\/\/lahehouse.com\/sv\/#primaryimage","url":"https:\/\/lahehouse.com\/wp-content\/uploads\/2023\/01\/Travaxthus-1.jpeg","contentUrl":"https:\/\/lahehouse.com\/wp-content\/uploads\/2023\/01\/Travaxthus-1.jpeg","width":1920,"height":1080},{"@type":"BreadcrumbList","@id":"https:\/\/lahehouse.com\/sv\/#breadcrumb","itemListElement":[{"@type":"ListItem","position":1,"name":"Home","item":"https:\/\/lahehouse.com\/sv\/"},{"@type":"ListItem","position":2,"name":"Hemsida"}]},{"@type":"WebSite","@id":"https:\/\/lahehouse.com\/#website","url":"https:\/\/lahehouse.com\/","name":"L\u00e4he House","description":"Wooden greenhouses","publisher":{"@id":"https:\/\/lahehouse.com\/#organization"},"potentialAction":[{"@type":"SearchAction","target":{"@type":"EntryPoint","urlTemplate":"https:\/\/lahehouse.com\/?s={search_term_string}"},"query-input":{"@type":"PropertyValueSpecification","valueRequired":true,"valueName":"search_term_string"}}],"inLanguage":"sv-SE"},{"@type":"Organization","@id":"https:\/\/lahehouse.com\/#organization","name":"L\u00e4he House","url":"https:\/\/lahehouse.com\/","logo":{"@type":"ImageObject","inLanguage":"sv-SE","@id":"https:\/\/lahehouse.com\/#\/schema\/logo\/image\/","url":"https:\/\/lahehouse.com\/wp-content\/uploads\/2022\/11\/Greenhouses-1.jpeg","contentUrl":"https:\/\/lahehouse.com\/wp-content\/uploads\/2022\/11\/Greenhouses-1.jpeg","width":1920,"height":1080,"caption":"L\u00e4he House"},"image":{"@id":"https:\/\/lahehouse.com\/#\/schema\/logo\/image\/"}}]}},"_links":{"self":[{"href":"https:\/\/lahehouse.com\/sv\/wp-json\/wp\/v2\/pages\/2656","targetHints":{"allow":["GET"]}}],"collection":[{"href":"https:\/\/lahehouse.com\/sv\/wp-json\/wp\/v2\/pages"}],"about":[{"href":"https:\/\/lahehouse.com\/sv\/wp-json\/wp\/v2\/types\/page"}],"author":[{"embeddable":true,"href":"https:\/\/lahehouse.com\/sv\/wp-json\/wp\/v2\/users\/1"}],"replies":[{"embeddable":true,"href":"https:\/\/lahehouse.com\/sv\/wp-json\/wp\/v2\/comments?post=2656"}],"version-history":[{"count":61,"href":"https:\/\/lahehouse.com\/sv\/wp-json\/wp\/v2\/pages\/2656\/revisions"}],"predecessor-version":[{"id":15938,"href":"https:\/\/lahehouse.com\/sv\/wp-json\/wp\/v2\/pages\/2656\/revisions\/15938"}],"wp:featuredmedia":[{"embeddable":true,"href":"https:\/\/lahehouse.com\/sv\/wp-json\/wp\/v2\/media\/15688"}],"wp:attachment":[{"href":"https:\/\/lahehouse.com\/sv\/wp-json\/wp\/v2\/media?parent=2656"}],"curies":[{"name":"wp","href":"https:\/\/api.w.org\/{rel}","templated":true}]}}