{"id":8763,"date":"2022-01-12T09:22:27","date_gmt":"2022-01-12T09:22:27","guid":{"rendered":"https:\/\/lahehouse.com\/var-man-kan-kopa\/"},"modified":"2024-03-07T15:30:57","modified_gmt":"2024-03-07T15:30:57","slug":"aterforsaljare","status":"publish","type":"page","link":"https:\/\/lahehouse.com\/sv\/aterforsaljare\/","title":{"rendered":"\u00c5terf\u00f6rs\u00e4ljare"},"content":{"rendered":"\n  <div class=\"banner has-hover\" id=\"banner-792029561\">\n          <div class=\"banner-inner fill\">\n        <div class=\"banner-bg fill\" >\n            <img loading=\"lazy\" decoding=\"async\" width=\"1920\" height=\"1080\" src=\"https:\/\/lahehouse.com\/wp-content\/uploads\/2023\/01\/Travaxthus-1.jpeg\" class=\"bg attachment-original size-original\" alt=\"\" \/>                        <div class=\"overlay\"><\/div>            \n                    <\/div>\n\t\t\n        <div class=\"banner-layers container\">\n            <div class=\"fill banner-link\"><\/div>            \n   <div id=\"text-box-785810528\" class=\"text-box banner-layer x50 md-x50 lg-x50 y50 md-y50 lg-y50 res-text\">\n                     <div data-animate=\"none\">           <div class=\"text-box-content text dark\">\n              \n              <div class=\"text-inner text-center\">\n                  \n\t<div id=\"text-1832810695\" class=\"text\">\n\t\t\n<h1 class=\"uppercase\">\u00c5TERF\u00d6RS\u00c4LJARE OCH INSTALLAT\u00d6RER<\/h1>\n\t\t\n<style>\n#text-1832810695 {\n  font-size: 0.75rem;\n}\n<\/style>\n\t<\/div>\n\t\n              <\/div>\n           <\/div>\n       <\/div>                     \n<style>\n#text-box-785810528 {\n  width: 80%;\n}\n#text-box-785810528 .text-box-content {\n  font-size: 100%;\n}\n@media (min-width:550px) {\n  #text-box-785810528 {\n    width: 100%;\n  }\n}\n<\/style>\n    <\/div>\n \n        <\/div>\n      <\/div>\n\n            \n<style>\n#banner-792029561 {\n  padding-top: 400px;\n}\n#banner-792029561 .overlay {\n  background-color: rgba(0, 0, 0, 0.3);\n}\n#banner-792029561 .banner-bg img {\n  object-position: 50% 0%;\n}\n@media (min-width:550px) {\n  #banner-792029561 .overlay {\n    background-color: rgba(0, 0, 0, 0.4);\n  }\n}\n<\/style>\n  <\/div>\n\n\n\n\t<section class=\"section\" id=\"section_640492688\">\n\t\t<div class=\"section-bg fill\" >\n\t\t\t\t\t\t\t\t\t\n\t\t\t\n\n\t\t<\/div>\n\n\t\t\n\n\t\t<div class=\"section-content relative\">\n\t\t\t\n<div class=\"row\"  id=\"row-1258471837\">\n\n\t<div id=\"col-1717889575\" class=\"col small-12 large-12\"  >\n\t\t\t\t<div class=\"col-inner\"  >\n\t\t\t\n\t\t\t\n<h2>\u00c5TERF\u00d6RS\u00c4LJARE<\/h2>\n\t\t<\/div>\n\t\t\t\t\t<\/div>\n\n\t\n<\/div>\n<div class=\"row row-small align-equal\"  id=\"row-58662343\">\n\n\t<div id=\"col-411938324\" class=\"col medium-4 small-12 large-6\"  >\n\t\t\t\t<div class=\"col-inner text-center\" style=\"background-color:rgb(255, 255, 255);\" >\n\t\t\t\n\t\t\t\n<h2 class=\"uppercase\">Glashusen AB<\/h2>\n<div><strong><span style=\"font-size: 110%;\">Kapuragatan 3<\/span><\/strong><br \/><strong><span style=\"font-size: 110%;\">69450 Vretstorp<\/span><\/strong><\/div>\n<div>\u00a0<\/div>\n<p class=\"uppercase\"><a href=\"https:\/\/glashusen.se\/?s=l\u00e4he&amp;post_type=product\" target=\"_blank\" rel=\"noopener\"><span style=\"font-size: 110%;\">www.GLASHUSEN.se<\/span><\/a><\/p>\n<p>\u00a0<\/p>\n\t\t<\/div>\n\t\t\t\t\n<style>\n#col-411938324 > .col-inner {\n  padding: 45px 30px 30px 30px;\n  border-radius: 25px;\n}\n@media (min-width:550px) {\n  #col-411938324 > .col-inner {\n    padding: 45px 30px 0px 30px;\n  }\n}\n<\/style>\n\t<\/div>\n\n\t\n\n\t<div id=\"col-611541480\" class=\"col medium-4 small-12 large-6\"  >\n\t\t\t\t<div class=\"col-inner text-center\" style=\"background-color:rgb(255, 255, 255);\" >\n\t\t\t\n\t\t\t\n<h2 class=\"uppercase\">Hemproffset i Norden AB<\/h2>\n<div><strong><span style=\"font-size: 110%;\">Arenav\u00e4gen 29<\/span><\/strong><br \/><strong><span style=\"font-size: 110%;\">121 77 Stockholm<\/span><\/strong><\/div>\n<div>\u00a0<\/div>\n<p class=\"uppercase\"><a href=\"https:\/\/www.hemproffset.se\/collections\/vaxthus-1\" target=\"_blank\" rel=\"noopener\"><span style=\"font-size: 110%;\">www.HEMPROFFSET.se<\/span><\/a><\/p>\n\t\t<\/div>\n\t\t\t\t\n<style>\n#col-611541480 > .col-inner {\n  padding: 45px 30px 30px 30px;\n  border-radius: 25px;\n}\n@media (min-width:550px) {\n  #col-611541480 > .col-inner {\n    padding: 45px 30px 0px 30px;\n  }\n}\n<\/style>\n\t<\/div>\n\n\t\n<\/div>\n\t\t<\/div>\n\n\t\t\n<style>\n#section_640492688 {\n  padding-top: 50px;\n  padding-bottom: 50px;\n  background-color: rgb(210, 210, 210);\n}\n<\/style>\n\t<\/section>\n\t\n\n\t<section class=\"section\" id=\"section_1551183433\">\n\t\t<div class=\"section-bg fill\" >\n\t\t\t\t\t\t\t\t\t\n\t\t\t\n\n\t\t<\/div>\n\n\t\t\n\n\t\t<div class=\"section-content relative\">\n\t\t\t\n<div class=\"row\"  id=\"row-1799136549\">\n\n\t<div id=\"col-986016168\" class=\"col small-12 large-12\"  >\n\t\t\t\t<div class=\"col-inner\"  >\n\t\t\t\n\t\t\t\n<h2>INSTALLAT\u00d6RER<\/h2>\n\t\t<\/div>\n\t\t\t\t\t<\/div>\n\n\t\n<\/div>\n<div class=\"row row-small align-equal\"  id=\"row-1697745705\">\n\n\t<div id=\"col-1869176304\" class=\"col medium-4 small-12 large-6\"  >\n\t\t\t\t<div class=\"col-inner text-center\" style=\"background-color:rgb(255, 255, 255);\" >\n\t\t\t\n\t\t\t\n<h2 class=\"uppercase\">Byggarna Mann &amp; Wennerholm AB<\/h2>\n<div><strong><span style=\"font-size: 110%;\">Skyttebolsv\u00e4gen 21<\/span><\/strong><br \/><strong><span style=\"font-size: 110%;\">305 78 Kvibille<\/span><\/strong><\/div>\n<div>\u00a0<\/div>\n<div><a href=\"mailto:info@byggarnaab.se\"><strong><span style=\"font-size: 110%;\">info@byggarnaab.se<\/span><\/strong><\/a><br \/><strong><span style=\"font-size: 110%;\">0723-34 15 07 och 0723-34 1510<\/span><\/strong><\/div>\n<div>\u00a0<\/div>\n<div><strong><span style=\"font-size: 110%;\">Region: Fr\u00e5n Varberg till B\u00e5stad (V\u00e4st)<\/span><\/strong><\/div>\n<div>\u00a0<\/div>\n<p class=\"uppercase\"><a href=\"https:\/\/www.byggarnaab.se\/\" target=\"_blank\" rel=\"noopener\"><span style=\"font-size: 110%;\">www.BYGGARNAAB.se<\/span><\/a><\/p>\n\t\t<\/div>\n\t\t\t\t\n<style>\n#col-1869176304 > .col-inner {\n  padding: 45px 30px 30px 30px;\n  border-radius: 25px;\n}\n@media (min-width:550px) {\n  #col-1869176304 > .col-inner {\n    padding: 45px 30px 0px 30px;\n  }\n}\n<\/style>\n\t<\/div>\n\n\t\n\n\t<div id=\"col-449427266\" class=\"col medium-4 small-12 large-6\"  >\n\t\t\t\t<div class=\"col-inner text-center\" style=\"background-color:rgb(255, 255, 255);\" >\n\t\t\t\n\t\t\t\n<h2 class=\"uppercase\">BJ\u00d6RKLINGE GLAS AB<\/h2>\n<div><strong><span style=\"font-size: 110%;\">V\u00e4sterberga 142<\/span><\/strong><br \/><strong><span style=\"font-size: 110%;\">741 78 Uppsala<\/span><\/strong><\/div>\n<div>\u00a0<\/div>\n<div><a href=\"mailto:bjorklingeglas@gmail.com\"><strong><span style=\"font-size: 110%;\">bjorklingeglas@gmail.com<\/span><\/strong><\/a><br \/><span style=\"font-size: 110%;\"><strong>018-418 55 55<\/strong><\/span><\/div>\n<div>\u00a0<\/div>\n<div><strong><span style=\"font-size: 110%;\">Region: Uppsala + 100 km<\/span><\/strong><\/div>\n<div>\u00a0<\/div>\n<p class=\"uppercase\"><a href=\"https:\/\/xn--bjrklingeglas-jmb.se\/\" target=\"_blank\" rel=\"noopener\"><span style=\"font-size: 110%;\">www.BJ\u00d6RKLINGEGLAS.se<\/span><\/a><\/p>\n\t\t<\/div>\n\t\t\t\t\n<style>\n#col-449427266 > .col-inner {\n  padding: 45px 30px 30px 30px;\n  border-radius: 25px;\n}\n@media (min-width:550px) {\n  #col-449427266 > .col-inner {\n    padding: 45px 30px 0px 30px;\n  }\n}\n<\/style>\n\t<\/div>\n\n\t\n\n\t<div id=\"col-44001680\" class=\"col medium-4 small-12 large-6\"  >\n\t\t\t\t<div class=\"col-inner text-center\" style=\"background-color:rgb(255, 255, 255);\" >\n\t\t\t\n\t\t\t\n<h2 class=\"uppercase\">OSKARS UTEMILJ\u00d6 \/ Oskar Hemhagen<\/h2>\n<div><strong><span style=\"font-size: 110%;\">Gr\u00f6natorgsv\u00e4gen 46<\/span><\/strong><br \/><strong><span style=\"font-size: 110%;\">31260 Mellbystrand<\/span><\/strong><\/div>\n<div>\u00a0<\/div>\n<div><a href=\"mailto:kontakt@oskarsutemiljo.se\"><span style=\"font-size: 110%;\"><strong>kontakt@oskarsutemiljo.se<\/strong><\/span><\/a><br \/><span style=\"font-size: 110%;\"><strong>0763443002<\/strong><\/span><\/div>\n<div>\u00a0<\/div>\n<div><strong><span style=\"font-size: 110%;\">Region: Halmstad<\/span><\/strong><\/div>\n<div>\u00a0<\/div>\n<div><a href=\"http:\/\/oskarsutemiljo.se\/\" target=\"_blank\" rel=\"noopener\">WWW.OSKARSUTEMILJO.SE<\/a><\/div>\n<div>\u00a0<\/div>\n\t\t<\/div>\n\t\t\t\t\n<style>\n#col-44001680 > .col-inner {\n  padding: 45px 30px 30px 30px;\n  border-radius: 25px;\n}\n@media (min-width:550px) {\n  #col-44001680 > .col-inner {\n    padding: 45px 30px 0px 30px;\n  }\n}\n<\/style>\n\t<\/div>\n\n\t\n\n\t<div id=\"col-679916489\" class=\"col medium-4 small-12 large-6\"  >\n\t\t\t\t<div class=\"col-inner text-center\" style=\"background-color:rgb(255, 255, 255);\" >\n\t\t\t\n\t\t\t\n<h2 class=\"uppercase\">JEAP \/ J\u00f6rgen Eriksson<\/h2>\n<div><span style=\"font-size: 110%;\"><strong>Spannarboda 610<\/strong><\/span><br \/><strong><span style=\"font-size: 110%;\">71194 Lindesberg<\/span><\/strong><\/div>\n<div>\u00a0<\/div>\n<div><a href=\"mailto:kontakt.jeap@gmail.com\"><span style=\"font-size: 110%;\"><strong>kontakt.jeap@gmail.com<\/strong><\/span><\/a> <br \/><span style=\"font-size: 110%;\"><strong>0703747590<\/strong><\/span><\/div>\n<div>\u00a0<\/div>\n<div><strong><span style=\"font-size: 110%;\">Region: \u00d6rebro l\u00e4n\u00a0+ 150 km<\/span><\/strong><\/div>\n<div>\u00a0<\/div>\n\t\t<\/div>\n\t\t\t\t\n<style>\n#col-679916489 > .col-inner {\n  padding: 45px 30px 30px 30px;\n  border-radius: 25px;\n}\n@media (min-width:550px) {\n  #col-679916489 > .col-inner {\n    padding: 45px 30px 0px 30px;\n  }\n}\n<\/style>\n\t<\/div>\n\n\t\n<\/div>\n\t\t<\/div>\n\n\t\t\n<style>\n#section_1551183433 {\n  padding-top: 50px;\n  padding-bottom: 50px;\n  background-color: rgb(210, 210, 210);\n}\n<\/style>\n\t<\/section>\n\t\n","protected":false},"excerpt":{"rendered":"","protected":false},"author":1,"featured_media":11542,"parent":0,"menu_order":0,"comment_status":"closed","ping_status":"closed","template":"page-transparent-header-light.php","meta":{"footnotes":""},"class_list":["post-8763","page","type-page","status-publish","has-post-thumbnail","hentry"],"yoast_head":"<!-- This site is optimized with the Yoast SEO plugin v27.3 - https:\/\/yoast.com\/product\/yoast-seo-wordpress\/ -->\n<title>\u00c5terf\u00f6rs\u00e4ljare - L\u00e4he House<\/title>\n<meta name=\"robots\" content=\"index, follow, max-snippet:-1, max-image-preview:large, max-video-preview:-1\" \/>\n<link rel=\"canonical\" href=\"https:\/\/lahehouse.com\/sv\/aterforsaljare\/\" \/>\n<meta property=\"og:locale\" content=\"sv_SE\" \/>\n<meta property=\"og:type\" content=\"article\" \/>\n<meta property=\"og:title\" content=\"\u00c5terf\u00f6rs\u00e4ljare - L\u00e4he House\" \/>\n<meta property=\"og:url\" content=\"https:\/\/lahehouse.com\/sv\/aterforsaljare\/\" \/>\n<meta property=\"og:site_name\" content=\"L\u00e4he House\" \/>\n<meta property=\"article:modified_time\" content=\"2024-03-07T15:30:57+00:00\" \/>\n<meta property=\"og:image\" content=\"https:\/\/lahehouse.com\/wp-content\/uploads\/2022\/11\/Greenhouses-1.jpeg\" \/>\n\t<meta property=\"og:image:width\" content=\"1920\" \/>\n\t<meta property=\"og:image:height\" content=\"1080\" \/>\n\t<meta property=\"og:image:type\" content=\"image\/jpeg\" \/>\n<meta name=\"twitter:card\" content=\"summary_large_image\" \/>\n<meta name=\"twitter:label1\" content=\"Ber\u00e4knad l\u00e4stid\" \/>\n\t<meta name=\"twitter:data1\" content=\"1 minut\" \/>\n<script type=\"application\/ld+json\" class=\"yoast-schema-graph\">{\"@context\":\"https:\\\/\\\/schema.org\",\"@graph\":[{\"@type\":\"WebPage\",\"@id\":\"https:\\\/\\\/lahehouse.com\\\/sv\\\/aterforsaljare\\\/\",\"url\":\"https:\\\/\\\/lahehouse.com\\\/sv\\\/aterforsaljare\\\/\",\"name\":\"\u00c5terf\u00f6rs\u00e4ljare - L\u00e4he House\",\"isPartOf\":{\"@id\":\"https:\\\/\\\/lahehouse.com\\\/#website\"},\"primaryImageOfPage\":{\"@id\":\"https:\\\/\\\/lahehouse.com\\\/sv\\\/aterforsaljare\\\/#primaryimage\"},\"image\":{\"@id\":\"https:\\\/\\\/lahehouse.com\\\/sv\\\/aterforsaljare\\\/#primaryimage\"},\"thumbnailUrl\":\"https:\\\/\\\/lahehouse.com\\\/wp-content\\\/uploads\\\/2022\\\/11\\\/Greenhouses-1.jpeg\",\"datePublished\":\"2022-01-12T09:22:27+00:00\",\"dateModified\":\"2024-03-07T15:30:57+00:00\",\"breadcrumb\":{\"@id\":\"https:\\\/\\\/lahehouse.com\\\/sv\\\/aterforsaljare\\\/#breadcrumb\"},\"inLanguage\":\"sv-SE\",\"potentialAction\":[{\"@type\":\"ReadAction\",\"target\":[\"https:\\\/\\\/lahehouse.com\\\/sv\\\/aterforsaljare\\\/\"]}]},{\"@type\":\"ImageObject\",\"inLanguage\":\"sv-SE\",\"@id\":\"https:\\\/\\\/lahehouse.com\\\/sv\\\/aterforsaljare\\\/#primaryimage\",\"url\":\"https:\\\/\\\/lahehouse.com\\\/wp-content\\\/uploads\\\/2022\\\/11\\\/Greenhouses-1.jpeg\",\"contentUrl\":\"https:\\\/\\\/lahehouse.com\\\/wp-content\\\/uploads\\\/2022\\\/11\\\/Greenhouses-1.jpeg\",\"width\":1920,\"height\":1080},{\"@type\":\"BreadcrumbList\",\"@id\":\"https:\\\/\\\/lahehouse.com\\\/sv\\\/aterforsaljare\\\/#breadcrumb\",\"itemListElement\":[{\"@type\":\"ListItem\",\"position\":1,\"name\":\"Home\",\"item\":\"https:\\\/\\\/lahehouse.com\\\/sv\\\/\"},{\"@type\":\"ListItem\",\"position\":2,\"name\":\"\u00c5terf\u00f6rs\u00e4ljare\"}]},{\"@type\":\"WebSite\",\"@id\":\"https:\\\/\\\/lahehouse.com\\\/#website\",\"url\":\"https:\\\/\\\/lahehouse.com\\\/\",\"name\":\"L\u00e4he House\",\"description\":\"Wooden greenhouses\",\"publisher\":{\"@id\":\"https:\\\/\\\/lahehouse.com\\\/#organization\"},\"potentialAction\":[{\"@type\":\"SearchAction\",\"target\":{\"@type\":\"EntryPoint\",\"urlTemplate\":\"https:\\\/\\\/lahehouse.com\\\/?s={search_term_string}\"},\"query-input\":{\"@type\":\"PropertyValueSpecification\",\"valueRequired\":true,\"valueName\":\"search_term_string\"}}],\"inLanguage\":\"sv-SE\"},{\"@type\":\"Organization\",\"@id\":\"https:\\\/\\\/lahehouse.com\\\/#organization\",\"name\":\"L\u00e4he House\",\"url\":\"https:\\\/\\\/lahehouse.com\\\/\",\"logo\":{\"@type\":\"ImageObject\",\"inLanguage\":\"sv-SE\",\"@id\":\"https:\\\/\\\/lahehouse.com\\\/#\\\/schema\\\/logo\\\/image\\\/\",\"url\":\"https:\\\/\\\/lahehouse.com\\\/wp-content\\\/uploads\\\/2022\\\/11\\\/Greenhouses-1.jpeg\",\"contentUrl\":\"https:\\\/\\\/lahehouse.com\\\/wp-content\\\/uploads\\\/2022\\\/11\\\/Greenhouses-1.jpeg\",\"width\":1920,\"height\":1080,\"caption\":\"L\u00e4he House\"},\"image\":{\"@id\":\"https:\\\/\\\/lahehouse.com\\\/#\\\/schema\\\/logo\\\/image\\\/\"}}]}<\/script>\n<!-- \/ Yoast SEO plugin. -->","yoast_head_json":{"title":"\u00c5terf\u00f6rs\u00e4ljare - L\u00e4he House","robots":{"index":"index","follow":"follow","max-snippet":"max-snippet:-1","max-image-preview":"max-image-preview:large","max-video-preview":"max-video-preview:-1"},"canonical":"https:\/\/lahehouse.com\/sv\/aterforsaljare\/","og_locale":"sv_SE","og_type":"article","og_title":"\u00c5terf\u00f6rs\u00e4ljare - L\u00e4he House","og_url":"https:\/\/lahehouse.com\/sv\/aterforsaljare\/","og_site_name":"L\u00e4he House","article_modified_time":"2024-03-07T15:30:57+00:00","og_image":[{"width":1920,"height":1080,"url":"https:\/\/lahehouse.com\/wp-content\/uploads\/2022\/11\/Greenhouses-1.jpeg","type":"image\/jpeg"}],"twitter_card":"summary_large_image","twitter_misc":{"Ber\u00e4knad l\u00e4stid":"1 minut"},"schema":{"@context":"https:\/\/schema.org","@graph":[{"@type":"WebPage","@id":"https:\/\/lahehouse.com\/sv\/aterforsaljare\/","url":"https:\/\/lahehouse.com\/sv\/aterforsaljare\/","name":"\u00c5terf\u00f6rs\u00e4ljare - L\u00e4he House","isPartOf":{"@id":"https:\/\/lahehouse.com\/#website"},"primaryImageOfPage":{"@id":"https:\/\/lahehouse.com\/sv\/aterforsaljare\/#primaryimage"},"image":{"@id":"https:\/\/lahehouse.com\/sv\/aterforsaljare\/#primaryimage"},"thumbnailUrl":"https:\/\/lahehouse.com\/wp-content\/uploads\/2022\/11\/Greenhouses-1.jpeg","datePublished":"2022-01-12T09:22:27+00:00","dateModified":"2024-03-07T15:30:57+00:00","breadcrumb":{"@id":"https:\/\/lahehouse.com\/sv\/aterforsaljare\/#breadcrumb"},"inLanguage":"sv-SE","potentialAction":[{"@type":"ReadAction","target":["https:\/\/lahehouse.com\/sv\/aterforsaljare\/"]}]},{"@type":"ImageObject","inLanguage":"sv-SE","@id":"https:\/\/lahehouse.com\/sv\/aterforsaljare\/#primaryimage","url":"https:\/\/lahehouse.com\/wp-content\/uploads\/2022\/11\/Greenhouses-1.jpeg","contentUrl":"https:\/\/lahehouse.com\/wp-content\/uploads\/2022\/11\/Greenhouses-1.jpeg","width":1920,"height":1080},{"@type":"BreadcrumbList","@id":"https:\/\/lahehouse.com\/sv\/aterforsaljare\/#breadcrumb","itemListElement":[{"@type":"ListItem","position":1,"name":"Home","item":"https:\/\/lahehouse.com\/sv\/"},{"@type":"ListItem","position":2,"name":"\u00c5terf\u00f6rs\u00e4ljare"}]},{"@type":"WebSite","@id":"https:\/\/lahehouse.com\/#website","url":"https:\/\/lahehouse.com\/","name":"L\u00e4he House","description":"Wooden greenhouses","publisher":{"@id":"https:\/\/lahehouse.com\/#organization"},"potentialAction":[{"@type":"SearchAction","target":{"@type":"EntryPoint","urlTemplate":"https:\/\/lahehouse.com\/?s={search_term_string}"},"query-input":{"@type":"PropertyValueSpecification","valueRequired":true,"valueName":"search_term_string"}}],"inLanguage":"sv-SE"},{"@type":"Organization","@id":"https:\/\/lahehouse.com\/#organization","name":"L\u00e4he House","url":"https:\/\/lahehouse.com\/","logo":{"@type":"ImageObject","inLanguage":"sv-SE","@id":"https:\/\/lahehouse.com\/#\/schema\/logo\/image\/","url":"https:\/\/lahehouse.com\/wp-content\/uploads\/2022\/11\/Greenhouses-1.jpeg","contentUrl":"https:\/\/lahehouse.com\/wp-content\/uploads\/2022\/11\/Greenhouses-1.jpeg","width":1920,"height":1080,"caption":"L\u00e4he House"},"image":{"@id":"https:\/\/lahehouse.com\/#\/schema\/logo\/image\/"}}]}},"_links":{"self":[{"href":"https:\/\/lahehouse.com\/sv\/wp-json\/wp\/v2\/pages\/8763","targetHints":{"allow":["GET"]}}],"collection":[{"href":"https:\/\/lahehouse.com\/sv\/wp-json\/wp\/v2\/pages"}],"about":[{"href":"https:\/\/lahehouse.com\/sv\/wp-json\/wp\/v2\/types\/page"}],"author":[{"embeddable":true,"href":"https:\/\/lahehouse.com\/sv\/wp-json\/wp\/v2\/users\/1"}],"replies":[{"embeddable":true,"href":"https:\/\/lahehouse.com\/sv\/wp-json\/wp\/v2\/comments?post=8763"}],"version-history":[{"count":42,"href":"https:\/\/lahehouse.com\/sv\/wp-json\/wp\/v2\/pages\/8763\/revisions"}],"predecessor-version":[{"id":25154,"href":"https:\/\/lahehouse.com\/sv\/wp-json\/wp\/v2\/pages\/8763\/revisions\/25154"}],"wp:featuredmedia":[{"embeddable":true,"href":"https:\/\/lahehouse.com\/sv\/wp-json\/wp\/v2\/media\/11542"}],"wp:attachment":[{"href":"https:\/\/lahehouse.com\/sv\/wp-json\/wp\/v2\/media?parent=8763"}],"curies":[{"name":"wp","href":"https:\/\/api.w.org\/{rel}","templated":true}]}}